{"id":965,"date":"2017-03-30T19:17:15","date_gmt":"2017-03-30T17:17:15","guid":{"rendered":"http:\/\/www.vorbei-ev.de\/wwwa\/?page_id=965"},"modified":"2023-11-01T18:19:55","modified_gmt":"2023-11-01T17:19:55","slug":"besichtigungen","status":"publish","type":"page","link":"https:\/\/www.vorbei-ev.de\/wwwa\/besichtigungen\/","title":{"rendered":"Besichtigungen"},"content":{"rendered":"<h1>F\u00fchrungen durch unsere Vereinsanlagen<\/h1>\n<p>Wir stellen Ihnen gerne die Funktionen und die Ausstattungen unserer Vereinsanlagen im Rahmen von gef\u00fchrten Besichtigungen vor. Dabei nehmen wir uns viel Zeit, um Ihre Fragen zu beantworten und Sie \u00fcber unsere gemeinn\u00fctzige Vereinsarbeit zu informieren. Wir freuen uns auf Ihren Besuch!<\/p>\n<p>Es besteht die M\u00f6glichkeit, die GSVBw 22 in Elmlohe und die Zivilschutzanlage in Hannover-Ricklingen (Museumsbunker Hannover) zu besichtigen. Informationsfaltbl\u00e4tter zu diesen Anlagen k\u00f6nnen \u00fcber den Verweis in der Fu\u00dfzeile heruntergeladen werden.<\/p>\n<p>Die Besichtigung unserer Vereinsanlagen ist nur nach vorheriger Abstimmung m\u00f6glich. Bei Interesse k\u00f6nnen wir gerne einen individuellen Termin vereinbaren, wenn eine Besuchergruppe mit ausreichender Personenzahl vorhanden ist.<\/p>\n<p>Festgelegte Besichtigungstermine gibt es nicht &#8211; au\u00dfer, sie werden hier angek\u00fcndigt.<\/p>\n<p>Gibt es weitere Fragen oder m\u00f6chten Sie einen Besichtigungstermin abstimmen, benutzen Sie bitte unser <a href=\"https:\/\/www.vorbei-ev.de\/wwwa\/kontaktformular\/\" target=\"_blank\" rel=\"noopener noreferrer\">Kontaktformular<\/a>.<\/p>\n<p><strong>Wichtig:<\/strong> F\u00fchrungsanfragen m\u00fcssen zwingend \u00fcber unser <a href=\"https:\/\/www.vorbei-ev.de\/wwwa\/kontaktformular\/\" target=\"_blank\" rel=\"noopener\">Kontaktformular<\/a> erfolgen. Als Betreff muss &#8222;Besichtigungsanfrage GSVBw 22 Elmlohe&#8220; oder &#8222;Besichtigungsanfrage Museumsbunker Hannover&#8220; ausgew\u00e4hlt werden. Nur in diesem Fall wird Ihre F\u00fchrungsanfrage korrekt eingeordnet und kann ber\u00fccksichtigt werden.<\/p>\n<h2>Allgemeine Hinweise<\/h2>\n<h2>Besichtigungstermine:<\/h2>\n<p>Unsere Vereinsarbeit findet ehrenamtlich, also in unserer Freizeit, statt. Daher k\u00f6nnen Besichtigungen regul\u00e4r:<\/p>\n<p>-in der GSVBw 22 Elmlohe an den Wochenenden<\/p>\n<p>-im Museumsbunker Hannover an Wochenenden und Werktags ab 14:00 Uhr<\/p>\n<p>stattfinden. In den Monaten Juli &#8211; September werden im Museumsbunker Hannover keine F\u00fchrungen angeboten.<\/p>\n<p>&nbsp;<\/p>\n<h2>Preise:<\/h2>\n<p>Ein fester Eintrittspreis wird nicht erhoben. Unsere Museumsprojekte bekommen keine Zusch\u00fcsse und werden von unseren Vereinsmitgliedern ausschlie\u00dflich \u201eaus eigener Tasche&#8220; finanziert. Wir freuen uns daher sehr \u00fcber Ihre Spende bei Ihrem Besuch.<\/p>\n<p>&nbsp;<\/p>\n<h2>Allgemeines:<\/h2>\n<p>Beachten Sie bitte, dass f\u00fcr die F\u00fchrungen durch unsere Vereinsanlagen keine Haftung \u00fcbernommen wird. Die F\u00fchrung ist nicht barrierefrei. Im Verlauf der F\u00fchrung m\u00fcssen Treppenanlagen und auch enge Bauwerksbereiche passiert werden. Die F\u00fchrung ist daher nicht f\u00fcr Personen geeignet, die unter einer Platzangst (Klaustrophobie) leiden. Die Teilnahme erfolgt auf eigene Gefahr. Jede F\u00fchrung ist aufgrund der \u00f6rtlichen Gegebenheiten auf h\u00f6chstens 10 Teilnehmer begrenzt. Aus organisatorischen Gr\u00fcnden sollte die Mindestgr\u00f6\u00dfe einer Besuchergruppe 5 Personen betragen. Bei gr\u00f6\u00dferen Besuchergruppen m\u00fcssen wir die Besichtigung auf mehrere Termine\/Gruppen aufteilen. Das Mindestalter f\u00fcr unsere j\u00fcngsten Besucher betr\u00e4gt 8 Jahre. Bei F\u00fchrungen mit Kindern\/Jugendlichen muss mindestens eine vollj\u00e4hrige Person anwesend sein, die die Aufsichtspflicht aus\u00fcbt. Da wir uns gerne Zeit nehmen, Ihre Fragen zu beantworten, kann eine F\u00fchrung auch einmal bis zu 3 Stunden in Anspruch nehmen. Die sanit\u00e4ren Anlagen im Bauwerk k\u00f6nnen nicht benutzt werden. Die Besuchergruppe darf w\u00e4hrend der F\u00fchrung nicht verlassen werden. Anweisungen durch die Vereinsmitglieder des Vorbei e.V. sind unbedingt zu befolgen. Tritt eine Person gegen\u00fcber dem Verein Vorbei e.V. als Veranstalter bzw. als Organisator einer Besichtigung f\u00fcr eine Besuchergruppe auf, so muss diese Person alle Personen dieser Besuchergruppe \u00fcber diese Besichtigungsbedingungen informieren.<\/p>\n<p>&nbsp;<\/p>\n<h2>Klima und Kleidung:<\/h2>\n<p>Die Temperatur im Museumsbunker Hannover kann auch bei warmen Au\u00dfentemperaturen lediglich bei k\u00fchlen 10\u00b0C-12\u00b0C liegen. Taschen oder Rucks\u00e4cke m\u00fcssen im Eingangsbereich abgelegt werden, da es sonst in einigen Bereichen zu eng werden k\u00f6nnte. Es kann schnell passieren, dass man sich im Objekt die Kleidung an den W\u00e4nden oder Gegenst\u00e4nden verschmutzt. Daher sollte nicht gerade die hochwertigste Kleidung zum Bunkerbesuch gew\u00e4hlt werden. Der Vorbei e.V. haftet nicht f\u00fcr verschmutzte oder besch\u00e4digte Kleidung und mitgebrachte Gegenst\u00e4nde.<\/p>\n<p>&nbsp;<\/p>\n<h2>Film- und Fotoaufnahmen:<\/h2>\n<p>Filmaufnahmen sind grunds\u00e4tzlich nur nach vorheriger Zustimmung durch den Vereinsvorstand des Vorbei e.V. gestattet. Filme und Fotos d\u00fcrfen nur f\u00fcr den privaten Gebrauch angefertigt werden. Weiterhin darf der Besichtigungsablauf nicht durch Film- oder Fotoaufnahmen gest\u00f6rt oder die Besuchergruppe f\u00fcr Film- oder Fotoaufnahmen verlassen werden. Eine Ver\u00f6ffentlichung in jeglicher Form ist nur nach vorheriger schriftlicher Genehmigung durch den Vereinsvorstand des Vorbei e.V. gestattet. Fotostative d\u00fcrfen nicht benutzt werden.<\/p>\n<div class=\"shariff shariff-align-flex-start shariff-widget-align-flex-start shariff-buttonstretch\" data-services=\"facebook\" data-url=\"https%3A%2F%2Fwww.vorbei-ev.de%2Fwwwa%2Fbesichtigungen%2F\" data-timestamp=\"1698862795\" data-backendurl=\"https:\/\/www.vorbei-ev.de\/wwwa\/wp-json\/shariff\/v1\/share_counts?\"><ul class=\"shariff-buttons theme-default orientation-horizontal buttonsize-medium\"><li class=\"shariff-button facebook shariff-nocustomcolor\" style=\"background-color:#4273c8\"><a href=\"https:\/\/www.facebook.com\/sharer\/sharer.php?u=https%3A%2F%2Fwww.vorbei-ev.de%2Fwwwa%2Fbesichtigungen%2F\" title=\"Bei Facebook teilen\" aria-label=\"Bei Facebook teilen\" role=\"button\" rel=\"nofollow\" class=\"shariff-link\" style=\"; background-color:#3b5998; color:#fff\" target=\"_blank\"><span class=\"shariff-icon\" style=\"\"><svg width=\"32px\" height=\"20px\" xmlns=\"http:\/\/www.w3.org\/2000\/svg\" viewBox=\"0 0 18 32\"><path fill=\"#3b5998\" d=\"M17.1 0.2v4.7h-2.8q-1.5 0-2.1 0.6t-0.5 1.9v3.4h5.2l-0.7 5.3h-4.5v13.6h-5.5v-13.6h-4.5v-5.3h4.5v-3.9q0-3.3 1.9-5.2t5-1.8q2.6 0 4.1 0.2z\"\/><\/svg><\/span><span class=\"shariff-text\">teilen<\/span>&nbsp;<\/a><\/li><li class=\"shariff-button twitter shariff-nocustomcolor\" style=\"background-color:#595959\"><a href=\"https:\/\/twitter.com\/share?url=https%3A%2F%2Fwww.vorbei-ev.de%2Fwwwa%2Fbesichtigungen%2F&text=Besichtigungen\" title=\"Bei X teilen\" aria-label=\"Bei X teilen\" role=\"button\" rel=\"noopener nofollow\" class=\"shariff-link\" style=\"; background-color:#000; color:#fff\" target=\"_blank\"><span class=\"shariff-icon\" style=\"\"><svg width=\"32px\" height=\"20px\" xmlns=\"http:\/\/www.w3.org\/2000\/svg\" viewBox=\"0 0 24 24\"><path fill=\"#000\" d=\"M14.258 10.152L23.176 0h-2.113l-7.747 8.813L7.133 0H0l9.352 13.328L0 23.973h2.113l8.176-9.309 6.531 9.309h7.133zm-2.895 3.293l-.949-1.328L2.875 1.56h3.246l6.086 8.523.945 1.328 7.91 11.078h-3.246zm0 0\"\/><\/svg><\/span><span class=\"shariff-text\">teilen<\/span>&nbsp;<\/a><\/li><li class=\"shariff-button whatsapp shariff-nocustomcolor\" style=\"background-color:#5cbe4a\"><a href=\"https:\/\/api.whatsapp.com\/send?text=https%3A%2F%2Fwww.vorbei-ev.de%2Fwwwa%2Fbesichtigungen%2F%20Besichtigungen\" title=\"Bei Whatsapp teilen\" aria-label=\"Bei Whatsapp teilen\" role=\"button\" rel=\"noopener nofollow\" class=\"shariff-link\" style=\"; background-color:#34af23; color:#fff\" target=\"_blank\"><span class=\"shariff-icon\" style=\"\"><svg width=\"32px\" height=\"20px\" xmlns=\"http:\/\/www.w3.org\/2000\/svg\" viewBox=\"0 0 32 32\"><path fill=\"#34af23\" d=\"M17.6 17.4q0.2 0 1.7 0.8t1.6 0.9q0 0.1 0 0.3 0 0.6-0.3 1.4-0.3 0.7-1.3 1.2t-1.8 0.5q-1 0-3.4-1.1-1.7-0.8-3-2.1t-2.6-3.3q-1.3-1.9-1.3-3.5v-0.1q0.1-1.6 1.3-2.8 0.4-0.4 0.9-0.4 0.1 0 0.3 0t0.3 0q0.3 0 0.5 0.1t0.3 0.5q0.1 0.4 0.6 1.6t0.4 1.3q0 0.4-0.6 1t-0.6 0.8q0 0.1 0.1 0.3 0.6 1.3 1.8 2.4 1 0.9 2.7 1.8 0.2 0.1 0.4 0.1 0.3 0 1-0.9t0.9-0.9zM14 26.9q2.3 0 4.3-0.9t3.6-2.4 2.4-3.6 0.9-4.3-0.9-4.3-2.4-3.6-3.6-2.4-4.3-0.9-4.3 0.9-3.6 2.4-2.4 3.6-0.9 4.3q0 3.6 2.1 6.6l-1.4 4.2 4.3-1.4q2.8 1.9 6.2 1.9zM14 2.2q2.7 0 5.2 1.1t4.3 2.9 2.9 4.3 1.1 5.2-1.1 5.2-2.9 4.3-4.3 2.9-5.2 1.1q-3.5 0-6.5-1.7l-7.4 2.4 2.4-7.2q-1.9-3.2-1.9-6.9 0-2.7 1.1-5.2t2.9-4.3 4.3-2.9 5.2-1.1z\"\/><\/svg><\/span><span class=\"shariff-text\">teilen<\/span>&nbsp;<\/a><\/li><li class=\"shariff-button telegram shariff-nocustomcolor\" style=\"background-color:#4084A6\"><a href=\"https:\/\/telegram.me\/share\/url?url=https%3A%2F%2Fwww.vorbei-ev.de%2Fwwwa%2Fbesichtigungen%2F&text=Besichtigungen\" title=\"Bei Telegram teilen\" aria-label=\"Bei Telegram teilen\" role=\"button\" rel=\"noopener nofollow\" class=\"shariff-link\" style=\"; background-color:#0088cc; color:#fff\" target=\"_blank\"><span class=\"shariff-icon\" style=\"\"><svg width=\"32px\" height=\"20px\" xmlns=\"http:\/\/www.w3.org\/2000\/svg\" viewBox=\"0 0 32 32\"><path fill=\"#0088cc\" d=\"M30.8 6.5l-4.5 21.4c-.3 1.5-1.2 1.9-2.5 1.2L16.9 24l-3.3 3.2c-.4.4-.7.7-1.4.7l.5-7L25.5 9.2c.6-.5-.1-.8-.9-.3l-15.8 10L2 16.7c-1.5-.5-1.5-1.5.3-2.2L28.9 4.3c1.3-.5 2.3.3 1.9 2.2z\"\/><\/svg><\/span><span class=\"shariff-text\">teilen<\/span>&nbsp;<\/a><\/li><\/ul><\/div>","protected":false},"excerpt":{"rendered":"<p>F\u00fchrungen durch unsere Vereinsanlagen Wir stellen Ihnen gerne die Funktionen und die Ausstattungen unserer Vereinsanlagen im Rahmen von gef\u00fchrten Besichtigungen vor. Dabei nehmen wir uns viel Zeit, um Ihre Fragen zu beantworten und Sie \u00fcber unsere gemeinn\u00fctzige Vereinsarbeit zu informieren. Wir freuen uns auf Ihren Besuch! Es besteht die M\u00f6glichkeit, die GSVBw 22 in Elmlohe &hellip; <\/p>\n<p class=\"link-more\"><a href=\"https:\/\/www.vorbei-ev.de\/wwwa\/besichtigungen\/\" class=\"more-link\"><span class=\"screen-reader-text\">\u201eBesichtigungen\u201c <\/span>weiterlesen<\/a><\/p>\n","protected":false},"author":2,"featured_media":0,"parent":0,"menu_order":0,"comment_status":"closed","ping_status":"closed","template":"","meta":{"footnotes":""},"class_list":["post-965","page","type-page","status-publish","hentry"],"yoast_head":"<!-- This site is optimized with the Yoast SEO plugin v27.3 - https:\/\/yoast.com\/product\/yoast-seo-wordpress\/ -->\n<title>Besichtigungen - Vorbei e.V.<\/title>\n<meta name=\"description\" content=\"Bunker-Besichtigung in Elmlohe oder Hannover: Wir stellen Ihnen gerne die Funktionen und die Ausstattungen unserer Vereinsanlagen im Rahmen von gef\u00fchrten Besichtigungen vor. Bitte nutzen Sie f\u00fcr Anfragen unser Kontaktformular.\" \/>\n<meta name=\"robots\" content=\"index, follow, max-snippet:-1, max-image-preview:large, max-video-preview:-1\" \/>\n<link rel=\"canonical\" href=\"https:\/\/www.vorbei-ev.de\/wwwa\/besichtigungen\/\" \/>\n<meta property=\"og:locale\" content=\"de_DE\" \/>\n<meta property=\"og:type\" content=\"article\" \/>\n<meta property=\"og:title\" content=\"Besichtigungen - Vorbei e.V.\" \/>\n<meta property=\"og:description\" content=\"Bunker-Besichtigung in Elmlohe oder Hannover: Wir stellen Ihnen gerne die Funktionen und die Ausstattungen unserer Vereinsanlagen im Rahmen von gef\u00fchrten Besichtigungen vor. Bitte nutzen Sie f\u00fcr Anfragen unser Kontaktformular.\" \/>\n<meta property=\"og:url\" content=\"https:\/\/www.vorbei-ev.de\/wwwa\/besichtigungen\/\" \/>\n<meta property=\"og:site_name\" content=\"Vorbei e.V.\" \/>\n<meta property=\"article:publisher\" content=\"https:\/\/www.facebook.com\/groups\/107150626035606\/\" \/>\n<meta property=\"article:modified_time\" content=\"2023-11-01T17:19:55+00:00\" \/>\n<meta property=\"og:image\" content=\"https:\/\/www.vorbei-ev.de\/wwwa\/wp-content\/uploads\/2017\/08\/image2017-07_10.jpg\" \/>\n\t<meta property=\"og:image:width\" content=\"800\" \/>\n\t<meta property=\"og:image:height\" content=\"600\" \/>\n\t<meta property=\"og:image:type\" content=\"image\/jpeg\" \/>\n<meta name=\"twitter:card\" content=\"summary_large_image\" \/>\n<meta name=\"twitter:image\" content=\"https:\/\/www.vorbei-ev.de\/wwwa\/wp-content\/uploads\/2017\/08\/image2017-07_10.jpg\" \/>\n<meta name=\"twitter:label1\" content=\"Gesch\u00e4tzte Lesezeit\" \/>\n\t<meta name=\"twitter:data1\" content=\"4\u00a0Minuten\" \/>\n<script type=\"application\/ld+json\" class=\"yoast-schema-graph\">{\"@context\":\"https:\\\/\\\/schema.org\",\"@graph\":[{\"@type\":\"WebPage\",\"@id\":\"https:\\\/\\\/www.vorbei-ev.de\\\/wwwa\\\/besichtigungen\\\/\",\"url\":\"https:\\\/\\\/www.vorbei-ev.de\\\/wwwa\\\/besichtigungen\\\/\",\"name\":\"Besichtigungen - Vorbei e.V.\",\"isPartOf\":{\"@id\":\"https:\\\/\\\/www.vorbei-ev.de\\\/wwwa\\\/#website\"},\"datePublished\":\"2017-03-30T17:17:15+00:00\",\"dateModified\":\"2023-11-01T17:19:55+00:00\",\"description\":\"Bunker-Besichtigung in Elmlohe oder Hannover: Wir stellen Ihnen gerne die Funktionen und die Ausstattungen unserer Vereinsanlagen im Rahmen von gef\u00fchrten Besichtigungen vor. Bitte nutzen Sie f\u00fcr Anfragen unser Kontaktformular.\",\"breadcrumb\":{\"@id\":\"https:\\\/\\\/www.vorbei-ev.de\\\/wwwa\\\/besichtigungen\\\/#breadcrumb\"},\"inLanguage\":\"de\",\"potentialAction\":[{\"@type\":\"ReadAction\",\"target\":[\"https:\\\/\\\/www.vorbei-ev.de\\\/wwwa\\\/besichtigungen\\\/\"]}]},{\"@type\":\"BreadcrumbList\",\"@id\":\"https:\\\/\\\/www.vorbei-ev.de\\\/wwwa\\\/besichtigungen\\\/#breadcrumb\",\"itemListElement\":[{\"@type\":\"ListItem\",\"position\":1,\"name\":\"Startseite\",\"item\":\"https:\\\/\\\/www.vorbei-ev.de\\\/wwwa\\\/\"},{\"@type\":\"ListItem\",\"position\":2,\"name\":\"Besichtigungen\"}]},{\"@type\":\"WebSite\",\"@id\":\"https:\\\/\\\/www.vorbei-ev.de\\\/wwwa\\\/#website\",\"url\":\"https:\\\/\\\/www.vorbei-ev.de\\\/wwwa\\\/\",\"name\":\"Vorbei e.V.\",\"description\":\"Dokumentation und Erhalt zeitgeschichtlicher Bauwerke\",\"publisher\":{\"@id\":\"https:\\\/\\\/www.vorbei-ev.de\\\/wwwa\\\/#organization\"},\"potentialAction\":[{\"@type\":\"SearchAction\",\"target\":{\"@type\":\"EntryPoint\",\"urlTemplate\":\"https:\\\/\\\/www.vorbei-ev.de\\\/wwwa\\\/?s={search_term_string}\"},\"query-input\":{\"@type\":\"PropertyValueSpecification\",\"valueRequired\":true,\"valueName\":\"search_term_string\"}}],\"inLanguage\":\"de\"},{\"@type\":\"Organization\",\"@id\":\"https:\\\/\\\/www.vorbei-ev.de\\\/wwwa\\\/#organization\",\"name\":\"Vorbei e.V.\",\"url\":\"https:\\\/\\\/www.vorbei-ev.de\\\/wwwa\\\/\",\"logo\":{\"@type\":\"ImageObject\",\"inLanguage\":\"de\",\"@id\":\"https:\\\/\\\/www.vorbei-ev.de\\\/wwwa\\\/#\\\/schema\\\/logo\\\/image\\\/\",\"url\":\"https:\\\/\\\/www.vorbei-ev.de\\\/wwwa\\\/wp-content\\\/uploads\\\/2017\\\/04\\\/Logo_schwarz_640px.png\",\"contentUrl\":\"https:\\\/\\\/www.vorbei-ev.de\\\/wwwa\\\/wp-content\\\/uploads\\\/2017\\\/04\\\/Logo_schwarz_640px.png\",\"width\":640,\"height\":120,\"caption\":\"Vorbei e.V.\"},\"image\":{\"@id\":\"https:\\\/\\\/www.vorbei-ev.de\\\/wwwa\\\/#\\\/schema\\\/logo\\\/image\\\/\"},\"sameAs\":[\"https:\\\/\\\/www.facebook.com\\\/groups\\\/107150626035606\\\/\"]}]}<\/script>\n<!-- \/ Yoast SEO plugin. -->","yoast_head_json":{"title":"Besichtigungen - Vorbei e.V.","description":"Bunker-Besichtigung in Elmlohe oder Hannover: Wir stellen Ihnen gerne die Funktionen und die Ausstattungen unserer Vereinsanlagen im Rahmen von gef\u00fchrten Besichtigungen vor. Bitte nutzen Sie f\u00fcr Anfragen unser Kontaktformular.","robots":{"index":"index","follow":"follow","max-snippet":"max-snippet:-1","max-image-preview":"max-image-preview:large","max-video-preview":"max-video-preview:-1"},"canonical":"https:\/\/www.vorbei-ev.de\/wwwa\/besichtigungen\/","og_locale":"de_DE","og_type":"article","og_title":"Besichtigungen - Vorbei e.V.","og_description":"Bunker-Besichtigung in Elmlohe oder Hannover: Wir stellen Ihnen gerne die Funktionen und die Ausstattungen unserer Vereinsanlagen im Rahmen von gef\u00fchrten Besichtigungen vor. Bitte nutzen Sie f\u00fcr Anfragen unser Kontaktformular.","og_url":"https:\/\/www.vorbei-ev.de\/wwwa\/besichtigungen\/","og_site_name":"Vorbei e.V.","article_publisher":"https:\/\/www.facebook.com\/groups\/107150626035606\/","article_modified_time":"2023-11-01T17:19:55+00:00","og_image":[{"width":800,"height":600,"url":"https:\/\/www.vorbei-ev.de\/wwwa\/wp-content\/uploads\/2017\/08\/image2017-07_10.jpg","type":"image\/jpeg"}],"twitter_card":"summary_large_image","twitter_image":"https:\/\/www.vorbei-ev.de\/wwwa\/wp-content\/uploads\/2017\/08\/image2017-07_10.jpg","twitter_misc":{"Gesch\u00e4tzte Lesezeit":"4\u00a0Minuten"},"schema":{"@context":"https:\/\/schema.org","@graph":[{"@type":"WebPage","@id":"https:\/\/www.vorbei-ev.de\/wwwa\/besichtigungen\/","url":"https:\/\/www.vorbei-ev.de\/wwwa\/besichtigungen\/","name":"Besichtigungen - Vorbei e.V.","isPartOf":{"@id":"https:\/\/www.vorbei-ev.de\/wwwa\/#website"},"datePublished":"2017-03-30T17:17:15+00:00","dateModified":"2023-11-01T17:19:55+00:00","description":"Bunker-Besichtigung in Elmlohe oder Hannover: Wir stellen Ihnen gerne die Funktionen und die Ausstattungen unserer Vereinsanlagen im Rahmen von gef\u00fchrten Besichtigungen vor. Bitte nutzen Sie f\u00fcr Anfragen unser Kontaktformular.","breadcrumb":{"@id":"https:\/\/www.vorbei-ev.de\/wwwa\/besichtigungen\/#breadcrumb"},"inLanguage":"de","potentialAction":[{"@type":"ReadAction","target":["https:\/\/www.vorbei-ev.de\/wwwa\/besichtigungen\/"]}]},{"@type":"BreadcrumbList","@id":"https:\/\/www.vorbei-ev.de\/wwwa\/besichtigungen\/#breadcrumb","itemListElement":[{"@type":"ListItem","position":1,"name":"Startseite","item":"https:\/\/www.vorbei-ev.de\/wwwa\/"},{"@type":"ListItem","position":2,"name":"Besichtigungen"}]},{"@type":"WebSite","@id":"https:\/\/www.vorbei-ev.de\/wwwa\/#website","url":"https:\/\/www.vorbei-ev.de\/wwwa\/","name":"Vorbei e.V.","description":"Dokumentation und Erhalt zeitgeschichtlicher Bauwerke","publisher":{"@id":"https:\/\/www.vorbei-ev.de\/wwwa\/#organization"},"potentialAction":[{"@type":"SearchAction","target":{"@type":"EntryPoint","urlTemplate":"https:\/\/www.vorbei-ev.de\/wwwa\/?s={search_term_string}"},"query-input":{"@type":"PropertyValueSpecification","valueRequired":true,"valueName":"search_term_string"}}],"inLanguage":"de"},{"@type":"Organization","@id":"https:\/\/www.vorbei-ev.de\/wwwa\/#organization","name":"Vorbei e.V.","url":"https:\/\/www.vorbei-ev.de\/wwwa\/","logo":{"@type":"ImageObject","inLanguage":"de","@id":"https:\/\/www.vorbei-ev.de\/wwwa\/#\/schema\/logo\/image\/","url":"https:\/\/www.vorbei-ev.de\/wwwa\/wp-content\/uploads\/2017\/04\/Logo_schwarz_640px.png","contentUrl":"https:\/\/www.vorbei-ev.de\/wwwa\/wp-content\/uploads\/2017\/04\/Logo_schwarz_640px.png","width":640,"height":120,"caption":"Vorbei e.V."},"image":{"@id":"https:\/\/www.vorbei-ev.de\/wwwa\/#\/schema\/logo\/image\/"},"sameAs":["https:\/\/www.facebook.com\/groups\/107150626035606\/"]}]}},"_links":{"self":[{"href":"https:\/\/www.vorbei-ev.de\/wwwa\/wp-json\/wp\/v2\/pages\/965","targetHints":{"allow":["GET"]}}],"collection":[{"href":"https:\/\/www.vorbei-ev.de\/wwwa\/wp-json\/wp\/v2\/pages"}],"about":[{"href":"https:\/\/www.vorbei-ev.de\/wwwa\/wp-json\/wp\/v2\/types\/page"}],"author":[{"embeddable":true,"href":"https:\/\/www.vorbei-ev.de\/wwwa\/wp-json\/wp\/v2\/users\/2"}],"replies":[{"embeddable":true,"href":"https:\/\/www.vorbei-ev.de\/wwwa\/wp-json\/wp\/v2\/comments?post=965"}],"version-history":[{"count":9,"href":"https:\/\/www.vorbei-ev.de\/wwwa\/wp-json\/wp\/v2\/pages\/965\/revisions"}],"predecessor-version":[{"id":9803,"href":"https:\/\/www.vorbei-ev.de\/wwwa\/wp-json\/wp\/v2\/pages\/965\/revisions\/9803"}],"wp:attachment":[{"href":"https:\/\/www.vorbei-ev.de\/wwwa\/wp-json\/wp\/v2\/media?parent=965"}],"curies":[{"name":"wp","href":"https:\/\/api.w.org\/{rel}","templated":true}]}}