{"id":963,"date":"2017-03-30T19:16:41","date_gmt":"2017-03-30T17:16:41","guid":{"rendered":"http:\/\/www.vorbei-ev.de\/wwwa\/?page_id=963"},"modified":"2022-04-01T22:16:08","modified_gmt":"2022-04-01T20:16:08","slug":"museumsbunker-hannover","status":"publish","type":"page","link":"https:\/\/www.vorbei-ev.de\/wwwa\/museumsbunker-hannover\/","title":{"rendered":"Museumsbunker Hannover"},"content":{"rendered":"<h1>Museumsbunker Hannover &#8211; \u00d6ffentliche Zivilschutzanlage in der Landeshauptstadt Hannover<\/h1>\n<p>Der vollausgestattete Schutzbau an der Torstenssonstra\u00dfe in der Landeshauptstadt Hannover ist als einzigartiges Zeugnis des baulichen Zivilschutzes im Bundesland Niedersachsen einzuordnen. Die im Rahmen des \u201eInstandsetzungsprogramms\u201c vorgenommenen Bauma\u00dfnahmen in den 1960er Jahren waren in der Ausf\u00fchrung und in der anschlie\u00dfenden Betriebserhaltung sehr kostspielig. Diese hohen Kosten sorgten daf\u00fcr, dass das Bauprogramm nach kurzer Zeit wieder eingestellt wurde. Bundesweit konnten deshalb nur wenige Objekte in diesem Programm fertiggestellt werden.<\/p>\n<p>Das hannoversche Schutzbauwerk stellt im Land Niedersachsen die einzige vollst\u00e4ndig ausgestattete und original erhaltene Zivilschutzanlage aus dem Instandsetzungsprogramm der 1960er Jahre dar. Durch den R\u00fcckbau dieses Schutzbaues w\u00fcrde auch auf Landesebene ein wichtiges und einmaliges St\u00fcck Zeitgeschichte unwiederbringlich verloren gehen.<\/p>\n<p>Unsere Zielsetzung ist es, die ausgestattete Zivilschutzanlage im Originalzustand zu erhalten und der interessierten \u00d6ffentlichkeit in Form eines technischen Museums in moderierten F\u00fchrungen zug\u00e4nglich zu machen.<\/p>\n<p>Im zweiten Weltkrieg sch\u00fctzte der Luftschutzbunker in der Torstenssonstra\u00dfe die Zivilbev\u00f6lkerung vor den Luftangriffen der alliierten Verb\u00e4nde. 20 Jahre sp\u00e4ter wurde das Luftschutzbauwerk erneut f\u00fcr den Bev\u00f6lkerungsschutz herangezogen. Mit komplexen technischen Einrichtungen sollte ein Schutz vor den atomaren, chemischen und biologischen Waffen des Kalten Krieges erzielt werden. Im aufw\u00e4ndigsten Schutzbauprogramm des Bundes, dem Instandsetzungsprogramm, wurde das Schutzbauwerk in den Jahren 1965 bis 1968 als Zivilschutzanlage f\u00fcr den \u201cTag X\u201d vorbereitet.<\/p>\n<p>Im Zuge aufw\u00e4ndiger und kostspieliger Bauma\u00dfnahmen erfolgte der Einbau von Au\u00dfenabschl\u00fcssen, hydraulisch bet\u00e4tigten Zugangsschleusen, Notstromanlagen, Bel\u00fcftungs- und Filtertechnik sowie eigenen Wasserversorgungseinrichtungen. In einem neu erstellten Anbau an der \u00f6stlichen Bauwerksseite befindet sich eine komplexe mehrstufige Luftfilteranlage. Zus\u00e4tzlich wurde Sanit\u00e4ts- und Verbrauchsmaterial eingelagert.<\/p>\n<p>Der Schutzbau wurde mit Sitz- und Liegem\u00f6glichkeiten ausgestattet. Mehrere Behandlungsr\u00e4ume standen f\u00fcr die medizinische Versorgung zur Verf\u00fcgung. Eine regelm\u00e4\u00dfige Wartung und Instandsetzung sorgte f\u00fcr die st\u00e4ndige Einsatzbereitschaft der Anlage.<\/p>\n<p>Im Belegungsfall bot der Bunker hinter den 2,5m starken stahlbewehrten Beton-Au\u00dfenw\u00e4nden 2.400 Personen Schutz f\u00fcr einen Zeitraum von 14 Tagen.<\/p>\n<p>In den 1990er Jahren wurden die Schutzbauprogramme des Bundes eingestellt. Seit dem werden Zivilschutzanlagen zur\u00fcckgebaut, umgenutzt oder abgerissen.<\/p>\n<p>Wir informieren Sie gerne vor Ort \u00fcber unsere gemeinn\u00fctzige und ehrenamtliche Vereinsarbeit.<\/p>\n<div class=\"shariff shariff-align-left shariff-widget-align-left shariff-buttonstretch\" data-services=\"facebook\" data-url=\"https:\/\/www.vorbei-ev.de\/wwwa\/museumsbunker-hannover\/\" data-timestamp=\"1648851368\" data-backendurl=\"https:\/\/www.vorbei-ev.de\/wwwa\/wp-json\/shariff\/v1\/share_counts?\"><ul class=\"shariff-buttons theme-default orientation-horizontal buttonsize-medium\"><li class=\"shariff-button facebook shariff-nocustomcolor\" style=\"background-color:#4273c8\"><a href=\"https:\/\/www.facebook.com\/sharer\/sharer.php?u=https%3A%2F%2Fwww.vorbei-ev.de%2Fwwwa%2Fmuseumsbunker-hannover%2F\" title=\"Bei Facebook teilen\" aria-label=\"Bei Facebook teilen\" role=\"button\" rel=\"nofollow\" class=\"shariff-link\" style=\"; background-color:#3b5998; color:#fff\" target=\"_blank\"><span class=\"shariff-icon\" style=\"\"><svg width=\"32px\" height=\"20px\" xmlns=\"http:\/\/www.w3.org\/2000\/svg\" viewBox=\"0 0 18 32\"><path fill=\"#3b5998\" d=\"M17.1 0.2v4.7h-2.8q-1.5 0-2.1 0.6t-0.5 1.9v3.4h5.2l-0.7 5.3h-4.5v13.6h-5.5v-13.6h-4.5v-5.3h4.5v-3.9q0-3.3 1.9-5.2t5-1.8q2.6 0 4.1 0.2z\"\/><\/svg><\/span><span class=\"shariff-text\">teilen<\/span>&nbsp;<\/a><\/li><li class=\"shariff-button twitter shariff-nocustomcolor\" style=\"background-color:#595959\"><a href=\"https:\/\/twitter.com\/share?url=https%3A%2F%2Fwww.vorbei-ev.de%2Fwwwa%2Fmuseumsbunker-hannover%2F&text=Museumsbunker%20Hannover\" title=\"Bei X teilen\" aria-label=\"Bei X teilen\" role=\"button\" rel=\"noopener nofollow\" class=\"shariff-link\" style=\"; background-color:#000; color:#fff\" target=\"_blank\"><span class=\"shariff-icon\" style=\"\"><svg width=\"32px\" height=\"20px\" xmlns=\"http:\/\/www.w3.org\/2000\/svg\" viewBox=\"0 0 24 24\"><path fill=\"#000\" d=\"M14.258 10.152L23.176 0h-2.113l-7.747 8.813L7.133 0H0l9.352 13.328L0 23.973h2.113l8.176-9.309 6.531 9.309h7.133zm-2.895 3.293l-.949-1.328L2.875 1.56h3.246l6.086 8.523.945 1.328 7.91 11.078h-3.246zm0 0\"\/><\/svg><\/span><span class=\"shariff-text\">teilen<\/span>&nbsp;<\/a><\/li><li class=\"shariff-button whatsapp shariff-nocustomcolor\" style=\"background-color:#5cbe4a\"><a href=\"https:\/\/api.whatsapp.com\/send?text=https%3A%2F%2Fwww.vorbei-ev.de%2Fwwwa%2Fmuseumsbunker-hannover%2F%20Museumsbunker%20Hannover\" title=\"Bei Whatsapp teilen\" aria-label=\"Bei Whatsapp teilen\" role=\"button\" rel=\"noopener nofollow\" class=\"shariff-link\" style=\"; background-color:#34af23; color:#fff\" target=\"_blank\"><span class=\"shariff-icon\" style=\"\"><svg width=\"32px\" height=\"20px\" xmlns=\"http:\/\/www.w3.org\/2000\/svg\" viewBox=\"0 0 32 32\"><path fill=\"#34af23\" d=\"M17.6 17.4q0.2 0 1.7 0.8t1.6 0.9q0 0.1 0 0.3 0 0.6-0.3 1.4-0.3 0.7-1.3 1.2t-1.8 0.5q-1 0-3.4-1.1-1.7-0.8-3-2.1t-2.6-3.3q-1.3-1.9-1.3-3.5v-0.1q0.1-1.6 1.3-2.8 0.4-0.4 0.9-0.4 0.1 0 0.3 0t0.3 0q0.3 0 0.5 0.1t0.3 0.5q0.1 0.4 0.6 1.6t0.4 1.3q0 0.4-0.6 1t-0.6 0.8q0 0.1 0.1 0.3 0.6 1.3 1.8 2.4 1 0.9 2.7 1.8 0.2 0.1 0.4 0.1 0.3 0 1-0.9t0.9-0.9zM14 26.9q2.3 0 4.3-0.9t3.6-2.4 2.4-3.6 0.9-4.3-0.9-4.3-2.4-3.6-3.6-2.4-4.3-0.9-4.3 0.9-3.6 2.4-2.4 3.6-0.9 4.3q0 3.6 2.1 6.6l-1.4 4.2 4.3-1.4q2.8 1.9 6.2 1.9zM14 2.2q2.7 0 5.2 1.1t4.3 2.9 2.9 4.3 1.1 5.2-1.1 5.2-2.9 4.3-4.3 2.9-5.2 1.1q-3.5 0-6.5-1.7l-7.4 2.4 2.4-7.2q-1.9-3.2-1.9-6.9 0-2.7 1.1-5.2t2.9-4.3 4.3-2.9 5.2-1.1z\"\/><\/svg><\/span><span class=\"shariff-text\">teilen<\/span>&nbsp;<\/a><\/li><li class=\"shariff-button telegram shariff-nocustomcolor\" style=\"background-color:#4084A6\"><a href=\"https:\/\/telegram.me\/share\/url?url=https%3A%2F%2Fwww.vorbei-ev.de%2Fwwwa%2Fmuseumsbunker-hannover%2F&text=Museumsbunker%20Hannover\" title=\"Bei Telegram teilen\" aria-label=\"Bei Telegram teilen\" role=\"button\" rel=\"noopener nofollow\" class=\"shariff-link\" style=\"; background-color:#0088cc; color:#fff\" target=\"_blank\"><span class=\"shariff-icon\" style=\"\"><svg width=\"32px\" height=\"20px\" xmlns=\"http:\/\/www.w3.org\/2000\/svg\" viewBox=\"0 0 32 32\"><path fill=\"#0088cc\" d=\"M30.8 6.5l-4.5 21.4c-.3 1.5-1.2 1.9-2.5 1.2L16.9 24l-3.3 3.2c-.4.4-.7.7-1.4.7l.5-7L25.5 9.2c.6-.5-.1-.8-.9-.3l-15.8 10L2 16.7c-1.5-.5-1.5-1.5.3-2.2L28.9 4.3c1.3-.5 2.3.3 1.9 2.2z\"\/><\/svg><\/span><span class=\"shariff-text\">teilen<\/span>&nbsp;<\/a><\/li><\/ul><\/div>","protected":false},"excerpt":{"rendered":"<p>Museumsbunker Hannover &#8211; \u00d6ffentliche Zivilschutzanlage in der Landeshauptstadt Hannover Der vollausgestattete Schutzbau an der Torstenssonstra\u00dfe in der Landeshauptstadt Hannover ist als einzigartiges Zeugnis des baulichen Zivilschutzes im Bundesland Niedersachsen einzuordnen. Die im Rahmen des \u201eInstandsetzungsprogramms\u201c vorgenommenen Bauma\u00dfnahmen in den 1960er Jahren waren in der Ausf\u00fchrung und in der anschlie\u00dfenden Betriebserhaltung sehr kostspielig. Diese hohen Kosten &hellip; <\/p>\n<p class=\"link-more\"><a href=\"https:\/\/www.vorbei-ev.de\/wwwa\/museumsbunker-hannover\/\" class=\"more-link\"><span class=\"screen-reader-text\">\u201eMuseumsbunker Hannover\u201c <\/span>weiterlesen<\/a><\/p>\n","protected":false},"author":2,"featured_media":0,"parent":0,"menu_order":0,"comment_status":"closed","ping_status":"closed","template":"","meta":{"footnotes":""},"class_list":["post-963","page","type-page","status-publish","hentry"],"yoast_head":"<!-- This site is optimized with the Yoast SEO plugin v27.4 - https:\/\/yoast.com\/product\/yoast-seo-wordpress\/ -->\n<title>Museumsbunker Hannover - Vorbei e.V.<\/title>\n<meta name=\"description\" content=\"Museumsbunker Hannover - \u00d6ffentliche Zivilschutzanlage in der Landeshauptstadt Hannover Der vollausgestattete Schutzbau an der Torstenssonstra\u00dfe in der\" \/>\n<meta name=\"robots\" content=\"index, follow, max-snippet:-1, max-image-preview:large, max-video-preview:-1\" \/>\n<link rel=\"canonical\" href=\"https:\/\/www.vorbei-ev.de\/wwwa\/museumsbunker-hannover\/\" \/>\n<meta property=\"og:locale\" content=\"de_DE\" \/>\n<meta property=\"og:type\" content=\"article\" \/>\n<meta property=\"og:title\" content=\"Museumsbunker Hannover - Vorbei e.V.\" \/>\n<meta property=\"og:description\" content=\"Museumsbunker Hannover - \u00d6ffentliche Zivilschutzanlage in der Landeshauptstadt Hannover Der vollausgestattete Schutzbau an der Torstenssonstra\u00dfe in der\" \/>\n<meta property=\"og:url\" content=\"https:\/\/www.vorbei-ev.de\/wwwa\/museumsbunker-hannover\/\" \/>\n<meta property=\"og:site_name\" content=\"Vorbei e.V.\" \/>\n<meta property=\"article:publisher\" content=\"https:\/\/www.facebook.com\/groups\/107150626035606\/\" \/>\n<meta property=\"article:modified_time\" content=\"2022-04-01T20:16:08+00:00\" \/>\n<meta name=\"twitter:card\" content=\"summary_large_image\" \/>\n<meta name=\"twitter:label1\" content=\"Gesch\u00e4tzte Lesezeit\" \/>\n\t<meta name=\"twitter:data1\" content=\"2\u00a0Minuten\" \/>\n<script type=\"application\/ld+json\" class=\"yoast-schema-graph\">{\"@context\":\"https:\\\/\\\/schema.org\",\"@graph\":[{\"@type\":\"WebPage\",\"@id\":\"https:\\\/\\\/www.vorbei-ev.de\\\/wwwa\\\/museumsbunker-hannover\\\/\",\"url\":\"https:\\\/\\\/www.vorbei-ev.de\\\/wwwa\\\/museumsbunker-hannover\\\/\",\"name\":\"Museumsbunker Hannover - Vorbei e.V.\",\"isPartOf\":{\"@id\":\"https:\\\/\\\/www.vorbei-ev.de\\\/wwwa\\\/#website\"},\"datePublished\":\"2017-03-30T17:16:41+00:00\",\"dateModified\":\"2022-04-01T20:16:08+00:00\",\"description\":\"Museumsbunker Hannover - \u00d6ffentliche Zivilschutzanlage in der Landeshauptstadt Hannover Der vollausgestattete Schutzbau an der Torstenssonstra\u00dfe in der\",\"breadcrumb\":{\"@id\":\"https:\\\/\\\/www.vorbei-ev.de\\\/wwwa\\\/museumsbunker-hannover\\\/#breadcrumb\"},\"inLanguage\":\"de\",\"potentialAction\":[{\"@type\":\"ReadAction\",\"target\":[\"https:\\\/\\\/www.vorbei-ev.de\\\/wwwa\\\/museumsbunker-hannover\\\/\"]}]},{\"@type\":\"BreadcrumbList\",\"@id\":\"https:\\\/\\\/www.vorbei-ev.de\\\/wwwa\\\/museumsbunker-hannover\\\/#breadcrumb\",\"itemListElement\":[{\"@type\":\"ListItem\",\"position\":1,\"name\":\"Startseite\",\"item\":\"https:\\\/\\\/www.vorbei-ev.de\\\/wwwa\\\/\"},{\"@type\":\"ListItem\",\"position\":2,\"name\":\"Museumsbunker Hannover\"}]},{\"@type\":\"WebSite\",\"@id\":\"https:\\\/\\\/www.vorbei-ev.de\\\/wwwa\\\/#website\",\"url\":\"https:\\\/\\\/www.vorbei-ev.de\\\/wwwa\\\/\",\"name\":\"Vorbei e.V.\",\"description\":\"Dokumentation und Erhalt zeitgeschichtlicher Bauwerke\",\"publisher\":{\"@id\":\"https:\\\/\\\/www.vorbei-ev.de\\\/wwwa\\\/#organization\"},\"potentialAction\":[{\"@type\":\"SearchAction\",\"target\":{\"@type\":\"EntryPoint\",\"urlTemplate\":\"https:\\\/\\\/www.vorbei-ev.de\\\/wwwa\\\/?s={search_term_string}\"},\"query-input\":{\"@type\":\"PropertyValueSpecification\",\"valueRequired\":true,\"valueName\":\"search_term_string\"}}],\"inLanguage\":\"de\"},{\"@type\":\"Organization\",\"@id\":\"https:\\\/\\\/www.vorbei-ev.de\\\/wwwa\\\/#organization\",\"name\":\"Vorbei e.V.\",\"url\":\"https:\\\/\\\/www.vorbei-ev.de\\\/wwwa\\\/\",\"logo\":{\"@type\":\"ImageObject\",\"inLanguage\":\"de\",\"@id\":\"https:\\\/\\\/www.vorbei-ev.de\\\/wwwa\\\/#\\\/schema\\\/logo\\\/image\\\/\",\"url\":\"https:\\\/\\\/www.vorbei-ev.de\\\/wwwa\\\/wp-content\\\/uploads\\\/2017\\\/04\\\/Logo_schwarz_640px.png\",\"contentUrl\":\"https:\\\/\\\/www.vorbei-ev.de\\\/wwwa\\\/wp-content\\\/uploads\\\/2017\\\/04\\\/Logo_schwarz_640px.png\",\"width\":640,\"height\":120,\"caption\":\"Vorbei e.V.\"},\"image\":{\"@id\":\"https:\\\/\\\/www.vorbei-ev.de\\\/wwwa\\\/#\\\/schema\\\/logo\\\/image\\\/\"},\"sameAs\":[\"https:\\\/\\\/www.facebook.com\\\/groups\\\/107150626035606\\\/\"]}]}<\/script>\n<!-- \/ Yoast SEO plugin. -->","yoast_head_json":{"title":"Museumsbunker Hannover - Vorbei e.V.","description":"Museumsbunker Hannover - \u00d6ffentliche Zivilschutzanlage in der Landeshauptstadt Hannover Der vollausgestattete Schutzbau an der Torstenssonstra\u00dfe in der","robots":{"index":"index","follow":"follow","max-snippet":"max-snippet:-1","max-image-preview":"max-image-preview:large","max-video-preview":"max-video-preview:-1"},"canonical":"https:\/\/www.vorbei-ev.de\/wwwa\/museumsbunker-hannover\/","og_locale":"de_DE","og_type":"article","og_title":"Museumsbunker Hannover - Vorbei e.V.","og_description":"Museumsbunker Hannover - \u00d6ffentliche Zivilschutzanlage in der Landeshauptstadt Hannover Der vollausgestattete Schutzbau an der Torstenssonstra\u00dfe in der","og_url":"https:\/\/www.vorbei-ev.de\/wwwa\/museumsbunker-hannover\/","og_site_name":"Vorbei e.V.","article_publisher":"https:\/\/www.facebook.com\/groups\/107150626035606\/","article_modified_time":"2022-04-01T20:16:08+00:00","twitter_card":"summary_large_image","twitter_misc":{"Gesch\u00e4tzte Lesezeit":"2\u00a0Minuten"},"schema":{"@context":"https:\/\/schema.org","@graph":[{"@type":"WebPage","@id":"https:\/\/www.vorbei-ev.de\/wwwa\/museumsbunker-hannover\/","url":"https:\/\/www.vorbei-ev.de\/wwwa\/museumsbunker-hannover\/","name":"Museumsbunker Hannover - Vorbei e.V.","isPartOf":{"@id":"https:\/\/www.vorbei-ev.de\/wwwa\/#website"},"datePublished":"2017-03-30T17:16:41+00:00","dateModified":"2022-04-01T20:16:08+00:00","description":"Museumsbunker Hannover - \u00d6ffentliche Zivilschutzanlage in der Landeshauptstadt Hannover Der vollausgestattete Schutzbau an der Torstenssonstra\u00dfe in der","breadcrumb":{"@id":"https:\/\/www.vorbei-ev.de\/wwwa\/museumsbunker-hannover\/#breadcrumb"},"inLanguage":"de","potentialAction":[{"@type":"ReadAction","target":["https:\/\/www.vorbei-ev.de\/wwwa\/museumsbunker-hannover\/"]}]},{"@type":"BreadcrumbList","@id":"https:\/\/www.vorbei-ev.de\/wwwa\/museumsbunker-hannover\/#breadcrumb","itemListElement":[{"@type":"ListItem","position":1,"name":"Startseite","item":"https:\/\/www.vorbei-ev.de\/wwwa\/"},{"@type":"ListItem","position":2,"name":"Museumsbunker Hannover"}]},{"@type":"WebSite","@id":"https:\/\/www.vorbei-ev.de\/wwwa\/#website","url":"https:\/\/www.vorbei-ev.de\/wwwa\/","name":"Vorbei e.V.","description":"Dokumentation und Erhalt zeitgeschichtlicher Bauwerke","publisher":{"@id":"https:\/\/www.vorbei-ev.de\/wwwa\/#organization"},"potentialAction":[{"@type":"SearchAction","target":{"@type":"EntryPoint","urlTemplate":"https:\/\/www.vorbei-ev.de\/wwwa\/?s={search_term_string}"},"query-input":{"@type":"PropertyValueSpecification","valueRequired":true,"valueName":"search_term_string"}}],"inLanguage":"de"},{"@type":"Organization","@id":"https:\/\/www.vorbei-ev.de\/wwwa\/#organization","name":"Vorbei e.V.","url":"https:\/\/www.vorbei-ev.de\/wwwa\/","logo":{"@type":"ImageObject","inLanguage":"de","@id":"https:\/\/www.vorbei-ev.de\/wwwa\/#\/schema\/logo\/image\/","url":"https:\/\/www.vorbei-ev.de\/wwwa\/wp-content\/uploads\/2017\/04\/Logo_schwarz_640px.png","contentUrl":"https:\/\/www.vorbei-ev.de\/wwwa\/wp-content\/uploads\/2017\/04\/Logo_schwarz_640px.png","width":640,"height":120,"caption":"Vorbei e.V."},"image":{"@id":"https:\/\/www.vorbei-ev.de\/wwwa\/#\/schema\/logo\/image\/"},"sameAs":["https:\/\/www.facebook.com\/groups\/107150626035606\/"]}]}},"_links":{"self":[{"href":"https:\/\/www.vorbei-ev.de\/wwwa\/wp-json\/wp\/v2\/pages\/963","targetHints":{"allow":["GET"]}}],"collection":[{"href":"https:\/\/www.vorbei-ev.de\/wwwa\/wp-json\/wp\/v2\/pages"}],"about":[{"href":"https:\/\/www.vorbei-ev.de\/wwwa\/wp-json\/wp\/v2\/types\/page"}],"author":[{"embeddable":true,"href":"https:\/\/www.vorbei-ev.de\/wwwa\/wp-json\/wp\/v2\/users\/2"}],"replies":[{"embeddable":true,"href":"https:\/\/www.vorbei-ev.de\/wwwa\/wp-json\/wp\/v2\/comments?post=963"}],"version-history":[{"count":3,"href":"https:\/\/www.vorbei-ev.de\/wwwa\/wp-json\/wp\/v2\/pages\/963\/revisions"}],"predecessor-version":[{"id":1081,"href":"https:\/\/www.vorbei-ev.de\/wwwa\/wp-json\/wp\/v2\/pages\/963\/revisions\/1081"}],"wp:attachment":[{"href":"https:\/\/www.vorbei-ev.de\/wwwa\/wp-json\/wp\/v2\/media?parent=963"}],"curies":[{"name":"wp","href":"https:\/\/api.w.org\/{rel}","templated":true}]}}