{"id":882,"date":"2017-03-23T14:04:30","date_gmt":"2017-03-23T13:04:30","guid":{"rendered":"http:\/\/www.vorbei-ev.de\/wwwa\/?page_id=882"},"modified":"2017-03-23T14:06:55","modified_gmt":"2017-03-23T13:06:55","slug":"wir-stellen-uns-vor","status":"publish","type":"page","link":"https:\/\/www.vorbei-ev.de\/wwwa\/wir-stellen-uns-vor\/","title":{"rendered":"Wir stellen uns vor"},"content":{"rendered":"<h1>Wir \u00fcber uns<\/h1>\n<p>Der gemeinn\u00fctzige Vorbei e.V. mit Vereinssitz in Wennigsen\/Region Hannover ist bundesweit t\u00e4tig und besch\u00e4ftigt sich mit dem Erhalt und der Dokumentation zeitgeschichtlicher Bauwerke. Detaillierte Informationen \u00fcber unsere Projekte und Vereinsaktivit\u00e4ten, sowie Presseberichte und Dokumentationen, erhalten Sie in unserer Internetpr\u00e4sentation. Einen Schwerpunkt unserer ehrenamtlichen Arbeit bilden die ehemaligen Grundnetzschalt- und Vermittlungsstellen der Bundeswehr (GSVBw). Dabei handelte es sich um fernmeldetechnische Einrichtungen der Bundeswehr, in denen auch eine Verst\u00e4rkerstelle (VrSt) der Deutschen Bundespost betrieben wurde. Weiterhin nehmen die \u00f6ffentlichen Zivilschutzanlagen einen gro\u00dfen Teil unserer gemeinn\u00fctzigen Vereinsarbeit in Anspruch. Aber auch viele Objekte und Liegenschaften, die nicht unmittelbar im Zusammenhang mit der GSVBw- und Zivilschutz-Thematik stehen, bilden einen festen Bestandteil unseres Bet\u00e4tigungsfeldes. Sie werden von unseren Mitgliedern besucht und dokumentiert. Dazu geh\u00f6ren unter anderem Industriebrachen, Anwesen sowie Liegenschaften aus ziviler oder beh\u00f6rdlicher Nutzung.<\/p>\n<p>Die Vereinsgr\u00fcndung des Vorbei e.V. erfolgte am 20.01.2007 in Wennigsen am Deister. Im Vereinsregister des Amtsgerichtes Hannover wird der Vorbei e.V. unter der Registernummer VR200384 gef\u00fchrt. Die zust\u00e4ndige Finanzbeh\u00f6rde hat den Vorbei e.V. als gemeinn\u00fctzig anerkannt.<\/p>\n<p>Im Jahre 2007 wurde von unserem Verein eine als Denkmal eingestufte Liegenschaft in der Region Hannover betreut, die uns von der Bundesanstalt f\u00fcr Immobilienaufgaben (BImA) vertraglich und unbefristet \u00fcberlassen wurde. Es handelte sich dabei um die ehemalige Grundnetzschalt- und Vermittlungsstelle der Bundeswehr (GSVBw 21) in Springe\/L\u00fcdersen. In dieser Liegenschaft wurden die noch vorhandenen Einrichtungen, wie auch die Geb\u00e4ude und Au\u00dfenanlagen, von unseren ehrenamtlichen Mitgliedern restauriert. Ziel sollte die Einrichtung eines Museums sein. Das Gesamterscheinungsbild der Liegenschaft wurde ann\u00e4hernd in den Originalzustand versetzt, um dadurch den musealen Charakter des Objektes zu festigen. Leider wurde diese Liegenschaft an einen gewerblichen Interessenten verkauft und stand unserem Verein nicht mehr zur Verf\u00fcgung. Wir haben dieser Anlage ein &#8222;virtuelles Museum&#8220; gewidmet, das \u00fcber unsere Internetpr\u00e4senz besucht werden kann.<\/p>\n<p>Im Laufe der Zeit besuchten wir viele GSVBw im gesamten Bundesgebiet und konnten dadurch viele pers\u00f6nliche Kontakte kn\u00fcpfen, sowie ein gro\u00dfes und umfangreiches Archiv mit Pl\u00e4nen, Unterlagen, Betriebsanleitungen und Schriftverkehren aufbauen. Im Jahre 2009 hat unser Verein nach langen Verhandlungen mit der BImA die ehemalige GSVBw 22 in Elmlohe\/Drangstedt erworben. Auf unserem Antrag hin wurde die GSVBw 22 im September 2009 als Gruppe baulicher Anlagen (nach \u00a7 3 Abs. 3 NDSchG) in das Verzeichnis der Kulturdenkmale (Baudenkmale) aufgenommen. Mit den gewonnenen Erfahrungen soll nun dort unser geplantes Museumsprojekt umgesetzt werden. Im Dezember 2012 wurde die GSVBw 22 als erstes Baudenkmal im Landkreis Cuxhaven mit der Denkmalschutzplakette ausgezeichnet.<\/p>\n<p>Im November 2012 hat die Landeshauptstadt Hannover mit uns eine unbefristete vertragliche Nutzungsvereinbarung \u00fcber die Zivilschutzanlage Ecke Wallensteinstra\u00dfe \/ Torstenssonstra\u00dfe im hannoverschen Stadtteil Ricklingen unterzeichnet. Dieser ehemalige Luftschutzbunker wurde als eine der bundesweit ersten 34 Anlagen im technisch sehr aufw\u00e4ndigen Vorabprogramm des Instandsetzungsprogrammes zum Schutz vor den Gefahren im Kalten Krieg hergerichtet (1965 \u2013 1968). Heute stellt diese Anlage die einzige vollausgestattete Zivilschutzanlage aus dem Instandsetzungsprogramm im Bundesland Niedersachsen dar. Diese Zivilschutzanlage ist auf Nieders\u00e4chsischer Landesebene in ihrer Ausf\u00fchrung und ihrem Zustand als einzigartig einzustufen. Unsere Zielsetzung ist es, die vollausgestattete Zivilschutzanlage aus dem Instandsetzungsprogramm im Originalzustand zu erhalten und in Form eines technischen Museums der interessierten \u00d6ffentlichkeit in moderierten F\u00fchrungen zug\u00e4nglich zu machen. \u00dcber unser Projekt \u201eMuseumsbunker Hannover\u201c berichten wir ebenfalls in unserer Internetpr\u00e4sentation.<\/p>\n<div class=\"shariff shariff-align-flex-start shariff-widget-align-flex-start shariff-buttonstretch\" data-services=\"facebook\" data-url=\"https%3A%2F%2Fwww.vorbei-ev.de%2Fwwwa%2Fwir-stellen-uns-vor%2F\" data-timestamp=\"1490278015\" data-backendurl=\"https:\/\/www.vorbei-ev.de\/wwwa\/wp-json\/shariff\/v1\/share_counts?\"><ul class=\"shariff-buttons theme-default orientation-horizontal buttonsize-medium\"><li class=\"shariff-button facebook shariff-nocustomcolor\" style=\"background-color:#4273c8\"><a href=\"https:\/\/www.facebook.com\/sharer\/sharer.php?u=https%3A%2F%2Fwww.vorbei-ev.de%2Fwwwa%2Fwir-stellen-uns-vor%2F\" title=\"Bei Facebook teilen\" aria-label=\"Bei Facebook teilen\" role=\"button\" rel=\"nofollow\" class=\"shariff-link\" style=\"; background-color:#3b5998; color:#fff\" target=\"_blank\"><span class=\"shariff-icon\" style=\"\"><svg width=\"32px\" height=\"20px\" xmlns=\"http:\/\/www.w3.org\/2000\/svg\" viewBox=\"0 0 18 32\"><path fill=\"#3b5998\" d=\"M17.1 0.2v4.7h-2.8q-1.5 0-2.1 0.6t-0.5 1.9v3.4h5.2l-0.7 5.3h-4.5v13.6h-5.5v-13.6h-4.5v-5.3h4.5v-3.9q0-3.3 1.9-5.2t5-1.8q2.6 0 4.1 0.2z\"\/><\/svg><\/span><span class=\"shariff-text\">teilen<\/span>&nbsp;<\/a><\/li><li class=\"shariff-button twitter shariff-nocustomcolor\" style=\"background-color:#595959\"><a href=\"https:\/\/twitter.com\/share?url=https%3A%2F%2Fwww.vorbei-ev.de%2Fwwwa%2Fwir-stellen-uns-vor%2F&text=Wir%20stellen%20uns%20vor\" title=\"Bei X teilen\" aria-label=\"Bei X teilen\" role=\"button\" rel=\"noopener nofollow\" class=\"shariff-link\" style=\"; background-color:#000; color:#fff\" target=\"_blank\"><span class=\"shariff-icon\" style=\"\"><svg width=\"32px\" height=\"20px\" xmlns=\"http:\/\/www.w3.org\/2000\/svg\" viewBox=\"0 0 24 24\"><path fill=\"#000\" d=\"M14.258 10.152L23.176 0h-2.113l-7.747 8.813L7.133 0H0l9.352 13.328L0 23.973h2.113l8.176-9.309 6.531 9.309h7.133zm-2.895 3.293l-.949-1.328L2.875 1.56h3.246l6.086 8.523.945 1.328 7.91 11.078h-3.246zm0 0\"\/><\/svg><\/span><span class=\"shariff-text\">teilen<\/span>&nbsp;<\/a><\/li><li class=\"shariff-button whatsapp shariff-nocustomcolor\" style=\"background-color:#5cbe4a\"><a href=\"https:\/\/api.whatsapp.com\/send?text=https%3A%2F%2Fwww.vorbei-ev.de%2Fwwwa%2Fwir-stellen-uns-vor%2F%20Wir%20stellen%20uns%20vor\" title=\"Bei Whatsapp teilen\" aria-label=\"Bei Whatsapp teilen\" role=\"button\" rel=\"noopener nofollow\" class=\"shariff-link\" style=\"; background-color:#34af23; color:#fff\" target=\"_blank\"><span class=\"shariff-icon\" style=\"\"><svg width=\"32px\" height=\"20px\" xmlns=\"http:\/\/www.w3.org\/2000\/svg\" viewBox=\"0 0 32 32\"><path fill=\"#34af23\" d=\"M17.6 17.4q0.2 0 1.7 0.8t1.6 0.9q0 0.1 0 0.3 0 0.6-0.3 1.4-0.3 0.7-1.3 1.2t-1.8 0.5q-1 0-3.4-1.1-1.7-0.8-3-2.1t-2.6-3.3q-1.3-1.9-1.3-3.5v-0.1q0.1-1.6 1.3-2.8 0.4-0.4 0.9-0.4 0.1 0 0.3 0t0.3 0q0.3 0 0.5 0.1t0.3 0.5q0.1 0.4 0.6 1.6t0.4 1.3q0 0.4-0.6 1t-0.6 0.8q0 0.1 0.1 0.3 0.6 1.3 1.8 2.4 1 0.9 2.7 1.8 0.2 0.1 0.4 0.1 0.3 0 1-0.9t0.9-0.9zM14 26.9q2.3 0 4.3-0.9t3.6-2.4 2.4-3.6 0.9-4.3-0.9-4.3-2.4-3.6-3.6-2.4-4.3-0.9-4.3 0.9-3.6 2.4-2.4 3.6-0.9 4.3q0 3.6 2.1 6.6l-1.4 4.2 4.3-1.4q2.8 1.9 6.2 1.9zM14 2.2q2.7 0 5.2 1.1t4.3 2.9 2.9 4.3 1.1 5.2-1.1 5.2-2.9 4.3-4.3 2.9-5.2 1.1q-3.5 0-6.5-1.7l-7.4 2.4 2.4-7.2q-1.9-3.2-1.9-6.9 0-2.7 1.1-5.2t2.9-4.3 4.3-2.9 5.2-1.1z\"\/><\/svg><\/span><span class=\"shariff-text\">teilen<\/span>&nbsp;<\/a><\/li><li class=\"shariff-button telegram shariff-nocustomcolor\" style=\"background-color:#4084A6\"><a href=\"https:\/\/telegram.me\/share\/url?url=https%3A%2F%2Fwww.vorbei-ev.de%2Fwwwa%2Fwir-stellen-uns-vor%2F&text=Wir%20stellen%20uns%20vor\" title=\"Bei Telegram teilen\" aria-label=\"Bei Telegram teilen\" role=\"button\" rel=\"noopener nofollow\" class=\"shariff-link\" style=\"; background-color:#0088cc; color:#fff\" target=\"_blank\"><span class=\"shariff-icon\" style=\"\"><svg width=\"32px\" height=\"20px\" xmlns=\"http:\/\/www.w3.org\/2000\/svg\" viewBox=\"0 0 32 32\"><path fill=\"#0088cc\" d=\"M30.8 6.5l-4.5 21.4c-.3 1.5-1.2 1.9-2.5 1.2L16.9 24l-3.3 3.2c-.4.4-.7.7-1.4.7l.5-7L25.5 9.2c.6-.5-.1-.8-.9-.3l-15.8 10L2 16.7c-1.5-.5-1.5-1.5.3-2.2L28.9 4.3c1.3-.5 2.3.3 1.9 2.2z\"\/><\/svg><\/span><span class=\"shariff-text\">teilen<\/span>&nbsp;<\/a><\/li><\/ul><\/div>","protected":false},"excerpt":{"rendered":"<p>Wir \u00fcber uns Der gemeinn\u00fctzige Vorbei e.V. mit Vereinssitz in Wennigsen\/Region Hannover ist bundesweit t\u00e4tig und besch\u00e4ftigt sich mit dem Erhalt und der Dokumentation zeitgeschichtlicher Bauwerke. Detaillierte Informationen \u00fcber unsere Projekte und Vereinsaktivit\u00e4ten, sowie Presseberichte und Dokumentationen, erhalten Sie in unserer Internetpr\u00e4sentation. Einen Schwerpunkt unserer ehrenamtlichen Arbeit bilden die ehemaligen Grundnetzschalt- und Vermittlungsstellen der Bundeswehr &hellip; <\/p>\n<p class=\"link-more\"><a href=\"https:\/\/www.vorbei-ev.de\/wwwa\/wir-stellen-uns-vor\/\" class=\"more-link\"><span class=\"screen-reader-text\">\u201eWir stellen uns vor\u201c <\/span>weiterlesen<\/a><\/p>\n","protected":false},"author":2,"featured_media":0,"parent":0,"menu_order":0,"comment_status":"closed","ping_status":"closed","template":"","meta":{"footnotes":""},"class_list":["post-882","page","type-page","status-publish","hentry"],"yoast_head":"<!-- This site is optimized with the Yoast SEO plugin v27.3 - https:\/\/yoast.com\/product\/yoast-seo-wordpress\/ -->\n<title>Wir stellen uns vor - Vorbei e.V.<\/title>\n<meta name=\"description\" content=\"Wir \u00fcber uns Der gemeinn\u00fctzige Vorbei e.V. mit Vereinssitz in Wennigsen\/Region Hannover ist bundesweit t\u00e4tig und besch\u00e4ftigt sich mit dem Erhalt und der\" \/>\n<meta name=\"robots\" content=\"index, follow, max-snippet:-1, max-image-preview:large, max-video-preview:-1\" \/>\n<link rel=\"canonical\" href=\"https:\/\/www.vorbei-ev.de\/wwwa\/wir-stellen-uns-vor\/\" \/>\n<meta property=\"og:locale\" content=\"de_DE\" \/>\n<meta property=\"og:type\" content=\"article\" \/>\n<meta property=\"og:title\" content=\"Wir stellen uns vor - Vorbei e.V.\" \/>\n<meta property=\"og:description\" content=\"Wir \u00fcber uns Der gemeinn\u00fctzige Vorbei e.V. mit Vereinssitz in Wennigsen\/Region Hannover ist bundesweit t\u00e4tig und besch\u00e4ftigt sich mit dem Erhalt und der\" \/>\n<meta property=\"og:url\" content=\"https:\/\/www.vorbei-ev.de\/wwwa\/wir-stellen-uns-vor\/\" \/>\n<meta property=\"og:site_name\" content=\"Vorbei e.V.\" \/>\n<meta property=\"article:publisher\" content=\"https:\/\/www.facebook.com\/groups\/107150626035606\/\" \/>\n<meta property=\"article:modified_time\" content=\"2017-03-23T13:06:55+00:00\" \/>\n<meta name=\"twitter:card\" content=\"summary_large_image\" \/>\n<meta name=\"twitter:label1\" content=\"Gesch\u00e4tzte Lesezeit\" \/>\n\t<meta name=\"twitter:data1\" content=\"3\u00a0Minuten\" \/>\n<script type=\"application\/ld+json\" class=\"yoast-schema-graph\">{\"@context\":\"https:\\\/\\\/schema.org\",\"@graph\":[{\"@type\":\"WebPage\",\"@id\":\"https:\\\/\\\/www.vorbei-ev.de\\\/wwwa\\\/wir-stellen-uns-vor\\\/\",\"url\":\"https:\\\/\\\/www.vorbei-ev.de\\\/wwwa\\\/wir-stellen-uns-vor\\\/\",\"name\":\"Wir stellen uns vor - Vorbei e.V.\",\"isPartOf\":{\"@id\":\"https:\\\/\\\/www.vorbei-ev.de\\\/wwwa\\\/#website\"},\"datePublished\":\"2017-03-23T13:04:30+00:00\",\"dateModified\":\"2017-03-23T13:06:55+00:00\",\"description\":\"Wir \u00fcber uns Der gemeinn\u00fctzige Vorbei e.V. mit Vereinssitz in Wennigsen\\\/Region Hannover ist bundesweit t\u00e4tig und besch\u00e4ftigt sich mit dem Erhalt und der\",\"breadcrumb\":{\"@id\":\"https:\\\/\\\/www.vorbei-ev.de\\\/wwwa\\\/wir-stellen-uns-vor\\\/#breadcrumb\"},\"inLanguage\":\"de\",\"potentialAction\":[{\"@type\":\"ReadAction\",\"target\":[\"https:\\\/\\\/www.vorbei-ev.de\\\/wwwa\\\/wir-stellen-uns-vor\\\/\"]}]},{\"@type\":\"BreadcrumbList\",\"@id\":\"https:\\\/\\\/www.vorbei-ev.de\\\/wwwa\\\/wir-stellen-uns-vor\\\/#breadcrumb\",\"itemListElement\":[{\"@type\":\"ListItem\",\"position\":1,\"name\":\"Startseite\",\"item\":\"https:\\\/\\\/www.vorbei-ev.de\\\/wwwa\\\/\"},{\"@type\":\"ListItem\",\"position\":2,\"name\":\"Wir stellen uns vor\"}]},{\"@type\":\"WebSite\",\"@id\":\"https:\\\/\\\/www.vorbei-ev.de\\\/wwwa\\\/#website\",\"url\":\"https:\\\/\\\/www.vorbei-ev.de\\\/wwwa\\\/\",\"name\":\"Vorbei e.V.\",\"description\":\"Dokumentation und Erhalt zeitgeschichtlicher Bauwerke\",\"publisher\":{\"@id\":\"https:\\\/\\\/www.vorbei-ev.de\\\/wwwa\\\/#organization\"},\"potentialAction\":[{\"@type\":\"SearchAction\",\"target\":{\"@type\":\"EntryPoint\",\"urlTemplate\":\"https:\\\/\\\/www.vorbei-ev.de\\\/wwwa\\\/?s={search_term_string}\"},\"query-input\":{\"@type\":\"PropertyValueSpecification\",\"valueRequired\":true,\"valueName\":\"search_term_string\"}}],\"inLanguage\":\"de\"},{\"@type\":\"Organization\",\"@id\":\"https:\\\/\\\/www.vorbei-ev.de\\\/wwwa\\\/#organization\",\"name\":\"Vorbei e.V.\",\"url\":\"https:\\\/\\\/www.vorbei-ev.de\\\/wwwa\\\/\",\"logo\":{\"@type\":\"ImageObject\",\"inLanguage\":\"de\",\"@id\":\"https:\\\/\\\/www.vorbei-ev.de\\\/wwwa\\\/#\\\/schema\\\/logo\\\/image\\\/\",\"url\":\"https:\\\/\\\/www.vorbei-ev.de\\\/wwwa\\\/wp-content\\\/uploads\\\/2017\\\/04\\\/Logo_schwarz_640px.png\",\"contentUrl\":\"https:\\\/\\\/www.vorbei-ev.de\\\/wwwa\\\/wp-content\\\/uploads\\\/2017\\\/04\\\/Logo_schwarz_640px.png\",\"width\":640,\"height\":120,\"caption\":\"Vorbei e.V.\"},\"image\":{\"@id\":\"https:\\\/\\\/www.vorbei-ev.de\\\/wwwa\\\/#\\\/schema\\\/logo\\\/image\\\/\"},\"sameAs\":[\"https:\\\/\\\/www.facebook.com\\\/groups\\\/107150626035606\\\/\"]}]}<\/script>\n<!-- \/ Yoast SEO plugin. -->","yoast_head_json":{"title":"Wir stellen uns vor - Vorbei e.V.","description":"Wir \u00fcber uns Der gemeinn\u00fctzige Vorbei e.V. mit Vereinssitz in Wennigsen\/Region Hannover ist bundesweit t\u00e4tig und besch\u00e4ftigt sich mit dem Erhalt und der","robots":{"index":"index","follow":"follow","max-snippet":"max-snippet:-1","max-image-preview":"max-image-preview:large","max-video-preview":"max-video-preview:-1"},"canonical":"https:\/\/www.vorbei-ev.de\/wwwa\/wir-stellen-uns-vor\/","og_locale":"de_DE","og_type":"article","og_title":"Wir stellen uns vor - Vorbei e.V.","og_description":"Wir \u00fcber uns Der gemeinn\u00fctzige Vorbei e.V. mit Vereinssitz in Wennigsen\/Region Hannover ist bundesweit t\u00e4tig und besch\u00e4ftigt sich mit dem Erhalt und der","og_url":"https:\/\/www.vorbei-ev.de\/wwwa\/wir-stellen-uns-vor\/","og_site_name":"Vorbei e.V.","article_publisher":"https:\/\/www.facebook.com\/groups\/107150626035606\/","article_modified_time":"2017-03-23T13:06:55+00:00","twitter_card":"summary_large_image","twitter_misc":{"Gesch\u00e4tzte Lesezeit":"3\u00a0Minuten"},"schema":{"@context":"https:\/\/schema.org","@graph":[{"@type":"WebPage","@id":"https:\/\/www.vorbei-ev.de\/wwwa\/wir-stellen-uns-vor\/","url":"https:\/\/www.vorbei-ev.de\/wwwa\/wir-stellen-uns-vor\/","name":"Wir stellen uns vor - Vorbei e.V.","isPartOf":{"@id":"https:\/\/www.vorbei-ev.de\/wwwa\/#website"},"datePublished":"2017-03-23T13:04:30+00:00","dateModified":"2017-03-23T13:06:55+00:00","description":"Wir \u00fcber uns Der gemeinn\u00fctzige Vorbei e.V. mit Vereinssitz in Wennigsen\/Region Hannover ist bundesweit t\u00e4tig und besch\u00e4ftigt sich mit dem Erhalt und der","breadcrumb":{"@id":"https:\/\/www.vorbei-ev.de\/wwwa\/wir-stellen-uns-vor\/#breadcrumb"},"inLanguage":"de","potentialAction":[{"@type":"ReadAction","target":["https:\/\/www.vorbei-ev.de\/wwwa\/wir-stellen-uns-vor\/"]}]},{"@type":"BreadcrumbList","@id":"https:\/\/www.vorbei-ev.de\/wwwa\/wir-stellen-uns-vor\/#breadcrumb","itemListElement":[{"@type":"ListItem","position":1,"name":"Startseite","item":"https:\/\/www.vorbei-ev.de\/wwwa\/"},{"@type":"ListItem","position":2,"name":"Wir stellen uns vor"}]},{"@type":"WebSite","@id":"https:\/\/www.vorbei-ev.de\/wwwa\/#website","url":"https:\/\/www.vorbei-ev.de\/wwwa\/","name":"Vorbei e.V.","description":"Dokumentation und Erhalt zeitgeschichtlicher Bauwerke","publisher":{"@id":"https:\/\/www.vorbei-ev.de\/wwwa\/#organization"},"potentialAction":[{"@type":"SearchAction","target":{"@type":"EntryPoint","urlTemplate":"https:\/\/www.vorbei-ev.de\/wwwa\/?s={search_term_string}"},"query-input":{"@type":"PropertyValueSpecification","valueRequired":true,"valueName":"search_term_string"}}],"inLanguage":"de"},{"@type":"Organization","@id":"https:\/\/www.vorbei-ev.de\/wwwa\/#organization","name":"Vorbei e.V.","url":"https:\/\/www.vorbei-ev.de\/wwwa\/","logo":{"@type":"ImageObject","inLanguage":"de","@id":"https:\/\/www.vorbei-ev.de\/wwwa\/#\/schema\/logo\/image\/","url":"https:\/\/www.vorbei-ev.de\/wwwa\/wp-content\/uploads\/2017\/04\/Logo_schwarz_640px.png","contentUrl":"https:\/\/www.vorbei-ev.de\/wwwa\/wp-content\/uploads\/2017\/04\/Logo_schwarz_640px.png","width":640,"height":120,"caption":"Vorbei e.V."},"image":{"@id":"https:\/\/www.vorbei-ev.de\/wwwa\/#\/schema\/logo\/image\/"},"sameAs":["https:\/\/www.facebook.com\/groups\/107150626035606\/"]}]}},"_links":{"self":[{"href":"https:\/\/www.vorbei-ev.de\/wwwa\/wp-json\/wp\/v2\/pages\/882","targetHints":{"allow":["GET"]}}],"collection":[{"href":"https:\/\/www.vorbei-ev.de\/wwwa\/wp-json\/wp\/v2\/pages"}],"about":[{"href":"https:\/\/www.vorbei-ev.de\/wwwa\/wp-json\/wp\/v2\/types\/page"}],"author":[{"embeddable":true,"href":"https:\/\/www.vorbei-ev.de\/wwwa\/wp-json\/wp\/v2\/users\/2"}],"replies":[{"embeddable":true,"href":"https:\/\/www.vorbei-ev.de\/wwwa\/wp-json\/wp\/v2\/comments?post=882"}],"version-history":[{"count":3,"href":"https:\/\/www.vorbei-ev.de\/wwwa\/wp-json\/wp\/v2\/pages\/882\/revisions"}],"predecessor-version":[{"id":887,"href":"https:\/\/www.vorbei-ev.de\/wwwa\/wp-json\/wp\/v2\/pages\/882\/revisions\/887"}],"wp:attachment":[{"href":"https:\/\/www.vorbei-ev.de\/wwwa\/wp-json\/wp\/v2\/media?parent=882"}],"curies":[{"name":"wp","href":"https:\/\/api.w.org\/{rel}","templated":true}]}}