{"id":6471,"date":"2017-06-27T20:29:55","date_gmt":"2017-06-27T18:29:55","guid":{"rendered":"http:\/\/www.vorbei-ev.de\/wwwa\/?page_id=6471"},"modified":"2017-06-27T20:46:46","modified_gmt":"2017-06-27T18:46:46","slug":"gsvbw-45-militaerisches-und-ziviles-personal-sowie-dienst-und-schichtplaene","status":"publish","type":"page","link":"https:\/\/www.vorbei-ev.de\/wwwa\/gsvbw-45-militaerisches-und-ziviles-personal-sowie-dienst-und-schichtplaene\/","title":{"rendered":"GSVBw 45 &#8211; Milit\u00e4risches und ziviles Personal sowie Dienst- und Schichtpl\u00e4ne"},"content":{"rendered":"<h1>GSVBw &#8211; Die Grundnetzschalt- und Vermittlungsstellen der Bundeswehr<\/h1>\n<h2>GSVBw 45 Jesberg &#8211; Milit\u00e4risches und ziviles Personal \/ Dienst- und Schichtpl\u00e4ne<\/h2>\n<p>&nbsp;<\/p>\n<p>Im Jahre 1993 war die STAN vom 01.10.1980 in der Fassung 02 vom 28.07.1987 g\u00fcltig. F\u00fcr die Friedenszeit sah diese Fassung 7 Dienstposten vor, die mit milit\u00e4rischem Personal besetzt wurden ( 1 \/ 6 \/ &#8211; \/ ). Weitere 43 Dienstposten waren durch ziviles Personal zu besetzen. Die IST-St\u00e4rke betrug 4 Soldaten und 21 zivile Besch\u00e4ftigte (Stand 1993).<\/p>\n<p>Die SOLL-St\u00e4rke im V-Fall wurde mit 3 \/ 17 \/ 45 (65 Personen) festgelegt. Der Sicherungszug 7045 stand in der St\u00e4rke 1 \/ 4 \/ 30 (35 Soldaten) zur Sicherung der GSVBw 45 zur Verf\u00fcgung.<\/p>\n<p>Die Fernsprech- und Fernschreibvermittlung in der GSVBw 45 wurde durchg\u00e4ngig in einem 3-Schichten-Betrieb besetzt. Eine \u00dcbersicht \u00fcber die Personalsituation in der Vermittlungstechnik stellte ein Dienstposten-Besetzungsplan zur Verf\u00fcgung. In Abstimmung mit der \u00f6rtlichen Personalvertretung erfolgte die Aufstellung eines Schichtplanes. Dort wurden im Rahmen einer Dienstvereinbarung die Arbeitszeiten im Schichtbetrieb geregelt. Das im Schichtdienst eingesetzte Personal leistete einen Wechselschichtdienst mit Fr\u00fch-, Sp\u00e4t- und Nachtschichten.<\/p>\n<p>Das milit\u00e4rische Personal leistete Tagesdienst gem\u00e4\u00df eines Rahmendienstplanes. Der Dienststellenleiter sowie die Unteroffiziere wurden jedoch zu zus\u00e4tzlichen Bereitschaftsdiensten als &#8222;Offizier vom F\u00fchrungsdienst&#8220; herangezogen.<\/p>\n<p>&nbsp;<\/p>\n<figure id=\"attachment_6425\" aria-describedby=\"caption-attachment-6425\" style=\"width: 800px\" class=\"wp-caption aligncenter\"><img loading=\"lazy\" decoding=\"async\" class=\"wp-image-6425 size-full\" src=\"https:\/\/www.vorbei-ev.de\/wwwa\/wp-content\/uploads\/2017\/06\/dienstposten_zivil.jpg\" alt=\"\" width=\"800\" height=\"1034\" srcset=\"https:\/\/www.vorbei-ev.de\/wwwa\/wp-content\/uploads\/2017\/06\/dienstposten_zivil.jpg 800w, https:\/\/www.vorbei-ev.de\/wwwa\/wp-content\/uploads\/2017\/06\/dienstposten_zivil-309x400.jpg 309w, https:\/\/www.vorbei-ev.de\/wwwa\/wp-content\/uploads\/2017\/06\/dienstposten_zivil-768x993.jpg 768w, https:\/\/www.vorbei-ev.de\/wwwa\/wp-content\/uploads\/2017\/06\/dienstposten_zivil-619x800.jpg 619w\" sizes=\"auto, (max-width: 706px) 89vw, (max-width: 767px) 82vw, 740px\" \/><figcaption id=\"caption-attachment-6425\" class=\"wp-caption-text\">Auszug aus dem Dienstposten-Besetzungsplan f\u00fcr das Zivilpersonal der GSVBw 45 (GSVBw 45 vom 01.10.1993 \/ Archiv Vorbei e.V.). Pers\u00f6nliche Angaben wurden unleserlich gemacht.<\/figcaption><\/figure>\n<p>&nbsp;<\/p>\n<figure id=\"attachment_6444\" aria-describedby=\"caption-attachment-6444\" style=\"width: 800px\" class=\"wp-caption aligncenter\"><img loading=\"lazy\" decoding=\"async\" class=\"wp-image-6444 size-full\" src=\"https:\/\/www.vorbei-ev.de\/wwwa\/wp-content\/uploads\/2017\/06\/schichtplan_fernsprech.jpg\" alt=\"\" width=\"800\" height=\"992\" srcset=\"https:\/\/www.vorbei-ev.de\/wwwa\/wp-content\/uploads\/2017\/06\/schichtplan_fernsprech.jpg 800w, https:\/\/www.vorbei-ev.de\/wwwa\/wp-content\/uploads\/2017\/06\/schichtplan_fernsprech-323x400.jpg 323w, https:\/\/www.vorbei-ev.de\/wwwa\/wp-content\/uploads\/2017\/06\/schichtplan_fernsprech-768x952.jpg 768w, https:\/\/www.vorbei-ev.de\/wwwa\/wp-content\/uploads\/2017\/06\/schichtplan_fernsprech-645x800.jpg 645w\" sizes=\"auto, (max-width: 706px) 89vw, (max-width: 767px) 82vw, 740px\" \/><figcaption id=\"caption-attachment-6444\" class=\"wp-caption-text\">In der Dienstvereinbarung f\u00fcr den Fernsprechvermittlungsdienst wurde in Abstimmung mit dem \u00f6rtlichen Personalrat die Arbeitszeitregelung f\u00fcr den Schichtbetrieb festgelegt. (GSVBw 45 vom 21.12.1992 \/ Archiv Vorbei e.V.). Pers\u00f6nliche Angaben wurden unleserlich gemacht.<\/figcaption><\/figure>\n<p>&nbsp;<\/p>\n<figure id=\"attachment_6443\" aria-describedby=\"caption-attachment-6443\" style=\"width: 800px\" class=\"wp-caption aligncenter\"><img loading=\"lazy\" decoding=\"async\" class=\"wp-image-6443 size-full\" src=\"https:\/\/www.vorbei-ev.de\/wwwa\/wp-content\/uploads\/2017\/06\/schichtplan_fernschreib.jpg\" alt=\"\" width=\"800\" height=\"972\" srcset=\"https:\/\/www.vorbei-ev.de\/wwwa\/wp-content\/uploads\/2017\/06\/schichtplan_fernschreib.jpg 800w, https:\/\/www.vorbei-ev.de\/wwwa\/wp-content\/uploads\/2017\/06\/schichtplan_fernschreib-329x400.jpg 329w, https:\/\/www.vorbei-ev.de\/wwwa\/wp-content\/uploads\/2017\/06\/schichtplan_fernschreib-768x933.jpg 768w, https:\/\/www.vorbei-ev.de\/wwwa\/wp-content\/uploads\/2017\/06\/schichtplan_fernschreib-658x800.jpg 658w\" sizes=\"auto, (max-width: 706px) 89vw, (max-width: 767px) 82vw, 740px\" \/><figcaption id=\"caption-attachment-6443\" class=\"wp-caption-text\">In einer gesonderten Dienstvereinbarung f\u00fcr den Fernschreibvermittlungsdienst wurde ebenfalls in Abstimmung mit dem \u00f6rtlichen Personalrat die Arbeitszeitregelung f\u00fcr den Schichtbetrieb festgelegt. (GSVBw 45 vom 29.12.1992 \/ Archiv Vorbei e.V.). Pers\u00f6nliche Angaben wurden unleserlich gemacht.<\/figcaption><\/figure>\n<p>&nbsp;<\/p>\n<table>\n<tbody>\n<tr>\n<td style=\"width: 30%; background-color: #bebebe; text-align: center; vertical-align: middle;\">&lt; <a href=\"https:\/\/www.vorbei-ev.de\/wwwa\/gsvbw-45-das-fernmeldebetriebsgebaeude\/\">Vorherige Seite<\/a><\/td>\n<td style=\"width: 5%; text-align: center; vertical-align: middle;\"><\/td>\n<td style=\"width: 30%; background-color: #bebebe; text-align: center; vertical-align: middle;\"><a href=\"https:\/\/www.vorbei-ev.de\/wwwa\/gsvbw-45-einleitung-und-themenuebersicht\/\"><span style=\"color: #333333;\">Zur\u00fcck zur Einleitung<\/span><\/a><\/td>\n<td style=\"width: 5%; text-align: center; vertical-align: middle;\"><\/td>\n<td style=\"width: 30%; background-color: #bebebe; text-align: center; vertical-align: middle;\"><span style=\"color: #333333;\"><a href=\"https:\/\/www.vorbei-ev.de\/wwwa\/gsvbw-45-aufloesung-der-gsvbw-45\/\">N\u00e4chste Seite<\/a> &gt;<\/span><\/td>\n<\/tr>\n<\/tbody>\n<\/table>\n<div class=\"shariff shariff-align-left shariff-widget-align-left shariff-buttonstretch\" data-services=\"facebook\" data-url=\"https:\/\/www.vorbei-ev.de\/wwwa\/gsvbw-45-militaerisches-und-ziviles-personal-sowie-dienst-und-schichtplaene\/\" data-timestamp=\"1498596406\" data-backendurl=\"https:\/\/www.vorbei-ev.de\/wwwa\/wp-json\/shariff\/v1\/share_counts?\"><ul class=\"shariff-buttons theme-default orientation-horizontal buttonsize-medium\"><li class=\"shariff-button facebook shariff-nocustomcolor\" style=\"background-color:#4273c8\"><a href=\"https:\/\/www.facebook.com\/sharer\/sharer.php?u=https%3A%2F%2Fwww.vorbei-ev.de%2Fwwwa%2Fgsvbw-45-militaerisches-und-ziviles-personal-sowie-dienst-und-schichtplaene%2F\" title=\"Bei Facebook teilen\" aria-label=\"Bei Facebook teilen\" role=\"button\" rel=\"nofollow\" class=\"shariff-link\" style=\"; background-color:#3b5998; color:#fff\" target=\"_blank\"><span class=\"shariff-icon\" style=\"\"><svg width=\"32px\" height=\"20px\" xmlns=\"http:\/\/www.w3.org\/2000\/svg\" viewBox=\"0 0 18 32\"><path fill=\"#3b5998\" d=\"M17.1 0.2v4.7h-2.8q-1.5 0-2.1 0.6t-0.5 1.9v3.4h5.2l-0.7 5.3h-4.5v13.6h-5.5v-13.6h-4.5v-5.3h4.5v-3.9q0-3.3 1.9-5.2t5-1.8q2.6 0 4.1 0.2z\"\/><\/svg><\/span><span class=\"shariff-text\">teilen<\/span>&nbsp;<\/a><\/li><li class=\"shariff-button twitter shariff-nocustomcolor\" style=\"background-color:#595959\"><a href=\"https:\/\/twitter.com\/share?url=https%3A%2F%2Fwww.vorbei-ev.de%2Fwwwa%2Fgsvbw-45-militaerisches-und-ziviles-personal-sowie-dienst-und-schichtplaene%2F&text=GSVBw%2045%20%E2%80%93%20Milit%C3%A4risches%20und%20ziviles%20Personal%20sowie%20Dienst-%20und%20Schichtpl%C3%A4ne\" title=\"Bei X teilen\" aria-label=\"Bei X teilen\" role=\"button\" rel=\"noopener nofollow\" class=\"shariff-link\" style=\"; background-color:#000; color:#fff\" target=\"_blank\"><span class=\"shariff-icon\" style=\"\"><svg width=\"32px\" height=\"20px\" xmlns=\"http:\/\/www.w3.org\/2000\/svg\" viewBox=\"0 0 24 24\"><path fill=\"#000\" d=\"M14.258 10.152L23.176 0h-2.113l-7.747 8.813L7.133 0H0l9.352 13.328L0 23.973h2.113l8.176-9.309 6.531 9.309h7.133zm-2.895 3.293l-.949-1.328L2.875 1.56h3.246l6.086 8.523.945 1.328 7.91 11.078h-3.246zm0 0\"\/><\/svg><\/span><span class=\"shariff-text\">teilen<\/span>&nbsp;<\/a><\/li><li class=\"shariff-button whatsapp shariff-nocustomcolor\" style=\"background-color:#5cbe4a\"><a href=\"https:\/\/api.whatsapp.com\/send?text=https%3A%2F%2Fwww.vorbei-ev.de%2Fwwwa%2Fgsvbw-45-militaerisches-und-ziviles-personal-sowie-dienst-und-schichtplaene%2F%20GSVBw%2045%20%E2%80%93%20Milit%C3%A4risches%20und%20ziviles%20Personal%20sowie%20Dienst-%20und%20Schichtpl%C3%A4ne\" title=\"Bei Whatsapp teilen\" aria-label=\"Bei Whatsapp teilen\" role=\"button\" rel=\"noopener nofollow\" class=\"shariff-link\" style=\"; background-color:#34af23; color:#fff\" target=\"_blank\"><span class=\"shariff-icon\" style=\"\"><svg width=\"32px\" height=\"20px\" xmlns=\"http:\/\/www.w3.org\/2000\/svg\" viewBox=\"0 0 32 32\"><path fill=\"#34af23\" d=\"M17.6 17.4q0.2 0 1.7 0.8t1.6 0.9q0 0.1 0 0.3 0 0.6-0.3 1.4-0.3 0.7-1.3 1.2t-1.8 0.5q-1 0-3.4-1.1-1.7-0.8-3-2.1t-2.6-3.3q-1.3-1.9-1.3-3.5v-0.1q0.1-1.6 1.3-2.8 0.4-0.4 0.9-0.4 0.1 0 0.3 0t0.3 0q0.3 0 0.5 0.1t0.3 0.5q0.1 0.4 0.6 1.6t0.4 1.3q0 0.4-0.6 1t-0.6 0.8q0 0.1 0.1 0.3 0.6 1.3 1.8 2.4 1 0.9 2.7 1.8 0.2 0.1 0.4 0.1 0.3 0 1-0.9t0.9-0.9zM14 26.9q2.3 0 4.3-0.9t3.6-2.4 2.4-3.6 0.9-4.3-0.9-4.3-2.4-3.6-3.6-2.4-4.3-0.9-4.3 0.9-3.6 2.4-2.4 3.6-0.9 4.3q0 3.6 2.1 6.6l-1.4 4.2 4.3-1.4q2.8 1.9 6.2 1.9zM14 2.2q2.7 0 5.2 1.1t4.3 2.9 2.9 4.3 1.1 5.2-1.1 5.2-2.9 4.3-4.3 2.9-5.2 1.1q-3.5 0-6.5-1.7l-7.4 2.4 2.4-7.2q-1.9-3.2-1.9-6.9 0-2.7 1.1-5.2t2.9-4.3 4.3-2.9 5.2-1.1z\"\/><\/svg><\/span><span class=\"shariff-text\">teilen<\/span>&nbsp;<\/a><\/li><li class=\"shariff-button telegram shariff-nocustomcolor\" style=\"background-color:#4084A6\"><a href=\"https:\/\/telegram.me\/share\/url?url=https%3A%2F%2Fwww.vorbei-ev.de%2Fwwwa%2Fgsvbw-45-militaerisches-und-ziviles-personal-sowie-dienst-und-schichtplaene%2F&text=GSVBw%2045%20%E2%80%93%20Milit%C3%A4risches%20und%20ziviles%20Personal%20sowie%20Dienst-%20und%20Schichtpl%C3%A4ne\" title=\"Bei Telegram teilen\" aria-label=\"Bei Telegram teilen\" role=\"button\" rel=\"noopener nofollow\" class=\"shariff-link\" style=\"; background-color:#0088cc; color:#fff\" target=\"_blank\"><span class=\"shariff-icon\" style=\"\"><svg width=\"32px\" height=\"20px\" xmlns=\"http:\/\/www.w3.org\/2000\/svg\" viewBox=\"0 0 32 32\"><path fill=\"#0088cc\" d=\"M30.8 6.5l-4.5 21.4c-.3 1.5-1.2 1.9-2.5 1.2L16.9 24l-3.3 3.2c-.4.4-.7.7-1.4.7l.5-7L25.5 9.2c.6-.5-.1-.8-.9-.3l-15.8 10L2 16.7c-1.5-.5-1.5-1.5.3-2.2L28.9 4.3c1.3-.5 2.3.3 1.9 2.2z\"\/><\/svg><\/span><span class=\"shariff-text\">teilen<\/span>&nbsp;<\/a><\/li><\/ul><\/div>","protected":false},"excerpt":{"rendered":"<p>GSVBw &#8211; Die Grundnetzschalt- und Vermittlungsstellen der Bundeswehr GSVBw 45 Jesberg &#8211; Milit\u00e4risches und ziviles Personal \/ Dienst- und Schichtpl\u00e4ne &nbsp; Im Jahre 1993 war die STAN vom 01.10.1980 in der Fassung 02 vom 28.07.1987 g\u00fcltig. F\u00fcr die Friedenszeit sah diese Fassung 7 Dienstposten vor, die mit milit\u00e4rischem Personal besetzt wurden ( 1 \/ 6 &hellip; <\/p>\n<p class=\"link-more\"><a href=\"https:\/\/www.vorbei-ev.de\/wwwa\/gsvbw-45-militaerisches-und-ziviles-personal-sowie-dienst-und-schichtplaene\/\" class=\"more-link\"><span class=\"screen-reader-text\">\u201eGSVBw 45 &#8211; Milit\u00e4risches und ziviles Personal sowie Dienst- und Schichtpl\u00e4ne\u201c <\/span>weiterlesen<\/a><\/p>\n","protected":false},"author":2,"featured_media":0,"parent":0,"menu_order":0,"comment_status":"closed","ping_status":"closed","template":"","meta":{"footnotes":""},"class_list":["post-6471","page","type-page","status-publish","hentry"],"yoast_head":"<!-- This site is optimized with the Yoast SEO plugin v27.4 - https:\/\/yoast.com\/product\/yoast-seo-wordpress\/ -->\n<title>GSVBw 45 - Milit\u00e4risches und ziviles Personal sowie Dienst- und Schichtpl\u00e4ne - Vorbei e.V.<\/title>\n<meta name=\"description\" content=\"GSVBw - Die Grundnetzschalt- und Vermittlungsstellen der Bundeswehr GSVBw 45 Jesberg - Milit\u00e4risches und ziviles Personal \/ Dienst- und Schichtpl\u00e4ne\" \/>\n<meta name=\"robots\" content=\"index, follow, max-snippet:-1, max-image-preview:large, max-video-preview:-1\" \/>\n<link rel=\"canonical\" href=\"https:\/\/www.vorbei-ev.de\/wwwa\/gsvbw-45-militaerisches-und-ziviles-personal-sowie-dienst-und-schichtplaene\/\" \/>\n<meta property=\"og:locale\" content=\"de_DE\" \/>\n<meta property=\"og:type\" content=\"article\" \/>\n<meta property=\"og:title\" content=\"GSVBw 45 - Milit\u00e4risches und ziviles Personal sowie Dienst- und Schichtpl\u00e4ne - Vorbei e.V.\" \/>\n<meta property=\"og:description\" content=\"GSVBw - Die Grundnetzschalt- und Vermittlungsstellen der Bundeswehr GSVBw 45 Jesberg - Milit\u00e4risches und ziviles Personal \/ Dienst- und Schichtpl\u00e4ne\" \/>\n<meta property=\"og:url\" content=\"https:\/\/www.vorbei-ev.de\/wwwa\/gsvbw-45-militaerisches-und-ziviles-personal-sowie-dienst-und-schichtplaene\/\" \/>\n<meta property=\"og:site_name\" content=\"Vorbei e.V.\" \/>\n<meta property=\"article:publisher\" content=\"https:\/\/www.facebook.com\/groups\/107150626035606\/\" \/>\n<meta property=\"article:modified_time\" content=\"2017-06-27T18:46:46+00:00\" \/>\n<meta property=\"og:image\" content=\"https:\/\/www.vorbei-ev.de\/wwwa\/wp-content\/uploads\/2017\/06\/dienstposten_zivil.jpg\" \/>\n<meta name=\"twitter:card\" content=\"summary_large_image\" \/>\n<meta name=\"twitter:label1\" content=\"Gesch\u00e4tzte Lesezeit\" \/>\n\t<meta name=\"twitter:data1\" content=\"2\u00a0Minuten\" \/>\n<script type=\"application\/ld+json\" class=\"yoast-schema-graph\">{\"@context\":\"https:\\\/\\\/schema.org\",\"@graph\":[{\"@type\":\"WebPage\",\"@id\":\"https:\\\/\\\/www.vorbei-ev.de\\\/wwwa\\\/gsvbw-45-militaerisches-und-ziviles-personal-sowie-dienst-und-schichtplaene\\\/\",\"url\":\"https:\\\/\\\/www.vorbei-ev.de\\\/wwwa\\\/gsvbw-45-militaerisches-und-ziviles-personal-sowie-dienst-und-schichtplaene\\\/\",\"name\":\"GSVBw 45 - Milit\u00e4risches und ziviles Personal sowie Dienst- und Schichtpl\u00e4ne - Vorbei e.V.\",\"isPartOf\":{\"@id\":\"https:\\\/\\\/www.vorbei-ev.de\\\/wwwa\\\/#website\"},\"primaryImageOfPage\":{\"@id\":\"https:\\\/\\\/www.vorbei-ev.de\\\/wwwa\\\/gsvbw-45-militaerisches-und-ziviles-personal-sowie-dienst-und-schichtplaene\\\/#primaryimage\"},\"image\":{\"@id\":\"https:\\\/\\\/www.vorbei-ev.de\\\/wwwa\\\/gsvbw-45-militaerisches-und-ziviles-personal-sowie-dienst-und-schichtplaene\\\/#primaryimage\"},\"thumbnailUrl\":\"https:\\\/\\\/www.vorbei-ev.de\\\/wwwa\\\/wp-content\\\/uploads\\\/2017\\\/06\\\/dienstposten_zivil.jpg\",\"datePublished\":\"2017-06-27T18:29:55+00:00\",\"dateModified\":\"2017-06-27T18:46:46+00:00\",\"description\":\"GSVBw - Die Grundnetzschalt- und Vermittlungsstellen der Bundeswehr GSVBw 45 Jesberg - Milit\u00e4risches und ziviles Personal \\\/ Dienst- und Schichtpl\u00e4ne\",\"breadcrumb\":{\"@id\":\"https:\\\/\\\/www.vorbei-ev.de\\\/wwwa\\\/gsvbw-45-militaerisches-und-ziviles-personal-sowie-dienst-und-schichtplaene\\\/#breadcrumb\"},\"inLanguage\":\"de\",\"potentialAction\":[{\"@type\":\"ReadAction\",\"target\":[\"https:\\\/\\\/www.vorbei-ev.de\\\/wwwa\\\/gsvbw-45-militaerisches-und-ziviles-personal-sowie-dienst-und-schichtplaene\\\/\"]}]},{\"@type\":\"ImageObject\",\"inLanguage\":\"de\",\"@id\":\"https:\\\/\\\/www.vorbei-ev.de\\\/wwwa\\\/gsvbw-45-militaerisches-und-ziviles-personal-sowie-dienst-und-schichtplaene\\\/#primaryimage\",\"url\":\"https:\\\/\\\/www.vorbei-ev.de\\\/wwwa\\\/wp-content\\\/uploads\\\/2017\\\/06\\\/dienstposten_zivil.jpg\",\"contentUrl\":\"https:\\\/\\\/www.vorbei-ev.de\\\/wwwa\\\/wp-content\\\/uploads\\\/2017\\\/06\\\/dienstposten_zivil.jpg\",\"width\":800,\"height\":1034},{\"@type\":\"BreadcrumbList\",\"@id\":\"https:\\\/\\\/www.vorbei-ev.de\\\/wwwa\\\/gsvbw-45-militaerisches-und-ziviles-personal-sowie-dienst-und-schichtplaene\\\/#breadcrumb\",\"itemListElement\":[{\"@type\":\"ListItem\",\"position\":1,\"name\":\"Startseite\",\"item\":\"https:\\\/\\\/www.vorbei-ev.de\\\/wwwa\\\/\"},{\"@type\":\"ListItem\",\"position\":2,\"name\":\"GSVBw 45 &#8211; Milit\u00e4risches und ziviles Personal sowie Dienst- und Schichtpl\u00e4ne\"}]},{\"@type\":\"WebSite\",\"@id\":\"https:\\\/\\\/www.vorbei-ev.de\\\/wwwa\\\/#website\",\"url\":\"https:\\\/\\\/www.vorbei-ev.de\\\/wwwa\\\/\",\"name\":\"Vorbei e.V.\",\"description\":\"Dokumentation und Erhalt zeitgeschichtlicher Bauwerke\",\"publisher\":{\"@id\":\"https:\\\/\\\/www.vorbei-ev.de\\\/wwwa\\\/#organization\"},\"potentialAction\":[{\"@type\":\"SearchAction\",\"target\":{\"@type\":\"EntryPoint\",\"urlTemplate\":\"https:\\\/\\\/www.vorbei-ev.de\\\/wwwa\\\/?s={search_term_string}\"},\"query-input\":{\"@type\":\"PropertyValueSpecification\",\"valueRequired\":true,\"valueName\":\"search_term_string\"}}],\"inLanguage\":\"de\"},{\"@type\":\"Organization\",\"@id\":\"https:\\\/\\\/www.vorbei-ev.de\\\/wwwa\\\/#organization\",\"name\":\"Vorbei e.V.\",\"url\":\"https:\\\/\\\/www.vorbei-ev.de\\\/wwwa\\\/\",\"logo\":{\"@type\":\"ImageObject\",\"inLanguage\":\"de\",\"@id\":\"https:\\\/\\\/www.vorbei-ev.de\\\/wwwa\\\/#\\\/schema\\\/logo\\\/image\\\/\",\"url\":\"https:\\\/\\\/www.vorbei-ev.de\\\/wwwa\\\/wp-content\\\/uploads\\\/2017\\\/04\\\/Logo_schwarz_640px.png\",\"contentUrl\":\"https:\\\/\\\/www.vorbei-ev.de\\\/wwwa\\\/wp-content\\\/uploads\\\/2017\\\/04\\\/Logo_schwarz_640px.png\",\"width\":640,\"height\":120,\"caption\":\"Vorbei e.V.\"},\"image\":{\"@id\":\"https:\\\/\\\/www.vorbei-ev.de\\\/wwwa\\\/#\\\/schema\\\/logo\\\/image\\\/\"},\"sameAs\":[\"https:\\\/\\\/www.facebook.com\\\/groups\\\/107150626035606\\\/\"]}]}<\/script>\n<!-- \/ Yoast SEO plugin. -->","yoast_head_json":{"title":"GSVBw 45 - Milit\u00e4risches und ziviles Personal sowie Dienst- und Schichtpl\u00e4ne - Vorbei e.V.","description":"GSVBw - Die Grundnetzschalt- und Vermittlungsstellen der Bundeswehr GSVBw 45 Jesberg - Milit\u00e4risches und ziviles Personal \/ Dienst- und Schichtpl\u00e4ne","robots":{"index":"index","follow":"follow","max-snippet":"max-snippet:-1","max-image-preview":"max-image-preview:large","max-video-preview":"max-video-preview:-1"},"canonical":"https:\/\/www.vorbei-ev.de\/wwwa\/gsvbw-45-militaerisches-und-ziviles-personal-sowie-dienst-und-schichtplaene\/","og_locale":"de_DE","og_type":"article","og_title":"GSVBw 45 - Milit\u00e4risches und ziviles Personal sowie Dienst- und Schichtpl\u00e4ne - Vorbei e.V.","og_description":"GSVBw - Die Grundnetzschalt- und Vermittlungsstellen der Bundeswehr GSVBw 45 Jesberg - Milit\u00e4risches und ziviles Personal \/ Dienst- und Schichtpl\u00e4ne","og_url":"https:\/\/www.vorbei-ev.de\/wwwa\/gsvbw-45-militaerisches-und-ziviles-personal-sowie-dienst-und-schichtplaene\/","og_site_name":"Vorbei e.V.","article_publisher":"https:\/\/www.facebook.com\/groups\/107150626035606\/","article_modified_time":"2017-06-27T18:46:46+00:00","og_image":[{"url":"https:\/\/www.vorbei-ev.de\/wwwa\/wp-content\/uploads\/2017\/06\/dienstposten_zivil.jpg","type":"","width":"","height":""}],"twitter_card":"summary_large_image","twitter_misc":{"Gesch\u00e4tzte Lesezeit":"2\u00a0Minuten"},"schema":{"@context":"https:\/\/schema.org","@graph":[{"@type":"WebPage","@id":"https:\/\/www.vorbei-ev.de\/wwwa\/gsvbw-45-militaerisches-und-ziviles-personal-sowie-dienst-und-schichtplaene\/","url":"https:\/\/www.vorbei-ev.de\/wwwa\/gsvbw-45-militaerisches-und-ziviles-personal-sowie-dienst-und-schichtplaene\/","name":"GSVBw 45 - Milit\u00e4risches und ziviles Personal sowie Dienst- und Schichtpl\u00e4ne - Vorbei e.V.","isPartOf":{"@id":"https:\/\/www.vorbei-ev.de\/wwwa\/#website"},"primaryImageOfPage":{"@id":"https:\/\/www.vorbei-ev.de\/wwwa\/gsvbw-45-militaerisches-und-ziviles-personal-sowie-dienst-und-schichtplaene\/#primaryimage"},"image":{"@id":"https:\/\/www.vorbei-ev.de\/wwwa\/gsvbw-45-militaerisches-und-ziviles-personal-sowie-dienst-und-schichtplaene\/#primaryimage"},"thumbnailUrl":"https:\/\/www.vorbei-ev.de\/wwwa\/wp-content\/uploads\/2017\/06\/dienstposten_zivil.jpg","datePublished":"2017-06-27T18:29:55+00:00","dateModified":"2017-06-27T18:46:46+00:00","description":"GSVBw - Die Grundnetzschalt- und Vermittlungsstellen der Bundeswehr GSVBw 45 Jesberg - Milit\u00e4risches und ziviles Personal \/ Dienst- und Schichtpl\u00e4ne","breadcrumb":{"@id":"https:\/\/www.vorbei-ev.de\/wwwa\/gsvbw-45-militaerisches-und-ziviles-personal-sowie-dienst-und-schichtplaene\/#breadcrumb"},"inLanguage":"de","potentialAction":[{"@type":"ReadAction","target":["https:\/\/www.vorbei-ev.de\/wwwa\/gsvbw-45-militaerisches-und-ziviles-personal-sowie-dienst-und-schichtplaene\/"]}]},{"@type":"ImageObject","inLanguage":"de","@id":"https:\/\/www.vorbei-ev.de\/wwwa\/gsvbw-45-militaerisches-und-ziviles-personal-sowie-dienst-und-schichtplaene\/#primaryimage","url":"https:\/\/www.vorbei-ev.de\/wwwa\/wp-content\/uploads\/2017\/06\/dienstposten_zivil.jpg","contentUrl":"https:\/\/www.vorbei-ev.de\/wwwa\/wp-content\/uploads\/2017\/06\/dienstposten_zivil.jpg","width":800,"height":1034},{"@type":"BreadcrumbList","@id":"https:\/\/www.vorbei-ev.de\/wwwa\/gsvbw-45-militaerisches-und-ziviles-personal-sowie-dienst-und-schichtplaene\/#breadcrumb","itemListElement":[{"@type":"ListItem","position":1,"name":"Startseite","item":"https:\/\/www.vorbei-ev.de\/wwwa\/"},{"@type":"ListItem","position":2,"name":"GSVBw 45 &#8211; Milit\u00e4risches und ziviles Personal sowie Dienst- und Schichtpl\u00e4ne"}]},{"@type":"WebSite","@id":"https:\/\/www.vorbei-ev.de\/wwwa\/#website","url":"https:\/\/www.vorbei-ev.de\/wwwa\/","name":"Vorbei e.V.","description":"Dokumentation und Erhalt zeitgeschichtlicher Bauwerke","publisher":{"@id":"https:\/\/www.vorbei-ev.de\/wwwa\/#organization"},"potentialAction":[{"@type":"SearchAction","target":{"@type":"EntryPoint","urlTemplate":"https:\/\/www.vorbei-ev.de\/wwwa\/?s={search_term_string}"},"query-input":{"@type":"PropertyValueSpecification","valueRequired":true,"valueName":"search_term_string"}}],"inLanguage":"de"},{"@type":"Organization","@id":"https:\/\/www.vorbei-ev.de\/wwwa\/#organization","name":"Vorbei e.V.","url":"https:\/\/www.vorbei-ev.de\/wwwa\/","logo":{"@type":"ImageObject","inLanguage":"de","@id":"https:\/\/www.vorbei-ev.de\/wwwa\/#\/schema\/logo\/image\/","url":"https:\/\/www.vorbei-ev.de\/wwwa\/wp-content\/uploads\/2017\/04\/Logo_schwarz_640px.png","contentUrl":"https:\/\/www.vorbei-ev.de\/wwwa\/wp-content\/uploads\/2017\/04\/Logo_schwarz_640px.png","width":640,"height":120,"caption":"Vorbei e.V."},"image":{"@id":"https:\/\/www.vorbei-ev.de\/wwwa\/#\/schema\/logo\/image\/"},"sameAs":["https:\/\/www.facebook.com\/groups\/107150626035606\/"]}]}},"_links":{"self":[{"href":"https:\/\/www.vorbei-ev.de\/wwwa\/wp-json\/wp\/v2\/pages\/6471","targetHints":{"allow":["GET"]}}],"collection":[{"href":"https:\/\/www.vorbei-ev.de\/wwwa\/wp-json\/wp\/v2\/pages"}],"about":[{"href":"https:\/\/www.vorbei-ev.de\/wwwa\/wp-json\/wp\/v2\/types\/page"}],"author":[{"embeddable":true,"href":"https:\/\/www.vorbei-ev.de\/wwwa\/wp-json\/wp\/v2\/users\/2"}],"replies":[{"embeddable":true,"href":"https:\/\/www.vorbei-ev.de\/wwwa\/wp-json\/wp\/v2\/comments?post=6471"}],"version-history":[{"count":3,"href":"https:\/\/www.vorbei-ev.de\/wwwa\/wp-json\/wp\/v2\/pages\/6471\/revisions"}],"predecessor-version":[{"id":6490,"href":"https:\/\/www.vorbei-ev.de\/wwwa\/wp-json\/wp\/v2\/pages\/6471\/revisions\/6490"}],"wp:attachment":[{"href":"https:\/\/www.vorbei-ev.de\/wwwa\/wp-json\/wp\/v2\/media?parent=6471"}],"curies":[{"name":"wp","href":"https:\/\/api.w.org\/{rel}","templated":true}]}}