{"id":6447,"date":"2017-06-27T20:31:27","date_gmt":"2017-06-27T18:31:27","guid":{"rendered":"http:\/\/www.vorbei-ev.de\/wwwa\/?page_id=6447"},"modified":"2017-06-27T20:36:36","modified_gmt":"2017-06-27T18:36:36","slug":"gsvbw-45-das-unterkunftsgebaeude","status":"publish","type":"page","link":"https:\/\/www.vorbei-ev.de\/wwwa\/gsvbw-45-das-unterkunftsgebaeude\/","title":{"rendered":"GSVBw 45 &#8211; Das Unterkunftsgeb\u00e4ude"},"content":{"rendered":"<h1>GSVBw &#8211; Die Grundnetzschalt- und Vermittlungsstellen der Bundeswehr<\/h1>\n<h2>GSVBw 45 Jesberg &#8211; Das Unterkunftsgeb\u00e4ude<\/h2>\n<p>&nbsp;<\/p>\n<p>Das Unterkunftsgeb\u00e4ude (Objekt 2) der GSVBw 45 befand sich r\u00e4umlich getrennt auf einem bundeseigenen Grundst\u00fcck. Die Entfernung zwischen dem Unterkunftsgeb\u00e4ude und den Fernmeldebetriebsr\u00e4umen betrug etwa 400m. Diese Konzeption stellt ein weiteres Alleinstellungsmerkmal der GSVBw 45 dar.<\/p>\n<p>&nbsp;<\/p>\n<figure id=\"attachment_6442\" aria-describedby=\"caption-attachment-6442\" style=\"width: 800px\" class=\"wp-caption aligncenter\"><img loading=\"lazy\" decoding=\"async\" class=\"wp-image-6442 size-full\" src=\"https:\/\/www.vorbei-ev.de\/wwwa\/wp-content\/uploads\/2017\/06\/objekt2_luftbild_03.jpg\" alt=\"\" width=\"800\" height=\"568\" srcset=\"https:\/\/www.vorbei-ev.de\/wwwa\/wp-content\/uploads\/2017\/06\/objekt2_luftbild_03.jpg 800w, https:\/\/www.vorbei-ev.de\/wwwa\/wp-content\/uploads\/2017\/06\/objekt2_luftbild_03-400x284.jpg 400w, https:\/\/www.vorbei-ev.de\/wwwa\/wp-content\/uploads\/2017\/06\/objekt2_luftbild_03-768x545.jpg 768w\" sizes=\"auto, (max-width: 706px) 89vw, (max-width: 767px) 82vw, 740px\" \/><figcaption id=\"caption-attachment-6442\" class=\"wp-caption-text\">Luftbildaufnahme der Bundeswehr vom Unterkunftsgeb\u00e4ude (Objekt 2) der GSVBw 45.<\/figcaption><\/figure>\n<p>&nbsp;<\/p>\n<p>Die Unterkunftsliegenschaft wurde dabei auch f\u00fcr formelle Anl\u00e4sse genutzt, wie im folgenden Beispiel bei der Dienststellen\u00fcbergabe an einen neuen Dienststellenleiter. Auch an Veranstaltungen in der Gemeinde beteiligte sich die Dienststellenbesatzung der GSVBw 45.<\/p>\n<p>&nbsp;<\/p>\n<figure id=\"attachment_6441\" aria-describedby=\"caption-attachment-6441\" style=\"width: 800px\" class=\"wp-caption aligncenter\"><img loading=\"lazy\" decoding=\"async\" class=\"wp-image-6441 size-full\" src=\"https:\/\/www.vorbei-ev.de\/wwwa\/wp-content\/uploads\/2017\/06\/objekt2_01.jpg\" alt=\"\" width=\"800\" height=\"544\" srcset=\"https:\/\/www.vorbei-ev.de\/wwwa\/wp-content\/uploads\/2017\/06\/objekt2_01.jpg 800w, https:\/\/www.vorbei-ev.de\/wwwa\/wp-content\/uploads\/2017\/06\/objekt2_01-400x272.jpg 400w, https:\/\/www.vorbei-ev.de\/wwwa\/wp-content\/uploads\/2017\/06\/objekt2_01-768x522.jpg 768w\" sizes=\"auto, (max-width: 706px) 89vw, (max-width: 767px) 82vw, 740px\" \/><figcaption id=\"caption-attachment-6441\" class=\"wp-caption-text\">Unterkunftsgeb\u00e4ude (Objekt 2): Haupteingang mit Wetterschutz.<\/figcaption><\/figure>\n<figure id=\"attachment_6440\" aria-describedby=\"caption-attachment-6440\" style=\"width: 800px\" class=\"wp-caption aligncenter\"><img loading=\"lazy\" decoding=\"async\" class=\"wp-image-6440 size-full\" src=\"https:\/\/www.vorbei-ev.de\/wwwa\/wp-content\/uploads\/2017\/06\/jubilaeum_02.jpg\" alt=\"\" width=\"800\" height=\"542\" srcset=\"https:\/\/www.vorbei-ev.de\/wwwa\/wp-content\/uploads\/2017\/06\/jubilaeum_02.jpg 800w, https:\/\/www.vorbei-ev.de\/wwwa\/wp-content\/uploads\/2017\/06\/jubilaeum_02-400x271.jpg 400w, https:\/\/www.vorbei-ev.de\/wwwa\/wp-content\/uploads\/2017\/06\/jubilaeum_02-768x520.jpg 768w\" sizes=\"auto, (max-width: 706px) 89vw, (max-width: 767px) 82vw, 740px\" \/><figcaption id=\"caption-attachment-6440\" class=\"wp-caption-text\">Die GSVBw 45 beteiligte sich mit einem Festwagen am 750j\u00e4hrigen Jubil\u00e4um der Gemeinde Jesberg.<\/figcaption><\/figure>\n<figure id=\"attachment_6449\" aria-describedby=\"caption-attachment-6449\" style=\"width: 800px\" class=\"wp-caption aligncenter\"><img loading=\"lazy\" decoding=\"async\" class=\"wp-image-6449 size-full\" src=\"https:\/\/www.vorbei-ev.de\/wwwa\/wp-content\/uploads\/2017\/06\/uebergabe_01.jpg\" alt=\"\" width=\"800\" height=\"542\" srcset=\"https:\/\/www.vorbei-ev.de\/wwwa\/wp-content\/uploads\/2017\/06\/uebergabe_01.jpg 800w, https:\/\/www.vorbei-ev.de\/wwwa\/wp-content\/uploads\/2017\/06\/uebergabe_01-400x271.jpg 400w, https:\/\/www.vorbei-ev.de\/wwwa\/wp-content\/uploads\/2017\/06\/uebergabe_01-768x520.jpg 768w\" sizes=\"auto, (max-width: 706px) 89vw, (max-width: 767px) 82vw, 740px\" \/><figcaption id=\"caption-attachment-6449\" class=\"wp-caption-text\">\u00dcbergabe der GSVBw 45 an einen neuen Dienststellenleiter. Mit angetreten ist der Sicherungszug GSVBw.<\/figcaption><\/figure>\n<figure id=\"attachment_6450\" aria-describedby=\"caption-attachment-6450\" style=\"width: 800px\" class=\"wp-caption aligncenter\"><img loading=\"lazy\" decoding=\"async\" class=\"wp-image-6450 size-full\" src=\"https:\/\/www.vorbei-ev.de\/wwwa\/wp-content\/uploads\/2017\/06\/uebergabe_02.jpg\" alt=\"\" width=\"800\" height=\"541\" srcset=\"https:\/\/www.vorbei-ev.de\/wwwa\/wp-content\/uploads\/2017\/06\/uebergabe_02.jpg 800w, https:\/\/www.vorbei-ev.de\/wwwa\/wp-content\/uploads\/2017\/06\/uebergabe_02-400x271.jpg 400w, https:\/\/www.vorbei-ev.de\/wwwa\/wp-content\/uploads\/2017\/06\/uebergabe_02-768x519.jpg 768w\" sizes=\"auto, (max-width: 706px) 89vw, (max-width: 767px) 82vw, 740px\" \/><figcaption id=\"caption-attachment-6450\" class=\"wp-caption-text\">Der Bereichsfernmeldef\u00fchrer \u00fcbergibt die Dienstgesch\u00e4fte an den neuen Dienststellenleiter.<\/figcaption><\/figure>\n<p>&nbsp;<\/p>\n<figure id=\"attachment_6445\" aria-describedby=\"caption-attachment-6445\" style=\"width: 800px\" class=\"wp-caption aligncenter\"><img loading=\"lazy\" decoding=\"async\" class=\"wp-image-6445 size-full\" src=\"https:\/\/www.vorbei-ev.de\/wwwa\/wp-content\/uploads\/2017\/06\/verbandsabzeichen.jpg\" alt=\"\" width=\"800\" height=\"475\" srcset=\"https:\/\/www.vorbei-ev.de\/wwwa\/wp-content\/uploads\/2017\/06\/verbandsabzeichen.jpg 800w, https:\/\/www.vorbei-ev.de\/wwwa\/wp-content\/uploads\/2017\/06\/verbandsabzeichen-400x238.jpg 400w, https:\/\/www.vorbei-ev.de\/wwwa\/wp-content\/uploads\/2017\/06\/verbandsabzeichen-768x456.jpg 768w\" sizes=\"auto, (max-width: 706px) 89vw, (max-width: 767px) 82vw, 740px\" \/><figcaption id=\"caption-attachment-6445\" class=\"wp-caption-text\">GSVBw-Verbandsabzeichen und Wappen der Gemeinde Jesberg.<\/figcaption><\/figure>\n<p>&nbsp;<\/p>\n<table>\n<tbody>\n<tr>\n<td style=\"width: 30%; background-color: #bebebe; text-align: center; vertical-align: middle;\">&lt; <a href=\"https:\/\/www.vorbei-ev.de\/wwwa\/gsvbw-45-der-einschaltbefehl\/\">Vorherige Seite<\/a><\/td>\n<td style=\"width: 5%; text-align: center; vertical-align: middle;\"><\/td>\n<td style=\"width: 30%; background-color: #bebebe; text-align: center; vertical-align: middle;\"><a href=\"https:\/\/www.vorbei-ev.de\/wwwa\/gsvbw-45-einleitung-und-themenuebersicht\/\"><span style=\"color: #333333;\">Zur\u00fcck zur Einleitung<\/span><\/a><\/td>\n<td style=\"width: 5%; text-align: center; vertical-align: middle;\"><\/td>\n<td style=\"width: 30%; background-color: #bebebe; text-align: center; vertical-align: middle;\"><a href=\"https:\/\/www.vorbei-ev.de\/wwwa\/gsvbw-45-die-technische-ausstattung-stand-1993\/\">N\u00e4chste Seite<\/a> &gt;<\/td>\n<\/tr>\n<\/tbody>\n<\/table>\n<div class=\"shariff shariff-align-left shariff-widget-align-left shariff-buttonstretch\" data-services=\"facebook\" data-url=\"https:\/\/www.vorbei-ev.de\/wwwa\/gsvbw-45-das-unterkunftsgebaeude\/\" data-timestamp=\"1498595796\" data-backendurl=\"https:\/\/www.vorbei-ev.de\/wwwa\/wp-json\/shariff\/v1\/share_counts?\"><ul class=\"shariff-buttons theme-default orientation-horizontal buttonsize-medium\"><li class=\"shariff-button facebook shariff-nocustomcolor\" style=\"background-color:#4273c8\"><a href=\"https:\/\/www.facebook.com\/sharer\/sharer.php?u=https%3A%2F%2Fwww.vorbei-ev.de%2Fwwwa%2Fgsvbw-45-das-unterkunftsgebaeude%2F\" title=\"Bei Facebook teilen\" aria-label=\"Bei Facebook teilen\" role=\"button\" rel=\"nofollow\" class=\"shariff-link\" style=\"; background-color:#3b5998; color:#fff\" target=\"_blank\"><span class=\"shariff-icon\" style=\"\"><svg width=\"32px\" height=\"20px\" xmlns=\"http:\/\/www.w3.org\/2000\/svg\" viewBox=\"0 0 18 32\"><path fill=\"#3b5998\" d=\"M17.1 0.2v4.7h-2.8q-1.5 0-2.1 0.6t-0.5 1.9v3.4h5.2l-0.7 5.3h-4.5v13.6h-5.5v-13.6h-4.5v-5.3h4.5v-3.9q0-3.3 1.9-5.2t5-1.8q2.6 0 4.1 0.2z\"\/><\/svg><\/span><span class=\"shariff-text\">teilen<\/span>&nbsp;<\/a><\/li><li class=\"shariff-button twitter shariff-nocustomcolor\" style=\"background-color:#595959\"><a href=\"https:\/\/twitter.com\/share?url=https%3A%2F%2Fwww.vorbei-ev.de%2Fwwwa%2Fgsvbw-45-das-unterkunftsgebaeude%2F&text=GSVBw%2045%20%E2%80%93%20Das%20Unterkunftsgeb%C3%A4ude\" title=\"Bei X teilen\" aria-label=\"Bei X teilen\" role=\"button\" rel=\"noopener nofollow\" class=\"shariff-link\" style=\"; background-color:#000; color:#fff\" target=\"_blank\"><span class=\"shariff-icon\" style=\"\"><svg width=\"32px\" height=\"20px\" xmlns=\"http:\/\/www.w3.org\/2000\/svg\" viewBox=\"0 0 24 24\"><path fill=\"#000\" d=\"M14.258 10.152L23.176 0h-2.113l-7.747 8.813L7.133 0H0l9.352 13.328L0 23.973h2.113l8.176-9.309 6.531 9.309h7.133zm-2.895 3.293l-.949-1.328L2.875 1.56h3.246l6.086 8.523.945 1.328 7.91 11.078h-3.246zm0 0\"\/><\/svg><\/span><span class=\"shariff-text\">teilen<\/span>&nbsp;<\/a><\/li><li class=\"shariff-button whatsapp shariff-nocustomcolor\" style=\"background-color:#5cbe4a\"><a href=\"https:\/\/api.whatsapp.com\/send?text=https%3A%2F%2Fwww.vorbei-ev.de%2Fwwwa%2Fgsvbw-45-das-unterkunftsgebaeude%2F%20GSVBw%2045%20%E2%80%93%20Das%20Unterkunftsgeb%C3%A4ude\" title=\"Bei Whatsapp teilen\" aria-label=\"Bei Whatsapp teilen\" role=\"button\" rel=\"noopener nofollow\" class=\"shariff-link\" style=\"; background-color:#34af23; color:#fff\" target=\"_blank\"><span class=\"shariff-icon\" style=\"\"><svg width=\"32px\" height=\"20px\" xmlns=\"http:\/\/www.w3.org\/2000\/svg\" viewBox=\"0 0 32 32\"><path fill=\"#34af23\" d=\"M17.6 17.4q0.2 0 1.7 0.8t1.6 0.9q0 0.1 0 0.3 0 0.6-0.3 1.4-0.3 0.7-1.3 1.2t-1.8 0.5q-1 0-3.4-1.1-1.7-0.8-3-2.1t-2.6-3.3q-1.3-1.9-1.3-3.5v-0.1q0.1-1.6 1.3-2.8 0.4-0.4 0.9-0.4 0.1 0 0.3 0t0.3 0q0.3 0 0.5 0.1t0.3 0.5q0.1 0.4 0.6 1.6t0.4 1.3q0 0.4-0.6 1t-0.6 0.8q0 0.1 0.1 0.3 0.6 1.3 1.8 2.4 1 0.9 2.7 1.8 0.2 0.1 0.4 0.1 0.3 0 1-0.9t0.9-0.9zM14 26.9q2.3 0 4.3-0.9t3.6-2.4 2.4-3.6 0.9-4.3-0.9-4.3-2.4-3.6-3.6-2.4-4.3-0.9-4.3 0.9-3.6 2.4-2.4 3.6-0.9 4.3q0 3.6 2.1 6.6l-1.4 4.2 4.3-1.4q2.8 1.9 6.2 1.9zM14 2.2q2.7 0 5.2 1.1t4.3 2.9 2.9 4.3 1.1 5.2-1.1 5.2-2.9 4.3-4.3 2.9-5.2 1.1q-3.5 0-6.5-1.7l-7.4 2.4 2.4-7.2q-1.9-3.2-1.9-6.9 0-2.7 1.1-5.2t2.9-4.3 4.3-2.9 5.2-1.1z\"\/><\/svg><\/span><span class=\"shariff-text\">teilen<\/span>&nbsp;<\/a><\/li><li class=\"shariff-button telegram shariff-nocustomcolor\" style=\"background-color:#4084A6\"><a href=\"https:\/\/telegram.me\/share\/url?url=https%3A%2F%2Fwww.vorbei-ev.de%2Fwwwa%2Fgsvbw-45-das-unterkunftsgebaeude%2F&text=GSVBw%2045%20%E2%80%93%20Das%20Unterkunftsgeb%C3%A4ude\" title=\"Bei Telegram teilen\" aria-label=\"Bei Telegram teilen\" role=\"button\" rel=\"noopener nofollow\" class=\"shariff-link\" style=\"; background-color:#0088cc; color:#fff\" target=\"_blank\"><span class=\"shariff-icon\" style=\"\"><svg width=\"32px\" height=\"20px\" xmlns=\"http:\/\/www.w3.org\/2000\/svg\" viewBox=\"0 0 32 32\"><path fill=\"#0088cc\" d=\"M30.8 6.5l-4.5 21.4c-.3 1.5-1.2 1.9-2.5 1.2L16.9 24l-3.3 3.2c-.4.4-.7.7-1.4.7l.5-7L25.5 9.2c.6-.5-.1-.8-.9-.3l-15.8 10L2 16.7c-1.5-.5-1.5-1.5.3-2.2L28.9 4.3c1.3-.5 2.3.3 1.9 2.2z\"\/><\/svg><\/span><span class=\"shariff-text\">teilen<\/span>&nbsp;<\/a><\/li><\/ul><\/div>","protected":false},"excerpt":{"rendered":"<p>GSVBw &#8211; Die Grundnetzschalt- und Vermittlungsstellen der Bundeswehr GSVBw 45 Jesberg &#8211; Das Unterkunftsgeb\u00e4ude &nbsp; Das Unterkunftsgeb\u00e4ude (Objekt 2) der GSVBw 45 befand sich r\u00e4umlich getrennt auf einem bundeseigenen Grundst\u00fcck. Die Entfernung zwischen dem Unterkunftsgeb\u00e4ude und den Fernmeldebetriebsr\u00e4umen betrug etwa 400m. Diese Konzeption stellt ein weiteres Alleinstellungsmerkmal der GSVBw 45 dar. &nbsp; &nbsp; Die Unterkunftsliegenschaft &hellip; <\/p>\n<p class=\"link-more\"><a href=\"https:\/\/www.vorbei-ev.de\/wwwa\/gsvbw-45-das-unterkunftsgebaeude\/\" class=\"more-link\"><span class=\"screen-reader-text\">\u201eGSVBw 45 &#8211; Das Unterkunftsgeb\u00e4ude\u201c <\/span>weiterlesen<\/a><\/p>\n","protected":false},"author":2,"featured_media":0,"parent":0,"menu_order":0,"comment_status":"closed","ping_status":"closed","template":"","meta":{"footnotes":""},"class_list":["post-6447","page","type-page","status-publish","hentry"],"yoast_head":"<!-- This site is optimized with the Yoast SEO plugin v27.4 - https:\/\/yoast.com\/product\/yoast-seo-wordpress\/ -->\n<title>GSVBw 45 - Das Unterkunftsgeb\u00e4ude - Vorbei e.V.<\/title>\n<meta name=\"description\" content=\"GSVBw - Die Grundnetzschalt- und Vermittlungsstellen der Bundeswehr GSVBw 45 Jesberg - Das Unterkunftsgeb\u00e4ude &nbsp; Das Unterkunftsgeb\u00e4ude (Objekt 2) der\" \/>\n<meta name=\"robots\" content=\"index, follow, max-snippet:-1, max-image-preview:large, max-video-preview:-1\" \/>\n<link rel=\"canonical\" href=\"https:\/\/www.vorbei-ev.de\/wwwa\/gsvbw-45-das-unterkunftsgebaeude\/\" \/>\n<meta property=\"og:locale\" content=\"de_DE\" \/>\n<meta property=\"og:type\" content=\"article\" \/>\n<meta property=\"og:title\" content=\"GSVBw 45 - Das Unterkunftsgeb\u00e4ude - Vorbei e.V.\" \/>\n<meta property=\"og:description\" content=\"GSVBw - Die Grundnetzschalt- und Vermittlungsstellen der Bundeswehr GSVBw 45 Jesberg - Das Unterkunftsgeb\u00e4ude &nbsp; Das Unterkunftsgeb\u00e4ude (Objekt 2) der\" \/>\n<meta property=\"og:url\" content=\"https:\/\/www.vorbei-ev.de\/wwwa\/gsvbw-45-das-unterkunftsgebaeude\/\" \/>\n<meta property=\"og:site_name\" content=\"Vorbei e.V.\" \/>\n<meta property=\"article:publisher\" content=\"https:\/\/www.facebook.com\/groups\/107150626035606\/\" \/>\n<meta property=\"article:modified_time\" content=\"2017-06-27T18:36:36+00:00\" \/>\n<meta property=\"og:image\" content=\"https:\/\/www.vorbei-ev.de\/wwwa\/wp-content\/uploads\/2017\/06\/objekt2_luftbild_03.jpg\" \/>\n<meta name=\"twitter:card\" content=\"summary_large_image\" \/>\n<meta name=\"twitter:label1\" content=\"Gesch\u00e4tzte Lesezeit\" \/>\n\t<meta name=\"twitter:data1\" content=\"1\u00a0Minute\" \/>\n<script type=\"application\/ld+json\" class=\"yoast-schema-graph\">{\"@context\":\"https:\\\/\\\/schema.org\",\"@graph\":[{\"@type\":\"WebPage\",\"@id\":\"https:\\\/\\\/www.vorbei-ev.de\\\/wwwa\\\/gsvbw-45-das-unterkunftsgebaeude\\\/\",\"url\":\"https:\\\/\\\/www.vorbei-ev.de\\\/wwwa\\\/gsvbw-45-das-unterkunftsgebaeude\\\/\",\"name\":\"GSVBw 45 - Das Unterkunftsgeb\u00e4ude - Vorbei e.V.\",\"isPartOf\":{\"@id\":\"https:\\\/\\\/www.vorbei-ev.de\\\/wwwa\\\/#website\"},\"primaryImageOfPage\":{\"@id\":\"https:\\\/\\\/www.vorbei-ev.de\\\/wwwa\\\/gsvbw-45-das-unterkunftsgebaeude\\\/#primaryimage\"},\"image\":{\"@id\":\"https:\\\/\\\/www.vorbei-ev.de\\\/wwwa\\\/gsvbw-45-das-unterkunftsgebaeude\\\/#primaryimage\"},\"thumbnailUrl\":\"https:\\\/\\\/www.vorbei-ev.de\\\/wwwa\\\/wp-content\\\/uploads\\\/2017\\\/06\\\/objekt2_luftbild_03.jpg\",\"datePublished\":\"2017-06-27T18:31:27+00:00\",\"dateModified\":\"2017-06-27T18:36:36+00:00\",\"description\":\"GSVBw - Die Grundnetzschalt- und Vermittlungsstellen der Bundeswehr GSVBw 45 Jesberg - Das Unterkunftsgeb\u00e4ude &nbsp; Das Unterkunftsgeb\u00e4ude (Objekt 2) der\",\"breadcrumb\":{\"@id\":\"https:\\\/\\\/www.vorbei-ev.de\\\/wwwa\\\/gsvbw-45-das-unterkunftsgebaeude\\\/#breadcrumb\"},\"inLanguage\":\"de\",\"potentialAction\":[{\"@type\":\"ReadAction\",\"target\":[\"https:\\\/\\\/www.vorbei-ev.de\\\/wwwa\\\/gsvbw-45-das-unterkunftsgebaeude\\\/\"]}]},{\"@type\":\"ImageObject\",\"inLanguage\":\"de\",\"@id\":\"https:\\\/\\\/www.vorbei-ev.de\\\/wwwa\\\/gsvbw-45-das-unterkunftsgebaeude\\\/#primaryimage\",\"url\":\"https:\\\/\\\/www.vorbei-ev.de\\\/wwwa\\\/wp-content\\\/uploads\\\/2017\\\/06\\\/objekt2_luftbild_03.jpg\",\"contentUrl\":\"https:\\\/\\\/www.vorbei-ev.de\\\/wwwa\\\/wp-content\\\/uploads\\\/2017\\\/06\\\/objekt2_luftbild_03.jpg\",\"width\":800,\"height\":568},{\"@type\":\"BreadcrumbList\",\"@id\":\"https:\\\/\\\/www.vorbei-ev.de\\\/wwwa\\\/gsvbw-45-das-unterkunftsgebaeude\\\/#breadcrumb\",\"itemListElement\":[{\"@type\":\"ListItem\",\"position\":1,\"name\":\"Startseite\",\"item\":\"https:\\\/\\\/www.vorbei-ev.de\\\/wwwa\\\/\"},{\"@type\":\"ListItem\",\"position\":2,\"name\":\"GSVBw 45 &#8211; Das Unterkunftsgeb\u00e4ude\"}]},{\"@type\":\"WebSite\",\"@id\":\"https:\\\/\\\/www.vorbei-ev.de\\\/wwwa\\\/#website\",\"url\":\"https:\\\/\\\/www.vorbei-ev.de\\\/wwwa\\\/\",\"name\":\"Vorbei e.V.\",\"description\":\"Dokumentation und Erhalt zeitgeschichtlicher Bauwerke\",\"publisher\":{\"@id\":\"https:\\\/\\\/www.vorbei-ev.de\\\/wwwa\\\/#organization\"},\"potentialAction\":[{\"@type\":\"SearchAction\",\"target\":{\"@type\":\"EntryPoint\",\"urlTemplate\":\"https:\\\/\\\/www.vorbei-ev.de\\\/wwwa\\\/?s={search_term_string}\"},\"query-input\":{\"@type\":\"PropertyValueSpecification\",\"valueRequired\":true,\"valueName\":\"search_term_string\"}}],\"inLanguage\":\"de\"},{\"@type\":\"Organization\",\"@id\":\"https:\\\/\\\/www.vorbei-ev.de\\\/wwwa\\\/#organization\",\"name\":\"Vorbei e.V.\",\"url\":\"https:\\\/\\\/www.vorbei-ev.de\\\/wwwa\\\/\",\"logo\":{\"@type\":\"ImageObject\",\"inLanguage\":\"de\",\"@id\":\"https:\\\/\\\/www.vorbei-ev.de\\\/wwwa\\\/#\\\/schema\\\/logo\\\/image\\\/\",\"url\":\"https:\\\/\\\/www.vorbei-ev.de\\\/wwwa\\\/wp-content\\\/uploads\\\/2017\\\/04\\\/Logo_schwarz_640px.png\",\"contentUrl\":\"https:\\\/\\\/www.vorbei-ev.de\\\/wwwa\\\/wp-content\\\/uploads\\\/2017\\\/04\\\/Logo_schwarz_640px.png\",\"width\":640,\"height\":120,\"caption\":\"Vorbei e.V.\"},\"image\":{\"@id\":\"https:\\\/\\\/www.vorbei-ev.de\\\/wwwa\\\/#\\\/schema\\\/logo\\\/image\\\/\"},\"sameAs\":[\"https:\\\/\\\/www.facebook.com\\\/groups\\\/107150626035606\\\/\"]}]}<\/script>\n<!-- \/ Yoast SEO plugin. -->","yoast_head_json":{"title":"GSVBw 45 - Das Unterkunftsgeb\u00e4ude - Vorbei e.V.","description":"GSVBw - Die Grundnetzschalt- und Vermittlungsstellen der Bundeswehr GSVBw 45 Jesberg - Das Unterkunftsgeb\u00e4ude &nbsp; Das Unterkunftsgeb\u00e4ude (Objekt 2) der","robots":{"index":"index","follow":"follow","max-snippet":"max-snippet:-1","max-image-preview":"max-image-preview:large","max-video-preview":"max-video-preview:-1"},"canonical":"https:\/\/www.vorbei-ev.de\/wwwa\/gsvbw-45-das-unterkunftsgebaeude\/","og_locale":"de_DE","og_type":"article","og_title":"GSVBw 45 - Das Unterkunftsgeb\u00e4ude - Vorbei e.V.","og_description":"GSVBw - Die Grundnetzschalt- und Vermittlungsstellen der Bundeswehr GSVBw 45 Jesberg - Das Unterkunftsgeb\u00e4ude &nbsp; Das Unterkunftsgeb\u00e4ude (Objekt 2) der","og_url":"https:\/\/www.vorbei-ev.de\/wwwa\/gsvbw-45-das-unterkunftsgebaeude\/","og_site_name":"Vorbei e.V.","article_publisher":"https:\/\/www.facebook.com\/groups\/107150626035606\/","article_modified_time":"2017-06-27T18:36:36+00:00","og_image":[{"url":"https:\/\/www.vorbei-ev.de\/wwwa\/wp-content\/uploads\/2017\/06\/objekt2_luftbild_03.jpg","type":"","width":"","height":""}],"twitter_card":"summary_large_image","twitter_misc":{"Gesch\u00e4tzte Lesezeit":"1\u00a0Minute"},"schema":{"@context":"https:\/\/schema.org","@graph":[{"@type":"WebPage","@id":"https:\/\/www.vorbei-ev.de\/wwwa\/gsvbw-45-das-unterkunftsgebaeude\/","url":"https:\/\/www.vorbei-ev.de\/wwwa\/gsvbw-45-das-unterkunftsgebaeude\/","name":"GSVBw 45 - Das Unterkunftsgeb\u00e4ude - Vorbei e.V.","isPartOf":{"@id":"https:\/\/www.vorbei-ev.de\/wwwa\/#website"},"primaryImageOfPage":{"@id":"https:\/\/www.vorbei-ev.de\/wwwa\/gsvbw-45-das-unterkunftsgebaeude\/#primaryimage"},"image":{"@id":"https:\/\/www.vorbei-ev.de\/wwwa\/gsvbw-45-das-unterkunftsgebaeude\/#primaryimage"},"thumbnailUrl":"https:\/\/www.vorbei-ev.de\/wwwa\/wp-content\/uploads\/2017\/06\/objekt2_luftbild_03.jpg","datePublished":"2017-06-27T18:31:27+00:00","dateModified":"2017-06-27T18:36:36+00:00","description":"GSVBw - Die Grundnetzschalt- und Vermittlungsstellen der Bundeswehr GSVBw 45 Jesberg - Das Unterkunftsgeb\u00e4ude &nbsp; Das Unterkunftsgeb\u00e4ude (Objekt 2) der","breadcrumb":{"@id":"https:\/\/www.vorbei-ev.de\/wwwa\/gsvbw-45-das-unterkunftsgebaeude\/#breadcrumb"},"inLanguage":"de","potentialAction":[{"@type":"ReadAction","target":["https:\/\/www.vorbei-ev.de\/wwwa\/gsvbw-45-das-unterkunftsgebaeude\/"]}]},{"@type":"ImageObject","inLanguage":"de","@id":"https:\/\/www.vorbei-ev.de\/wwwa\/gsvbw-45-das-unterkunftsgebaeude\/#primaryimage","url":"https:\/\/www.vorbei-ev.de\/wwwa\/wp-content\/uploads\/2017\/06\/objekt2_luftbild_03.jpg","contentUrl":"https:\/\/www.vorbei-ev.de\/wwwa\/wp-content\/uploads\/2017\/06\/objekt2_luftbild_03.jpg","width":800,"height":568},{"@type":"BreadcrumbList","@id":"https:\/\/www.vorbei-ev.de\/wwwa\/gsvbw-45-das-unterkunftsgebaeude\/#breadcrumb","itemListElement":[{"@type":"ListItem","position":1,"name":"Startseite","item":"https:\/\/www.vorbei-ev.de\/wwwa\/"},{"@type":"ListItem","position":2,"name":"GSVBw 45 &#8211; Das Unterkunftsgeb\u00e4ude"}]},{"@type":"WebSite","@id":"https:\/\/www.vorbei-ev.de\/wwwa\/#website","url":"https:\/\/www.vorbei-ev.de\/wwwa\/","name":"Vorbei e.V.","description":"Dokumentation und Erhalt zeitgeschichtlicher Bauwerke","publisher":{"@id":"https:\/\/www.vorbei-ev.de\/wwwa\/#organization"},"potentialAction":[{"@type":"SearchAction","target":{"@type":"EntryPoint","urlTemplate":"https:\/\/www.vorbei-ev.de\/wwwa\/?s={search_term_string}"},"query-input":{"@type":"PropertyValueSpecification","valueRequired":true,"valueName":"search_term_string"}}],"inLanguage":"de"},{"@type":"Organization","@id":"https:\/\/www.vorbei-ev.de\/wwwa\/#organization","name":"Vorbei e.V.","url":"https:\/\/www.vorbei-ev.de\/wwwa\/","logo":{"@type":"ImageObject","inLanguage":"de","@id":"https:\/\/www.vorbei-ev.de\/wwwa\/#\/schema\/logo\/image\/","url":"https:\/\/www.vorbei-ev.de\/wwwa\/wp-content\/uploads\/2017\/04\/Logo_schwarz_640px.png","contentUrl":"https:\/\/www.vorbei-ev.de\/wwwa\/wp-content\/uploads\/2017\/04\/Logo_schwarz_640px.png","width":640,"height":120,"caption":"Vorbei e.V."},"image":{"@id":"https:\/\/www.vorbei-ev.de\/wwwa\/#\/schema\/logo\/image\/"},"sameAs":["https:\/\/www.facebook.com\/groups\/107150626035606\/"]}]}},"_links":{"self":[{"href":"https:\/\/www.vorbei-ev.de\/wwwa\/wp-json\/wp\/v2\/pages\/6447","targetHints":{"allow":["GET"]}}],"collection":[{"href":"https:\/\/www.vorbei-ev.de\/wwwa\/wp-json\/wp\/v2\/pages"}],"about":[{"href":"https:\/\/www.vorbei-ev.de\/wwwa\/wp-json\/wp\/v2\/types\/page"}],"author":[{"embeddable":true,"href":"https:\/\/www.vorbei-ev.de\/wwwa\/wp-json\/wp\/v2\/users\/2"}],"replies":[{"embeddable":true,"href":"https:\/\/www.vorbei-ev.de\/wwwa\/wp-json\/wp\/v2\/comments?post=6447"}],"version-history":[{"count":4,"href":"https:\/\/www.vorbei-ev.de\/wwwa\/wp-json\/wp\/v2\/pages\/6447\/revisions"}],"predecessor-version":[{"id":6482,"href":"https:\/\/www.vorbei-ev.de\/wwwa\/wp-json\/wp\/v2\/pages\/6447\/revisions\/6482"}],"wp:attachment":[{"href":"https:\/\/www.vorbei-ev.de\/wwwa\/wp-json\/wp\/v2\/media?parent=6447"}],"curies":[{"name":"wp","href":"https:\/\/api.w.org\/{rel}","templated":true}]}}