{"id":5571,"date":"2017-06-13T17:45:13","date_gmt":"2017-06-13T15:45:13","guid":{"rendered":"http:\/\/www.vorbei-ev.de\/wwwa\/?page_id=5571"},"modified":"2017-06-19T16:31:51","modified_gmt":"2017-06-19T14:31:51","slug":"gsvbw-27-raum-24","status":"publish","type":"page","link":"https:\/\/www.vorbei-ev.de\/wwwa\/gsvbw-27-raum-24\/","title":{"rendered":"GSVBw 27 &#8211; Raum 24"},"content":{"rendered":"<h1>GSVBw &#8211; Die Grundnetzschalt- und Vermittlungsstellen der Bundeswehr<\/h1>\n<h2>GSVBw 27 Lingen &#8211; Raum 24 L\u00fcftungs- und Klimaanlage<\/h2>\n<p>&nbsp;<\/p>\n<p>Im Raum 24 erfolgte der Einbau der Normal- und Schutzbel\u00fcftungsanlage, die Aufnahmevorrichtungen f\u00fcr drei Raumluftfilter R10, die K\u00fchlungseinrichtungen sowie die zur Steuerung der Anlagen erforderlichen Schaltfelder. Auch der Steuerungsschrank der Pumpen (Brunnenpumpen, K\u00fchlwasserpumpen, Schmutzwasserpumpen) wurde im Raum 24 aufgebaut. Der Raum hat eine Grundfl\u00e4che von 45 qm.<\/p>\n<h2>Besondere Anforderungen an Raum 24 laut GMIF-GSVBw (1965):<\/h2>\n<p>-schalld\u00e4mmende Decken- und Wandverkleidung.<br \/>\n-eingebrannte Farbbeschichtung auf den schalld\u00e4mmenden Verkleidungen.<br \/>\n-Einbauort der zentralen Rauchmeldeanlage.<br \/>\n-Tr\u00e4gerdeckenverkleidung, Tr\u00e4gerabstand 40cm, Zwischenr\u00e4ume Stahlblech 3mm.<br \/>\n-sto\u00df- und schwingungsd\u00e4mpfende Einzelisolation f\u00fcr Maschinen und Ger\u00e4te.<br \/>\n-Fu\u00dfboden aus glatt abgezogenen Rohbeton.<br \/>\n-Fu\u00dfbodenschutzanstrich \u00d6l- und Kraftstoffbest\u00e4ndig.<br \/>\n-\u00f6l- und kraftstoffbest\u00e4ndiger Wandanstrich unterhalb der schalld\u00e4mmenden Verkleidung.<\/p>\n<h2>Weiterf\u00fchrende Informationen im virtuellen GSVBw-Museum:<\/h2>\n<p><a href=\"https:\/\/www.vorbei-ev.de\/wwwa\/virtuelles-gsvbw-museum-lueftungseinrichtungen\/\" target=\"_blank\" rel=\"noopener\">L\u00fcftungseinrichtungen<\/a><br \/>\n<a href=\"https:\/\/www.vorbei-ev.de\/wwwa\/virtuelles-gsvbw-museum-kuehlungseinrichtungen\/\" target=\"_blank\" rel=\"noopener\">K\u00fchlungseinrichtungen<\/a><br \/>\n<a href=\"https:\/\/www.vorbei-ev.de\/wwwa\/virtuelles-gsvbw-museum-filtereinrichtungen\/\" target=\"_blank\" rel=\"noopener\">Filtereinrichtungen<\/a><\/p>\n<h2>Heutiger Zustand vom Raum 24 in der GSVBw 27:<\/h2>\n<p>Die Einrichtungen sind noch vollst\u00e4ndig vorhanden.<\/p>\n<h2>Besonderheiten im Raum 24 in der GSVBw 27:<\/h2>\n<p>Die Schaltschr\u00e4nke zur Bel\u00fcftungs- und Pumpensteuerung wurden im Rahmen der Zivilschutz-Nachnutzung erneuert.<\/p>\n<p>&nbsp;<\/p>\n<figure id=\"attachment_1102\" aria-describedby=\"caption-attachment-1102\" style=\"width: 800px\" class=\"wp-caption aligncenter\"><img loading=\"lazy\" decoding=\"async\" class=\"wp-image-1102 size-full\" src=\"https:\/\/www.vorbei-ev.de\/wwwa\/wp-content\/uploads\/2017\/04\/gsvbw_raum_24.jpg\" alt=\"Raum 24: Raumlage im Fernmeldebetriebsgeb\u00e4ude (Objekt 1).\" width=\"800\" height=\"523\" srcset=\"https:\/\/www.vorbei-ev.de\/wwwa\/wp-content\/uploads\/2017\/04\/gsvbw_raum_24.jpg 800w, https:\/\/www.vorbei-ev.de\/wwwa\/wp-content\/uploads\/2017\/04\/gsvbw_raum_24-400x262.jpg 400w, https:\/\/www.vorbei-ev.de\/wwwa\/wp-content\/uploads\/2017\/04\/gsvbw_raum_24-768x502.jpg 768w\" sizes=\"auto, (max-width: 706px) 89vw, (max-width: 767px) 82vw, 740px\" \/><figcaption id=\"caption-attachment-1102\" class=\"wp-caption-text\">Raum 24: Raumlage im Fernmeldebetriebsgeb\u00e4ude (Objekt 1).<\/figcaption><\/figure>\n<figure id=\"attachment_5420\" aria-describedby=\"caption-attachment-5420\" style=\"width: 800px\" class=\"wp-caption aligncenter\"><img loading=\"lazy\" decoding=\"async\" class=\"wp-image-5420 size-full\" src=\"https:\/\/www.vorbei-ev.de\/wwwa\/wp-content\/uploads\/2017\/05\/gsvbw27_8_532.jpg\" alt=\"Die Bel\u00fcftungseinrichtungen im Raum 24.\" width=\"800\" height=\"533\" srcset=\"https:\/\/www.vorbei-ev.de\/wwwa\/wp-content\/uploads\/2017\/05\/gsvbw27_8_532.jpg 800w, https:\/\/www.vorbei-ev.de\/wwwa\/wp-content\/uploads\/2017\/05\/gsvbw27_8_532-400x267.jpg 400w, https:\/\/www.vorbei-ev.de\/wwwa\/wp-content\/uploads\/2017\/05\/gsvbw27_8_532-768x512.jpg 768w\" sizes=\"auto, (max-width: 706px) 89vw, (max-width: 767px) 82vw, 740px\" \/><figcaption id=\"caption-attachment-5420\" class=\"wp-caption-text\">Die Bel\u00fcftungseinrichtungen im Raum 24.<\/figcaption><\/figure>\n<figure id=\"attachment_5421\" aria-describedby=\"caption-attachment-5421\" style=\"width: 800px\" class=\"wp-caption aligncenter\"><img loading=\"lazy\" decoding=\"async\" class=\"wp-image-5421 size-full\" src=\"https:\/\/www.vorbei-ev.de\/wwwa\/wp-content\/uploads\/2017\/05\/gsvbw27_8_533.jpg\" alt=\"Der Schaltschrank zur Bel\u00fcftungssteuerung wurde im Rahmen der Zivilschutz-Nachnutzung erneuert.\" width=\"800\" height=\"533\" srcset=\"https:\/\/www.vorbei-ev.de\/wwwa\/wp-content\/uploads\/2017\/05\/gsvbw27_8_533.jpg 800w, https:\/\/www.vorbei-ev.de\/wwwa\/wp-content\/uploads\/2017\/05\/gsvbw27_8_533-400x267.jpg 400w, https:\/\/www.vorbei-ev.de\/wwwa\/wp-content\/uploads\/2017\/05\/gsvbw27_8_533-768x512.jpg 768w\" sizes=\"auto, (max-width: 706px) 89vw, (max-width: 767px) 82vw, 740px\" \/><figcaption id=\"caption-attachment-5421\" class=\"wp-caption-text\">Der Schaltschrank zur Bel\u00fcftungssteuerung wurde im Rahmen der Zivilschutz-Nachnutzung erneuert.<\/figcaption><\/figure>\n<figure id=\"attachment_5417\" aria-describedby=\"caption-attachment-5417\" style=\"width: 800px\" class=\"wp-caption aligncenter\"><img loading=\"lazy\" decoding=\"async\" class=\"wp-image-5417 size-full\" src=\"https:\/\/www.vorbei-ev.de\/wwwa\/wp-content\/uploads\/2017\/05\/gsvbw27_8_527.jpg\" alt=\"Zwei handbetriebene Schutzluftgebl\u00e4se.\" width=\"800\" height=\"533\" srcset=\"https:\/\/www.vorbei-ev.de\/wwwa\/wp-content\/uploads\/2017\/05\/gsvbw27_8_527.jpg 800w, https:\/\/www.vorbei-ev.de\/wwwa\/wp-content\/uploads\/2017\/05\/gsvbw27_8_527-400x267.jpg 400w, https:\/\/www.vorbei-ev.de\/wwwa\/wp-content\/uploads\/2017\/05\/gsvbw27_8_527-768x512.jpg 768w\" sizes=\"auto, (max-width: 706px) 89vw, (max-width: 767px) 82vw, 740px\" \/><figcaption id=\"caption-attachment-5417\" class=\"wp-caption-text\">Zwei handbetriebene Schutzluftgebl\u00e4se.<\/figcaption><\/figure>\n<figure id=\"attachment_5415\" aria-describedby=\"caption-attachment-5415\" style=\"width: 800px\" class=\"wp-caption aligncenter\"><img loading=\"lazy\" decoding=\"async\" class=\"wp-image-5415 size-full\" src=\"https:\/\/www.vorbei-ev.de\/wwwa\/wp-content\/uploads\/2017\/05\/gsvbw27_8_524.jpg\" alt=\"Raumluftfilter R10 f\u00fcr den Einsatz in der Schutzbel\u00fcftungsanlage. Die Filter wurden zuletzt im Jahre 2003 \u00fcberpr\u00fcft.\" width=\"800\" height=\"533\" srcset=\"https:\/\/www.vorbei-ev.de\/wwwa\/wp-content\/uploads\/2017\/05\/gsvbw27_8_524.jpg 800w, https:\/\/www.vorbei-ev.de\/wwwa\/wp-content\/uploads\/2017\/05\/gsvbw27_8_524-400x267.jpg 400w, https:\/\/www.vorbei-ev.de\/wwwa\/wp-content\/uploads\/2017\/05\/gsvbw27_8_524-768x512.jpg 768w\" sizes=\"auto, (max-width: 706px) 89vw, (max-width: 767px) 82vw, 740px\" \/><figcaption id=\"caption-attachment-5415\" class=\"wp-caption-text\">Raumluftfilter R10 f\u00fcr den Einsatz in der Schutzbel\u00fcftungsanlage. Die Filter wurden zuletzt im Jahre 2003 \u00fcberpr\u00fcft.<\/figcaption><\/figure>\n<figure id=\"attachment_5414\" aria-describedby=\"caption-attachment-5414\" style=\"width: 800px\" class=\"wp-caption aligncenter\"><img loading=\"lazy\" decoding=\"async\" class=\"wp-image-5414 size-full\" src=\"https:\/\/www.vorbei-ev.de\/wwwa\/wp-content\/uploads\/2017\/05\/gsvbw27_8_523.jpg\" alt=\"Darstellung der Be- und Entl\u00fcftungsvorrichtungen im Fernmeldebunker.\" width=\"800\" height=\"533\" srcset=\"https:\/\/www.vorbei-ev.de\/wwwa\/wp-content\/uploads\/2017\/05\/gsvbw27_8_523.jpg 800w, https:\/\/www.vorbei-ev.de\/wwwa\/wp-content\/uploads\/2017\/05\/gsvbw27_8_523-400x267.jpg 400w, https:\/\/www.vorbei-ev.de\/wwwa\/wp-content\/uploads\/2017\/05\/gsvbw27_8_523-768x512.jpg 768w\" sizes=\"auto, (max-width: 706px) 89vw, (max-width: 767px) 82vw, 740px\" \/><figcaption id=\"caption-attachment-5414\" class=\"wp-caption-text\">Darstellung der Be- und Entl\u00fcftungsvorrichtungen im Fernmeldebunker.<\/figcaption><\/figure>\n<figure id=\"attachment_5416\" aria-describedby=\"caption-attachment-5416\" style=\"width: 800px\" class=\"wp-caption aligncenter\"><img loading=\"lazy\" decoding=\"async\" class=\"wp-image-5416 size-full\" src=\"https:\/\/www.vorbei-ev.de\/wwwa\/wp-content\/uploads\/2017\/05\/gsvbw27_8_526.jpg\" alt=\"Das Hauptabluftgebl\u00e4se im Raum 24.\" width=\"800\" height=\"533\" srcset=\"https:\/\/www.vorbei-ev.de\/wwwa\/wp-content\/uploads\/2017\/05\/gsvbw27_8_526.jpg 800w, https:\/\/www.vorbei-ev.de\/wwwa\/wp-content\/uploads\/2017\/05\/gsvbw27_8_526-400x267.jpg 400w, https:\/\/www.vorbei-ev.de\/wwwa\/wp-content\/uploads\/2017\/05\/gsvbw27_8_526-768x512.jpg 768w\" sizes=\"auto, (max-width: 706px) 89vw, (max-width: 767px) 82vw, 740px\" \/><figcaption id=\"caption-attachment-5416\" class=\"wp-caption-text\">Das Hauptabluftgebl\u00e4se im Raum 24.<\/figcaption><\/figure>\n<figure id=\"attachment_5418\" aria-describedby=\"caption-attachment-5418\" style=\"width: 800px\" class=\"wp-caption aligncenter\"><img loading=\"lazy\" decoding=\"async\" class=\"wp-image-5418 size-full\" src=\"https:\/\/www.vorbei-ev.de\/wwwa\/wp-content\/uploads\/2017\/05\/gsvbw27_8_529.jpg\" alt=\"Die Schutzbel\u00fcftungsanlage mit Aufnahmevorrichtungen f\u00fcr 3 Raumluftfilter R10.\" width=\"800\" height=\"533\" srcset=\"https:\/\/www.vorbei-ev.de\/wwwa\/wp-content\/uploads\/2017\/05\/gsvbw27_8_529.jpg 800w, https:\/\/www.vorbei-ev.de\/wwwa\/wp-content\/uploads\/2017\/05\/gsvbw27_8_529-400x267.jpg 400w, https:\/\/www.vorbei-ev.de\/wwwa\/wp-content\/uploads\/2017\/05\/gsvbw27_8_529-768x512.jpg 768w\" sizes=\"auto, (max-width: 706px) 89vw, (max-width: 767px) 82vw, 740px\" \/><figcaption id=\"caption-attachment-5418\" class=\"wp-caption-text\">Die Schutzbel\u00fcftungsanlage mit Aufnahmevorrichtungen f\u00fcr 3 Raumluftfilter R10.<\/figcaption><\/figure>\n<p>&nbsp;<\/p>\n<table>\n<tbody>\n<tr>\n<td style=\"width: 30%; background-color: #bebebe; text-align: center; vertical-align: middle;\">&lt; <a href=\"https:\/\/www.vorbei-ev.de\/wwwa\/gsvbw-27-raum-23\/\">Vorherige Seite<\/a><\/td>\n<td style=\"width: 5%; text-align: center; vertical-align: middle;\"><\/td>\n<td style=\"width: 30%; background-color: #bebebe; text-align: center; vertical-align: middle;\"><a href=\"https:\/\/www.vorbei-ev.de\/wwwa\/gsvbw-27-einleitung-und-themenuebersicht\/\" rel=\"noopener noreferrer\"><span style=\"color: #333333;\">Zur\u00fcck zur Einleitung<\/span><\/a><\/td>\n<td style=\"width: 5%; text-align: center; vertical-align: middle;\"><\/td>\n<td style=\"width: 30%; background-color: #bebebe; text-align: center; vertical-align: middle;\"><a href=\"https:\/\/www.vorbei-ev.de\/wwwa\/gsvbw-27-raum-26\/\">N\u00e4chste Seite<\/a> &gt;<\/td>\n<\/tr>\n<\/tbody>\n<\/table>\n<div class=\"shariff shariff-align-left shariff-widget-align-left shariff-buttonstretch\" data-services=\"facebook\" data-url=\"https:\/\/www.vorbei-ev.de\/wwwa\/gsvbw-27-raum-24\/\" data-timestamp=\"1497889911\" data-backendurl=\"https:\/\/www.vorbei-ev.de\/wwwa\/wp-json\/shariff\/v1\/share_counts?\"><ul class=\"shariff-buttons theme-default orientation-horizontal buttonsize-medium\"><li class=\"shariff-button facebook shariff-nocustomcolor\" style=\"background-color:#4273c8\"><a href=\"https:\/\/www.facebook.com\/sharer\/sharer.php?u=https%3A%2F%2Fwww.vorbei-ev.de%2Fwwwa%2Fgsvbw-27-raum-24%2F\" title=\"Bei Facebook teilen\" aria-label=\"Bei Facebook teilen\" role=\"button\" rel=\"nofollow\" class=\"shariff-link\" style=\"; background-color:#3b5998; color:#fff\" target=\"_blank\"><span class=\"shariff-icon\" style=\"\"><svg width=\"32px\" height=\"20px\" xmlns=\"http:\/\/www.w3.org\/2000\/svg\" viewBox=\"0 0 18 32\"><path fill=\"#3b5998\" d=\"M17.1 0.2v4.7h-2.8q-1.5 0-2.1 0.6t-0.5 1.9v3.4h5.2l-0.7 5.3h-4.5v13.6h-5.5v-13.6h-4.5v-5.3h4.5v-3.9q0-3.3 1.9-5.2t5-1.8q2.6 0 4.1 0.2z\"\/><\/svg><\/span><span class=\"shariff-text\">teilen<\/span>&nbsp;<\/a><\/li><li class=\"shariff-button twitter shariff-nocustomcolor\" style=\"background-color:#595959\"><a href=\"https:\/\/twitter.com\/share?url=https%3A%2F%2Fwww.vorbei-ev.de%2Fwwwa%2Fgsvbw-27-raum-24%2F&text=GSVBw%2027%20%E2%80%93%20Raum%2024\" title=\"Bei X teilen\" aria-label=\"Bei X teilen\" role=\"button\" rel=\"noopener nofollow\" class=\"shariff-link\" style=\"; background-color:#000; color:#fff\" target=\"_blank\"><span class=\"shariff-icon\" style=\"\"><svg width=\"32px\" height=\"20px\" xmlns=\"http:\/\/www.w3.org\/2000\/svg\" viewBox=\"0 0 24 24\"><path fill=\"#000\" d=\"M14.258 10.152L23.176 0h-2.113l-7.747 8.813L7.133 0H0l9.352 13.328L0 23.973h2.113l8.176-9.309 6.531 9.309h7.133zm-2.895 3.293l-.949-1.328L2.875 1.56h3.246l6.086 8.523.945 1.328 7.91 11.078h-3.246zm0 0\"\/><\/svg><\/span><span class=\"shariff-text\">teilen<\/span>&nbsp;<\/a><\/li><li class=\"shariff-button whatsapp shariff-nocustomcolor\" style=\"background-color:#5cbe4a\"><a href=\"https:\/\/api.whatsapp.com\/send?text=https%3A%2F%2Fwww.vorbei-ev.de%2Fwwwa%2Fgsvbw-27-raum-24%2F%20GSVBw%2027%20%E2%80%93%20Raum%2024\" title=\"Bei Whatsapp teilen\" aria-label=\"Bei Whatsapp teilen\" role=\"button\" rel=\"noopener nofollow\" class=\"shariff-link\" style=\"; background-color:#34af23; color:#fff\" target=\"_blank\"><span class=\"shariff-icon\" style=\"\"><svg width=\"32px\" height=\"20px\" xmlns=\"http:\/\/www.w3.org\/2000\/svg\" viewBox=\"0 0 32 32\"><path fill=\"#34af23\" d=\"M17.6 17.4q0.2 0 1.7 0.8t1.6 0.9q0 0.1 0 0.3 0 0.6-0.3 1.4-0.3 0.7-1.3 1.2t-1.8 0.5q-1 0-3.4-1.1-1.7-0.8-3-2.1t-2.6-3.3q-1.3-1.9-1.3-3.5v-0.1q0.1-1.6 1.3-2.8 0.4-0.4 0.9-0.4 0.1 0 0.3 0t0.3 0q0.3 0 0.5 0.1t0.3 0.5q0.1 0.4 0.6 1.6t0.4 1.3q0 0.4-0.6 1t-0.6 0.8q0 0.1 0.1 0.3 0.6 1.3 1.8 2.4 1 0.9 2.7 1.8 0.2 0.1 0.4 0.1 0.3 0 1-0.9t0.9-0.9zM14 26.9q2.3 0 4.3-0.9t3.6-2.4 2.4-3.6 0.9-4.3-0.9-4.3-2.4-3.6-3.6-2.4-4.3-0.9-4.3 0.9-3.6 2.4-2.4 3.6-0.9 4.3q0 3.6 2.1 6.6l-1.4 4.2 4.3-1.4q2.8 1.9 6.2 1.9zM14 2.2q2.7 0 5.2 1.1t4.3 2.9 2.9 4.3 1.1 5.2-1.1 5.2-2.9 4.3-4.3 2.9-5.2 1.1q-3.5 0-6.5-1.7l-7.4 2.4 2.4-7.2q-1.9-3.2-1.9-6.9 0-2.7 1.1-5.2t2.9-4.3 4.3-2.9 5.2-1.1z\"\/><\/svg><\/span><span class=\"shariff-text\">teilen<\/span>&nbsp;<\/a><\/li><li class=\"shariff-button telegram shariff-nocustomcolor\" style=\"background-color:#4084A6\"><a href=\"https:\/\/telegram.me\/share\/url?url=https%3A%2F%2Fwww.vorbei-ev.de%2Fwwwa%2Fgsvbw-27-raum-24%2F&text=GSVBw%2027%20%E2%80%93%20Raum%2024\" title=\"Bei Telegram teilen\" aria-label=\"Bei Telegram teilen\" role=\"button\" rel=\"noopener nofollow\" class=\"shariff-link\" style=\"; background-color:#0088cc; color:#fff\" target=\"_blank\"><span class=\"shariff-icon\" style=\"\"><svg width=\"32px\" height=\"20px\" xmlns=\"http:\/\/www.w3.org\/2000\/svg\" viewBox=\"0 0 32 32\"><path fill=\"#0088cc\" d=\"M30.8 6.5l-4.5 21.4c-.3 1.5-1.2 1.9-2.5 1.2L16.9 24l-3.3 3.2c-.4.4-.7.7-1.4.7l.5-7L25.5 9.2c.6-.5-.1-.8-.9-.3l-15.8 10L2 16.7c-1.5-.5-1.5-1.5.3-2.2L28.9 4.3c1.3-.5 2.3.3 1.9 2.2z\"\/><\/svg><\/span><span class=\"shariff-text\">teilen<\/span>&nbsp;<\/a><\/li><\/ul><\/div>","protected":false},"excerpt":{"rendered":"<p>GSVBw &#8211; Die Grundnetzschalt- und Vermittlungsstellen der Bundeswehr GSVBw 27 Lingen &#8211; Raum 24 L\u00fcftungs- und Klimaanlage &nbsp; Im Raum 24 erfolgte der Einbau der Normal- und Schutzbel\u00fcftungsanlage, die Aufnahmevorrichtungen f\u00fcr drei Raumluftfilter R10, die K\u00fchlungseinrichtungen sowie die zur Steuerung der Anlagen erforderlichen Schaltfelder. Auch der Steuerungsschrank der Pumpen (Brunnenpumpen, K\u00fchlwasserpumpen, Schmutzwasserpumpen) wurde im Raum &hellip; <\/p>\n<p class=\"link-more\"><a href=\"https:\/\/www.vorbei-ev.de\/wwwa\/gsvbw-27-raum-24\/\" class=\"more-link\"><span class=\"screen-reader-text\">\u201eGSVBw 27 &#8211; Raum 24\u201c <\/span>weiterlesen<\/a><\/p>\n","protected":false},"author":2,"featured_media":0,"parent":0,"menu_order":0,"comment_status":"closed","ping_status":"closed","template":"","meta":{"footnotes":""},"class_list":["post-5571","page","type-page","status-publish","hentry"],"yoast_head":"<!-- This site is optimized with the Yoast SEO plugin v27.4 - https:\/\/yoast.com\/product\/yoast-seo-wordpress\/ -->\n<title>GSVBw 27 - Raum 24 - Vorbei e.V.<\/title>\n<meta name=\"description\" content=\"GSVBw - Die Grundnetzschalt- und Vermittlungsstellen der Bundeswehr GSVBw 27 Lingen - Raum 24 L\u00fcftungs- und Klimaanlage &nbsp; Im Raum 24 erfolgte der\" \/>\n<meta name=\"robots\" content=\"index, follow, max-snippet:-1, max-image-preview:large, max-video-preview:-1\" \/>\n<link rel=\"canonical\" href=\"https:\/\/www.vorbei-ev.de\/wwwa\/gsvbw-27-raum-24\/\" \/>\n<meta property=\"og:locale\" content=\"de_DE\" \/>\n<meta property=\"og:type\" content=\"article\" \/>\n<meta property=\"og:title\" content=\"GSVBw 27 - Raum 24 - Vorbei e.V.\" \/>\n<meta property=\"og:description\" content=\"GSVBw - Die Grundnetzschalt- und Vermittlungsstellen der Bundeswehr GSVBw 27 Lingen - Raum 24 L\u00fcftungs- und Klimaanlage &nbsp; Im Raum 24 erfolgte der\" \/>\n<meta property=\"og:url\" content=\"https:\/\/www.vorbei-ev.de\/wwwa\/gsvbw-27-raum-24\/\" \/>\n<meta property=\"og:site_name\" content=\"Vorbei e.V.\" \/>\n<meta property=\"article:publisher\" content=\"https:\/\/www.facebook.com\/groups\/107150626035606\/\" \/>\n<meta property=\"article:modified_time\" content=\"2017-06-19T14:31:51+00:00\" \/>\n<meta property=\"og:image\" content=\"https:\/\/www.vorbei-ev.de\/wwwa\/wp-content\/uploads\/2017\/04\/gsvbw_raum_24.jpg\" \/>\n<meta name=\"twitter:card\" content=\"summary_large_image\" \/>\n<meta name=\"twitter:label1\" content=\"Gesch\u00e4tzte Lesezeit\" \/>\n\t<meta name=\"twitter:data1\" content=\"2\u00a0Minuten\" \/>\n<script type=\"application\/ld+json\" class=\"yoast-schema-graph\">{\"@context\":\"https:\\\/\\\/schema.org\",\"@graph\":[{\"@type\":\"WebPage\",\"@id\":\"https:\\\/\\\/www.vorbei-ev.de\\\/wwwa\\\/gsvbw-27-raum-24\\\/\",\"url\":\"https:\\\/\\\/www.vorbei-ev.de\\\/wwwa\\\/gsvbw-27-raum-24\\\/\",\"name\":\"GSVBw 27 - Raum 24 - Vorbei e.V.\",\"isPartOf\":{\"@id\":\"https:\\\/\\\/www.vorbei-ev.de\\\/wwwa\\\/#website\"},\"primaryImageOfPage\":{\"@id\":\"https:\\\/\\\/www.vorbei-ev.de\\\/wwwa\\\/gsvbw-27-raum-24\\\/#primaryimage\"},\"image\":{\"@id\":\"https:\\\/\\\/www.vorbei-ev.de\\\/wwwa\\\/gsvbw-27-raum-24\\\/#primaryimage\"},\"thumbnailUrl\":\"https:\\\/\\\/www.vorbei-ev.de\\\/wwwa\\\/wp-content\\\/uploads\\\/2017\\\/04\\\/gsvbw_raum_24.jpg\",\"datePublished\":\"2017-06-13T15:45:13+00:00\",\"dateModified\":\"2017-06-19T14:31:51+00:00\",\"description\":\"GSVBw - Die Grundnetzschalt- und Vermittlungsstellen der Bundeswehr GSVBw 27 Lingen - Raum 24 L\u00fcftungs- und Klimaanlage &nbsp; Im Raum 24 erfolgte der\",\"breadcrumb\":{\"@id\":\"https:\\\/\\\/www.vorbei-ev.de\\\/wwwa\\\/gsvbw-27-raum-24\\\/#breadcrumb\"},\"inLanguage\":\"de\",\"potentialAction\":[{\"@type\":\"ReadAction\",\"target\":[\"https:\\\/\\\/www.vorbei-ev.de\\\/wwwa\\\/gsvbw-27-raum-24\\\/\"]}]},{\"@type\":\"ImageObject\",\"inLanguage\":\"de\",\"@id\":\"https:\\\/\\\/www.vorbei-ev.de\\\/wwwa\\\/gsvbw-27-raum-24\\\/#primaryimage\",\"url\":\"https:\\\/\\\/www.vorbei-ev.de\\\/wwwa\\\/wp-content\\\/uploads\\\/2017\\\/04\\\/gsvbw_raum_24.jpg\",\"contentUrl\":\"https:\\\/\\\/www.vorbei-ev.de\\\/wwwa\\\/wp-content\\\/uploads\\\/2017\\\/04\\\/gsvbw_raum_24.jpg\",\"width\":800,\"height\":523},{\"@type\":\"BreadcrumbList\",\"@id\":\"https:\\\/\\\/www.vorbei-ev.de\\\/wwwa\\\/gsvbw-27-raum-24\\\/#breadcrumb\",\"itemListElement\":[{\"@type\":\"ListItem\",\"position\":1,\"name\":\"Startseite\",\"item\":\"https:\\\/\\\/www.vorbei-ev.de\\\/wwwa\\\/\"},{\"@type\":\"ListItem\",\"position\":2,\"name\":\"GSVBw 27 &#8211; Raum 24\"}]},{\"@type\":\"WebSite\",\"@id\":\"https:\\\/\\\/www.vorbei-ev.de\\\/wwwa\\\/#website\",\"url\":\"https:\\\/\\\/www.vorbei-ev.de\\\/wwwa\\\/\",\"name\":\"Vorbei e.V.\",\"description\":\"Dokumentation und Erhalt zeitgeschichtlicher Bauwerke\",\"publisher\":{\"@id\":\"https:\\\/\\\/www.vorbei-ev.de\\\/wwwa\\\/#organization\"},\"potentialAction\":[{\"@type\":\"SearchAction\",\"target\":{\"@type\":\"EntryPoint\",\"urlTemplate\":\"https:\\\/\\\/www.vorbei-ev.de\\\/wwwa\\\/?s={search_term_string}\"},\"query-input\":{\"@type\":\"PropertyValueSpecification\",\"valueRequired\":true,\"valueName\":\"search_term_string\"}}],\"inLanguage\":\"de\"},{\"@type\":\"Organization\",\"@id\":\"https:\\\/\\\/www.vorbei-ev.de\\\/wwwa\\\/#organization\",\"name\":\"Vorbei e.V.\",\"url\":\"https:\\\/\\\/www.vorbei-ev.de\\\/wwwa\\\/\",\"logo\":{\"@type\":\"ImageObject\",\"inLanguage\":\"de\",\"@id\":\"https:\\\/\\\/www.vorbei-ev.de\\\/wwwa\\\/#\\\/schema\\\/logo\\\/image\\\/\",\"url\":\"https:\\\/\\\/www.vorbei-ev.de\\\/wwwa\\\/wp-content\\\/uploads\\\/2017\\\/04\\\/Logo_schwarz_640px.png\",\"contentUrl\":\"https:\\\/\\\/www.vorbei-ev.de\\\/wwwa\\\/wp-content\\\/uploads\\\/2017\\\/04\\\/Logo_schwarz_640px.png\",\"width\":640,\"height\":120,\"caption\":\"Vorbei e.V.\"},\"image\":{\"@id\":\"https:\\\/\\\/www.vorbei-ev.de\\\/wwwa\\\/#\\\/schema\\\/logo\\\/image\\\/\"},\"sameAs\":[\"https:\\\/\\\/www.facebook.com\\\/groups\\\/107150626035606\\\/\"]}]}<\/script>\n<!-- \/ Yoast SEO plugin. -->","yoast_head_json":{"title":"GSVBw 27 - Raum 24 - Vorbei e.V.","description":"GSVBw - Die Grundnetzschalt- und Vermittlungsstellen der Bundeswehr GSVBw 27 Lingen - Raum 24 L\u00fcftungs- und Klimaanlage &nbsp; Im Raum 24 erfolgte der","robots":{"index":"index","follow":"follow","max-snippet":"max-snippet:-1","max-image-preview":"max-image-preview:large","max-video-preview":"max-video-preview:-1"},"canonical":"https:\/\/www.vorbei-ev.de\/wwwa\/gsvbw-27-raum-24\/","og_locale":"de_DE","og_type":"article","og_title":"GSVBw 27 - Raum 24 - Vorbei e.V.","og_description":"GSVBw - Die Grundnetzschalt- und Vermittlungsstellen der Bundeswehr GSVBw 27 Lingen - Raum 24 L\u00fcftungs- und Klimaanlage &nbsp; Im Raum 24 erfolgte der","og_url":"https:\/\/www.vorbei-ev.de\/wwwa\/gsvbw-27-raum-24\/","og_site_name":"Vorbei e.V.","article_publisher":"https:\/\/www.facebook.com\/groups\/107150626035606\/","article_modified_time":"2017-06-19T14:31:51+00:00","og_image":[{"url":"https:\/\/www.vorbei-ev.de\/wwwa\/wp-content\/uploads\/2017\/04\/gsvbw_raum_24.jpg","type":"","width":"","height":""}],"twitter_card":"summary_large_image","twitter_misc":{"Gesch\u00e4tzte Lesezeit":"2\u00a0Minuten"},"schema":{"@context":"https:\/\/schema.org","@graph":[{"@type":"WebPage","@id":"https:\/\/www.vorbei-ev.de\/wwwa\/gsvbw-27-raum-24\/","url":"https:\/\/www.vorbei-ev.de\/wwwa\/gsvbw-27-raum-24\/","name":"GSVBw 27 - Raum 24 - Vorbei e.V.","isPartOf":{"@id":"https:\/\/www.vorbei-ev.de\/wwwa\/#website"},"primaryImageOfPage":{"@id":"https:\/\/www.vorbei-ev.de\/wwwa\/gsvbw-27-raum-24\/#primaryimage"},"image":{"@id":"https:\/\/www.vorbei-ev.de\/wwwa\/gsvbw-27-raum-24\/#primaryimage"},"thumbnailUrl":"https:\/\/www.vorbei-ev.de\/wwwa\/wp-content\/uploads\/2017\/04\/gsvbw_raum_24.jpg","datePublished":"2017-06-13T15:45:13+00:00","dateModified":"2017-06-19T14:31:51+00:00","description":"GSVBw - Die Grundnetzschalt- und Vermittlungsstellen der Bundeswehr GSVBw 27 Lingen - Raum 24 L\u00fcftungs- und Klimaanlage &nbsp; Im Raum 24 erfolgte der","breadcrumb":{"@id":"https:\/\/www.vorbei-ev.de\/wwwa\/gsvbw-27-raum-24\/#breadcrumb"},"inLanguage":"de","potentialAction":[{"@type":"ReadAction","target":["https:\/\/www.vorbei-ev.de\/wwwa\/gsvbw-27-raum-24\/"]}]},{"@type":"ImageObject","inLanguage":"de","@id":"https:\/\/www.vorbei-ev.de\/wwwa\/gsvbw-27-raum-24\/#primaryimage","url":"https:\/\/www.vorbei-ev.de\/wwwa\/wp-content\/uploads\/2017\/04\/gsvbw_raum_24.jpg","contentUrl":"https:\/\/www.vorbei-ev.de\/wwwa\/wp-content\/uploads\/2017\/04\/gsvbw_raum_24.jpg","width":800,"height":523},{"@type":"BreadcrumbList","@id":"https:\/\/www.vorbei-ev.de\/wwwa\/gsvbw-27-raum-24\/#breadcrumb","itemListElement":[{"@type":"ListItem","position":1,"name":"Startseite","item":"https:\/\/www.vorbei-ev.de\/wwwa\/"},{"@type":"ListItem","position":2,"name":"GSVBw 27 &#8211; Raum 24"}]},{"@type":"WebSite","@id":"https:\/\/www.vorbei-ev.de\/wwwa\/#website","url":"https:\/\/www.vorbei-ev.de\/wwwa\/","name":"Vorbei e.V.","description":"Dokumentation und Erhalt zeitgeschichtlicher Bauwerke","publisher":{"@id":"https:\/\/www.vorbei-ev.de\/wwwa\/#organization"},"potentialAction":[{"@type":"SearchAction","target":{"@type":"EntryPoint","urlTemplate":"https:\/\/www.vorbei-ev.de\/wwwa\/?s={search_term_string}"},"query-input":{"@type":"PropertyValueSpecification","valueRequired":true,"valueName":"search_term_string"}}],"inLanguage":"de"},{"@type":"Organization","@id":"https:\/\/www.vorbei-ev.de\/wwwa\/#organization","name":"Vorbei e.V.","url":"https:\/\/www.vorbei-ev.de\/wwwa\/","logo":{"@type":"ImageObject","inLanguage":"de","@id":"https:\/\/www.vorbei-ev.de\/wwwa\/#\/schema\/logo\/image\/","url":"https:\/\/www.vorbei-ev.de\/wwwa\/wp-content\/uploads\/2017\/04\/Logo_schwarz_640px.png","contentUrl":"https:\/\/www.vorbei-ev.de\/wwwa\/wp-content\/uploads\/2017\/04\/Logo_schwarz_640px.png","width":640,"height":120,"caption":"Vorbei e.V."},"image":{"@id":"https:\/\/www.vorbei-ev.de\/wwwa\/#\/schema\/logo\/image\/"},"sameAs":["https:\/\/www.facebook.com\/groups\/107150626035606\/"]}]}},"_links":{"self":[{"href":"https:\/\/www.vorbei-ev.de\/wwwa\/wp-json\/wp\/v2\/pages\/5571","targetHints":{"allow":["GET"]}}],"collection":[{"href":"https:\/\/www.vorbei-ev.de\/wwwa\/wp-json\/wp\/v2\/pages"}],"about":[{"href":"https:\/\/www.vorbei-ev.de\/wwwa\/wp-json\/wp\/v2\/types\/page"}],"author":[{"embeddable":true,"href":"https:\/\/www.vorbei-ev.de\/wwwa\/wp-json\/wp\/v2\/users\/2"}],"replies":[{"embeddable":true,"href":"https:\/\/www.vorbei-ev.de\/wwwa\/wp-json\/wp\/v2\/comments?post=5571"}],"version-history":[{"count":5,"href":"https:\/\/www.vorbei-ev.de\/wwwa\/wp-json\/wp\/v2\/pages\/5571\/revisions"}],"predecessor-version":[{"id":6206,"href":"https:\/\/www.vorbei-ev.de\/wwwa\/wp-json\/wp\/v2\/pages\/5571\/revisions\/6206"}],"wp:attachment":[{"href":"https:\/\/www.vorbei-ev.de\/wwwa\/wp-json\/wp\/v2\/media?parent=5571"}],"curies":[{"name":"wp","href":"https:\/\/api.w.org\/{rel}","templated":true}]}}