{"id":5448,"date":"2017-06-13T17:54:50","date_gmt":"2017-06-13T15:54:50","guid":{"rendered":"http:\/\/www.vorbei-ev.de\/wwwa\/?page_id=5448"},"modified":"2017-06-19T16:57:53","modified_gmt":"2017-06-19T14:57:53","slug":"gsvbw-27-baufortschritt","status":"publish","type":"page","link":"https:\/\/www.vorbei-ev.de\/wwwa\/gsvbw-27-baufortschritt\/","title":{"rendered":"GSVBw 27 &#8211; Baufortschritt"},"content":{"rendered":"<h1>GSVBw &#8211; Die Grundnetzschalt- und Vermittlungsstellen der Bundeswehr<\/h1>\n<h2>GSVBw 27 Lingen &#8211; Baufortschritt<\/h2>\n<p>&nbsp;<\/p>\n<p>Am 20.06.1963 erfolgte die Truppendienstliche Unterstellung der GSVBw 27 (zu diesem Zeitpunkt lautete die Bezeichnung noch GSVBw Emsland) dem VBK Osnabr\u00fcck.[3]<\/p>\n<p>Im Rahmen einer Baubesprechung wurde der augenblickliche Ausbauzustand der Versorgungsanlagen im Januar 1965 durch das Staatshochbauamt Lingen mit 85% angegeben. Die Deutsche Bundespost (DBP) hat den Zeitpunkt zum Einbau der fernmeldetechnischen Einrichtungen auf den 01. M\u00e4rz 1965 festgesetzt.[4],[5]<\/p>\n<p>Am 01.03.1965 wurde der bisherige Ausbauzustand der GSVBw 27 dokumentiert. Wichtige Komponenten, wie z.B. die Netzersatzanlage (NEA), der Transformator und die Niederspannungs-Schaltanlage fehlten zu diesem Zeitpunkt noch. Die Fu\u00dfb\u00f6den und Malerarbeiten waren zu 50% fertig gestellt. Der Einbau der Elektroinstallation, Notwasserbeh\u00e4lter und Brunnenpumpe einschliesslich Filteranlagen war abgeschlossen.[6]<\/p>\n<p>F\u00fcr die GSVBw-Besetzung mit Fernmelde-Fachpersonal lagen etwa 100 Bewerbungen vor. Nach einer engeren Auswahl sollten sich die Bewerber am Samstag, den 20.03.1965, in der StOV Lingen einfinden, und \u00fcber das Aufgabengebiet informiert werden. Aufgrund des Schichtdienstes rechnete man aber mit einer ablehnenden Entscheidung der Bewerber. Daher sollte die StOV Lingen veranla\u00dft werden, durch Zeitungsinserate Fachkr\u00e4fte f\u00fcr die GSVBw 27 anzuwerben.[7]<\/p>\n<p>Der \u00f6rtliche Bauf\u00fchrer k\u00fcndigte an, dass die Firma Beton und Monierbau den Abbruch der Baubaracken im M\u00e4rz 1965 durchf\u00fchrt.[8]<\/p>\n<p>Am 30. Juni 1965 informierte das Kommando Territoriale Verteidigung (KTV), dass die Inbetriebnahme der GSVBw 27 im ersten Quartal 1966 vorgesehen ist.[9]<\/p>\n<p>Die Abnahme der Kraftstoffbeh\u00e4lterbatterie erfolgte am 08. Februar 1966. Im Rahmen dieser Abnahme soll die Tankanlage erstmalig bef\u00fcllt werden. F\u00fcr diese Erstbeladung wurde um die termingerechte Bereitstellung eines Tankfahrzeuges mit 26.000 Litern Dieselkraftstoff (F54) am Kraftstoffeinf\u00fcllstutzen gebeten.[10]<\/p>\n<p>Am 22. und 23.03.1966 wurde eine Vorabnahme in der GSVBw 27 durchgef\u00fchrt. Teilnehmer waren unter anderem Vertreter von folgenden Dienststellen und Abteilungen: H\u00f6herer Pi-Stab, WBK II, WBV II, GSVBw 27, StHBAmt Lingen, StOV Lingen sowie Bauleitung. Es folgte die Veranlassung, im Objekt 2 f\u00fcnf Kellerr\u00e4ume f\u00fcr die Waffen- und Ger\u00e4telagerung mit Stahlt\u00fcren und Fenstergittern auszustatten. Weiterhin musste ein abgesetzter Parkplatz in ca. 200m Entfernung zur GSVBw errichtet werden.[11]<\/p>\n<p>Mit einem 24-st\u00fcndigen Dauerbetrieb unter Last wurde am 24.03.1966 der Dieselmaschinensatz abgenommen. St\u00fcndlich erfolgte die Dokumentation verschiedener Betriebswerte im Abnahme-Versuchs-Betriebs-Protokoll:<\/p>\n<figure id=\"attachment_5263\" aria-describedby=\"caption-attachment-5263\" style=\"width: 800px\" class=\"wp-caption aligncenter\"><img loading=\"lazy\" decoding=\"async\" class=\"wp-image-5263 size-full\" src=\"https:\/\/www.vorbei-ev.de\/wwwa\/wp-content\/uploads\/2017\/05\/dieselabnahme.jpg\" alt=\"Im Abnahme-Versuchs-Betriebs-Protokoll vom 24.03.1966 wurden st\u00fcndlich die aktuellen Betriebswerte dokumentiert. &quot;Diesel Stop&quot; vermerkte das Pr\u00fcfpersonal am n\u00e4chsten Tag um 10:05 Uhr auf Seite 3 des Protokolls.\" width=\"800\" height=\"537\" srcset=\"https:\/\/www.vorbei-ev.de\/wwwa\/wp-content\/uploads\/2017\/05\/dieselabnahme.jpg 800w, https:\/\/www.vorbei-ev.de\/wwwa\/wp-content\/uploads\/2017\/05\/dieselabnahme-400x269.jpg 400w, https:\/\/www.vorbei-ev.de\/wwwa\/wp-content\/uploads\/2017\/05\/dieselabnahme-768x516.jpg 768w\" sizes=\"auto, (max-width: 706px) 89vw, (max-width: 767px) 82vw, 740px\" \/><figcaption id=\"caption-attachment-5263\" class=\"wp-caption-text\">Im Abnahme-Versuchs-Betriebs-Protokoll vom 24.03.1966 wurden st\u00fcndlich die aktuellen Betriebswerte dokumentiert. &#8222;Diesel Stop&#8220; vermerkte das Pr\u00fcfpersonal am n\u00e4chsten Tag um 10:05 Uhr auf Seite 3 des Protokolls.<\/figcaption><\/figure>\n<p>&nbsp;<\/p>\n<p><span style=\"font-size: 8pt;\">[3] Truppendienstliche Unterstellung der FmK, GVBw und VVBw; Hannover, den 20.06.1963<\/span><br \/>\n<span style=\"font-size: 8pt;\">[4] Protokoll Dienstreise am 13. &#8211; 14.1.1965 zur GSVBw 27 (Emsland)<\/span><br \/>\n<span style=\"font-size: 8pt;\">[5] GSVBw 22, 23, 24, &#8222;Moorland&#8220; und &#8222;Emsland&#8220;, Besprechung mit OPD Bremem, WBK II, Az: 40-22-30, 15.01.1965<\/span><br \/>\n<span style=\"font-size: 8pt;\">[6] Bisheriger Ausbaustand, GSVBw 27, 01.03.1965<\/span><br \/>\n<span style=\"font-size: 8pt;\">[7] Protokoll Dienstreise am 04.- 05.03.1965 zur GSVBw 27 (Emsland)<\/span><br \/>\n<span style=\"font-size: 8pt;\">[8] Protokoll Dienstreise am 10.- 11.03.1965 zur GSVBw 27 (Emsland)<\/span><br \/>\n<span style=\"font-size: 8pt;\">[9] Auszugsweise Abschrift Fernmeldewesen GSVBw, Fertigstellung, \u00dcbernahme und Inbetriebnahme, KTV Az: 10-82-12-05, 30.06.1965<\/span><br \/>\n<span style=\"font-size: 8pt;\">[10] Erstbeladung der Bevorratungstanks der GSVBw 27 mit Dieselkraftstoff, GSVBw 27, 02.02.1966<\/span><br \/>\n<span style=\"font-size: 8pt;\">[11] Aktenvermerk Vorabnahme der Hochbauten am 22. u. 23.3.1966, StOV Lingen, Az. 45-10-60, 23.03.1966<\/span><\/p>\n<table>\n<tbody>\n<tr>\n<td style=\"width: 30%; background-color: #bebebe; text-align: center; vertical-align: middle;\">&lt; <a href=\"https:\/\/www.vorbei-ev.de\/wwwa\/gsvbw-27-wasserversorgung\/\">Vorherige Seite<\/a><\/td>\n<td style=\"width: 5%; text-align: center; vertical-align: middle;\"><\/td>\n<td style=\"width: 30%; background-color: #bebebe; text-align: center; vertical-align: middle;\"><a href=\"https:\/\/www.vorbei-ev.de\/wwwa\/gsvbw-27-einleitung-und-themenuebersicht\/\" rel=\"noopener noreferrer\"><span style=\"color: #333333;\">Zur\u00fcck zur Einleitung<\/span><\/a><\/td>\n<td style=\"width: 5%; text-align: center; vertical-align: middle;\"><\/td>\n<td style=\"width: 30%; background-color: #bebebe; text-align: center; vertical-align: middle;\"><a href=\"https:\/\/www.vorbei-ev.de\/wwwa\/gsvbw-27-abnahme-und-uebergabe\/\">N\u00e4chste Seite<\/a> &gt;<\/td>\n<\/tr>\n<\/tbody>\n<\/table>\n<div class=\"shariff shariff-align-left shariff-widget-align-left shariff-buttonstretch\" data-services=\"facebook\" data-url=\"https:\/\/www.vorbei-ev.de\/wwwa\/gsvbw-27-baufortschritt\/\" data-timestamp=\"1497891473\" data-backendurl=\"https:\/\/www.vorbei-ev.de\/wwwa\/wp-json\/shariff\/v1\/share_counts?\"><ul class=\"shariff-buttons theme-default orientation-horizontal buttonsize-medium\"><li class=\"shariff-button facebook shariff-nocustomcolor\" style=\"background-color:#4273c8\"><a href=\"https:\/\/www.facebook.com\/sharer\/sharer.php?u=https%3A%2F%2Fwww.vorbei-ev.de%2Fwwwa%2Fgsvbw-27-baufortschritt%2F\" title=\"Bei Facebook teilen\" aria-label=\"Bei Facebook teilen\" role=\"button\" rel=\"nofollow\" class=\"shariff-link\" style=\"; background-color:#3b5998; color:#fff\" target=\"_blank\"><span class=\"shariff-icon\" style=\"\"><svg width=\"32px\" height=\"20px\" xmlns=\"http:\/\/www.w3.org\/2000\/svg\" viewBox=\"0 0 18 32\"><path fill=\"#3b5998\" d=\"M17.1 0.2v4.7h-2.8q-1.5 0-2.1 0.6t-0.5 1.9v3.4h5.2l-0.7 5.3h-4.5v13.6h-5.5v-13.6h-4.5v-5.3h4.5v-3.9q0-3.3 1.9-5.2t5-1.8q2.6 0 4.1 0.2z\"\/><\/svg><\/span><span class=\"shariff-text\">teilen<\/span>&nbsp;<\/a><\/li><li class=\"shariff-button twitter shariff-nocustomcolor\" style=\"background-color:#595959\"><a href=\"https:\/\/twitter.com\/share?url=https%3A%2F%2Fwww.vorbei-ev.de%2Fwwwa%2Fgsvbw-27-baufortschritt%2F&text=GSVBw%2027%20%E2%80%93%20Baufortschritt\" title=\"Bei X teilen\" aria-label=\"Bei X teilen\" role=\"button\" rel=\"noopener nofollow\" class=\"shariff-link\" style=\"; background-color:#000; color:#fff\" target=\"_blank\"><span class=\"shariff-icon\" style=\"\"><svg width=\"32px\" height=\"20px\" xmlns=\"http:\/\/www.w3.org\/2000\/svg\" viewBox=\"0 0 24 24\"><path fill=\"#000\" d=\"M14.258 10.152L23.176 0h-2.113l-7.747 8.813L7.133 0H0l9.352 13.328L0 23.973h2.113l8.176-9.309 6.531 9.309h7.133zm-2.895 3.293l-.949-1.328L2.875 1.56h3.246l6.086 8.523.945 1.328 7.91 11.078h-3.246zm0 0\"\/><\/svg><\/span><span class=\"shariff-text\">teilen<\/span>&nbsp;<\/a><\/li><li class=\"shariff-button whatsapp shariff-nocustomcolor\" style=\"background-color:#5cbe4a\"><a href=\"https:\/\/api.whatsapp.com\/send?text=https%3A%2F%2Fwww.vorbei-ev.de%2Fwwwa%2Fgsvbw-27-baufortschritt%2F%20GSVBw%2027%20%E2%80%93%20Baufortschritt\" title=\"Bei Whatsapp teilen\" aria-label=\"Bei Whatsapp teilen\" role=\"button\" rel=\"noopener nofollow\" class=\"shariff-link\" style=\"; background-color:#34af23; color:#fff\" target=\"_blank\"><span class=\"shariff-icon\" style=\"\"><svg width=\"32px\" height=\"20px\" xmlns=\"http:\/\/www.w3.org\/2000\/svg\" viewBox=\"0 0 32 32\"><path fill=\"#34af23\" d=\"M17.6 17.4q0.2 0 1.7 0.8t1.6 0.9q0 0.1 0 0.3 0 0.6-0.3 1.4-0.3 0.7-1.3 1.2t-1.8 0.5q-1 0-3.4-1.1-1.7-0.8-3-2.1t-2.6-3.3q-1.3-1.9-1.3-3.5v-0.1q0.1-1.6 1.3-2.8 0.4-0.4 0.9-0.4 0.1 0 0.3 0t0.3 0q0.3 0 0.5 0.1t0.3 0.5q0.1 0.4 0.6 1.6t0.4 1.3q0 0.4-0.6 1t-0.6 0.8q0 0.1 0.1 0.3 0.6 1.3 1.8 2.4 1 0.9 2.7 1.8 0.2 0.1 0.4 0.1 0.3 0 1-0.9t0.9-0.9zM14 26.9q2.3 0 4.3-0.9t3.6-2.4 2.4-3.6 0.9-4.3-0.9-4.3-2.4-3.6-3.6-2.4-4.3-0.9-4.3 0.9-3.6 2.4-2.4 3.6-0.9 4.3q0 3.6 2.1 6.6l-1.4 4.2 4.3-1.4q2.8 1.9 6.2 1.9zM14 2.2q2.7 0 5.2 1.1t4.3 2.9 2.9 4.3 1.1 5.2-1.1 5.2-2.9 4.3-4.3 2.9-5.2 1.1q-3.5 0-6.5-1.7l-7.4 2.4 2.4-7.2q-1.9-3.2-1.9-6.9 0-2.7 1.1-5.2t2.9-4.3 4.3-2.9 5.2-1.1z\"\/><\/svg><\/span><span class=\"shariff-text\">teilen<\/span>&nbsp;<\/a><\/li><li class=\"shariff-button telegram shariff-nocustomcolor\" style=\"background-color:#4084A6\"><a href=\"https:\/\/telegram.me\/share\/url?url=https%3A%2F%2Fwww.vorbei-ev.de%2Fwwwa%2Fgsvbw-27-baufortschritt%2F&text=GSVBw%2027%20%E2%80%93%20Baufortschritt\" title=\"Bei Telegram teilen\" aria-label=\"Bei Telegram teilen\" role=\"button\" rel=\"noopener nofollow\" class=\"shariff-link\" style=\"; background-color:#0088cc; color:#fff\" target=\"_blank\"><span class=\"shariff-icon\" style=\"\"><svg width=\"32px\" height=\"20px\" xmlns=\"http:\/\/www.w3.org\/2000\/svg\" viewBox=\"0 0 32 32\"><path fill=\"#0088cc\" d=\"M30.8 6.5l-4.5 21.4c-.3 1.5-1.2 1.9-2.5 1.2L16.9 24l-3.3 3.2c-.4.4-.7.7-1.4.7l.5-7L25.5 9.2c.6-.5-.1-.8-.9-.3l-15.8 10L2 16.7c-1.5-.5-1.5-1.5.3-2.2L28.9 4.3c1.3-.5 2.3.3 1.9 2.2z\"\/><\/svg><\/span><span class=\"shariff-text\">teilen<\/span>&nbsp;<\/a><\/li><\/ul><\/div>","protected":false},"excerpt":{"rendered":"<p>GSVBw &#8211; Die Grundnetzschalt- und Vermittlungsstellen der Bundeswehr GSVBw 27 Lingen &#8211; Baufortschritt &nbsp; Am 20.06.1963 erfolgte die Truppendienstliche Unterstellung der GSVBw 27 (zu diesem Zeitpunkt lautete die Bezeichnung noch GSVBw Emsland) dem VBK Osnabr\u00fcck.[3] Im Rahmen einer Baubesprechung wurde der augenblickliche Ausbauzustand der Versorgungsanlagen im Januar 1965 durch das Staatshochbauamt Lingen mit 85% angegeben. &hellip; <\/p>\n<p class=\"link-more\"><a href=\"https:\/\/www.vorbei-ev.de\/wwwa\/gsvbw-27-baufortschritt\/\" class=\"more-link\"><span class=\"screen-reader-text\">\u201eGSVBw 27 &#8211; Baufortschritt\u201c <\/span>weiterlesen<\/a><\/p>\n","protected":false},"author":2,"featured_media":0,"parent":0,"menu_order":0,"comment_status":"closed","ping_status":"closed","template":"","meta":{"footnotes":""},"class_list":["post-5448","page","type-page","status-publish","hentry"],"yoast_head":"<!-- This site is optimized with the Yoast SEO plugin v27.4 - https:\/\/yoast.com\/product\/yoast-seo-wordpress\/ -->\n<title>GSVBw 27 - Baufortschritt - Vorbei e.V.<\/title>\n<meta name=\"description\" content=\"GSVBw - Die Grundnetzschalt- und Vermittlungsstellen der Bundeswehr GSVBw 27 Lingen - Baufortschritt &nbsp; Am 20.06.1963 erfolgte die Truppendienstliche\" \/>\n<meta name=\"robots\" content=\"index, follow, max-snippet:-1, max-image-preview:large, max-video-preview:-1\" \/>\n<link rel=\"canonical\" href=\"https:\/\/www.vorbei-ev.de\/wwwa\/gsvbw-27-baufortschritt\/\" \/>\n<meta property=\"og:locale\" content=\"de_DE\" \/>\n<meta property=\"og:type\" content=\"article\" \/>\n<meta property=\"og:title\" content=\"GSVBw 27 - Baufortschritt - Vorbei e.V.\" \/>\n<meta property=\"og:description\" content=\"GSVBw - Die Grundnetzschalt- und Vermittlungsstellen der Bundeswehr GSVBw 27 Lingen - Baufortschritt &nbsp; Am 20.06.1963 erfolgte die Truppendienstliche\" \/>\n<meta property=\"og:url\" content=\"https:\/\/www.vorbei-ev.de\/wwwa\/gsvbw-27-baufortschritt\/\" \/>\n<meta property=\"og:site_name\" content=\"Vorbei e.V.\" \/>\n<meta property=\"article:publisher\" content=\"https:\/\/www.facebook.com\/groups\/107150626035606\/\" \/>\n<meta property=\"article:modified_time\" content=\"2017-06-19T14:57:53+00:00\" \/>\n<meta property=\"og:image\" content=\"https:\/\/www.vorbei-ev.de\/wwwa\/wp-content\/uploads\/2017\/05\/dieselabnahme.jpg\" \/>\n<meta name=\"twitter:card\" content=\"summary_large_image\" \/>\n<meta name=\"twitter:label1\" content=\"Gesch\u00e4tzte Lesezeit\" \/>\n\t<meta name=\"twitter:data1\" content=\"2\u00a0Minuten\" \/>\n<script type=\"application\/ld+json\" class=\"yoast-schema-graph\">{\"@context\":\"https:\\\/\\\/schema.org\",\"@graph\":[{\"@type\":\"WebPage\",\"@id\":\"https:\\\/\\\/www.vorbei-ev.de\\\/wwwa\\\/gsvbw-27-baufortschritt\\\/\",\"url\":\"https:\\\/\\\/www.vorbei-ev.de\\\/wwwa\\\/gsvbw-27-baufortschritt\\\/\",\"name\":\"GSVBw 27 - Baufortschritt - Vorbei e.V.\",\"isPartOf\":{\"@id\":\"https:\\\/\\\/www.vorbei-ev.de\\\/wwwa\\\/#website\"},\"primaryImageOfPage\":{\"@id\":\"https:\\\/\\\/www.vorbei-ev.de\\\/wwwa\\\/gsvbw-27-baufortschritt\\\/#primaryimage\"},\"image\":{\"@id\":\"https:\\\/\\\/www.vorbei-ev.de\\\/wwwa\\\/gsvbw-27-baufortschritt\\\/#primaryimage\"},\"thumbnailUrl\":\"https:\\\/\\\/www.vorbei-ev.de\\\/wwwa\\\/wp-content\\\/uploads\\\/2017\\\/05\\\/dieselabnahme.jpg\",\"datePublished\":\"2017-06-13T15:54:50+00:00\",\"dateModified\":\"2017-06-19T14:57:53+00:00\",\"description\":\"GSVBw - Die Grundnetzschalt- und Vermittlungsstellen der Bundeswehr GSVBw 27 Lingen - Baufortschritt &nbsp; Am 20.06.1963 erfolgte die Truppendienstliche\",\"breadcrumb\":{\"@id\":\"https:\\\/\\\/www.vorbei-ev.de\\\/wwwa\\\/gsvbw-27-baufortschritt\\\/#breadcrumb\"},\"inLanguage\":\"de\",\"potentialAction\":[{\"@type\":\"ReadAction\",\"target\":[\"https:\\\/\\\/www.vorbei-ev.de\\\/wwwa\\\/gsvbw-27-baufortschritt\\\/\"]}]},{\"@type\":\"ImageObject\",\"inLanguage\":\"de\",\"@id\":\"https:\\\/\\\/www.vorbei-ev.de\\\/wwwa\\\/gsvbw-27-baufortschritt\\\/#primaryimage\",\"url\":\"https:\\\/\\\/www.vorbei-ev.de\\\/wwwa\\\/wp-content\\\/uploads\\\/2017\\\/05\\\/dieselabnahme.jpg\",\"contentUrl\":\"https:\\\/\\\/www.vorbei-ev.de\\\/wwwa\\\/wp-content\\\/uploads\\\/2017\\\/05\\\/dieselabnahme.jpg\",\"width\":800,\"height\":537},{\"@type\":\"BreadcrumbList\",\"@id\":\"https:\\\/\\\/www.vorbei-ev.de\\\/wwwa\\\/gsvbw-27-baufortschritt\\\/#breadcrumb\",\"itemListElement\":[{\"@type\":\"ListItem\",\"position\":1,\"name\":\"Startseite\",\"item\":\"https:\\\/\\\/www.vorbei-ev.de\\\/wwwa\\\/\"},{\"@type\":\"ListItem\",\"position\":2,\"name\":\"GSVBw 27 &#8211; Baufortschritt\"}]},{\"@type\":\"WebSite\",\"@id\":\"https:\\\/\\\/www.vorbei-ev.de\\\/wwwa\\\/#website\",\"url\":\"https:\\\/\\\/www.vorbei-ev.de\\\/wwwa\\\/\",\"name\":\"Vorbei e.V.\",\"description\":\"Dokumentation und Erhalt zeitgeschichtlicher Bauwerke\",\"publisher\":{\"@id\":\"https:\\\/\\\/www.vorbei-ev.de\\\/wwwa\\\/#organization\"},\"potentialAction\":[{\"@type\":\"SearchAction\",\"target\":{\"@type\":\"EntryPoint\",\"urlTemplate\":\"https:\\\/\\\/www.vorbei-ev.de\\\/wwwa\\\/?s={search_term_string}\"},\"query-input\":{\"@type\":\"PropertyValueSpecification\",\"valueRequired\":true,\"valueName\":\"search_term_string\"}}],\"inLanguage\":\"de\"},{\"@type\":\"Organization\",\"@id\":\"https:\\\/\\\/www.vorbei-ev.de\\\/wwwa\\\/#organization\",\"name\":\"Vorbei e.V.\",\"url\":\"https:\\\/\\\/www.vorbei-ev.de\\\/wwwa\\\/\",\"logo\":{\"@type\":\"ImageObject\",\"inLanguage\":\"de\",\"@id\":\"https:\\\/\\\/www.vorbei-ev.de\\\/wwwa\\\/#\\\/schema\\\/logo\\\/image\\\/\",\"url\":\"https:\\\/\\\/www.vorbei-ev.de\\\/wwwa\\\/wp-content\\\/uploads\\\/2017\\\/04\\\/Logo_schwarz_640px.png\",\"contentUrl\":\"https:\\\/\\\/www.vorbei-ev.de\\\/wwwa\\\/wp-content\\\/uploads\\\/2017\\\/04\\\/Logo_schwarz_640px.png\",\"width\":640,\"height\":120,\"caption\":\"Vorbei e.V.\"},\"image\":{\"@id\":\"https:\\\/\\\/www.vorbei-ev.de\\\/wwwa\\\/#\\\/schema\\\/logo\\\/image\\\/\"},\"sameAs\":[\"https:\\\/\\\/www.facebook.com\\\/groups\\\/107150626035606\\\/\"]}]}<\/script>\n<!-- \/ Yoast SEO plugin. -->","yoast_head_json":{"title":"GSVBw 27 - Baufortschritt - Vorbei e.V.","description":"GSVBw - Die Grundnetzschalt- und Vermittlungsstellen der Bundeswehr GSVBw 27 Lingen - Baufortschritt &nbsp; Am 20.06.1963 erfolgte die Truppendienstliche","robots":{"index":"index","follow":"follow","max-snippet":"max-snippet:-1","max-image-preview":"max-image-preview:large","max-video-preview":"max-video-preview:-1"},"canonical":"https:\/\/www.vorbei-ev.de\/wwwa\/gsvbw-27-baufortschritt\/","og_locale":"de_DE","og_type":"article","og_title":"GSVBw 27 - Baufortschritt - Vorbei e.V.","og_description":"GSVBw - Die Grundnetzschalt- und Vermittlungsstellen der Bundeswehr GSVBw 27 Lingen - Baufortschritt &nbsp; Am 20.06.1963 erfolgte die Truppendienstliche","og_url":"https:\/\/www.vorbei-ev.de\/wwwa\/gsvbw-27-baufortschritt\/","og_site_name":"Vorbei e.V.","article_publisher":"https:\/\/www.facebook.com\/groups\/107150626035606\/","article_modified_time":"2017-06-19T14:57:53+00:00","og_image":[{"url":"https:\/\/www.vorbei-ev.de\/wwwa\/wp-content\/uploads\/2017\/05\/dieselabnahme.jpg","type":"","width":"","height":""}],"twitter_card":"summary_large_image","twitter_misc":{"Gesch\u00e4tzte Lesezeit":"2\u00a0Minuten"},"schema":{"@context":"https:\/\/schema.org","@graph":[{"@type":"WebPage","@id":"https:\/\/www.vorbei-ev.de\/wwwa\/gsvbw-27-baufortschritt\/","url":"https:\/\/www.vorbei-ev.de\/wwwa\/gsvbw-27-baufortschritt\/","name":"GSVBw 27 - Baufortschritt - Vorbei e.V.","isPartOf":{"@id":"https:\/\/www.vorbei-ev.de\/wwwa\/#website"},"primaryImageOfPage":{"@id":"https:\/\/www.vorbei-ev.de\/wwwa\/gsvbw-27-baufortschritt\/#primaryimage"},"image":{"@id":"https:\/\/www.vorbei-ev.de\/wwwa\/gsvbw-27-baufortschritt\/#primaryimage"},"thumbnailUrl":"https:\/\/www.vorbei-ev.de\/wwwa\/wp-content\/uploads\/2017\/05\/dieselabnahme.jpg","datePublished":"2017-06-13T15:54:50+00:00","dateModified":"2017-06-19T14:57:53+00:00","description":"GSVBw - Die Grundnetzschalt- und Vermittlungsstellen der Bundeswehr GSVBw 27 Lingen - Baufortschritt &nbsp; Am 20.06.1963 erfolgte die Truppendienstliche","breadcrumb":{"@id":"https:\/\/www.vorbei-ev.de\/wwwa\/gsvbw-27-baufortschritt\/#breadcrumb"},"inLanguage":"de","potentialAction":[{"@type":"ReadAction","target":["https:\/\/www.vorbei-ev.de\/wwwa\/gsvbw-27-baufortschritt\/"]}]},{"@type":"ImageObject","inLanguage":"de","@id":"https:\/\/www.vorbei-ev.de\/wwwa\/gsvbw-27-baufortschritt\/#primaryimage","url":"https:\/\/www.vorbei-ev.de\/wwwa\/wp-content\/uploads\/2017\/05\/dieselabnahme.jpg","contentUrl":"https:\/\/www.vorbei-ev.de\/wwwa\/wp-content\/uploads\/2017\/05\/dieselabnahme.jpg","width":800,"height":537},{"@type":"BreadcrumbList","@id":"https:\/\/www.vorbei-ev.de\/wwwa\/gsvbw-27-baufortschritt\/#breadcrumb","itemListElement":[{"@type":"ListItem","position":1,"name":"Startseite","item":"https:\/\/www.vorbei-ev.de\/wwwa\/"},{"@type":"ListItem","position":2,"name":"GSVBw 27 &#8211; Baufortschritt"}]},{"@type":"WebSite","@id":"https:\/\/www.vorbei-ev.de\/wwwa\/#website","url":"https:\/\/www.vorbei-ev.de\/wwwa\/","name":"Vorbei e.V.","description":"Dokumentation und Erhalt zeitgeschichtlicher Bauwerke","publisher":{"@id":"https:\/\/www.vorbei-ev.de\/wwwa\/#organization"},"potentialAction":[{"@type":"SearchAction","target":{"@type":"EntryPoint","urlTemplate":"https:\/\/www.vorbei-ev.de\/wwwa\/?s={search_term_string}"},"query-input":{"@type":"PropertyValueSpecification","valueRequired":true,"valueName":"search_term_string"}}],"inLanguage":"de"},{"@type":"Organization","@id":"https:\/\/www.vorbei-ev.de\/wwwa\/#organization","name":"Vorbei e.V.","url":"https:\/\/www.vorbei-ev.de\/wwwa\/","logo":{"@type":"ImageObject","inLanguage":"de","@id":"https:\/\/www.vorbei-ev.de\/wwwa\/#\/schema\/logo\/image\/","url":"https:\/\/www.vorbei-ev.de\/wwwa\/wp-content\/uploads\/2017\/04\/Logo_schwarz_640px.png","contentUrl":"https:\/\/www.vorbei-ev.de\/wwwa\/wp-content\/uploads\/2017\/04\/Logo_schwarz_640px.png","width":640,"height":120,"caption":"Vorbei e.V."},"image":{"@id":"https:\/\/www.vorbei-ev.de\/wwwa\/#\/schema\/logo\/image\/"},"sameAs":["https:\/\/www.facebook.com\/groups\/107150626035606\/"]}]}},"_links":{"self":[{"href":"https:\/\/www.vorbei-ev.de\/wwwa\/wp-json\/wp\/v2\/pages\/5448","targetHints":{"allow":["GET"]}}],"collection":[{"href":"https:\/\/www.vorbei-ev.de\/wwwa\/wp-json\/wp\/v2\/pages"}],"about":[{"href":"https:\/\/www.vorbei-ev.de\/wwwa\/wp-json\/wp\/v2\/types\/page"}],"author":[{"embeddable":true,"href":"https:\/\/www.vorbei-ev.de\/wwwa\/wp-json\/wp\/v2\/users\/2"}],"replies":[{"embeddable":true,"href":"https:\/\/www.vorbei-ev.de\/wwwa\/wp-json\/wp\/v2\/comments?post=5448"}],"version-history":[{"count":5,"href":"https:\/\/www.vorbei-ev.de\/wwwa\/wp-json\/wp\/v2\/pages\/5448\/revisions"}],"predecessor-version":[{"id":6236,"href":"https:\/\/www.vorbei-ev.de\/wwwa\/wp-json\/wp\/v2\/pages\/5448\/revisions\/6236"}],"wp:attachment":[{"href":"https:\/\/www.vorbei-ev.de\/wwwa\/wp-json\/wp\/v2\/media?parent=5448"}],"curies":[{"name":"wp","href":"https:\/\/api.w.org\/{rel}","templated":true}]}}