{"id":341,"date":"2017-03-17T09:20:31","date_gmt":"2017-03-17T08:20:31","guid":{"rendered":"http:\/\/www.vorbei-ev.de\/wwwa\/?page_id=341"},"modified":"2017-03-17T11:00:34","modified_gmt":"2017-03-17T10:00:34","slug":"haftungsausschluss","status":"publish","type":"page","link":"https:\/\/www.vorbei-ev.de\/wwwa\/haftungsausschluss\/","title":{"rendered":"Haftungsausschluss"},"content":{"rendered":"<h1>Haftungsausschluss (Disclaimer)<\/h1>\n<p>&nbsp;<\/p>\n<h2>Haftung f\u00fcr Inhalte<\/h2>\n<p>Als Diensteanbieter sind wir gem\u00e4\u00df \u00a7 7 Abs.1 TMG f\u00fcr eigene Inhalte auf diesen Seiten nach den allgemeinen Gesetzen verantwortlich. Nach \u00a7\u00a7 8 bis 10 TMG sind wir als Diensteanbieter jedoch nicht verpflichtet, \u00fcbermittelte oder gespeicherte fremde Informationen zu \u00fcberwachen oder nach Umst\u00e4nden zu forschen, die auf eine rechtswidrige T\u00e4tigkeit hinweisen.<\/p>\n<p>Verpflichtungen zur Entfernung oder Sperrung der Nutzung von Informationen nach den allgemeinen Gesetzen bleiben hiervon unber\u00fchrt. Eine diesbez\u00fcgliche Haftung ist jedoch erst ab dem Zeitpunkt der Kenntnis einer konkreten Rechtsverletzung m\u00f6glich. Bei Bekanntwerden von entsprechenden Rechtsverletzungen werden wir diese Inhalte umgehend<br \/>\nentfernen.<\/p>\n<p>&nbsp;<\/p>\n<h2>Haftung f\u00fcr Links<\/h2>\n<p>Unser Angebot enth\u00e4lt Links zu externen Webseiten Dritter, auf deren Inhalte wir keinen Einfluss haben. Deshalb k\u00f6nnen wir f\u00fcr diese fremden Inhalte auch keine Gew\u00e4hr \u00fcbernehmen. F\u00fcr die Inhalte der verlinkten Seiten ist stets der jeweilige Anbieter oder Betreiber der Seiten verantwortlich. Die verlinkten Seiten wurden zum Zeitpunkt der Verlinkung auf m\u00f6gliche Rechtsverst\u00f6\u00dfe \u00fcberpr\u00fcft. Rechtswidrige Inhalte waren zum Zeitpunkt der Verlinkung nicht erkennbar.<\/p>\n<p>Eine permanente inhaltliche Kontrolle der verlinkten Seiten ist jedoch ohne konkrete Anhaltspunkte einer Rechtsverletzung nicht zumutbar. Bei Bekanntwerden von Rechtsverletzungen werden wir derartige Links umgehend entfernen.<\/p>\n<p>&nbsp;<\/p>\n<h2>Urheberrecht<\/h2>\n<p>Die durch die Seitenbetreiber erstellten Inhalte und Werke auf diesen Seiten unterliegen dem deutschen Urheberrecht. Die Vervielf\u00e4ltigung, Bearbeitung, Verbreitung und jede Art der Verwertung au\u00dferhalb der Grenzen des Urheberrechtes bed\u00fcrfen der schriftlichen Zustimmung des jeweiligen Autors bzw. Erstellers. Downloads und Kopien dieser Seite sind nur f\u00fcr den privaten, nicht kommerziellen Gebrauch gestattet.<\/p>\n<p>Soweit die Inhalte auf dieser Seite nicht vom Betreiber erstellt wurden, werden die Urheberrechte Dritter beachtet. Insbesondere werden Inhalte Dritter als solche gekennzeichnet. Sollten Sie trotzdem auf eine Urheberrechtsverletzung aufmerksam werden, bitten wir um einen entsprechenden Hinweis. Bei Bekanntwerden von Rechtsverletzungen werden wir derartige Inhalte umgehend entfernen.<\/p>\n<p>&nbsp;<\/p>\n<div class=\"shariff shariff-align-flex-start shariff-widget-align-flex-start shariff-buttonstretch\" data-services=\"facebook\" data-url=\"https%3A%2F%2Fwww.vorbei-ev.de%2Fwwwa%2Fhaftungsausschluss%2F\" data-timestamp=\"1489748434\" data-backendurl=\"https:\/\/www.vorbei-ev.de\/wwwa\/wp-json\/shariff\/v1\/share_counts?\"><ul class=\"shariff-buttons theme-default orientation-horizontal buttonsize-medium\"><li class=\"shariff-button facebook shariff-nocustomcolor\" style=\"background-color:#4273c8\"><a href=\"https:\/\/www.facebook.com\/sharer\/sharer.php?u=https%3A%2F%2Fwww.vorbei-ev.de%2Fwwwa%2Fhaftungsausschluss%2F\" title=\"Bei Facebook teilen\" aria-label=\"Bei Facebook teilen\" role=\"button\" rel=\"nofollow\" class=\"shariff-link\" style=\"; background-color:#3b5998; color:#fff\" target=\"_blank\"><span class=\"shariff-icon\" style=\"\"><svg width=\"32px\" height=\"20px\" xmlns=\"http:\/\/www.w3.org\/2000\/svg\" viewBox=\"0 0 18 32\"><path fill=\"#3b5998\" d=\"M17.1 0.2v4.7h-2.8q-1.5 0-2.1 0.6t-0.5 1.9v3.4h5.2l-0.7 5.3h-4.5v13.6h-5.5v-13.6h-4.5v-5.3h4.5v-3.9q0-3.3 1.9-5.2t5-1.8q2.6 0 4.1 0.2z\"\/><\/svg><\/span><span class=\"shariff-text\">teilen<\/span>&nbsp;<\/a><\/li><li class=\"shariff-button twitter shariff-nocustomcolor\" style=\"background-color:#595959\"><a href=\"https:\/\/twitter.com\/share?url=https%3A%2F%2Fwww.vorbei-ev.de%2Fwwwa%2Fhaftungsausschluss%2F&text=Haftungsausschluss\" title=\"Bei X teilen\" aria-label=\"Bei X teilen\" role=\"button\" rel=\"noopener nofollow\" class=\"shariff-link\" style=\"; background-color:#000; color:#fff\" target=\"_blank\"><span class=\"shariff-icon\" style=\"\"><svg width=\"32px\" height=\"20px\" xmlns=\"http:\/\/www.w3.org\/2000\/svg\" viewBox=\"0 0 24 24\"><path fill=\"#000\" d=\"M14.258 10.152L23.176 0h-2.113l-7.747 8.813L7.133 0H0l9.352 13.328L0 23.973h2.113l8.176-9.309 6.531 9.309h7.133zm-2.895 3.293l-.949-1.328L2.875 1.56h3.246l6.086 8.523.945 1.328 7.91 11.078h-3.246zm0 0\"\/><\/svg><\/span><span class=\"shariff-text\">teilen<\/span>&nbsp;<\/a><\/li><li class=\"shariff-button whatsapp shariff-nocustomcolor\" style=\"background-color:#5cbe4a\"><a href=\"https:\/\/api.whatsapp.com\/send?text=https%3A%2F%2Fwww.vorbei-ev.de%2Fwwwa%2Fhaftungsausschluss%2F%20Haftungsausschluss\" title=\"Bei Whatsapp teilen\" aria-label=\"Bei Whatsapp teilen\" role=\"button\" rel=\"noopener nofollow\" class=\"shariff-link\" style=\"; background-color:#34af23; color:#fff\" target=\"_blank\"><span class=\"shariff-icon\" style=\"\"><svg width=\"32px\" height=\"20px\" xmlns=\"http:\/\/www.w3.org\/2000\/svg\" viewBox=\"0 0 32 32\"><path fill=\"#34af23\" d=\"M17.6 17.4q0.2 0 1.7 0.8t1.6 0.9q0 0.1 0 0.3 0 0.6-0.3 1.4-0.3 0.7-1.3 1.2t-1.8 0.5q-1 0-3.4-1.1-1.7-0.8-3-2.1t-2.6-3.3q-1.3-1.9-1.3-3.5v-0.1q0.1-1.6 1.3-2.8 0.4-0.4 0.9-0.4 0.1 0 0.3 0t0.3 0q0.3 0 0.5 0.1t0.3 0.5q0.1 0.4 0.6 1.6t0.4 1.3q0 0.4-0.6 1t-0.6 0.8q0 0.1 0.1 0.3 0.6 1.3 1.8 2.4 1 0.9 2.7 1.8 0.2 0.1 0.4 0.1 0.3 0 1-0.9t0.9-0.9zM14 26.9q2.3 0 4.3-0.9t3.6-2.4 2.4-3.6 0.9-4.3-0.9-4.3-2.4-3.6-3.6-2.4-4.3-0.9-4.3 0.9-3.6 2.4-2.4 3.6-0.9 4.3q0 3.6 2.1 6.6l-1.4 4.2 4.3-1.4q2.8 1.9 6.2 1.9zM14 2.2q2.7 0 5.2 1.1t4.3 2.9 2.9 4.3 1.1 5.2-1.1 5.2-2.9 4.3-4.3 2.9-5.2 1.1q-3.5 0-6.5-1.7l-7.4 2.4 2.4-7.2q-1.9-3.2-1.9-6.9 0-2.7 1.1-5.2t2.9-4.3 4.3-2.9 5.2-1.1z\"\/><\/svg><\/span><span class=\"shariff-text\">teilen<\/span>&nbsp;<\/a><\/li><li class=\"shariff-button telegram shariff-nocustomcolor\" style=\"background-color:#4084A6\"><a href=\"https:\/\/telegram.me\/share\/url?url=https%3A%2F%2Fwww.vorbei-ev.de%2Fwwwa%2Fhaftungsausschluss%2F&text=Haftungsausschluss\" title=\"Bei Telegram teilen\" aria-label=\"Bei Telegram teilen\" role=\"button\" rel=\"noopener nofollow\" class=\"shariff-link\" style=\"; background-color:#0088cc; color:#fff\" target=\"_blank\"><span class=\"shariff-icon\" style=\"\"><svg width=\"32px\" height=\"20px\" xmlns=\"http:\/\/www.w3.org\/2000\/svg\" viewBox=\"0 0 32 32\"><path fill=\"#0088cc\" d=\"M30.8 6.5l-4.5 21.4c-.3 1.5-1.2 1.9-2.5 1.2L16.9 24l-3.3 3.2c-.4.4-.7.7-1.4.7l.5-7L25.5 9.2c.6-.5-.1-.8-.9-.3l-15.8 10L2 16.7c-1.5-.5-1.5-1.5.3-2.2L28.9 4.3c1.3-.5 2.3.3 1.9 2.2z\"\/><\/svg><\/span><span class=\"shariff-text\">teilen<\/span>&nbsp;<\/a><\/li><\/ul><\/div>","protected":false},"excerpt":{"rendered":"<p>Haftungsausschluss (Disclaimer) &nbsp; Haftung f\u00fcr Inhalte Als Diensteanbieter sind wir gem\u00e4\u00df \u00a7 7 Abs.1 TMG f\u00fcr eigene Inhalte auf diesen Seiten nach den allgemeinen Gesetzen verantwortlich. Nach \u00a7\u00a7 8 bis 10 TMG sind wir als Diensteanbieter jedoch nicht verpflichtet, \u00fcbermittelte oder gespeicherte fremde Informationen zu \u00fcberwachen oder nach Umst\u00e4nden zu forschen, die auf eine rechtswidrige &hellip; <\/p>\n<p class=\"link-more\"><a href=\"https:\/\/www.vorbei-ev.de\/wwwa\/haftungsausschluss\/\" class=\"more-link\"><span class=\"screen-reader-text\">\u201eHaftungsausschluss\u201c <\/span>weiterlesen<\/a><\/p>\n","protected":false},"author":1,"featured_media":0,"parent":0,"menu_order":0,"comment_status":"closed","ping_status":"closed","template":"","meta":{"footnotes":""},"class_list":["post-341","page","type-page","status-publish","hentry"],"yoast_head":"<!-- This site is optimized with the Yoast SEO plugin v27.3 - https:\/\/yoast.com\/product\/yoast-seo-wordpress\/ -->\n<title>Haftungsausschluss - Vorbei e.V.<\/title>\n<meta name=\"description\" content=\"Haftungsausschluss (Disclaimer) &nbsp; Haftung f\u00fcr Inhalte Als Diensteanbieter sind wir gem\u00e4\u00df \u00a7 7 Abs.1 TMG f\u00fcr eigene Inhalte auf diesen Seiten nach den\" \/>\n<meta name=\"robots\" content=\"index, follow, max-snippet:-1, max-image-preview:large, max-video-preview:-1\" \/>\n<link rel=\"canonical\" href=\"https:\/\/www.vorbei-ev.de\/wwwa\/haftungsausschluss\/\" \/>\n<meta property=\"og:locale\" content=\"de_DE\" \/>\n<meta property=\"og:type\" content=\"article\" \/>\n<meta property=\"og:title\" content=\"Haftungsausschluss - Vorbei e.V.\" \/>\n<meta property=\"og:description\" content=\"Haftungsausschluss (Disclaimer) &nbsp; Haftung f\u00fcr Inhalte Als Diensteanbieter sind wir gem\u00e4\u00df \u00a7 7 Abs.1 TMG f\u00fcr eigene Inhalte auf diesen Seiten nach den\" \/>\n<meta property=\"og:url\" content=\"https:\/\/www.vorbei-ev.de\/wwwa\/haftungsausschluss\/\" \/>\n<meta property=\"og:site_name\" content=\"Vorbei e.V.\" \/>\n<meta property=\"article:publisher\" content=\"https:\/\/www.facebook.com\/groups\/107150626035606\/\" \/>\n<meta property=\"article:modified_time\" content=\"2017-03-17T10:00:34+00:00\" \/>\n<meta name=\"twitter:card\" content=\"summary_large_image\" \/>\n<meta name=\"twitter:label1\" content=\"Gesch\u00e4tzte Lesezeit\" \/>\n\t<meta name=\"twitter:data1\" content=\"2\u00a0Minuten\" \/>\n<script type=\"application\/ld+json\" class=\"yoast-schema-graph\">{\"@context\":\"https:\\\/\\\/schema.org\",\"@graph\":[{\"@type\":\"WebPage\",\"@id\":\"https:\\\/\\\/www.vorbei-ev.de\\\/wwwa\\\/haftungsausschluss\\\/\",\"url\":\"https:\\\/\\\/www.vorbei-ev.de\\\/wwwa\\\/haftungsausschluss\\\/\",\"name\":\"Haftungsausschluss - Vorbei e.V.\",\"isPartOf\":{\"@id\":\"https:\\\/\\\/www.vorbei-ev.de\\\/wwwa\\\/#website\"},\"datePublished\":\"2017-03-17T08:20:31+00:00\",\"dateModified\":\"2017-03-17T10:00:34+00:00\",\"description\":\"Haftungsausschluss (Disclaimer) &nbsp; Haftung f\u00fcr Inhalte Als Diensteanbieter sind wir gem\u00e4\u00df \u00a7 7 Abs.1 TMG f\u00fcr eigene Inhalte auf diesen Seiten nach den\",\"breadcrumb\":{\"@id\":\"https:\\\/\\\/www.vorbei-ev.de\\\/wwwa\\\/haftungsausschluss\\\/#breadcrumb\"},\"inLanguage\":\"de\",\"potentialAction\":[{\"@type\":\"ReadAction\",\"target\":[\"https:\\\/\\\/www.vorbei-ev.de\\\/wwwa\\\/haftungsausschluss\\\/\"]}]},{\"@type\":\"BreadcrumbList\",\"@id\":\"https:\\\/\\\/www.vorbei-ev.de\\\/wwwa\\\/haftungsausschluss\\\/#breadcrumb\",\"itemListElement\":[{\"@type\":\"ListItem\",\"position\":1,\"name\":\"Startseite\",\"item\":\"https:\\\/\\\/www.vorbei-ev.de\\\/wwwa\\\/\"},{\"@type\":\"ListItem\",\"position\":2,\"name\":\"Haftungsausschluss\"}]},{\"@type\":\"WebSite\",\"@id\":\"https:\\\/\\\/www.vorbei-ev.de\\\/wwwa\\\/#website\",\"url\":\"https:\\\/\\\/www.vorbei-ev.de\\\/wwwa\\\/\",\"name\":\"Vorbei e.V.\",\"description\":\"Dokumentation und Erhalt zeitgeschichtlicher Bauwerke\",\"publisher\":{\"@id\":\"https:\\\/\\\/www.vorbei-ev.de\\\/wwwa\\\/#organization\"},\"potentialAction\":[{\"@type\":\"SearchAction\",\"target\":{\"@type\":\"EntryPoint\",\"urlTemplate\":\"https:\\\/\\\/www.vorbei-ev.de\\\/wwwa\\\/?s={search_term_string}\"},\"query-input\":{\"@type\":\"PropertyValueSpecification\",\"valueRequired\":true,\"valueName\":\"search_term_string\"}}],\"inLanguage\":\"de\"},{\"@type\":\"Organization\",\"@id\":\"https:\\\/\\\/www.vorbei-ev.de\\\/wwwa\\\/#organization\",\"name\":\"Vorbei e.V.\",\"url\":\"https:\\\/\\\/www.vorbei-ev.de\\\/wwwa\\\/\",\"logo\":{\"@type\":\"ImageObject\",\"inLanguage\":\"de\",\"@id\":\"https:\\\/\\\/www.vorbei-ev.de\\\/wwwa\\\/#\\\/schema\\\/logo\\\/image\\\/\",\"url\":\"https:\\\/\\\/www.vorbei-ev.de\\\/wwwa\\\/wp-content\\\/uploads\\\/2017\\\/04\\\/Logo_schwarz_640px.png\",\"contentUrl\":\"https:\\\/\\\/www.vorbei-ev.de\\\/wwwa\\\/wp-content\\\/uploads\\\/2017\\\/04\\\/Logo_schwarz_640px.png\",\"width\":640,\"height\":120,\"caption\":\"Vorbei e.V.\"},\"image\":{\"@id\":\"https:\\\/\\\/www.vorbei-ev.de\\\/wwwa\\\/#\\\/schema\\\/logo\\\/image\\\/\"},\"sameAs\":[\"https:\\\/\\\/www.facebook.com\\\/groups\\\/107150626035606\\\/\"]}]}<\/script>\n<!-- \/ Yoast SEO plugin. -->","yoast_head_json":{"title":"Haftungsausschluss - Vorbei e.V.","description":"Haftungsausschluss (Disclaimer) &nbsp; Haftung f\u00fcr Inhalte Als Diensteanbieter sind wir gem\u00e4\u00df \u00a7 7 Abs.1 TMG f\u00fcr eigene Inhalte auf diesen Seiten nach den","robots":{"index":"index","follow":"follow","max-snippet":"max-snippet:-1","max-image-preview":"max-image-preview:large","max-video-preview":"max-video-preview:-1"},"canonical":"https:\/\/www.vorbei-ev.de\/wwwa\/haftungsausschluss\/","og_locale":"de_DE","og_type":"article","og_title":"Haftungsausschluss - Vorbei e.V.","og_description":"Haftungsausschluss (Disclaimer) &nbsp; Haftung f\u00fcr Inhalte Als Diensteanbieter sind wir gem\u00e4\u00df \u00a7 7 Abs.1 TMG f\u00fcr eigene Inhalte auf diesen Seiten nach den","og_url":"https:\/\/www.vorbei-ev.de\/wwwa\/haftungsausschluss\/","og_site_name":"Vorbei e.V.","article_publisher":"https:\/\/www.facebook.com\/groups\/107150626035606\/","article_modified_time":"2017-03-17T10:00:34+00:00","twitter_card":"summary_large_image","twitter_misc":{"Gesch\u00e4tzte Lesezeit":"2\u00a0Minuten"},"schema":{"@context":"https:\/\/schema.org","@graph":[{"@type":"WebPage","@id":"https:\/\/www.vorbei-ev.de\/wwwa\/haftungsausschluss\/","url":"https:\/\/www.vorbei-ev.de\/wwwa\/haftungsausschluss\/","name":"Haftungsausschluss - Vorbei e.V.","isPartOf":{"@id":"https:\/\/www.vorbei-ev.de\/wwwa\/#website"},"datePublished":"2017-03-17T08:20:31+00:00","dateModified":"2017-03-17T10:00:34+00:00","description":"Haftungsausschluss (Disclaimer) &nbsp; Haftung f\u00fcr Inhalte Als Diensteanbieter sind wir gem\u00e4\u00df \u00a7 7 Abs.1 TMG f\u00fcr eigene Inhalte auf diesen Seiten nach den","breadcrumb":{"@id":"https:\/\/www.vorbei-ev.de\/wwwa\/haftungsausschluss\/#breadcrumb"},"inLanguage":"de","potentialAction":[{"@type":"ReadAction","target":["https:\/\/www.vorbei-ev.de\/wwwa\/haftungsausschluss\/"]}]},{"@type":"BreadcrumbList","@id":"https:\/\/www.vorbei-ev.de\/wwwa\/haftungsausschluss\/#breadcrumb","itemListElement":[{"@type":"ListItem","position":1,"name":"Startseite","item":"https:\/\/www.vorbei-ev.de\/wwwa\/"},{"@type":"ListItem","position":2,"name":"Haftungsausschluss"}]},{"@type":"WebSite","@id":"https:\/\/www.vorbei-ev.de\/wwwa\/#website","url":"https:\/\/www.vorbei-ev.de\/wwwa\/","name":"Vorbei e.V.","description":"Dokumentation und Erhalt zeitgeschichtlicher Bauwerke","publisher":{"@id":"https:\/\/www.vorbei-ev.de\/wwwa\/#organization"},"potentialAction":[{"@type":"SearchAction","target":{"@type":"EntryPoint","urlTemplate":"https:\/\/www.vorbei-ev.de\/wwwa\/?s={search_term_string}"},"query-input":{"@type":"PropertyValueSpecification","valueRequired":true,"valueName":"search_term_string"}}],"inLanguage":"de"},{"@type":"Organization","@id":"https:\/\/www.vorbei-ev.de\/wwwa\/#organization","name":"Vorbei e.V.","url":"https:\/\/www.vorbei-ev.de\/wwwa\/","logo":{"@type":"ImageObject","inLanguage":"de","@id":"https:\/\/www.vorbei-ev.de\/wwwa\/#\/schema\/logo\/image\/","url":"https:\/\/www.vorbei-ev.de\/wwwa\/wp-content\/uploads\/2017\/04\/Logo_schwarz_640px.png","contentUrl":"https:\/\/www.vorbei-ev.de\/wwwa\/wp-content\/uploads\/2017\/04\/Logo_schwarz_640px.png","width":640,"height":120,"caption":"Vorbei e.V."},"image":{"@id":"https:\/\/www.vorbei-ev.de\/wwwa\/#\/schema\/logo\/image\/"},"sameAs":["https:\/\/www.facebook.com\/groups\/107150626035606\/"]}]}},"_links":{"self":[{"href":"https:\/\/www.vorbei-ev.de\/wwwa\/wp-json\/wp\/v2\/pages\/341","targetHints":{"allow":["GET"]}}],"collection":[{"href":"https:\/\/www.vorbei-ev.de\/wwwa\/wp-json\/wp\/v2\/pages"}],"about":[{"href":"https:\/\/www.vorbei-ev.de\/wwwa\/wp-json\/wp\/v2\/types\/page"}],"author":[{"embeddable":true,"href":"https:\/\/www.vorbei-ev.de\/wwwa\/wp-json\/wp\/v2\/users\/1"}],"replies":[{"embeddable":true,"href":"https:\/\/www.vorbei-ev.de\/wwwa\/wp-json\/wp\/v2\/comments?post=341"}],"version-history":[{"count":4,"href":"https:\/\/www.vorbei-ev.de\/wwwa\/wp-json\/wp\/v2\/pages\/341\/revisions"}],"predecessor-version":[{"id":363,"href":"https:\/\/www.vorbei-ev.de\/wwwa\/wp-json\/wp\/v2\/pages\/341\/revisions\/363"}],"wp:attachment":[{"href":"https:\/\/www.vorbei-ev.de\/wwwa\/wp-json\/wp\/v2\/media?parent=341"}],"curies":[{"name":"wp","href":"https:\/\/api.w.org\/{rel}","templated":true}]}}