{"id":2632,"date":"2017-04-22T07:35:26","date_gmt":"2017-04-22T05:35:26","guid":{"rendered":"http:\/\/www.vorbei-ev.de\/wwwa\/?page_id=2632"},"modified":"2017-04-22T18:10:03","modified_gmt":"2017-04-22T16:10:03","slug":"virtuelles-gsvbw-museum-erprobung-hydraulik-vorgeschichte","status":"publish","type":"page","link":"https:\/\/www.vorbei-ev.de\/wwwa\/virtuelles-gsvbw-museum-erprobung-hydraulik-vorgeschichte\/","title":{"rendered":"Virtuelles GSVBw-Museum: Erprobung Hydraulik &#8211; Vorgeschichte"},"content":{"rendered":"<h1 style=\"text-align: center;\">GSVBw &#8211; Die Grundnetzschalt- und Vermittlungsstellen der Bundeswehr<\/h1>\n<h2>Prototyp-Erprobung: Elektrohydraulische T\u00fcrenbet\u00e4tigung mit Zwangsverriegelung in der GSVBw 27 &#8211; Lingen<\/h2>\n<h2>Vorgeschichte<\/h2>\n<p>Im Rahmen einer Prototyp-Erprobung veranlasste das Bundesamt f\u00fcr Wehrtechnik und Beschaffung (BWB) die Installation einer elektrohydraulischen T\u00fcrenbet\u00e4tigung f\u00fcr die Panzerdruckt\u00fcren in der GSVBw 27 Lingen. Die Anforderung f\u00fcr diesen Prototypen erfolgte in einer milit\u00e4rischen Forderung des h\u00f6heren Pionierstabes (H\u00f6hPiStab) III\/2 unter dem Aktenzeichen 40-03-20, Tagebuch-Nummer 145\/63 vom 25.01.1963. Die Erprobungsanweisung forderte eine Zusammenfassung der zweigeteilten Panzerdruckt\u00fcren vom Typ &#8222;4 PT IV 58&#8220;. Zus\u00e4tzlich waren die zusammengefassten Druckt\u00fcren mit einem elektrohydraulischen Antrieb sowie einer mechanischen Zwangsverriegelung auszur\u00fcsten. Eine spezielle Abdichtung der inneren Druckt\u00fcr musste einen gassicheren Abschluss des Schutzbaues sicher stellen.<\/p>\n<p>Zuvor mussten aufw\u00e4ndige Umbauarbeiten fertig gestellt werden. Jede der beiden zweigeteilten Panzerdruckt\u00fcren in der Zugangsschleuse (Raum 52) wurde konstruktiv zusammengefasst. Ein separates \u00d6ffnen des oberen T\u00fcrblattes war somit nicht mehr m\u00f6glich. Durch das L\u00f6sen von 3 Keilverbindungen und des Hebelgest\u00e4nges konnte die Zusammenfassung jedoch wieder r\u00fcckg\u00e4ngig gemacht werden.<\/p>\n<p>Jede Druckt\u00fcr wurde mit einem Vorreiber zum verriegeln der unteren T\u00fcrh\u00e4lfte, sowie einem Vorreiber zur Verriegelung der oberen T\u00fcrh\u00e4lfte ausgestattet. Nach der Zusammenfassung beider T\u00fcrh\u00e4lften erfolgte der Einbau eines Hebelgest\u00e4nges. Mittels Hebelgest\u00e4nge konnten nun beide Vorreiber gleichzeitig bet\u00e4tigt werden. Der daf\u00fcr erforderliche h\u00f6here Kraftaufwand wurde mit einem verl\u00e4ngerten Bet\u00e4tigungshebel minimiert.<\/p>\n<p>Weiterhin erfolgte der Einbau einer mechanischen Zwangsverriegelung. Durch diese Einrichtung konnte eine Panzerdruckt\u00fcr nur dann ge\u00f6ffnet werden, wenn die jeweils andere Druckt\u00fcr geschlossen war. Ein zwischen beiden Panzerdruckt\u00fcren installierter Fernsteuerungszug, der Zug- und Druckkr\u00e4fte \u00fcbertragen konnte, stellte diese Funktion sicher. Dazu blockierte oder entsicherte er den Vorreiber der Panzerdruckt\u00fcr in Abh\u00e4ngigkeit vom Zustand der korrespondierenden Panzerdruckt\u00fcr in der Zugangsschleuse.<\/p>\n<p>Zur hydraulischen Bet\u00e4tigung der T\u00fcren wurden Hydraulik-Zylinder unter der Raumdecke im Vorflur der Dekontaminierungsanlage (Raum 53) installiert. Die Druck\u00f6l-Versorgung dieser Hydraulik-Zylinder erfolgte durch ein zusammengefasstes Hydraulik- und Steueraggregat. Die Druck- und Zugkr\u00e4fte von den unter der Raumdecke montierten Hydraulik-Zylindern konnten mit speziellen Steuerz\u00fcgen auf die Druckt\u00fcren \u00fcbertragen werden und dort eine \u00d6ffnungs- bzw. Schliessfunktion durchf\u00fchren. Voraussetzung daf\u00fcr waren jedoch zwei Bedingungen:<\/p>\n<p>&#8211; Die jeweilige Druckt\u00fcr musste vor dem \u00d6ffnungsvorgang manuell entriegelt werden.<br \/>\n&#8211; Die korrespondierte Druckt\u00fcr musste verschlossen und verriegelt sein, damit ein an der Druckt\u00fcr angebrachter Endschalter den Schaltvorgang zugelassen h\u00e4tte.<\/p>\n<p>&nbsp;<\/p>\n<figure id=\"attachment_2641\" aria-describedby=\"caption-attachment-2641\" style=\"width: 800px\" class=\"wp-caption aligncenter\"><img loading=\"lazy\" decoding=\"async\" class=\"wp-image-2641 size-full\" src=\"https:\/\/www.vorbei-ev.de\/wwwa\/wp-content\/uploads\/2017\/04\/gsvbw27_hydr_07.jpg\" alt=\"\" width=\"800\" height=\"533\" srcset=\"https:\/\/www.vorbei-ev.de\/wwwa\/wp-content\/uploads\/2017\/04\/gsvbw27_hydr_07.jpg 800w, https:\/\/www.vorbei-ev.de\/wwwa\/wp-content\/uploads\/2017\/04\/gsvbw27_hydr_07-400x267.jpg 400w, https:\/\/www.vorbei-ev.de\/wwwa\/wp-content\/uploads\/2017\/04\/gsvbw27_hydr_07-768x512.jpg 768w\" sizes=\"auto, (max-width: 706px) 89vw, (max-width: 767px) 82vw, 740px\" \/><figcaption id=\"caption-attachment-2641\" class=\"wp-caption-text\">Zweigeteilte Panzerdruckt\u00fcr ohne elektrohydraulische T\u00fcrbet\u00e4tigung in der GSVBw 21 L\u00fcdersen.<\/figcaption><\/figure>\n<p>&nbsp;<\/p>\n<h2>Betriebsarten<\/h2>\n<p>Handbet\u00e4tigung<\/p>\n<p>Im spannungslosen Zustand standen die Steuerventile der hydraulischen Anlage auf Durchfluss. Nach der manuellen Entriegelung konnte die Druckt\u00fcr mit entsprechendem Kraftaufwand ge\u00f6ffnet werden. Durch Ausheben des Fernsteuerungszuges wurde die Zwangsverriegelung der korrespondierenden Druckt\u00fcr unwirksam und erm\u00f6glichte das \u00d6ffnen beider Druckt\u00fcren, um z.B. Transportarbeiten durchf\u00fchren zu k\u00f6nnen.<\/p>\n<p>Hydraulische Bet\u00e4tigung<\/p>\n<p>Mittels Drucktaster konnte eine ge\u00f6ffnete Druckt\u00fcr zugefahren oder nach manueller Entriegelung ge\u00f6ffnet werden. Eine T\u00fcrbewegung fand nur statt, w\u00e4hrend der entsprechende Drucktaster gedr\u00fcckt wurde. Signalleuchten am Steuerschrank zeigten den Status der beiden Druckt\u00fcren an. Ein Wahlschalter am Steuerschrank erm\u00f6glichte die T\u00fcrsteuerung zentral vom Steuerschrank aus oder von den Drucktastern im Schleusenbereich. Bei zentraler Steuerung wurden zus\u00e4tzlich &#8222;Not-Aus&#8220;-Taster im Schleusenbereich zugeschaltet, die in einer Notsituation bet\u00e4tigt werden konnten.<\/p>\n<p>Hydraulische Bet\u00e4tigung ohne gegenseitige elektrische Sperre der T\u00fcrbet\u00e4tigung<\/p>\n<p>In dieser Betriebsart konnten beide Druckt\u00fcren nach der manuellen Entriegelung elektrohydraulisch ge\u00f6ffnet werden, wenn zuvor der Fernsteuerungszug zur mechanischen Zwangsverriegelung ausgehoben wurde. Zu diesem Zweck musste mittels Wahlschalter am Steuerschrank die gegenseitige elektrische Sperre der T\u00fcrbet\u00e4tigung abgeschaltet werden.<\/p>\n<p>Betriebsdaten und Betriebsergebnisse<\/p>\n<p>Der \u00d6ldruck im Hydrauliksystem wurde auf 13 bar eingestellt. Mit diesem Druck konnte eine Bet\u00e4tigungskraft von 260 kp (kp=Kilopond, 1 kp entspricht 1 kg) am T\u00fcranschlagspunkt des Steuerzuges erwirkt werden. Die zul\u00e4ssige Belastbarkeit des eingesetzten Steuerzuges lag bei 300 kp Druckkraft und 600 kp Zugkraft.<\/p>\n<p>Bei Handbetrieb lag die ben\u00f6tigte Druck- und Zugkraft zum bewegen der Druckt\u00fcren bei 50 kp an den T\u00fcrgriffen. Der erforderliche Kraftaufwand zur manuellen Entriegelung einer Druckt\u00fcr lag bei 14 kp, und zur Verriegelung bei 38 kp.<\/p>\n<p>Die \u00d6ffnungs- und Schlie\u00dfzeitdauer einer Druckt\u00fcr betrug bei hydraulischer Bet\u00e4tigung jeweils 7 Sekunden.<\/p>\n<p>&nbsp;<\/p>\n<table>\n<tbody>\n<tr>\n<td style=\"width: 30%; background-color: #bebebe; text-align: center; vertical-align: middle;\">&lt; <a href=\"https:\/\/www.vorbei-ev.de\/wwwa\/virtuelles-gsvbw-museum-prototyp-erprobung-erfahrungen-nach-der-uebernahme\/\">Vorherige Seite<\/a><\/td>\n<td style=\"width: 5%; text-align: center; vertical-align: middle;\"><\/td>\n<td style=\"width: 30%; background-color: #bebebe; text-align: center; vertical-align: middle;\"><a href=\"https:\/\/www.vorbei-ev.de\/wwwa\/virtuelles-gsvbw-museum-einleitung-und-themenuebersicht\/\">Zur\u00fcck zur Einleitung<\/a><\/td>\n<td style=\"width: 5%; text-align: center; vertical-align: middle;\"><\/td>\n<td style=\"width: 30%; background-color: #bebebe; text-align: center; vertical-align: middle;\"><a href=\"https:\/\/www.vorbei-ev.de\/wwwa\/virtuelles-gsvbw-museum-erprobung-hydraulik-vorstellung-des-prototypen\/\">N\u00e4chste Seite<\/a> &gt;<\/td>\n<\/tr>\n<\/tbody>\n<\/table>\n<div class=\"shariff shariff-align-left shariff-widget-align-left shariff-buttonstretch\" data-services=\"facebook\" data-url=\"https:\/\/www.vorbei-ev.de\/wwwa\/virtuelles-gsvbw-museum-erprobung-hydraulik-vorgeschichte\/\" data-timestamp=\"1492884603\" data-backendurl=\"https:\/\/www.vorbei-ev.de\/wwwa\/wp-json\/shariff\/v1\/share_counts?\"><ul class=\"shariff-buttons theme-default orientation-horizontal buttonsize-medium\"><li class=\"shariff-button facebook shariff-nocustomcolor\" style=\"background-color:#4273c8\"><a href=\"https:\/\/www.facebook.com\/sharer\/sharer.php?u=https%3A%2F%2Fwww.vorbei-ev.de%2Fwwwa%2Fvirtuelles-gsvbw-museum-erprobung-hydraulik-vorgeschichte%2F\" title=\"Bei Facebook teilen\" aria-label=\"Bei Facebook teilen\" role=\"button\" rel=\"nofollow\" class=\"shariff-link\" style=\"; background-color:#3b5998; color:#fff\" target=\"_blank\"><span class=\"shariff-icon\" style=\"\"><svg width=\"32px\" height=\"20px\" xmlns=\"http:\/\/www.w3.org\/2000\/svg\" viewBox=\"0 0 18 32\"><path fill=\"#3b5998\" d=\"M17.1 0.2v4.7h-2.8q-1.5 0-2.1 0.6t-0.5 1.9v3.4h5.2l-0.7 5.3h-4.5v13.6h-5.5v-13.6h-4.5v-5.3h4.5v-3.9q0-3.3 1.9-5.2t5-1.8q2.6 0 4.1 0.2z\"\/><\/svg><\/span><span class=\"shariff-text\">teilen<\/span>&nbsp;<\/a><\/li><li class=\"shariff-button twitter shariff-nocustomcolor\" style=\"background-color:#595959\"><a href=\"https:\/\/twitter.com\/share?url=https%3A%2F%2Fwww.vorbei-ev.de%2Fwwwa%2Fvirtuelles-gsvbw-museum-erprobung-hydraulik-vorgeschichte%2F&text=Virtuelles%20GSVBw-Museum%3A%20Erprobung%20Hydraulik%20%E2%80%93%20Vorgeschichte\" title=\"Bei X teilen\" aria-label=\"Bei X teilen\" role=\"button\" rel=\"noopener nofollow\" class=\"shariff-link\" style=\"; background-color:#000; color:#fff\" target=\"_blank\"><span class=\"shariff-icon\" style=\"\"><svg width=\"32px\" height=\"20px\" xmlns=\"http:\/\/www.w3.org\/2000\/svg\" viewBox=\"0 0 24 24\"><path fill=\"#000\" d=\"M14.258 10.152L23.176 0h-2.113l-7.747 8.813L7.133 0H0l9.352 13.328L0 23.973h2.113l8.176-9.309 6.531 9.309h7.133zm-2.895 3.293l-.949-1.328L2.875 1.56h3.246l6.086 8.523.945 1.328 7.91 11.078h-3.246zm0 0\"\/><\/svg><\/span><span class=\"shariff-text\">teilen<\/span>&nbsp;<\/a><\/li><li class=\"shariff-button whatsapp shariff-nocustomcolor\" style=\"background-color:#5cbe4a\"><a href=\"https:\/\/api.whatsapp.com\/send?text=https%3A%2F%2Fwww.vorbei-ev.de%2Fwwwa%2Fvirtuelles-gsvbw-museum-erprobung-hydraulik-vorgeschichte%2F%20Virtuelles%20GSVBw-Museum%3A%20Erprobung%20Hydraulik%20%E2%80%93%20Vorgeschichte\" title=\"Bei Whatsapp teilen\" aria-label=\"Bei Whatsapp teilen\" role=\"button\" rel=\"noopener nofollow\" class=\"shariff-link\" style=\"; background-color:#34af23; color:#fff\" target=\"_blank\"><span class=\"shariff-icon\" style=\"\"><svg width=\"32px\" height=\"20px\" xmlns=\"http:\/\/www.w3.org\/2000\/svg\" viewBox=\"0 0 32 32\"><path fill=\"#34af23\" d=\"M17.6 17.4q0.2 0 1.7 0.8t1.6 0.9q0 0.1 0 0.3 0 0.6-0.3 1.4-0.3 0.7-1.3 1.2t-1.8 0.5q-1 0-3.4-1.1-1.7-0.8-3-2.1t-2.6-3.3q-1.3-1.9-1.3-3.5v-0.1q0.1-1.6 1.3-2.8 0.4-0.4 0.9-0.4 0.1 0 0.3 0t0.3 0q0.3 0 0.5 0.1t0.3 0.5q0.1 0.4 0.6 1.6t0.4 1.3q0 0.4-0.6 1t-0.6 0.8q0 0.1 0.1 0.3 0.6 1.3 1.8 2.4 1 0.9 2.7 1.8 0.2 0.1 0.4 0.1 0.3 0 1-0.9t0.9-0.9zM14 26.9q2.3 0 4.3-0.9t3.6-2.4 2.4-3.6 0.9-4.3-0.9-4.3-2.4-3.6-3.6-2.4-4.3-0.9-4.3 0.9-3.6 2.4-2.4 3.6-0.9 4.3q0 3.6 2.1 6.6l-1.4 4.2 4.3-1.4q2.8 1.9 6.2 1.9zM14 2.2q2.7 0 5.2 1.1t4.3 2.9 2.9 4.3 1.1 5.2-1.1 5.2-2.9 4.3-4.3 2.9-5.2 1.1q-3.5 0-6.5-1.7l-7.4 2.4 2.4-7.2q-1.9-3.2-1.9-6.9 0-2.7 1.1-5.2t2.9-4.3 4.3-2.9 5.2-1.1z\"\/><\/svg><\/span><span class=\"shariff-text\">teilen<\/span>&nbsp;<\/a><\/li><li class=\"shariff-button telegram shariff-nocustomcolor\" style=\"background-color:#4084A6\"><a href=\"https:\/\/telegram.me\/share\/url?url=https%3A%2F%2Fwww.vorbei-ev.de%2Fwwwa%2Fvirtuelles-gsvbw-museum-erprobung-hydraulik-vorgeschichte%2F&text=Virtuelles%20GSVBw-Museum%3A%20Erprobung%20Hydraulik%20%E2%80%93%20Vorgeschichte\" title=\"Bei Telegram teilen\" aria-label=\"Bei Telegram teilen\" role=\"button\" rel=\"noopener nofollow\" class=\"shariff-link\" style=\"; background-color:#0088cc; color:#fff\" target=\"_blank\"><span class=\"shariff-icon\" style=\"\"><svg width=\"32px\" height=\"20px\" xmlns=\"http:\/\/www.w3.org\/2000\/svg\" viewBox=\"0 0 32 32\"><path fill=\"#0088cc\" d=\"M30.8 6.5l-4.5 21.4c-.3 1.5-1.2 1.9-2.5 1.2L16.9 24l-3.3 3.2c-.4.4-.7.7-1.4.7l.5-7L25.5 9.2c.6-.5-.1-.8-.9-.3l-15.8 10L2 16.7c-1.5-.5-1.5-1.5.3-2.2L28.9 4.3c1.3-.5 2.3.3 1.9 2.2z\"\/><\/svg><\/span><span class=\"shariff-text\">teilen<\/span>&nbsp;<\/a><\/li><\/ul><\/div>","protected":false},"excerpt":{"rendered":"<p>GSVBw &#8211; Die Grundnetzschalt- und Vermittlungsstellen der Bundeswehr Prototyp-Erprobung: Elektrohydraulische T\u00fcrenbet\u00e4tigung mit Zwangsverriegelung in der GSVBw 27 &#8211; Lingen Vorgeschichte Im Rahmen einer Prototyp-Erprobung veranlasste das Bundesamt f\u00fcr Wehrtechnik und Beschaffung (BWB) die Installation einer elektrohydraulischen T\u00fcrenbet\u00e4tigung f\u00fcr die Panzerdruckt\u00fcren in der GSVBw 27 Lingen. Die Anforderung f\u00fcr diesen Prototypen erfolgte in einer milit\u00e4rischen Forderung &hellip; <\/p>\n<p class=\"link-more\"><a href=\"https:\/\/www.vorbei-ev.de\/wwwa\/virtuelles-gsvbw-museum-erprobung-hydraulik-vorgeschichte\/\" class=\"more-link\"><span class=\"screen-reader-text\">\u201eVirtuelles GSVBw-Museum: Erprobung Hydraulik &#8211; Vorgeschichte\u201c <\/span>weiterlesen<\/a><\/p>\n","protected":false},"author":2,"featured_media":0,"parent":0,"menu_order":0,"comment_status":"closed","ping_status":"closed","template":"","meta":{"footnotes":""},"class_list":["post-2632","page","type-page","status-publish","hentry"],"yoast_head":"<!-- This site is optimized with the Yoast SEO plugin v27.4 - https:\/\/yoast.com\/product\/yoast-seo-wordpress\/ -->\n<title>Virtuelles GSVBw-Museum: Erprobung Hydraulik - Vorgeschichte - Vorbei e.V.<\/title>\n<meta name=\"description\" content=\"GSVBw - Die Grundnetzschalt- und Vermittlungsstellen der Bundeswehr Prototyp-Erprobung: Elektrohydraulische T\u00fcrenbet\u00e4tigung mit Zwangsverriegelung in der\" \/>\n<meta name=\"robots\" content=\"index, follow, max-snippet:-1, max-image-preview:large, max-video-preview:-1\" \/>\n<link rel=\"canonical\" href=\"https:\/\/www.vorbei-ev.de\/wwwa\/virtuelles-gsvbw-museum-erprobung-hydraulik-vorgeschichte\/\" \/>\n<meta property=\"og:locale\" content=\"de_DE\" \/>\n<meta property=\"og:type\" content=\"article\" \/>\n<meta property=\"og:title\" content=\"Virtuelles GSVBw-Museum: Erprobung Hydraulik - Vorgeschichte - Vorbei e.V.\" \/>\n<meta property=\"og:description\" content=\"GSVBw - Die Grundnetzschalt- und Vermittlungsstellen der Bundeswehr Prototyp-Erprobung: Elektrohydraulische T\u00fcrenbet\u00e4tigung mit Zwangsverriegelung in der\" \/>\n<meta property=\"og:url\" content=\"https:\/\/www.vorbei-ev.de\/wwwa\/virtuelles-gsvbw-museum-erprobung-hydraulik-vorgeschichte\/\" \/>\n<meta property=\"og:site_name\" content=\"Vorbei e.V.\" \/>\n<meta property=\"article:publisher\" content=\"https:\/\/www.facebook.com\/groups\/107150626035606\/\" \/>\n<meta property=\"article:modified_time\" content=\"2017-04-22T16:10:03+00:00\" \/>\n<meta property=\"og:image\" content=\"https:\/\/www.vorbei-ev.de\/wwwa\/wp-content\/uploads\/2017\/04\/gsvbw27_hydr_07.jpg\" \/>\n<meta name=\"twitter:card\" content=\"summary_large_image\" \/>\n<meta name=\"twitter:label1\" content=\"Gesch\u00e4tzte Lesezeit\" \/>\n\t<meta name=\"twitter:data1\" content=\"4\u00a0Minuten\" \/>\n<script type=\"application\/ld+json\" class=\"yoast-schema-graph\">{\"@context\":\"https:\\\/\\\/schema.org\",\"@graph\":[{\"@type\":\"WebPage\",\"@id\":\"https:\\\/\\\/www.vorbei-ev.de\\\/wwwa\\\/virtuelles-gsvbw-museum-erprobung-hydraulik-vorgeschichte\\\/\",\"url\":\"https:\\\/\\\/www.vorbei-ev.de\\\/wwwa\\\/virtuelles-gsvbw-museum-erprobung-hydraulik-vorgeschichte\\\/\",\"name\":\"Virtuelles GSVBw-Museum: Erprobung Hydraulik - Vorgeschichte - Vorbei e.V.\",\"isPartOf\":{\"@id\":\"https:\\\/\\\/www.vorbei-ev.de\\\/wwwa\\\/#website\"},\"primaryImageOfPage\":{\"@id\":\"https:\\\/\\\/www.vorbei-ev.de\\\/wwwa\\\/virtuelles-gsvbw-museum-erprobung-hydraulik-vorgeschichte\\\/#primaryimage\"},\"image\":{\"@id\":\"https:\\\/\\\/www.vorbei-ev.de\\\/wwwa\\\/virtuelles-gsvbw-museum-erprobung-hydraulik-vorgeschichte\\\/#primaryimage\"},\"thumbnailUrl\":\"https:\\\/\\\/www.vorbei-ev.de\\\/wwwa\\\/wp-content\\\/uploads\\\/2017\\\/04\\\/gsvbw27_hydr_07.jpg\",\"datePublished\":\"2017-04-22T05:35:26+00:00\",\"dateModified\":\"2017-04-22T16:10:03+00:00\",\"description\":\"GSVBw - Die Grundnetzschalt- und Vermittlungsstellen der Bundeswehr Prototyp-Erprobung: Elektrohydraulische T\u00fcrenbet\u00e4tigung mit Zwangsverriegelung in der\",\"breadcrumb\":{\"@id\":\"https:\\\/\\\/www.vorbei-ev.de\\\/wwwa\\\/virtuelles-gsvbw-museum-erprobung-hydraulik-vorgeschichte\\\/#breadcrumb\"},\"inLanguage\":\"de\",\"potentialAction\":[{\"@type\":\"ReadAction\",\"target\":[\"https:\\\/\\\/www.vorbei-ev.de\\\/wwwa\\\/virtuelles-gsvbw-museum-erprobung-hydraulik-vorgeschichte\\\/\"]}]},{\"@type\":\"ImageObject\",\"inLanguage\":\"de\",\"@id\":\"https:\\\/\\\/www.vorbei-ev.de\\\/wwwa\\\/virtuelles-gsvbw-museum-erprobung-hydraulik-vorgeschichte\\\/#primaryimage\",\"url\":\"https:\\\/\\\/www.vorbei-ev.de\\\/wwwa\\\/wp-content\\\/uploads\\\/2017\\\/04\\\/gsvbw27_hydr_07.jpg\",\"contentUrl\":\"https:\\\/\\\/www.vorbei-ev.de\\\/wwwa\\\/wp-content\\\/uploads\\\/2017\\\/04\\\/gsvbw27_hydr_07.jpg\",\"width\":800,\"height\":533},{\"@type\":\"BreadcrumbList\",\"@id\":\"https:\\\/\\\/www.vorbei-ev.de\\\/wwwa\\\/virtuelles-gsvbw-museum-erprobung-hydraulik-vorgeschichte\\\/#breadcrumb\",\"itemListElement\":[{\"@type\":\"ListItem\",\"position\":1,\"name\":\"Startseite\",\"item\":\"https:\\\/\\\/www.vorbei-ev.de\\\/wwwa\\\/\"},{\"@type\":\"ListItem\",\"position\":2,\"name\":\"Virtuelles GSVBw-Museum: Erprobung Hydraulik &#8211; Vorgeschichte\"}]},{\"@type\":\"WebSite\",\"@id\":\"https:\\\/\\\/www.vorbei-ev.de\\\/wwwa\\\/#website\",\"url\":\"https:\\\/\\\/www.vorbei-ev.de\\\/wwwa\\\/\",\"name\":\"Vorbei e.V.\",\"description\":\"Dokumentation und Erhalt zeitgeschichtlicher Bauwerke\",\"publisher\":{\"@id\":\"https:\\\/\\\/www.vorbei-ev.de\\\/wwwa\\\/#organization\"},\"potentialAction\":[{\"@type\":\"SearchAction\",\"target\":{\"@type\":\"EntryPoint\",\"urlTemplate\":\"https:\\\/\\\/www.vorbei-ev.de\\\/wwwa\\\/?s={search_term_string}\"},\"query-input\":{\"@type\":\"PropertyValueSpecification\",\"valueRequired\":true,\"valueName\":\"search_term_string\"}}],\"inLanguage\":\"de\"},{\"@type\":\"Organization\",\"@id\":\"https:\\\/\\\/www.vorbei-ev.de\\\/wwwa\\\/#organization\",\"name\":\"Vorbei e.V.\",\"url\":\"https:\\\/\\\/www.vorbei-ev.de\\\/wwwa\\\/\",\"logo\":{\"@type\":\"ImageObject\",\"inLanguage\":\"de\",\"@id\":\"https:\\\/\\\/www.vorbei-ev.de\\\/wwwa\\\/#\\\/schema\\\/logo\\\/image\\\/\",\"url\":\"https:\\\/\\\/www.vorbei-ev.de\\\/wwwa\\\/wp-content\\\/uploads\\\/2017\\\/04\\\/Logo_schwarz_640px.png\",\"contentUrl\":\"https:\\\/\\\/www.vorbei-ev.de\\\/wwwa\\\/wp-content\\\/uploads\\\/2017\\\/04\\\/Logo_schwarz_640px.png\",\"width\":640,\"height\":120,\"caption\":\"Vorbei e.V.\"},\"image\":{\"@id\":\"https:\\\/\\\/www.vorbei-ev.de\\\/wwwa\\\/#\\\/schema\\\/logo\\\/image\\\/\"},\"sameAs\":[\"https:\\\/\\\/www.facebook.com\\\/groups\\\/107150626035606\\\/\"]}]}<\/script>\n<!-- \/ Yoast SEO plugin. -->","yoast_head_json":{"title":"Virtuelles GSVBw-Museum: Erprobung Hydraulik - Vorgeschichte - Vorbei e.V.","description":"GSVBw - Die Grundnetzschalt- und Vermittlungsstellen der Bundeswehr Prototyp-Erprobung: Elektrohydraulische T\u00fcrenbet\u00e4tigung mit Zwangsverriegelung in der","robots":{"index":"index","follow":"follow","max-snippet":"max-snippet:-1","max-image-preview":"max-image-preview:large","max-video-preview":"max-video-preview:-1"},"canonical":"https:\/\/www.vorbei-ev.de\/wwwa\/virtuelles-gsvbw-museum-erprobung-hydraulik-vorgeschichte\/","og_locale":"de_DE","og_type":"article","og_title":"Virtuelles GSVBw-Museum: Erprobung Hydraulik - Vorgeschichte - Vorbei e.V.","og_description":"GSVBw - Die Grundnetzschalt- und Vermittlungsstellen der Bundeswehr Prototyp-Erprobung: Elektrohydraulische T\u00fcrenbet\u00e4tigung mit Zwangsverriegelung in der","og_url":"https:\/\/www.vorbei-ev.de\/wwwa\/virtuelles-gsvbw-museum-erprobung-hydraulik-vorgeschichte\/","og_site_name":"Vorbei e.V.","article_publisher":"https:\/\/www.facebook.com\/groups\/107150626035606\/","article_modified_time":"2017-04-22T16:10:03+00:00","og_image":[{"url":"https:\/\/www.vorbei-ev.de\/wwwa\/wp-content\/uploads\/2017\/04\/gsvbw27_hydr_07.jpg","type":"","width":"","height":""}],"twitter_card":"summary_large_image","twitter_misc":{"Gesch\u00e4tzte Lesezeit":"4\u00a0Minuten"},"schema":{"@context":"https:\/\/schema.org","@graph":[{"@type":"WebPage","@id":"https:\/\/www.vorbei-ev.de\/wwwa\/virtuelles-gsvbw-museum-erprobung-hydraulik-vorgeschichte\/","url":"https:\/\/www.vorbei-ev.de\/wwwa\/virtuelles-gsvbw-museum-erprobung-hydraulik-vorgeschichte\/","name":"Virtuelles GSVBw-Museum: Erprobung Hydraulik - Vorgeschichte - Vorbei e.V.","isPartOf":{"@id":"https:\/\/www.vorbei-ev.de\/wwwa\/#website"},"primaryImageOfPage":{"@id":"https:\/\/www.vorbei-ev.de\/wwwa\/virtuelles-gsvbw-museum-erprobung-hydraulik-vorgeschichte\/#primaryimage"},"image":{"@id":"https:\/\/www.vorbei-ev.de\/wwwa\/virtuelles-gsvbw-museum-erprobung-hydraulik-vorgeschichte\/#primaryimage"},"thumbnailUrl":"https:\/\/www.vorbei-ev.de\/wwwa\/wp-content\/uploads\/2017\/04\/gsvbw27_hydr_07.jpg","datePublished":"2017-04-22T05:35:26+00:00","dateModified":"2017-04-22T16:10:03+00:00","description":"GSVBw - Die Grundnetzschalt- und Vermittlungsstellen der Bundeswehr Prototyp-Erprobung: Elektrohydraulische T\u00fcrenbet\u00e4tigung mit Zwangsverriegelung in der","breadcrumb":{"@id":"https:\/\/www.vorbei-ev.de\/wwwa\/virtuelles-gsvbw-museum-erprobung-hydraulik-vorgeschichte\/#breadcrumb"},"inLanguage":"de","potentialAction":[{"@type":"ReadAction","target":["https:\/\/www.vorbei-ev.de\/wwwa\/virtuelles-gsvbw-museum-erprobung-hydraulik-vorgeschichte\/"]}]},{"@type":"ImageObject","inLanguage":"de","@id":"https:\/\/www.vorbei-ev.de\/wwwa\/virtuelles-gsvbw-museum-erprobung-hydraulik-vorgeschichte\/#primaryimage","url":"https:\/\/www.vorbei-ev.de\/wwwa\/wp-content\/uploads\/2017\/04\/gsvbw27_hydr_07.jpg","contentUrl":"https:\/\/www.vorbei-ev.de\/wwwa\/wp-content\/uploads\/2017\/04\/gsvbw27_hydr_07.jpg","width":800,"height":533},{"@type":"BreadcrumbList","@id":"https:\/\/www.vorbei-ev.de\/wwwa\/virtuelles-gsvbw-museum-erprobung-hydraulik-vorgeschichte\/#breadcrumb","itemListElement":[{"@type":"ListItem","position":1,"name":"Startseite","item":"https:\/\/www.vorbei-ev.de\/wwwa\/"},{"@type":"ListItem","position":2,"name":"Virtuelles GSVBw-Museum: Erprobung Hydraulik &#8211; Vorgeschichte"}]},{"@type":"WebSite","@id":"https:\/\/www.vorbei-ev.de\/wwwa\/#website","url":"https:\/\/www.vorbei-ev.de\/wwwa\/","name":"Vorbei e.V.","description":"Dokumentation und Erhalt zeitgeschichtlicher Bauwerke","publisher":{"@id":"https:\/\/www.vorbei-ev.de\/wwwa\/#organization"},"potentialAction":[{"@type":"SearchAction","target":{"@type":"EntryPoint","urlTemplate":"https:\/\/www.vorbei-ev.de\/wwwa\/?s={search_term_string}"},"query-input":{"@type":"PropertyValueSpecification","valueRequired":true,"valueName":"search_term_string"}}],"inLanguage":"de"},{"@type":"Organization","@id":"https:\/\/www.vorbei-ev.de\/wwwa\/#organization","name":"Vorbei e.V.","url":"https:\/\/www.vorbei-ev.de\/wwwa\/","logo":{"@type":"ImageObject","inLanguage":"de","@id":"https:\/\/www.vorbei-ev.de\/wwwa\/#\/schema\/logo\/image\/","url":"https:\/\/www.vorbei-ev.de\/wwwa\/wp-content\/uploads\/2017\/04\/Logo_schwarz_640px.png","contentUrl":"https:\/\/www.vorbei-ev.de\/wwwa\/wp-content\/uploads\/2017\/04\/Logo_schwarz_640px.png","width":640,"height":120,"caption":"Vorbei e.V."},"image":{"@id":"https:\/\/www.vorbei-ev.de\/wwwa\/#\/schema\/logo\/image\/"},"sameAs":["https:\/\/www.facebook.com\/groups\/107150626035606\/"]}]}},"_links":{"self":[{"href":"https:\/\/www.vorbei-ev.de\/wwwa\/wp-json\/wp\/v2\/pages\/2632","targetHints":{"allow":["GET"]}}],"collection":[{"href":"https:\/\/www.vorbei-ev.de\/wwwa\/wp-json\/wp\/v2\/pages"}],"about":[{"href":"https:\/\/www.vorbei-ev.de\/wwwa\/wp-json\/wp\/v2\/types\/page"}],"author":[{"embeddable":true,"href":"https:\/\/www.vorbei-ev.de\/wwwa\/wp-json\/wp\/v2\/users\/2"}],"replies":[{"embeddable":true,"href":"https:\/\/www.vorbei-ev.de\/wwwa\/wp-json\/wp\/v2\/comments?post=2632"}],"version-history":[{"count":4,"href":"https:\/\/www.vorbei-ev.de\/wwwa\/wp-json\/wp\/v2\/pages\/2632\/revisions"}],"predecessor-version":[{"id":2750,"href":"https:\/\/www.vorbei-ev.de\/wwwa\/wp-json\/wp\/v2\/pages\/2632\/revisions\/2750"}],"wp:attachment":[{"href":"https:\/\/www.vorbei-ev.de\/wwwa\/wp-json\/wp\/v2\/media?parent=2632"}],"curies":[{"name":"wp","href":"https:\/\/api.w.org\/{rel}","templated":true}]}}