{"id":2549,"date":"2017-04-21T13:21:04","date_gmt":"2017-04-21T11:21:04","guid":{"rendered":"http:\/\/www.vorbei-ev.de\/wwwa\/?page_id=2549"},"modified":"2017-05-05T10:40:28","modified_gmt":"2017-05-05T08:40:28","slug":"virtuelles-gsvbw-museum-einlagerung-von-vorraeten","status":"publish","type":"page","link":"https:\/\/www.vorbei-ev.de\/wwwa\/virtuelles-gsvbw-museum-einlagerung-von-vorraeten\/","title":{"rendered":"Virtuelles GSVBw-Museum: Einlagerung von Vorr\u00e4ten"},"content":{"rendered":"<h1 style=\"text-align: center;\">GSVBw &#8211; Die Grundnetzschalt- und Vermittlungsstellen der Bundeswehr<\/h1>\n<h2>Einlagerung von Vorr\u00e4ten<\/h2>\n<p>F\u00fcr die Wasserversorgung mussten im Fernmeldebetriebsgeb\u00e4ude 15 m3 Wasser gelagert werden. Im Raum 11N \u00a0standen 8 Wasservorratsbeh\u00e4lter mit einem Fassungsverm\u00f6gen von 1500 Liter pro Beh\u00e4lter zur Verf\u00fcgung. Weiterhin wurden 3 m3 Wasser im K\u00fchlwasserbeh\u00e4lter im Raum 12N aufbewahrt. Dazu kamen noch Volumenkapazit\u00e4ten in der Wasseraufbereitungsanlage im Raum 12N. Die Vorratsberechnung setzte sich zusammen aus:<\/p>\n<table>\n<tbody>\n<tr>\n<td style=\"width: 70%;\">Vorrat f\u00fcr Dekontaminierungsanlage<\/td>\n<td style=\"width: 30%;\">7 m3<\/td>\n<\/tr>\n<tr>\n<td style=\"width: 70%;\">Trinkwasservorrat<\/td>\n<td style=\"width: 30%;\">4 m3<\/td>\n<\/tr>\n<tr>\n<td style=\"width: 70%;\">Reservevorrat<\/td>\n<td style=\"width: 30%;\">4 m3<\/td>\n<\/tr>\n<tr>\n<td style=\"width: 70%;\">Gesamt<\/td>\n<td style=\"width: 30%;\">15 m3<\/td>\n<\/tr>\n<\/tbody>\n<\/table>\n<p>eiterhin wurde das Heiz\u00f6llager im Unterkunftsgeb\u00e4ude st\u00e4ndig mit einem Heiz\u00f6lvorrat f\u00fcr mindestens eine halbe Heizperiode bef\u00fcllt. F\u00fcr den Dieselmotor im Fernmeldebetriebsgeb\u00e4ude mussten 26000 Liter Dieselkraftstoff und 1000 Liter Motor\u00f6l im Raum 26 eingelagert werden.<\/p>\n<p>Die Einlagerung von Lebensmitteln erfolgte im Raum 32, und von Sanit\u00e4tsmaterial im Raum 34N des Fernmeldebetriebsgeb\u00e4udes. Im Raum 59 wurden, ausreichend f\u00fcr etwa 125 Dekontaminierungsvorg\u00e4nge, Waschmittel, saubere Kleidung, Desinfektionsmittel und Plastikbeutel gelagert. Auch sechs S\u00e4tze Schutzbekleidung standen im Raum 59 zur Verf\u00fcgung.<\/p>\n<p>Die zur Wasseraufbereitung ben\u00f6tigten Chemikalien lagerten im Raum 12N (GSVBw Typ A und Typ C).<\/p>\n<p>Im Raum 36 wurden Ersatzteile f\u00fcr elektrische und sanit\u00e4re Installationen, Maschinen- und Ger\u00e4teteile sowie fernmeldetechnisches Ger\u00e4t eingelagert.<\/p>\n<p>&nbsp;<\/p>\n<figure id=\"attachment_1588\" aria-describedby=\"caption-attachment-1588\" style=\"width: 800px\" class=\"wp-caption aligncenter\"><img loading=\"lazy\" decoding=\"async\" class=\"wp-image-1588 size-full\" src=\"https:\/\/www.vorbei-ev.de\/wwwa\/wp-content\/uploads\/2017\/04\/gsvbw_0403.jpg\" alt=\"\" width=\"800\" height=\"532\" srcset=\"https:\/\/www.vorbei-ev.de\/wwwa\/wp-content\/uploads\/2017\/04\/gsvbw_0403.jpg 800w, https:\/\/www.vorbei-ev.de\/wwwa\/wp-content\/uploads\/2017\/04\/gsvbw_0403-400x266.jpg 400w, https:\/\/www.vorbei-ev.de\/wwwa\/wp-content\/uploads\/2017\/04\/gsvbw_0403-768x511.jpg 768w\" sizes=\"auto, (max-width: 706px) 89vw, (max-width: 767px) 82vw, 740px\" \/><figcaption id=\"caption-attachment-1588\" class=\"wp-caption-text\">Zwischenbeh\u00e4lter f\u00fcr K\u00fchlwasser im Raum 12N.<\/figcaption><\/figure>\n<figure id=\"attachment_1709\" aria-describedby=\"caption-attachment-1709\" style=\"width: 800px\" class=\"wp-caption aligncenter\"><img loading=\"lazy\" decoding=\"async\" class=\"wp-image-1709 size-full\" src=\"https:\/\/www.vorbei-ev.de\/wwwa\/wp-content\/uploads\/2017\/04\/gsvbw_1376.jpg\" alt=\"\" width=\"800\" height=\"532\" srcset=\"https:\/\/www.vorbei-ev.de\/wwwa\/wp-content\/uploads\/2017\/04\/gsvbw_1376.jpg 800w, https:\/\/www.vorbei-ev.de\/wwwa\/wp-content\/uploads\/2017\/04\/gsvbw_1376-400x266.jpg 400w, https:\/\/www.vorbei-ev.de\/wwwa\/wp-content\/uploads\/2017\/04\/gsvbw_1376-768x511.jpg 768w\" sizes=\"auto, (max-width: 706px) 89vw, (max-width: 767px) 82vw, 740px\" \/><figcaption id=\"caption-attachment-1709\" class=\"wp-caption-text\">Acht Wasservorratsbeh\u00e4lter im Raum 11N (Notwasservorrat) fassen insgesamt 12000 Liter Wasser.<\/figcaption><\/figure>\n<figure id=\"attachment_1807\" aria-describedby=\"caption-attachment-1807\" style=\"width: 800px\" class=\"wp-caption aligncenter\"><img loading=\"lazy\" decoding=\"async\" class=\"wp-image-1807 size-full\" src=\"https:\/\/www.vorbei-ev.de\/wwwa\/wp-content\/uploads\/2017\/04\/gsvbw_3527.jpg\" alt=\"\" width=\"800\" height=\"532\" srcset=\"https:\/\/www.vorbei-ev.de\/wwwa\/wp-content\/uploads\/2017\/04\/gsvbw_3527.jpg 800w, https:\/\/www.vorbei-ev.de\/wwwa\/wp-content\/uploads\/2017\/04\/gsvbw_3527-400x266.jpg 400w, https:\/\/www.vorbei-ev.de\/wwwa\/wp-content\/uploads\/2017\/04\/gsvbw_3527-768x511.jpg 768w\" sizes=\"auto, (max-width: 706px) 89vw, (max-width: 767px) 82vw, 740px\" \/><figcaption id=\"caption-attachment-1807\" class=\"wp-caption-text\">Die Kraftstoffreservebeh\u00e4lterbatterie wurde mit 26000 Liter Kraftstoff und 1000 Liter Motor\u00f6l gef\u00fcllt.<\/figcaption><\/figure>\n<figure id=\"attachment_1748\" aria-describedby=\"caption-attachment-1748\" style=\"width: 800px\" class=\"wp-caption aligncenter\"><img loading=\"lazy\" decoding=\"async\" class=\"wp-image-1748 size-full\" src=\"https:\/\/www.vorbei-ev.de\/wwwa\/wp-content\/uploads\/2017\/04\/gsvbw_1696.jpg\" alt=\"\" width=\"800\" height=\"532\" srcset=\"https:\/\/www.vorbei-ev.de\/wwwa\/wp-content\/uploads\/2017\/04\/gsvbw_1696.jpg 800w, https:\/\/www.vorbei-ev.de\/wwwa\/wp-content\/uploads\/2017\/04\/gsvbw_1696-400x266.jpg 400w, https:\/\/www.vorbei-ev.de\/wwwa\/wp-content\/uploads\/2017\/04\/gsvbw_1696-768x511.jpg 768w\" sizes=\"auto, (max-width: 706px) 89vw, (max-width: 767px) 82vw, 740px\" \/><figcaption id=\"caption-attachment-1748\" class=\"wp-caption-text\">Lagerregale im Raum 34.<\/figcaption><\/figure>\n<p>&nbsp;<\/p>\n<table>\n<tbody>\n<tr>\n<td style=\"width: 30%; background-color: #bebebe; text-align: center; vertical-align: middle;\">&lt; <a href=\"https:\/\/www.vorbei-ev.de\/wwwa\/virtuelles-gsvbw-museum-kuehlungseinrichtungen\/\">Vorherige Seite<\/a><\/td>\n<td style=\"width: 5%; text-align: center; vertical-align: middle;\"><\/td>\n<td style=\"width: 30%; background-color: #bebebe; text-align: center; vertical-align: middle;\"><a href=\"https:\/\/www.vorbei-ev.de\/wwwa\/virtuelles-gsvbw-museum-einleitung-und-themenuebersicht\/\">Zur\u00fcck zur Einleitung<\/a><\/td>\n<td style=\"width: 5%; text-align: center; vertical-align: middle;\"><\/td>\n<td style=\"width: 30%; background-color: #bebebe; text-align: center; vertical-align: middle;\"><a href=\"https:\/\/www.vorbei-ev.de\/wwwa\/virtuelles-gsvbw-museum-luftregenerationsversuch-der-erprobungsauftrag\/\">N\u00e4chste Seite<\/a> &gt;<\/td>\n<\/tr>\n<\/tbody>\n<\/table>\n<div class=\"shariff shariff-align-flex-start shariff-widget-align-flex-start shariff-buttonstretch\" data-services=\"facebook\" data-url=\"https%3A%2F%2Fwww.vorbei-ev.de%2Fwwwa%2Fvirtuelles-gsvbw-museum-einlagerung-von-vorraeten%2F\" data-timestamp=\"1493980828\" data-backendurl=\"https:\/\/www.vorbei-ev.de\/wwwa\/wp-json\/shariff\/v1\/share_counts?\"><ul class=\"shariff-buttons theme-default orientation-horizontal buttonsize-medium\"><li class=\"shariff-button facebook shariff-nocustomcolor\" style=\"background-color:#4273c8\"><a href=\"https:\/\/www.facebook.com\/sharer\/sharer.php?u=https%3A%2F%2Fwww.vorbei-ev.de%2Fwwwa%2Fvirtuelles-gsvbw-museum-einlagerung-von-vorraeten%2F\" title=\"Bei Facebook teilen\" aria-label=\"Bei Facebook teilen\" role=\"button\" rel=\"nofollow\" class=\"shariff-link\" style=\"; background-color:#3b5998; color:#fff\" target=\"_blank\"><span class=\"shariff-icon\" style=\"\"><svg width=\"32px\" height=\"20px\" xmlns=\"http:\/\/www.w3.org\/2000\/svg\" viewBox=\"0 0 18 32\"><path fill=\"#3b5998\" d=\"M17.1 0.2v4.7h-2.8q-1.5 0-2.1 0.6t-0.5 1.9v3.4h5.2l-0.7 5.3h-4.5v13.6h-5.5v-13.6h-4.5v-5.3h4.5v-3.9q0-3.3 1.9-5.2t5-1.8q2.6 0 4.1 0.2z\"\/><\/svg><\/span><span class=\"shariff-text\">teilen<\/span>&nbsp;<\/a><\/li><li class=\"shariff-button twitter shariff-nocustomcolor\" style=\"background-color:#595959\"><a href=\"https:\/\/twitter.com\/share?url=https%3A%2F%2Fwww.vorbei-ev.de%2Fwwwa%2Fvirtuelles-gsvbw-museum-einlagerung-von-vorraeten%2F&text=Virtuelles%20GSVBw-Museum%3A%20Einlagerung%20von%20Vorr%C3%A4ten\" title=\"Bei X teilen\" aria-label=\"Bei X teilen\" role=\"button\" rel=\"noopener nofollow\" class=\"shariff-link\" style=\"; background-color:#000; color:#fff\" target=\"_blank\"><span class=\"shariff-icon\" style=\"\"><svg width=\"32px\" height=\"20px\" xmlns=\"http:\/\/www.w3.org\/2000\/svg\" viewBox=\"0 0 24 24\"><path fill=\"#000\" d=\"M14.258 10.152L23.176 0h-2.113l-7.747 8.813L7.133 0H0l9.352 13.328L0 23.973h2.113l8.176-9.309 6.531 9.309h7.133zm-2.895 3.293l-.949-1.328L2.875 1.56h3.246l6.086 8.523.945 1.328 7.91 11.078h-3.246zm0 0\"\/><\/svg><\/span><span class=\"shariff-text\">teilen<\/span>&nbsp;<\/a><\/li><li class=\"shariff-button whatsapp shariff-nocustomcolor\" style=\"background-color:#5cbe4a\"><a href=\"https:\/\/api.whatsapp.com\/send?text=https%3A%2F%2Fwww.vorbei-ev.de%2Fwwwa%2Fvirtuelles-gsvbw-museum-einlagerung-von-vorraeten%2F%20Virtuelles%20GSVBw-Museum%3A%20Einlagerung%20von%20Vorr%C3%A4ten\" title=\"Bei Whatsapp teilen\" aria-label=\"Bei Whatsapp teilen\" role=\"button\" rel=\"noopener nofollow\" class=\"shariff-link\" style=\"; background-color:#34af23; color:#fff\" target=\"_blank\"><span class=\"shariff-icon\" style=\"\"><svg width=\"32px\" height=\"20px\" xmlns=\"http:\/\/www.w3.org\/2000\/svg\" viewBox=\"0 0 32 32\"><path fill=\"#34af23\" d=\"M17.6 17.4q0.2 0 1.7 0.8t1.6 0.9q0 0.1 0 0.3 0 0.6-0.3 1.4-0.3 0.7-1.3 1.2t-1.8 0.5q-1 0-3.4-1.1-1.7-0.8-3-2.1t-2.6-3.3q-1.3-1.9-1.3-3.5v-0.1q0.1-1.6 1.3-2.8 0.4-0.4 0.9-0.4 0.1 0 0.3 0t0.3 0q0.3 0 0.5 0.1t0.3 0.5q0.1 0.4 0.6 1.6t0.4 1.3q0 0.4-0.6 1t-0.6 0.8q0 0.1 0.1 0.3 0.6 1.3 1.8 2.4 1 0.9 2.7 1.8 0.2 0.1 0.4 0.1 0.3 0 1-0.9t0.9-0.9zM14 26.9q2.3 0 4.3-0.9t3.6-2.4 2.4-3.6 0.9-4.3-0.9-4.3-2.4-3.6-3.6-2.4-4.3-0.9-4.3 0.9-3.6 2.4-2.4 3.6-0.9 4.3q0 3.6 2.1 6.6l-1.4 4.2 4.3-1.4q2.8 1.9 6.2 1.9zM14 2.2q2.7 0 5.2 1.1t4.3 2.9 2.9 4.3 1.1 5.2-1.1 5.2-2.9 4.3-4.3 2.9-5.2 1.1q-3.5 0-6.5-1.7l-7.4 2.4 2.4-7.2q-1.9-3.2-1.9-6.9 0-2.7 1.1-5.2t2.9-4.3 4.3-2.9 5.2-1.1z\"\/><\/svg><\/span><span class=\"shariff-text\">teilen<\/span>&nbsp;<\/a><\/li><li class=\"shariff-button telegram shariff-nocustomcolor\" style=\"background-color:#4084A6\"><a href=\"https:\/\/telegram.me\/share\/url?url=https%3A%2F%2Fwww.vorbei-ev.de%2Fwwwa%2Fvirtuelles-gsvbw-museum-einlagerung-von-vorraeten%2F&text=Virtuelles%20GSVBw-Museum%3A%20Einlagerung%20von%20Vorr%C3%A4ten\" title=\"Bei Telegram teilen\" aria-label=\"Bei Telegram teilen\" role=\"button\" rel=\"noopener nofollow\" class=\"shariff-link\" style=\"; background-color:#0088cc; color:#fff\" target=\"_blank\"><span class=\"shariff-icon\" style=\"\"><svg width=\"32px\" height=\"20px\" xmlns=\"http:\/\/www.w3.org\/2000\/svg\" viewBox=\"0 0 32 32\"><path fill=\"#0088cc\" d=\"M30.8 6.5l-4.5 21.4c-.3 1.5-1.2 1.9-2.5 1.2L16.9 24l-3.3 3.2c-.4.4-.7.7-1.4.7l.5-7L25.5 9.2c.6-.5-.1-.8-.9-.3l-15.8 10L2 16.7c-1.5-.5-1.5-1.5.3-2.2L28.9 4.3c1.3-.5 2.3.3 1.9 2.2z\"\/><\/svg><\/span><span class=\"shariff-text\">teilen<\/span>&nbsp;<\/a><\/li><\/ul><\/div>","protected":false},"excerpt":{"rendered":"<p>GSVBw &#8211; Die Grundnetzschalt- und Vermittlungsstellen der Bundeswehr Einlagerung von Vorr\u00e4ten F\u00fcr die Wasserversorgung mussten im Fernmeldebetriebsgeb\u00e4ude 15 m3 Wasser gelagert werden. Im Raum 11N \u00a0standen 8 Wasservorratsbeh\u00e4lter mit einem Fassungsverm\u00f6gen von 1500 Liter pro Beh\u00e4lter zur Verf\u00fcgung. Weiterhin wurden 3 m3 Wasser im K\u00fchlwasserbeh\u00e4lter im Raum 12N aufbewahrt. Dazu kamen noch Volumenkapazit\u00e4ten in der &hellip; <\/p>\n<p class=\"link-more\"><a href=\"https:\/\/www.vorbei-ev.de\/wwwa\/virtuelles-gsvbw-museum-einlagerung-von-vorraeten\/\" class=\"more-link\"><span class=\"screen-reader-text\">\u201eVirtuelles GSVBw-Museum: Einlagerung von Vorr\u00e4ten\u201c <\/span>weiterlesen<\/a><\/p>\n","protected":false},"author":2,"featured_media":0,"parent":0,"menu_order":0,"comment_status":"closed","ping_status":"closed","template":"","meta":{"footnotes":""},"class_list":["post-2549","page","type-page","status-publish","hentry"],"yoast_head":"<!-- This site is optimized with the Yoast SEO plugin v27.3 - https:\/\/yoast.com\/product\/yoast-seo-wordpress\/ -->\n<title>Virtuelles GSVBw-Museum: Einlagerung von Vorr\u00e4ten - Vorbei e.V.<\/title>\n<meta name=\"description\" content=\"GSVBw - Die Grundnetzschalt- und Vermittlungsstellen der Bundeswehr Einlagerung von Vorr\u00e4ten F\u00fcr die Wasserversorgung mussten im Fernmeldebetriebsgeb\u00e4ude\" \/>\n<meta name=\"robots\" content=\"index, follow, max-snippet:-1, max-image-preview:large, max-video-preview:-1\" \/>\n<link rel=\"canonical\" href=\"https:\/\/www.vorbei-ev.de\/wwwa\/virtuelles-gsvbw-museum-einlagerung-von-vorraeten\/\" \/>\n<meta property=\"og:locale\" content=\"de_DE\" \/>\n<meta property=\"og:type\" content=\"article\" \/>\n<meta property=\"og:title\" content=\"Virtuelles GSVBw-Museum: Einlagerung von Vorr\u00e4ten - Vorbei e.V.\" \/>\n<meta property=\"og:description\" content=\"GSVBw - Die Grundnetzschalt- und Vermittlungsstellen der Bundeswehr Einlagerung von Vorr\u00e4ten F\u00fcr die Wasserversorgung mussten im Fernmeldebetriebsgeb\u00e4ude\" \/>\n<meta property=\"og:url\" content=\"https:\/\/www.vorbei-ev.de\/wwwa\/virtuelles-gsvbw-museum-einlagerung-von-vorraeten\/\" \/>\n<meta property=\"og:site_name\" content=\"Vorbei e.V.\" \/>\n<meta property=\"article:publisher\" content=\"https:\/\/www.facebook.com\/groups\/107150626035606\/\" \/>\n<meta property=\"article:modified_time\" content=\"2017-05-05T08:40:28+00:00\" \/>\n<meta property=\"og:image\" content=\"https:\/\/www.vorbei-ev.de\/wwwa\/wp-content\/uploads\/2017\/04\/gsvbw_0403.jpg\" \/>\n<meta name=\"twitter:card\" content=\"summary_large_image\" \/>\n<meta name=\"twitter:label1\" content=\"Gesch\u00e4tzte Lesezeit\" \/>\n\t<meta name=\"twitter:data1\" content=\"1\u00a0Minute\" \/>\n<script type=\"application\/ld+json\" class=\"yoast-schema-graph\">{\"@context\":\"https:\\\/\\\/schema.org\",\"@graph\":[{\"@type\":\"WebPage\",\"@id\":\"https:\\\/\\\/www.vorbei-ev.de\\\/wwwa\\\/virtuelles-gsvbw-museum-einlagerung-von-vorraeten\\\/\",\"url\":\"https:\\\/\\\/www.vorbei-ev.de\\\/wwwa\\\/virtuelles-gsvbw-museum-einlagerung-von-vorraeten\\\/\",\"name\":\"Virtuelles GSVBw-Museum: Einlagerung von Vorr\u00e4ten - Vorbei e.V.\",\"isPartOf\":{\"@id\":\"https:\\\/\\\/www.vorbei-ev.de\\\/wwwa\\\/#website\"},\"primaryImageOfPage\":{\"@id\":\"https:\\\/\\\/www.vorbei-ev.de\\\/wwwa\\\/virtuelles-gsvbw-museum-einlagerung-von-vorraeten\\\/#primaryimage\"},\"image\":{\"@id\":\"https:\\\/\\\/www.vorbei-ev.de\\\/wwwa\\\/virtuelles-gsvbw-museum-einlagerung-von-vorraeten\\\/#primaryimage\"},\"thumbnailUrl\":\"https:\\\/\\\/www.vorbei-ev.de\\\/wwwa\\\/wp-content\\\/uploads\\\/2017\\\/04\\\/gsvbw_0403.jpg\",\"datePublished\":\"2017-04-21T11:21:04+00:00\",\"dateModified\":\"2017-05-05T08:40:28+00:00\",\"description\":\"GSVBw - Die Grundnetzschalt- und Vermittlungsstellen der Bundeswehr Einlagerung von Vorr\u00e4ten F\u00fcr die Wasserversorgung mussten im Fernmeldebetriebsgeb\u00e4ude\",\"breadcrumb\":{\"@id\":\"https:\\\/\\\/www.vorbei-ev.de\\\/wwwa\\\/virtuelles-gsvbw-museum-einlagerung-von-vorraeten\\\/#breadcrumb\"},\"inLanguage\":\"de\",\"potentialAction\":[{\"@type\":\"ReadAction\",\"target\":[\"https:\\\/\\\/www.vorbei-ev.de\\\/wwwa\\\/virtuelles-gsvbw-museum-einlagerung-von-vorraeten\\\/\"]}]},{\"@type\":\"ImageObject\",\"inLanguage\":\"de\",\"@id\":\"https:\\\/\\\/www.vorbei-ev.de\\\/wwwa\\\/virtuelles-gsvbw-museum-einlagerung-von-vorraeten\\\/#primaryimage\",\"url\":\"https:\\\/\\\/www.vorbei-ev.de\\\/wwwa\\\/wp-content\\\/uploads\\\/2017\\\/04\\\/gsvbw_0403.jpg\",\"contentUrl\":\"https:\\\/\\\/www.vorbei-ev.de\\\/wwwa\\\/wp-content\\\/uploads\\\/2017\\\/04\\\/gsvbw_0403.jpg\",\"width\":800,\"height\":532},{\"@type\":\"BreadcrumbList\",\"@id\":\"https:\\\/\\\/www.vorbei-ev.de\\\/wwwa\\\/virtuelles-gsvbw-museum-einlagerung-von-vorraeten\\\/#breadcrumb\",\"itemListElement\":[{\"@type\":\"ListItem\",\"position\":1,\"name\":\"Startseite\",\"item\":\"https:\\\/\\\/www.vorbei-ev.de\\\/wwwa\\\/\"},{\"@type\":\"ListItem\",\"position\":2,\"name\":\"Virtuelles GSVBw-Museum: Einlagerung von Vorr\u00e4ten\"}]},{\"@type\":\"WebSite\",\"@id\":\"https:\\\/\\\/www.vorbei-ev.de\\\/wwwa\\\/#website\",\"url\":\"https:\\\/\\\/www.vorbei-ev.de\\\/wwwa\\\/\",\"name\":\"Vorbei e.V.\",\"description\":\"Dokumentation und Erhalt zeitgeschichtlicher Bauwerke\",\"publisher\":{\"@id\":\"https:\\\/\\\/www.vorbei-ev.de\\\/wwwa\\\/#organization\"},\"potentialAction\":[{\"@type\":\"SearchAction\",\"target\":{\"@type\":\"EntryPoint\",\"urlTemplate\":\"https:\\\/\\\/www.vorbei-ev.de\\\/wwwa\\\/?s={search_term_string}\"},\"query-input\":{\"@type\":\"PropertyValueSpecification\",\"valueRequired\":true,\"valueName\":\"search_term_string\"}}],\"inLanguage\":\"de\"},{\"@type\":\"Organization\",\"@id\":\"https:\\\/\\\/www.vorbei-ev.de\\\/wwwa\\\/#organization\",\"name\":\"Vorbei e.V.\",\"url\":\"https:\\\/\\\/www.vorbei-ev.de\\\/wwwa\\\/\",\"logo\":{\"@type\":\"ImageObject\",\"inLanguage\":\"de\",\"@id\":\"https:\\\/\\\/www.vorbei-ev.de\\\/wwwa\\\/#\\\/schema\\\/logo\\\/image\\\/\",\"url\":\"https:\\\/\\\/www.vorbei-ev.de\\\/wwwa\\\/wp-content\\\/uploads\\\/2017\\\/04\\\/Logo_schwarz_640px.png\",\"contentUrl\":\"https:\\\/\\\/www.vorbei-ev.de\\\/wwwa\\\/wp-content\\\/uploads\\\/2017\\\/04\\\/Logo_schwarz_640px.png\",\"width\":640,\"height\":120,\"caption\":\"Vorbei e.V.\"},\"image\":{\"@id\":\"https:\\\/\\\/www.vorbei-ev.de\\\/wwwa\\\/#\\\/schema\\\/logo\\\/image\\\/\"},\"sameAs\":[\"https:\\\/\\\/www.facebook.com\\\/groups\\\/107150626035606\\\/\"]}]}<\/script>\n<!-- \/ Yoast SEO plugin. -->","yoast_head_json":{"title":"Virtuelles GSVBw-Museum: Einlagerung von Vorr\u00e4ten - Vorbei e.V.","description":"GSVBw - Die Grundnetzschalt- und Vermittlungsstellen der Bundeswehr Einlagerung von Vorr\u00e4ten F\u00fcr die Wasserversorgung mussten im Fernmeldebetriebsgeb\u00e4ude","robots":{"index":"index","follow":"follow","max-snippet":"max-snippet:-1","max-image-preview":"max-image-preview:large","max-video-preview":"max-video-preview:-1"},"canonical":"https:\/\/www.vorbei-ev.de\/wwwa\/virtuelles-gsvbw-museum-einlagerung-von-vorraeten\/","og_locale":"de_DE","og_type":"article","og_title":"Virtuelles GSVBw-Museum: Einlagerung von Vorr\u00e4ten - Vorbei e.V.","og_description":"GSVBw - Die Grundnetzschalt- und Vermittlungsstellen der Bundeswehr Einlagerung von Vorr\u00e4ten F\u00fcr die Wasserversorgung mussten im Fernmeldebetriebsgeb\u00e4ude","og_url":"https:\/\/www.vorbei-ev.de\/wwwa\/virtuelles-gsvbw-museum-einlagerung-von-vorraeten\/","og_site_name":"Vorbei e.V.","article_publisher":"https:\/\/www.facebook.com\/groups\/107150626035606\/","article_modified_time":"2017-05-05T08:40:28+00:00","og_image":[{"url":"https:\/\/www.vorbei-ev.de\/wwwa\/wp-content\/uploads\/2017\/04\/gsvbw_0403.jpg","type":"","width":"","height":""}],"twitter_card":"summary_large_image","twitter_misc":{"Gesch\u00e4tzte Lesezeit":"1\u00a0Minute"},"schema":{"@context":"https:\/\/schema.org","@graph":[{"@type":"WebPage","@id":"https:\/\/www.vorbei-ev.de\/wwwa\/virtuelles-gsvbw-museum-einlagerung-von-vorraeten\/","url":"https:\/\/www.vorbei-ev.de\/wwwa\/virtuelles-gsvbw-museum-einlagerung-von-vorraeten\/","name":"Virtuelles GSVBw-Museum: Einlagerung von Vorr\u00e4ten - Vorbei e.V.","isPartOf":{"@id":"https:\/\/www.vorbei-ev.de\/wwwa\/#website"},"primaryImageOfPage":{"@id":"https:\/\/www.vorbei-ev.de\/wwwa\/virtuelles-gsvbw-museum-einlagerung-von-vorraeten\/#primaryimage"},"image":{"@id":"https:\/\/www.vorbei-ev.de\/wwwa\/virtuelles-gsvbw-museum-einlagerung-von-vorraeten\/#primaryimage"},"thumbnailUrl":"https:\/\/www.vorbei-ev.de\/wwwa\/wp-content\/uploads\/2017\/04\/gsvbw_0403.jpg","datePublished":"2017-04-21T11:21:04+00:00","dateModified":"2017-05-05T08:40:28+00:00","description":"GSVBw - Die Grundnetzschalt- und Vermittlungsstellen der Bundeswehr Einlagerung von Vorr\u00e4ten F\u00fcr die Wasserversorgung mussten im Fernmeldebetriebsgeb\u00e4ude","breadcrumb":{"@id":"https:\/\/www.vorbei-ev.de\/wwwa\/virtuelles-gsvbw-museum-einlagerung-von-vorraeten\/#breadcrumb"},"inLanguage":"de","potentialAction":[{"@type":"ReadAction","target":["https:\/\/www.vorbei-ev.de\/wwwa\/virtuelles-gsvbw-museum-einlagerung-von-vorraeten\/"]}]},{"@type":"ImageObject","inLanguage":"de","@id":"https:\/\/www.vorbei-ev.de\/wwwa\/virtuelles-gsvbw-museum-einlagerung-von-vorraeten\/#primaryimage","url":"https:\/\/www.vorbei-ev.de\/wwwa\/wp-content\/uploads\/2017\/04\/gsvbw_0403.jpg","contentUrl":"https:\/\/www.vorbei-ev.de\/wwwa\/wp-content\/uploads\/2017\/04\/gsvbw_0403.jpg","width":800,"height":532},{"@type":"BreadcrumbList","@id":"https:\/\/www.vorbei-ev.de\/wwwa\/virtuelles-gsvbw-museum-einlagerung-von-vorraeten\/#breadcrumb","itemListElement":[{"@type":"ListItem","position":1,"name":"Startseite","item":"https:\/\/www.vorbei-ev.de\/wwwa\/"},{"@type":"ListItem","position":2,"name":"Virtuelles GSVBw-Museum: Einlagerung von Vorr\u00e4ten"}]},{"@type":"WebSite","@id":"https:\/\/www.vorbei-ev.de\/wwwa\/#website","url":"https:\/\/www.vorbei-ev.de\/wwwa\/","name":"Vorbei e.V.","description":"Dokumentation und Erhalt zeitgeschichtlicher Bauwerke","publisher":{"@id":"https:\/\/www.vorbei-ev.de\/wwwa\/#organization"},"potentialAction":[{"@type":"SearchAction","target":{"@type":"EntryPoint","urlTemplate":"https:\/\/www.vorbei-ev.de\/wwwa\/?s={search_term_string}"},"query-input":{"@type":"PropertyValueSpecification","valueRequired":true,"valueName":"search_term_string"}}],"inLanguage":"de"},{"@type":"Organization","@id":"https:\/\/www.vorbei-ev.de\/wwwa\/#organization","name":"Vorbei e.V.","url":"https:\/\/www.vorbei-ev.de\/wwwa\/","logo":{"@type":"ImageObject","inLanguage":"de","@id":"https:\/\/www.vorbei-ev.de\/wwwa\/#\/schema\/logo\/image\/","url":"https:\/\/www.vorbei-ev.de\/wwwa\/wp-content\/uploads\/2017\/04\/Logo_schwarz_640px.png","contentUrl":"https:\/\/www.vorbei-ev.de\/wwwa\/wp-content\/uploads\/2017\/04\/Logo_schwarz_640px.png","width":640,"height":120,"caption":"Vorbei e.V."},"image":{"@id":"https:\/\/www.vorbei-ev.de\/wwwa\/#\/schema\/logo\/image\/"},"sameAs":["https:\/\/www.facebook.com\/groups\/107150626035606\/"]}]}},"_links":{"self":[{"href":"https:\/\/www.vorbei-ev.de\/wwwa\/wp-json\/wp\/v2\/pages\/2549","targetHints":{"allow":["GET"]}}],"collection":[{"href":"https:\/\/www.vorbei-ev.de\/wwwa\/wp-json\/wp\/v2\/pages"}],"about":[{"href":"https:\/\/www.vorbei-ev.de\/wwwa\/wp-json\/wp\/v2\/types\/page"}],"author":[{"embeddable":true,"href":"https:\/\/www.vorbei-ev.de\/wwwa\/wp-json\/wp\/v2\/users\/2"}],"replies":[{"embeddable":true,"href":"https:\/\/www.vorbei-ev.de\/wwwa\/wp-json\/wp\/v2\/comments?post=2549"}],"version-history":[{"count":3,"href":"https:\/\/www.vorbei-ev.de\/wwwa\/wp-json\/wp\/v2\/pages\/2549\/revisions"}],"predecessor-version":[{"id":2935,"href":"https:\/\/www.vorbei-ev.de\/wwwa\/wp-json\/wp\/v2\/pages\/2549\/revisions\/2935"}],"wp:attachment":[{"href":"https:\/\/www.vorbei-ev.de\/wwwa\/wp-json\/wp\/v2\/media?parent=2549"}],"curies":[{"name":"wp","href":"https:\/\/api.w.org\/{rel}","templated":true}]}}