{"id":2530,"date":"2017-04-17T19:40:54","date_gmt":"2017-04-17T17:40:54","guid":{"rendered":"http:\/\/www.vorbei-ev.de\/wwwa\/?page_id=2530"},"modified":"2017-05-05T10:51:38","modified_gmt":"2017-05-05T08:51:38","slug":"virtuelles-gsvbw-museum-beleuchtungsvorrichtungen","status":"publish","type":"page","link":"https:\/\/www.vorbei-ev.de\/wwwa\/virtuelles-gsvbw-museum-beleuchtungsvorrichtungen\/","title":{"rendered":"Virtuelles GSVBw-Museum: Beleuchtungsvorrichtungen"},"content":{"rendered":"<h1 style=\"text-align: center;\">GSVBw &#8211; Die Grundnetzschalt- und Vermittlungsstellen der Bundeswehr<\/h1>\n<h2>Beleuchtungsvorrichtungen<\/h2>\n<p>Das Fernmeldebetriebsgeb\u00e4ude erhielt in den R\u00e4umen 35N, 41 und 44 eine Nachtbeleuchtung. Zus\u00e4tzliche Notbeleuchtungen mit Versorgung aus einer zentralen Batterie wurden in den Betriebsr\u00e4umen, Treppen und Flure, sowie an zwangsverriegelten T\u00fcren installiert. Die Notbeleuchtung musste sich automatisch bei Ausfall der Stromversorgung einschalten.<\/p>\n<p>Im Au\u00dfenbereich erfolgte die Installation von Beleuchtungsvorrichtungen an den Wegen zwischen Tor, Unterkunftsgeb\u00e4ude und Fernmeldebetriebsgeb\u00e4ude sowie am Eingang des Unterkunftsgeb\u00e4udes. Weiterhin wurde unter anderem der Kabelauff\u00fchrungspunkt (Objekt 3), der Hundezwinger, das R\u00fcckhaltebecken sowie die Grundst\u00fcckseinfahrt mit einer Beleuchtung versehen.<\/p>\n<figure id=\"attachment_1581\" aria-describedby=\"caption-attachment-1581\" style=\"width: 800px\" class=\"wp-caption aligncenter\"><img loading=\"lazy\" decoding=\"async\" class=\"wp-image-1581 size-full\" src=\"https:\/\/www.vorbei-ev.de\/wwwa\/wp-content\/uploads\/2017\/04\/gsvbw_0309.jpg\" alt=\"\" width=\"800\" height=\"532\" srcset=\"https:\/\/www.vorbei-ev.de\/wwwa\/wp-content\/uploads\/2017\/04\/gsvbw_0309.jpg 800w, https:\/\/www.vorbei-ev.de\/wwwa\/wp-content\/uploads\/2017\/04\/gsvbw_0309-400x266.jpg 400w, https:\/\/www.vorbei-ev.de\/wwwa\/wp-content\/uploads\/2017\/04\/gsvbw_0309-768x511.jpg 768w\" sizes=\"auto, (max-width: 706px) 89vw, (max-width: 767px) 82vw, 740px\" \/><figcaption id=\"caption-attachment-1581\" class=\"wp-caption-text\">Not- und Nachtbeleuchtung \u00fcber der Eingangst\u00fcr im Raum 35N (Ruheraum).<\/figcaption><\/figure>\n<figure id=\"attachment_1735\" aria-describedby=\"caption-attachment-1735\" style=\"width: 800px\" class=\"wp-caption aligncenter\"><img loading=\"lazy\" decoding=\"async\" class=\"wp-image-1735 size-full\" src=\"https:\/\/www.vorbei-ev.de\/wwwa\/wp-content\/uploads\/2017\/04\/gsvbw_1540.jpg\" alt=\"\" width=\"800\" height=\"532\" srcset=\"https:\/\/www.vorbei-ev.de\/wwwa\/wp-content\/uploads\/2017\/04\/gsvbw_1540.jpg 800w, https:\/\/www.vorbei-ev.de\/wwwa\/wp-content\/uploads\/2017\/04\/gsvbw_1540-400x266.jpg 400w, https:\/\/www.vorbei-ev.de\/wwwa\/wp-content\/uploads\/2017\/04\/gsvbw_1540-768x511.jpg 768w\" sizes=\"auto, (max-width: 706px) 89vw, (max-width: 767px) 82vw, 740px\" \/><figcaption id=\"caption-attachment-1735\" class=\"wp-caption-text\">Ringf\u00f6rmige Leuchtstoffr\u00f6hre zur Beleuchtung des Wartungsschachtes am Objekt R.<\/figcaption><\/figure>\n<figure id=\"attachment_1736\" aria-describedby=\"caption-attachment-1736\" style=\"width: 800px\" class=\"wp-caption aligncenter\"><img loading=\"lazy\" decoding=\"async\" class=\"wp-image-1736 size-full\" src=\"https:\/\/www.vorbei-ev.de\/wwwa\/wp-content\/uploads\/2017\/04\/gsvbw_1545.jpg\" alt=\"\" width=\"800\" height=\"532\" srcset=\"https:\/\/www.vorbei-ev.de\/wwwa\/wp-content\/uploads\/2017\/04\/gsvbw_1545.jpg 800w, https:\/\/www.vorbei-ev.de\/wwwa\/wp-content\/uploads\/2017\/04\/gsvbw_1545-400x266.jpg 400w, https:\/\/www.vorbei-ev.de\/wwwa\/wp-content\/uploads\/2017\/04\/gsvbw_1545-768x511.jpg 768w\" sizes=\"auto, (max-width: 706px) 89vw, (max-width: 767px) 82vw, 740px\" \/><figcaption id=\"caption-attachment-1736\" class=\"wp-caption-text\">Die Ausleuchtung des umliegenden Bereiches am Objekt 3 erfolgte ebenfalls mit einer Leuchtstofflampe.<\/figcaption><\/figure>\n<figure id=\"attachment_1740\" aria-describedby=\"caption-attachment-1740\" style=\"width: 800px\" class=\"wp-caption aligncenter\"><img loading=\"lazy\" decoding=\"async\" class=\"wp-image-1740 size-full\" src=\"https:\/\/www.vorbei-ev.de\/wwwa\/wp-content\/uploads\/2017\/04\/gsvbw_1578.jpg\" alt=\"\" width=\"800\" height=\"532\" srcset=\"https:\/\/www.vorbei-ev.de\/wwwa\/wp-content\/uploads\/2017\/04\/gsvbw_1578.jpg 800w, https:\/\/www.vorbei-ev.de\/wwwa\/wp-content\/uploads\/2017\/04\/gsvbw_1578-400x266.jpg 400w, https:\/\/www.vorbei-ev.de\/wwwa\/wp-content\/uploads\/2017\/04\/gsvbw_1578-768x511.jpg 768w\" sizes=\"auto, (max-width: 706px) 89vw, (max-width: 767px) 82vw, 740px\" \/><figcaption id=\"caption-attachment-1740\" class=\"wp-caption-text\">Notbeleuchtung im Eingangsbereich (Raum 51) gegen\u00fcber der Panzerdruckt\u00fcr im Fernmeldebetriebsgeb\u00e4ude.<\/figcaption><\/figure>\n<figure id=\"attachment_1691\" aria-describedby=\"caption-attachment-1691\" style=\"width: 800px\" class=\"wp-caption aligncenter\"><img loading=\"lazy\" decoding=\"async\" class=\"wp-image-1691 size-full\" src=\"https:\/\/www.vorbei-ev.de\/wwwa\/wp-content\/uploads\/2017\/04\/gsvbw_1292.jpg\" alt=\"\" width=\"800\" height=\"532\" srcset=\"https:\/\/www.vorbei-ev.de\/wwwa\/wp-content\/uploads\/2017\/04\/gsvbw_1292.jpg 800w, https:\/\/www.vorbei-ev.de\/wwwa\/wp-content\/uploads\/2017\/04\/gsvbw_1292-400x266.jpg 400w, https:\/\/www.vorbei-ev.de\/wwwa\/wp-content\/uploads\/2017\/04\/gsvbw_1292-768x511.jpg 768w\" sizes=\"auto, (max-width: 706px) 89vw, (max-width: 767px) 82vw, 740px\" \/><figcaption id=\"caption-attachment-1691\" class=\"wp-caption-text\">Notbeleuchtung \u00fcber der Zugangst\u00fcr zum Raum 7 (LdF, Leiter des Fernmeldebetriebes).<\/figcaption><\/figure>\n<figure id=\"attachment_1678\" aria-describedby=\"caption-attachment-1678\" style=\"width: 800px\" class=\"wp-caption aligncenter\"><img loading=\"lazy\" decoding=\"async\" class=\"wp-image-1678 size-full\" src=\"https:\/\/www.vorbei-ev.de\/wwwa\/wp-content\/uploads\/2017\/04\/gsvbw_1231.jpg\" alt=\"\" width=\"800\" height=\"532\" srcset=\"https:\/\/www.vorbei-ev.de\/wwwa\/wp-content\/uploads\/2017\/04\/gsvbw_1231.jpg 800w, https:\/\/www.vorbei-ev.de\/wwwa\/wp-content\/uploads\/2017\/04\/gsvbw_1231-400x266.jpg 400w, https:\/\/www.vorbei-ev.de\/wwwa\/wp-content\/uploads\/2017\/04\/gsvbw_1231-768x511.jpg 768w\" sizes=\"auto, (max-width: 706px) 89vw, (max-width: 767px) 82vw, 740px\" \/><figcaption id=\"caption-attachment-1678\" class=\"wp-caption-text\">Ausstattung der Zufahrtsstra\u00dfe auf dem GSVBw-Gel\u00e4nde mit Stra\u00dfenlaternen. Das Haupttor erhielt zus\u00e4tzlich 2 Scheinwerfer zur Ausleuchtung des Au\u00dfenbereiches vor dem Tor.<\/figcaption><\/figure>\n<figure id=\"attachment_1596\" aria-describedby=\"caption-attachment-1596\" style=\"width: 800px\" class=\"wp-caption aligncenter\"><img loading=\"lazy\" decoding=\"async\" class=\"wp-image-1596 size-full\" src=\"https:\/\/www.vorbei-ev.de\/wwwa\/wp-content\/uploads\/2017\/04\/gsvbw_0455.jpg\" alt=\"\" width=\"800\" height=\"532\" srcset=\"https:\/\/www.vorbei-ev.de\/wwwa\/wp-content\/uploads\/2017\/04\/gsvbw_0455.jpg 800w, https:\/\/www.vorbei-ev.de\/wwwa\/wp-content\/uploads\/2017\/04\/gsvbw_0455-400x266.jpg 400w, https:\/\/www.vorbei-ev.de\/wwwa\/wp-content\/uploads\/2017\/04\/gsvbw_0455-768x511.jpg 768w\" sizes=\"auto, (max-width: 706px) 89vw, (max-width: 767px) 82vw, 740px\" \/><figcaption id=\"caption-attachment-1596\" class=\"wp-caption-text\">Blick auf das Haupttor der GSVBw 21 bei eingeschalteter Scheinwerferanlage.<\/figcaption><\/figure>\n<figure id=\"attachment_1635\" aria-describedby=\"caption-attachment-1635\" style=\"width: 800px\" class=\"wp-caption aligncenter\"><img loading=\"lazy\" decoding=\"async\" class=\"wp-image-1635 size-full\" src=\"https:\/\/www.vorbei-ev.de\/wwwa\/wp-content\/uploads\/2017\/04\/gsvbw_0734.jpg\" alt=\"\" width=\"800\" height=\"532\" srcset=\"https:\/\/www.vorbei-ev.de\/wwwa\/wp-content\/uploads\/2017\/04\/gsvbw_0734.jpg 800w, https:\/\/www.vorbei-ev.de\/wwwa\/wp-content\/uploads\/2017\/04\/gsvbw_0734-400x266.jpg 400w, https:\/\/www.vorbei-ev.de\/wwwa\/wp-content\/uploads\/2017\/04\/gsvbw_0734-768x511.jpg 768w\" sizes=\"auto, (max-width: 706px) 89vw, (max-width: 767px) 82vw, 740px\" \/><figcaption id=\"caption-attachment-1635\" class=\"wp-caption-text\">Hebelschalter in der Fernsprechvermittlung (Raum 1) zur Einschaltung der Nachtbeleuchtung im Objekt 1.<\/figcaption><\/figure>\n<p>&nbsp;<\/p>\n<table>\n<tbody>\n<tr>\n<td style=\"width: 30%; background-color: #bebebe; text-align: center; vertical-align: middle;\">&lt; <a href=\"https:\/\/www.vorbei-ev.de\/wwwa\/virtuelles-gsvbw-museum-die-uhrenanlage\/\">Vorherige Seite<\/a><\/td>\n<td style=\"width: 5%; text-align: center; vertical-align: middle;\"><\/td>\n<td style=\"width: 30%; background-color: #bebebe; text-align: center; vertical-align: middle;\"><a href=\"https:\/\/www.vorbei-ev.de\/wwwa\/virtuelles-gsvbw-museum-einleitung-und-themenuebersicht\/\">Zur\u00fcck zur Einleitung<\/a><\/td>\n<td style=\"width: 5%; text-align: center; vertical-align: middle;\"><\/td>\n<td style=\"width: 30%; background-color: #bebebe; text-align: center; vertical-align: middle;\"><a href=\"https:\/\/www.vorbei-ev.de\/wwwa\/virtuelles-gsvbw-museum-wasserversorgung-der-gsvbw\/\">N\u00e4chste Seite<\/a> &gt;<\/td>\n<\/tr>\n<\/tbody>\n<\/table>\n<div class=\"shariff shariff-align-left shariff-widget-align-left shariff-buttonstretch\" data-services=\"facebook\" data-url=\"https:\/\/www.vorbei-ev.de\/wwwa\/virtuelles-gsvbw-museum-beleuchtungsvorrichtungen\/\" data-timestamp=\"1493981498\" data-backendurl=\"https:\/\/www.vorbei-ev.de\/wwwa\/wp-json\/shariff\/v1\/share_counts?\"><ul class=\"shariff-buttons theme-default orientation-horizontal buttonsize-medium\"><li class=\"shariff-button facebook shariff-nocustomcolor\" style=\"background-color:#4273c8\"><a href=\"https:\/\/www.facebook.com\/sharer\/sharer.php?u=https%3A%2F%2Fwww.vorbei-ev.de%2Fwwwa%2Fvirtuelles-gsvbw-museum-beleuchtungsvorrichtungen%2F\" title=\"Bei Facebook teilen\" aria-label=\"Bei Facebook teilen\" role=\"button\" rel=\"nofollow\" class=\"shariff-link\" style=\"; background-color:#3b5998; color:#fff\" target=\"_blank\"><span class=\"shariff-icon\" style=\"\"><svg width=\"32px\" height=\"20px\" xmlns=\"http:\/\/www.w3.org\/2000\/svg\" viewBox=\"0 0 18 32\"><path fill=\"#3b5998\" d=\"M17.1 0.2v4.7h-2.8q-1.5 0-2.1 0.6t-0.5 1.9v3.4h5.2l-0.7 5.3h-4.5v13.6h-5.5v-13.6h-4.5v-5.3h4.5v-3.9q0-3.3 1.9-5.2t5-1.8q2.6 0 4.1 0.2z\"\/><\/svg><\/span><span class=\"shariff-text\">teilen<\/span>&nbsp;<\/a><\/li><li class=\"shariff-button twitter shariff-nocustomcolor\" style=\"background-color:#595959\"><a href=\"https:\/\/twitter.com\/share?url=https%3A%2F%2Fwww.vorbei-ev.de%2Fwwwa%2Fvirtuelles-gsvbw-museum-beleuchtungsvorrichtungen%2F&text=Virtuelles%20GSVBw-Museum%3A%20Beleuchtungsvorrichtungen\" title=\"Bei X teilen\" aria-label=\"Bei X teilen\" role=\"button\" rel=\"noopener nofollow\" class=\"shariff-link\" style=\"; background-color:#000; color:#fff\" target=\"_blank\"><span class=\"shariff-icon\" style=\"\"><svg width=\"32px\" height=\"20px\" xmlns=\"http:\/\/www.w3.org\/2000\/svg\" viewBox=\"0 0 24 24\"><path fill=\"#000\" d=\"M14.258 10.152L23.176 0h-2.113l-7.747 8.813L7.133 0H0l9.352 13.328L0 23.973h2.113l8.176-9.309 6.531 9.309h7.133zm-2.895 3.293l-.949-1.328L2.875 1.56h3.246l6.086 8.523.945 1.328 7.91 11.078h-3.246zm0 0\"\/><\/svg><\/span><span class=\"shariff-text\">teilen<\/span>&nbsp;<\/a><\/li><li class=\"shariff-button whatsapp shariff-nocustomcolor\" style=\"background-color:#5cbe4a\"><a href=\"https:\/\/api.whatsapp.com\/send?text=https%3A%2F%2Fwww.vorbei-ev.de%2Fwwwa%2Fvirtuelles-gsvbw-museum-beleuchtungsvorrichtungen%2F%20Virtuelles%20GSVBw-Museum%3A%20Beleuchtungsvorrichtungen\" title=\"Bei Whatsapp teilen\" aria-label=\"Bei Whatsapp teilen\" role=\"button\" rel=\"noopener nofollow\" class=\"shariff-link\" style=\"; background-color:#34af23; color:#fff\" target=\"_blank\"><span class=\"shariff-icon\" style=\"\"><svg width=\"32px\" height=\"20px\" xmlns=\"http:\/\/www.w3.org\/2000\/svg\" viewBox=\"0 0 32 32\"><path fill=\"#34af23\" d=\"M17.6 17.4q0.2 0 1.7 0.8t1.6 0.9q0 0.1 0 0.3 0 0.6-0.3 1.4-0.3 0.7-1.3 1.2t-1.8 0.5q-1 0-3.4-1.1-1.7-0.8-3-2.1t-2.6-3.3q-1.3-1.9-1.3-3.5v-0.1q0.1-1.6 1.3-2.8 0.4-0.4 0.9-0.4 0.1 0 0.3 0t0.3 0q0.3 0 0.5 0.1t0.3 0.5q0.1 0.4 0.6 1.6t0.4 1.3q0 0.4-0.6 1t-0.6 0.8q0 0.1 0.1 0.3 0.6 1.3 1.8 2.4 1 0.9 2.7 1.8 0.2 0.1 0.4 0.1 0.3 0 1-0.9t0.9-0.9zM14 26.9q2.3 0 4.3-0.9t3.6-2.4 2.4-3.6 0.9-4.3-0.9-4.3-2.4-3.6-3.6-2.4-4.3-0.9-4.3 0.9-3.6 2.4-2.4 3.6-0.9 4.3q0 3.6 2.1 6.6l-1.4 4.2 4.3-1.4q2.8 1.9 6.2 1.9zM14 2.2q2.7 0 5.2 1.1t4.3 2.9 2.9 4.3 1.1 5.2-1.1 5.2-2.9 4.3-4.3 2.9-5.2 1.1q-3.5 0-6.5-1.7l-7.4 2.4 2.4-7.2q-1.9-3.2-1.9-6.9 0-2.7 1.1-5.2t2.9-4.3 4.3-2.9 5.2-1.1z\"\/><\/svg><\/span><span class=\"shariff-text\">teilen<\/span>&nbsp;<\/a><\/li><li class=\"shariff-button telegram shariff-nocustomcolor\" style=\"background-color:#4084A6\"><a href=\"https:\/\/telegram.me\/share\/url?url=https%3A%2F%2Fwww.vorbei-ev.de%2Fwwwa%2Fvirtuelles-gsvbw-museum-beleuchtungsvorrichtungen%2F&text=Virtuelles%20GSVBw-Museum%3A%20Beleuchtungsvorrichtungen\" title=\"Bei Telegram teilen\" aria-label=\"Bei Telegram teilen\" role=\"button\" rel=\"noopener nofollow\" class=\"shariff-link\" style=\"; background-color:#0088cc; color:#fff\" target=\"_blank\"><span class=\"shariff-icon\" style=\"\"><svg width=\"32px\" height=\"20px\" xmlns=\"http:\/\/www.w3.org\/2000\/svg\" viewBox=\"0 0 32 32\"><path fill=\"#0088cc\" d=\"M30.8 6.5l-4.5 21.4c-.3 1.5-1.2 1.9-2.5 1.2L16.9 24l-3.3 3.2c-.4.4-.7.7-1.4.7l.5-7L25.5 9.2c.6-.5-.1-.8-.9-.3l-15.8 10L2 16.7c-1.5-.5-1.5-1.5.3-2.2L28.9 4.3c1.3-.5 2.3.3 1.9 2.2z\"\/><\/svg><\/span><span class=\"shariff-text\">teilen<\/span>&nbsp;<\/a><\/li><\/ul><\/div>","protected":false},"excerpt":{"rendered":"<p>GSVBw &#8211; Die Grundnetzschalt- und Vermittlungsstellen der Bundeswehr Beleuchtungsvorrichtungen Das Fernmeldebetriebsgeb\u00e4ude erhielt in den R\u00e4umen 35N, 41 und 44 eine Nachtbeleuchtung. Zus\u00e4tzliche Notbeleuchtungen mit Versorgung aus einer zentralen Batterie wurden in den Betriebsr\u00e4umen, Treppen und Flure, sowie an zwangsverriegelten T\u00fcren installiert. Die Notbeleuchtung musste sich automatisch bei Ausfall der Stromversorgung einschalten. Im Au\u00dfenbereich erfolgte die &hellip; <\/p>\n<p class=\"link-more\"><a href=\"https:\/\/www.vorbei-ev.de\/wwwa\/virtuelles-gsvbw-museum-beleuchtungsvorrichtungen\/\" class=\"more-link\"><span class=\"screen-reader-text\">\u201eVirtuelles GSVBw-Museum: Beleuchtungsvorrichtungen\u201c <\/span>weiterlesen<\/a><\/p>\n","protected":false},"author":2,"featured_media":0,"parent":0,"menu_order":0,"comment_status":"closed","ping_status":"closed","template":"","meta":{"footnotes":""},"class_list":["post-2530","page","type-page","status-publish","hentry"],"yoast_head":"<!-- This site is optimized with the Yoast SEO plugin v27.4 - https:\/\/yoast.com\/product\/yoast-seo-wordpress\/ -->\n<title>Virtuelles GSVBw-Museum: Beleuchtungsvorrichtungen - Vorbei e.V.<\/title>\n<meta name=\"description\" content=\"GSVBw - Die Grundnetzschalt- und Vermittlungsstellen der Bundeswehr Beleuchtungsvorrichtungen Das Fernmeldebetriebsgeb\u00e4ude erhielt in den R\u00e4umen 35N, 41\" \/>\n<meta name=\"robots\" content=\"index, follow, max-snippet:-1, max-image-preview:large, max-video-preview:-1\" \/>\n<link rel=\"canonical\" href=\"https:\/\/www.vorbei-ev.de\/wwwa\/virtuelles-gsvbw-museum-beleuchtungsvorrichtungen\/\" \/>\n<meta property=\"og:locale\" content=\"de_DE\" \/>\n<meta property=\"og:type\" content=\"article\" \/>\n<meta property=\"og:title\" content=\"Virtuelles GSVBw-Museum: Beleuchtungsvorrichtungen - Vorbei e.V.\" \/>\n<meta property=\"og:description\" content=\"GSVBw - Die Grundnetzschalt- und Vermittlungsstellen der Bundeswehr Beleuchtungsvorrichtungen Das Fernmeldebetriebsgeb\u00e4ude erhielt in den R\u00e4umen 35N, 41\" \/>\n<meta property=\"og:url\" content=\"https:\/\/www.vorbei-ev.de\/wwwa\/virtuelles-gsvbw-museum-beleuchtungsvorrichtungen\/\" \/>\n<meta property=\"og:site_name\" content=\"Vorbei e.V.\" \/>\n<meta property=\"article:publisher\" content=\"https:\/\/www.facebook.com\/groups\/107150626035606\/\" \/>\n<meta property=\"article:modified_time\" content=\"2017-05-05T08:51:38+00:00\" \/>\n<meta property=\"og:image\" content=\"https:\/\/www.vorbei-ev.de\/wwwa\/wp-content\/uploads\/2017\/04\/gsvbw_0309.jpg\" \/>\n<meta name=\"twitter:card\" content=\"summary_large_image\" \/>\n<meta name=\"twitter:label1\" content=\"Gesch\u00e4tzte Lesezeit\" \/>\n\t<meta name=\"twitter:data1\" content=\"1\u00a0Minute\" \/>\n<script type=\"application\/ld+json\" class=\"yoast-schema-graph\">{\"@context\":\"https:\\\/\\\/schema.org\",\"@graph\":[{\"@type\":\"WebPage\",\"@id\":\"https:\\\/\\\/www.vorbei-ev.de\\\/wwwa\\\/virtuelles-gsvbw-museum-beleuchtungsvorrichtungen\\\/\",\"url\":\"https:\\\/\\\/www.vorbei-ev.de\\\/wwwa\\\/virtuelles-gsvbw-museum-beleuchtungsvorrichtungen\\\/\",\"name\":\"Virtuelles GSVBw-Museum: Beleuchtungsvorrichtungen - Vorbei e.V.\",\"isPartOf\":{\"@id\":\"https:\\\/\\\/www.vorbei-ev.de\\\/wwwa\\\/#website\"},\"primaryImageOfPage\":{\"@id\":\"https:\\\/\\\/www.vorbei-ev.de\\\/wwwa\\\/virtuelles-gsvbw-museum-beleuchtungsvorrichtungen\\\/#primaryimage\"},\"image\":{\"@id\":\"https:\\\/\\\/www.vorbei-ev.de\\\/wwwa\\\/virtuelles-gsvbw-museum-beleuchtungsvorrichtungen\\\/#primaryimage\"},\"thumbnailUrl\":\"https:\\\/\\\/www.vorbei-ev.de\\\/wwwa\\\/wp-content\\\/uploads\\\/2017\\\/04\\\/gsvbw_0309.jpg\",\"datePublished\":\"2017-04-17T17:40:54+00:00\",\"dateModified\":\"2017-05-05T08:51:38+00:00\",\"description\":\"GSVBw - Die Grundnetzschalt- und Vermittlungsstellen der Bundeswehr Beleuchtungsvorrichtungen Das Fernmeldebetriebsgeb\u00e4ude erhielt in den R\u00e4umen 35N, 41\",\"breadcrumb\":{\"@id\":\"https:\\\/\\\/www.vorbei-ev.de\\\/wwwa\\\/virtuelles-gsvbw-museum-beleuchtungsvorrichtungen\\\/#breadcrumb\"},\"inLanguage\":\"de\",\"potentialAction\":[{\"@type\":\"ReadAction\",\"target\":[\"https:\\\/\\\/www.vorbei-ev.de\\\/wwwa\\\/virtuelles-gsvbw-museum-beleuchtungsvorrichtungen\\\/\"]}]},{\"@type\":\"ImageObject\",\"inLanguage\":\"de\",\"@id\":\"https:\\\/\\\/www.vorbei-ev.de\\\/wwwa\\\/virtuelles-gsvbw-museum-beleuchtungsvorrichtungen\\\/#primaryimage\",\"url\":\"https:\\\/\\\/www.vorbei-ev.de\\\/wwwa\\\/wp-content\\\/uploads\\\/2017\\\/04\\\/gsvbw_0309.jpg\",\"contentUrl\":\"https:\\\/\\\/www.vorbei-ev.de\\\/wwwa\\\/wp-content\\\/uploads\\\/2017\\\/04\\\/gsvbw_0309.jpg\",\"width\":800,\"height\":532},{\"@type\":\"BreadcrumbList\",\"@id\":\"https:\\\/\\\/www.vorbei-ev.de\\\/wwwa\\\/virtuelles-gsvbw-museum-beleuchtungsvorrichtungen\\\/#breadcrumb\",\"itemListElement\":[{\"@type\":\"ListItem\",\"position\":1,\"name\":\"Startseite\",\"item\":\"https:\\\/\\\/www.vorbei-ev.de\\\/wwwa\\\/\"},{\"@type\":\"ListItem\",\"position\":2,\"name\":\"Virtuelles GSVBw-Museum: Beleuchtungsvorrichtungen\"}]},{\"@type\":\"WebSite\",\"@id\":\"https:\\\/\\\/www.vorbei-ev.de\\\/wwwa\\\/#website\",\"url\":\"https:\\\/\\\/www.vorbei-ev.de\\\/wwwa\\\/\",\"name\":\"Vorbei e.V.\",\"description\":\"Dokumentation und Erhalt zeitgeschichtlicher Bauwerke\",\"publisher\":{\"@id\":\"https:\\\/\\\/www.vorbei-ev.de\\\/wwwa\\\/#organization\"},\"potentialAction\":[{\"@type\":\"SearchAction\",\"target\":{\"@type\":\"EntryPoint\",\"urlTemplate\":\"https:\\\/\\\/www.vorbei-ev.de\\\/wwwa\\\/?s={search_term_string}\"},\"query-input\":{\"@type\":\"PropertyValueSpecification\",\"valueRequired\":true,\"valueName\":\"search_term_string\"}}],\"inLanguage\":\"de\"},{\"@type\":\"Organization\",\"@id\":\"https:\\\/\\\/www.vorbei-ev.de\\\/wwwa\\\/#organization\",\"name\":\"Vorbei e.V.\",\"url\":\"https:\\\/\\\/www.vorbei-ev.de\\\/wwwa\\\/\",\"logo\":{\"@type\":\"ImageObject\",\"inLanguage\":\"de\",\"@id\":\"https:\\\/\\\/www.vorbei-ev.de\\\/wwwa\\\/#\\\/schema\\\/logo\\\/image\\\/\",\"url\":\"https:\\\/\\\/www.vorbei-ev.de\\\/wwwa\\\/wp-content\\\/uploads\\\/2017\\\/04\\\/Logo_schwarz_640px.png\",\"contentUrl\":\"https:\\\/\\\/www.vorbei-ev.de\\\/wwwa\\\/wp-content\\\/uploads\\\/2017\\\/04\\\/Logo_schwarz_640px.png\",\"width\":640,\"height\":120,\"caption\":\"Vorbei e.V.\"},\"image\":{\"@id\":\"https:\\\/\\\/www.vorbei-ev.de\\\/wwwa\\\/#\\\/schema\\\/logo\\\/image\\\/\"},\"sameAs\":[\"https:\\\/\\\/www.facebook.com\\\/groups\\\/107150626035606\\\/\"]}]}<\/script>\n<!-- \/ Yoast SEO plugin. -->","yoast_head_json":{"title":"Virtuelles GSVBw-Museum: Beleuchtungsvorrichtungen - Vorbei e.V.","description":"GSVBw - Die Grundnetzschalt- und Vermittlungsstellen der Bundeswehr Beleuchtungsvorrichtungen Das Fernmeldebetriebsgeb\u00e4ude erhielt in den R\u00e4umen 35N, 41","robots":{"index":"index","follow":"follow","max-snippet":"max-snippet:-1","max-image-preview":"max-image-preview:large","max-video-preview":"max-video-preview:-1"},"canonical":"https:\/\/www.vorbei-ev.de\/wwwa\/virtuelles-gsvbw-museum-beleuchtungsvorrichtungen\/","og_locale":"de_DE","og_type":"article","og_title":"Virtuelles GSVBw-Museum: Beleuchtungsvorrichtungen - Vorbei e.V.","og_description":"GSVBw - Die Grundnetzschalt- und Vermittlungsstellen der Bundeswehr Beleuchtungsvorrichtungen Das Fernmeldebetriebsgeb\u00e4ude erhielt in den R\u00e4umen 35N, 41","og_url":"https:\/\/www.vorbei-ev.de\/wwwa\/virtuelles-gsvbw-museum-beleuchtungsvorrichtungen\/","og_site_name":"Vorbei e.V.","article_publisher":"https:\/\/www.facebook.com\/groups\/107150626035606\/","article_modified_time":"2017-05-05T08:51:38+00:00","og_image":[{"url":"https:\/\/www.vorbei-ev.de\/wwwa\/wp-content\/uploads\/2017\/04\/gsvbw_0309.jpg","type":"","width":"","height":""}],"twitter_card":"summary_large_image","twitter_misc":{"Gesch\u00e4tzte Lesezeit":"1\u00a0Minute"},"schema":{"@context":"https:\/\/schema.org","@graph":[{"@type":"WebPage","@id":"https:\/\/www.vorbei-ev.de\/wwwa\/virtuelles-gsvbw-museum-beleuchtungsvorrichtungen\/","url":"https:\/\/www.vorbei-ev.de\/wwwa\/virtuelles-gsvbw-museum-beleuchtungsvorrichtungen\/","name":"Virtuelles GSVBw-Museum: Beleuchtungsvorrichtungen - Vorbei e.V.","isPartOf":{"@id":"https:\/\/www.vorbei-ev.de\/wwwa\/#website"},"primaryImageOfPage":{"@id":"https:\/\/www.vorbei-ev.de\/wwwa\/virtuelles-gsvbw-museum-beleuchtungsvorrichtungen\/#primaryimage"},"image":{"@id":"https:\/\/www.vorbei-ev.de\/wwwa\/virtuelles-gsvbw-museum-beleuchtungsvorrichtungen\/#primaryimage"},"thumbnailUrl":"https:\/\/www.vorbei-ev.de\/wwwa\/wp-content\/uploads\/2017\/04\/gsvbw_0309.jpg","datePublished":"2017-04-17T17:40:54+00:00","dateModified":"2017-05-05T08:51:38+00:00","description":"GSVBw - Die Grundnetzschalt- und Vermittlungsstellen der Bundeswehr Beleuchtungsvorrichtungen Das Fernmeldebetriebsgeb\u00e4ude erhielt in den R\u00e4umen 35N, 41","breadcrumb":{"@id":"https:\/\/www.vorbei-ev.de\/wwwa\/virtuelles-gsvbw-museum-beleuchtungsvorrichtungen\/#breadcrumb"},"inLanguage":"de","potentialAction":[{"@type":"ReadAction","target":["https:\/\/www.vorbei-ev.de\/wwwa\/virtuelles-gsvbw-museum-beleuchtungsvorrichtungen\/"]}]},{"@type":"ImageObject","inLanguage":"de","@id":"https:\/\/www.vorbei-ev.de\/wwwa\/virtuelles-gsvbw-museum-beleuchtungsvorrichtungen\/#primaryimage","url":"https:\/\/www.vorbei-ev.de\/wwwa\/wp-content\/uploads\/2017\/04\/gsvbw_0309.jpg","contentUrl":"https:\/\/www.vorbei-ev.de\/wwwa\/wp-content\/uploads\/2017\/04\/gsvbw_0309.jpg","width":800,"height":532},{"@type":"BreadcrumbList","@id":"https:\/\/www.vorbei-ev.de\/wwwa\/virtuelles-gsvbw-museum-beleuchtungsvorrichtungen\/#breadcrumb","itemListElement":[{"@type":"ListItem","position":1,"name":"Startseite","item":"https:\/\/www.vorbei-ev.de\/wwwa\/"},{"@type":"ListItem","position":2,"name":"Virtuelles GSVBw-Museum: Beleuchtungsvorrichtungen"}]},{"@type":"WebSite","@id":"https:\/\/www.vorbei-ev.de\/wwwa\/#website","url":"https:\/\/www.vorbei-ev.de\/wwwa\/","name":"Vorbei e.V.","description":"Dokumentation und Erhalt zeitgeschichtlicher Bauwerke","publisher":{"@id":"https:\/\/www.vorbei-ev.de\/wwwa\/#organization"},"potentialAction":[{"@type":"SearchAction","target":{"@type":"EntryPoint","urlTemplate":"https:\/\/www.vorbei-ev.de\/wwwa\/?s={search_term_string}"},"query-input":{"@type":"PropertyValueSpecification","valueRequired":true,"valueName":"search_term_string"}}],"inLanguage":"de"},{"@type":"Organization","@id":"https:\/\/www.vorbei-ev.de\/wwwa\/#organization","name":"Vorbei e.V.","url":"https:\/\/www.vorbei-ev.de\/wwwa\/","logo":{"@type":"ImageObject","inLanguage":"de","@id":"https:\/\/www.vorbei-ev.de\/wwwa\/#\/schema\/logo\/image\/","url":"https:\/\/www.vorbei-ev.de\/wwwa\/wp-content\/uploads\/2017\/04\/Logo_schwarz_640px.png","contentUrl":"https:\/\/www.vorbei-ev.de\/wwwa\/wp-content\/uploads\/2017\/04\/Logo_schwarz_640px.png","width":640,"height":120,"caption":"Vorbei e.V."},"image":{"@id":"https:\/\/www.vorbei-ev.de\/wwwa\/#\/schema\/logo\/image\/"},"sameAs":["https:\/\/www.facebook.com\/groups\/107150626035606\/"]}]}},"_links":{"self":[{"href":"https:\/\/www.vorbei-ev.de\/wwwa\/wp-json\/wp\/v2\/pages\/2530","targetHints":{"allow":["GET"]}}],"collection":[{"href":"https:\/\/www.vorbei-ev.de\/wwwa\/wp-json\/wp\/v2\/pages"}],"about":[{"href":"https:\/\/www.vorbei-ev.de\/wwwa\/wp-json\/wp\/v2\/types\/page"}],"author":[{"embeddable":true,"href":"https:\/\/www.vorbei-ev.de\/wwwa\/wp-json\/wp\/v2\/users\/2"}],"replies":[{"embeddable":true,"href":"https:\/\/www.vorbei-ev.de\/wwwa\/wp-json\/wp\/v2\/comments?post=2530"}],"version-history":[{"count":3,"href":"https:\/\/www.vorbei-ev.de\/wwwa\/wp-json\/wp\/v2\/pages\/2530\/revisions"}],"predecessor-version":[{"id":2953,"href":"https:\/\/www.vorbei-ev.de\/wwwa\/wp-json\/wp\/v2\/pages\/2530\/revisions\/2953"}],"wp:attachment":[{"href":"https:\/\/www.vorbei-ev.de\/wwwa\/wp-json\/wp\/v2\/media?parent=2530"}],"curies":[{"name":"wp","href":"https:\/\/api.w.org\/{rel}","templated":true}]}}