{"id":2086,"date":"2017-04-11T18:09:44","date_gmt":"2017-04-11T16:09:44","guid":{"rendered":"http:\/\/www.vorbei-ev.de\/wwwa\/?page_id=2086"},"modified":"2017-05-05T13:01:13","modified_gmt":"2017-05-05T11:01:13","slug":"virtuelles-gsvbw-museum-das-fernmeldebetriebsgebaeude-als-schutzbau","status":"publish","type":"page","link":"https:\/\/www.vorbei-ev.de\/wwwa\/virtuelles-gsvbw-museum-das-fernmeldebetriebsgebaeude-als-schutzbau\/","title":{"rendered":"Virtuelles GSVBw-Museum: Das Fernmeldebetriebsgeb\u00e4ude als Schutzbau"},"content":{"rendered":"<h1 style=\"text-align: center;\">GSVBw &#8211; Die Grundnetzschalt- und Vermittlungsstellen der Bundeswehr<\/h1>\n<h2>Ausf\u00fchrung des Fernmeldebetriebsgeb\u00e4udes als Schutzbau<\/h2>\n<p>Die Ausf\u00fchrung des Fernmeldebetriebsgeb\u00e4udes erfolgte als biegesteifer Stahlbetonk\u00f6rper in eingeschossiger Bauweise. Die St\u00e4rke der Umfassungsbauteile betrug 3,00 m. Die Au\u00dfenabmessungen (ohne Ber\u00fccksichtigung der Zugangstreppen) betrugen 46,50m x 29m (bei Typ A und Typ B). Die Geb\u00e4udedecke wurde der Form eines Satteldaches nachempfunden, um Wasseransammlungen zu verhindern. Der luftdicht geschlossene Bauk\u00f6rper wurde mit aussteifenden Zwischenw\u00e4nden unter Ber\u00fccksichtigung von m\u00f6glichst geringer St\u00fctzweiten ausgestattet. Durch Abwinkelungen an den Eingangstreppen und in den Zu- und Abluftleitungen, die durch die Umfassungsbauteile f\u00fchren, wurde ein Strahlenschutz erzielt.<\/p>\n<p>Zur Erstellung des Fernmeldebetriebsgeb\u00e4udes kam Beton in der G\u00fcte B450 zum Einsatz. Grate und grobe Unebenheiten an den Betonfl\u00e4chen mussten vermieden werden. Die Bewehrung erfolgte durch Betonstahl hoher Elastizit\u00e4t, und wurde kubisch bei einer Maschenweite von 20cm und einem Stahldurchmesser von 12mm ausgef\u00fchrt. Das \u00e4u\u00dfere Drittel der Au\u00dfenw\u00e4nde und der Decke erhielten keine Bewehrung. Das Verh\u00e4ltnis zwischen Nutzraum und Betonvolumen betr\u00e4gt 15% zu 85%.<\/p>\n<p>Aufgrund dieser Ausf\u00fchrung konnte folgender Schutz gegen Waffenwirkungen erzielt werden.<\/p>\n<figure id=\"attachment_1583\" aria-describedby=\"caption-attachment-1583\" style=\"width: 800px\" class=\"wp-caption aligncenter\"><img loading=\"lazy\" decoding=\"async\" class=\"wp-image-1583 size-full\" src=\"https:\/\/www.vorbei-ev.de\/wwwa\/wp-content\/uploads\/2017\/04\/gsvbw_0321.jpg\" alt=\"\" width=\"800\" height=\"532\" srcset=\"https:\/\/www.vorbei-ev.de\/wwwa\/wp-content\/uploads\/2017\/04\/gsvbw_0321.jpg 800w, https:\/\/www.vorbei-ev.de\/wwwa\/wp-content\/uploads\/2017\/04\/gsvbw_0321-400x266.jpg 400w, https:\/\/www.vorbei-ev.de\/wwwa\/wp-content\/uploads\/2017\/04\/gsvbw_0321-768x511.jpg 768w\" sizes=\"auto, (max-width: 706px) 89vw, (max-width: 767px) 82vw, 740px\" \/><figcaption id=\"caption-attachment-1583\" class=\"wp-caption-text\">Sonderfall in der GSVBw21: Die W\u00e4nde im Objekt 1 sind verputzt (hier im Beispiel der Raum 43). Bei Ersch\u00fctterungen w\u00fcrde sich der Putz l\u00f6sen und eine starke Staubbildung hervorrufen. Technische Einrichtungen k\u00f6nnten dadurch besch\u00e4digt werden.<\/figcaption><\/figure>\n<figure id=\"attachment_1805\" aria-describedby=\"caption-attachment-1805\" style=\"width: 800px\" class=\"wp-caption aligncenter\"><img loading=\"lazy\" decoding=\"async\" class=\"wp-image-1805 size-full\" src=\"https:\/\/www.vorbei-ev.de\/wwwa\/wp-content\/uploads\/2017\/04\/gsvbw_3411.jpg\" alt=\"\" width=\"800\" height=\"532\" srcset=\"https:\/\/www.vorbei-ev.de\/wwwa\/wp-content\/uploads\/2017\/04\/gsvbw_3411.jpg 800w, https:\/\/www.vorbei-ev.de\/wwwa\/wp-content\/uploads\/2017\/04\/gsvbw_3411-400x266.jpg 400w, https:\/\/www.vorbei-ev.de\/wwwa\/wp-content\/uploads\/2017\/04\/gsvbw_3411-768x511.jpg 768w\" sizes=\"auto, (max-width: 706px) 89vw, (max-width: 767px) 82vw, 740px\" \/><figcaption id=\"caption-attachment-1805\" class=\"wp-caption-text\">Der Raum 43 in einer anderen GSVBw: Die Betonw\u00e4nde sind lediglich mit einem Anstrich versehen. Es besteht keine Gefahr von herabfallenden Putz.<\/figcaption><\/figure>\n<p>Beim Einsatz konventioneller Waffen bot das Fernmeldebetriebsgeb\u00e4ude Schutz vor Panzersprengbomben (Gewicht 1000kg) im freien Fall aus \u00fcblicher Abwurfh\u00f6he. Zus\u00e4tzlich wurde ein Schutz gegen weitere Waffen, wie z.B. Bomben aller Art, Granaten aller Art, biologische und chemische Kampfmittel sowie Nebel- und Brandkampfmittel erzielt. Die Verwendung der kubischen Bewehrung und der Decken- und Wandverkleidungen dienten dabei als erg\u00e4nzender Schutz gegen Materialabsplitterungen aufgrund eines konventionellen Waffentreffers.<\/p>\n<p>Erfolgte der Einsatz von Kernwaffen (Atomwaffen), konnte ein Schutz gegen die Luftdetonation einer Atomwaffe (20 kT) bzw. die Erddetonation einer Atomwaffe (10kT) in 200m Entfernung vom Objekt erzielt werden. Die Schutzwirkung wurde dabei unter Ber\u00fccksichtigung folgender Komponenten eines atomaren Waffeneinsatzes betrachtet: Thermische Strahlung, Kernstrahlung, Luftdruck, Luftdruckinduzierte Erddruckwelle und Elektromagnetischer Impuls (EMP). Bei einer Erddetonation musste zus\u00e4tzlich die direkte Erdsto\u00dfwelle beachtet werden.<\/p>\n<p>Die GSVBw 21 wurde als Sonderfall mit verputzten W\u00e4nden ausgestattet, weil hier die Vorgabe, keine Grate und Unebenheiten auf den W\u00e4nden zu hinterlassen, beim Bau nicht eingehalten wurde. Bei Ersch\u00fctterungen, die durch Waffenwirkung hervorgerufen werden k\u00f6nnten, h\u00e4tte dies zur Folge gehabt, das sich die Verputzung gel\u00f6st h\u00e4tte. Dadurch konnte in den R\u00e4umlichkeiten des Fernmeldebetriebsgeb\u00e4ude mit erheblicher Staubbildung und Schuttablagerungen gerechnet werden.<\/p>\n<p>Die Betonierarbeiten sollten in m\u00f6glichst wenigen Schritten durchgef\u00fchrt werden, um ein homogenes Betongef\u00fcge im Bauk\u00f6rper zu erzielen. Das Bauwerk durfte keine Dehnungsfugen aufweisen.<\/p>\n<p>Die Decken der einzelnen R\u00e4ume im Fernmeldebetriebsgeb\u00e4ude wurden mit einer Tr\u00e4gerdeckenverkleidung ausgestattet. Zus\u00e4tzlich bekamen einige R\u00e4ume eine Tr\u00e4gerwandverkleidung (Tr\u00e4gerabstand 40cm). Die Zwischenr\u00e4ume der einzelnen Tr\u00e4ger in der Wandverkleidung wurden mit Stahlblech, St\u00e4rke 3mm, ausgef\u00fcllt.<\/p>\n<p>Der objekteigene Brunnen erhielt einen besonderen Schutz in Form eines Einspannblockes aus Stahlbeton, kubisch bewehrt, in Betong\u00fcte B300. Der Brunnenhals wurde mit einem Stahlbetonmantel bis 10 m unterhalb des Fernmeldebetriebsgeb\u00e4udes, bzw. 20m bei nicht vollversenkter GSVBw, umschlossen. Der \u00dcbergang des Brunnens zu den Umfassungsbauteilen des Fernmeldebetriebsgeb\u00e4udes wurde elastisch ausgef\u00fchrt. Bei GSVBw mit Wetterfernmeldestelle erfolgte die Platzierung des Brunnens im Raum 35W, also in einem Raum an der Au\u00dfenseite des Fernmeldebetriebsgeb\u00e4udes. In diesem Fall wurde zum Schutz des Brunnens eine Zerschellerplatte am Fernmeldebetriebsgeb\u00e4ude errichtet.<\/p>\n<p>Die Sicherung der Zu- und Abluftbauwerke erfolgte durch die Ausf\u00fchrung aus Stahlbeton und L\u00fcftungs\u00f6ffnungen, die durch Vorrichtungen vor dem Eindringen von Regen und Kleintieren gesch\u00fctzt wurden. Ebenfalls wurden Vorkehrungen getroffen, die ein Abrei\u00dfen der Fernmeldezuleitungen bei durch Waffenwirkung hervorgerufenen Erdverschiebungen verhindern sollten.<\/p>\n<p>Die Abgasleitung des Dieselmotors in der Netzersatzanlage (NEA) wurde zun\u00e4chst durch eine Doppelkammerschallgrube, oft auch als Zweikammerschallgrube bezeichnet, gef\u00fchrt. Die Positionierung der Schallgrube erfolgte au\u00dferhalb des Fernmeldebetriebsgeb\u00e4udes. Die Deckel der Schallgrube mussten gegen Druck und Sog gesichert werden. In der GSVBw21 wurde diese Sicherung durch eine Verschraubung der Deckel mit dem Betonk\u00f6rper der Schallgrube erreicht. Die Abgasleitung endete am Schornstein des Unterkunftsgeb\u00e4udes.<\/p>\n<p>Eine spezielle Bauwerksisolierung und Drainagevorrichtungen sch\u00fctzten das Fernmeldebetriebsgeb\u00e4ude gegen Oberfl\u00e4chen- und Schichtenwasser, und verhinderten einen Wasserstau direkt am Geb\u00e4ude.<\/p>\n<p>Im Anschluss an die Betonierarbeiten erfolgte nach ausreichender Wartezeit und Fertigstellung aller Verbindungen zwischen dem Fernmeldebetriebsgeb\u00e4ude und den anderen Objekten der GSVBw die Bauwerkshinterf\u00fcllung. Hierbei sollte die Dichte des \u00fcbrigen, gewachsenen Bodens erreicht werden. Die \u00dcberdeckung des Fernmeldebetriebsgeb\u00e4udes betrug in der Geb\u00e4udemitte etwa 50 cm.<\/p>\n<p>&nbsp;<\/p>\n<table>\n<tbody>\n<tr>\n<td style=\"width: 30%; background-color: #bebebe; text-align: center; vertical-align: middle;\">&lt; <a href=\"https:\/\/www.vorbei-ev.de\/wwwa\/virtuelles-gsvbw-museum-lage-des-fernmeldebetriebsgebaeudes\/\">Vorherige Seite<\/a><\/td>\n<td style=\"width: 5%; text-align: center; vertical-align: middle;\"><\/td>\n<td style=\"width: 30%; background-color: #bebebe; text-align: center; vertical-align: middle;\"><a href=\"https:\/\/www.vorbei-ev.de\/wwwa\/virtuelles-gsvbw-museum-einleitung-und-themenuebersicht\/\"><span style=\"color: #333333;\">Zur\u00fcck zur Einleitung<\/span><\/a><\/td>\n<td style=\"width: 5%; text-align: center; vertical-align: middle;\"><\/td>\n<td style=\"width: 30%; background-color: #bebebe; text-align: center; vertical-align: middle;\"><a href=\"https:\/\/www.vorbei-ev.de\/wwwa\/virtuelles-gsvbw-museum-notausstiege\/\">N\u00e4chste Seite<\/a> &gt;<\/td>\n<\/tr>\n<\/tbody>\n<\/table>\n<div class=\"shariff shariff-align-left shariff-widget-align-left shariff-buttonstretch\" data-services=\"facebook\" data-url=\"https:\/\/www.vorbei-ev.de\/wwwa\/virtuelles-gsvbw-museum-das-fernmeldebetriebsgebaeude-als-schutzbau\/\" data-timestamp=\"1493989273\" data-backendurl=\"https:\/\/www.vorbei-ev.de\/wwwa\/wp-json\/shariff\/v1\/share_counts?\"><ul class=\"shariff-buttons theme-default orientation-horizontal buttonsize-medium\"><li class=\"shariff-button facebook shariff-nocustomcolor\" style=\"background-color:#4273c8\"><a href=\"https:\/\/www.facebook.com\/sharer\/sharer.php?u=https%3A%2F%2Fwww.vorbei-ev.de%2Fwwwa%2Fvirtuelles-gsvbw-museum-das-fernmeldebetriebsgebaeude-als-schutzbau%2F\" title=\"Bei Facebook teilen\" aria-label=\"Bei Facebook teilen\" role=\"button\" rel=\"nofollow\" class=\"shariff-link\" style=\"; background-color:#3b5998; color:#fff\" target=\"_blank\"><span class=\"shariff-icon\" style=\"\"><svg width=\"32px\" height=\"20px\" xmlns=\"http:\/\/www.w3.org\/2000\/svg\" viewBox=\"0 0 18 32\"><path fill=\"#3b5998\" d=\"M17.1 0.2v4.7h-2.8q-1.5 0-2.1 0.6t-0.5 1.9v3.4h5.2l-0.7 5.3h-4.5v13.6h-5.5v-13.6h-4.5v-5.3h4.5v-3.9q0-3.3 1.9-5.2t5-1.8q2.6 0 4.1 0.2z\"\/><\/svg><\/span><span class=\"shariff-text\">teilen<\/span>&nbsp;<\/a><\/li><li class=\"shariff-button twitter shariff-nocustomcolor\" style=\"background-color:#595959\"><a href=\"https:\/\/twitter.com\/share?url=https%3A%2F%2Fwww.vorbei-ev.de%2Fwwwa%2Fvirtuelles-gsvbw-museum-das-fernmeldebetriebsgebaeude-als-schutzbau%2F&text=Virtuelles%20GSVBw-Museum%3A%20Das%20Fernmeldebetriebsgeb%C3%A4ude%20als%20Schutzbau\" title=\"Bei X teilen\" aria-label=\"Bei X teilen\" role=\"button\" rel=\"noopener nofollow\" class=\"shariff-link\" style=\"; background-color:#000; color:#fff\" target=\"_blank\"><span class=\"shariff-icon\" style=\"\"><svg width=\"32px\" height=\"20px\" xmlns=\"http:\/\/www.w3.org\/2000\/svg\" viewBox=\"0 0 24 24\"><path fill=\"#000\" d=\"M14.258 10.152L23.176 0h-2.113l-7.747 8.813L7.133 0H0l9.352 13.328L0 23.973h2.113l8.176-9.309 6.531 9.309h7.133zm-2.895 3.293l-.949-1.328L2.875 1.56h3.246l6.086 8.523.945 1.328 7.91 11.078h-3.246zm0 0\"\/><\/svg><\/span><span class=\"shariff-text\">teilen<\/span>&nbsp;<\/a><\/li><li class=\"shariff-button whatsapp shariff-nocustomcolor\" style=\"background-color:#5cbe4a\"><a href=\"https:\/\/api.whatsapp.com\/send?text=https%3A%2F%2Fwww.vorbei-ev.de%2Fwwwa%2Fvirtuelles-gsvbw-museum-das-fernmeldebetriebsgebaeude-als-schutzbau%2F%20Virtuelles%20GSVBw-Museum%3A%20Das%20Fernmeldebetriebsgeb%C3%A4ude%20als%20Schutzbau\" title=\"Bei Whatsapp teilen\" aria-label=\"Bei Whatsapp teilen\" role=\"button\" rel=\"noopener nofollow\" class=\"shariff-link\" style=\"; background-color:#34af23; color:#fff\" target=\"_blank\"><span class=\"shariff-icon\" style=\"\"><svg width=\"32px\" height=\"20px\" xmlns=\"http:\/\/www.w3.org\/2000\/svg\" viewBox=\"0 0 32 32\"><path fill=\"#34af23\" d=\"M17.6 17.4q0.2 0 1.7 0.8t1.6 0.9q0 0.1 0 0.3 0 0.6-0.3 1.4-0.3 0.7-1.3 1.2t-1.8 0.5q-1 0-3.4-1.1-1.7-0.8-3-2.1t-2.6-3.3q-1.3-1.9-1.3-3.5v-0.1q0.1-1.6 1.3-2.8 0.4-0.4 0.9-0.4 0.1 0 0.3 0t0.3 0q0.3 0 0.5 0.1t0.3 0.5q0.1 0.4 0.6 1.6t0.4 1.3q0 0.4-0.6 1t-0.6 0.8q0 0.1 0.1 0.3 0.6 1.3 1.8 2.4 1 0.9 2.7 1.8 0.2 0.1 0.4 0.1 0.3 0 1-0.9t0.9-0.9zM14 26.9q2.3 0 4.3-0.9t3.6-2.4 2.4-3.6 0.9-4.3-0.9-4.3-2.4-3.6-3.6-2.4-4.3-0.9-4.3 0.9-3.6 2.4-2.4 3.6-0.9 4.3q0 3.6 2.1 6.6l-1.4 4.2 4.3-1.4q2.8 1.9 6.2 1.9zM14 2.2q2.7 0 5.2 1.1t4.3 2.9 2.9 4.3 1.1 5.2-1.1 5.2-2.9 4.3-4.3 2.9-5.2 1.1q-3.5 0-6.5-1.7l-7.4 2.4 2.4-7.2q-1.9-3.2-1.9-6.9 0-2.7 1.1-5.2t2.9-4.3 4.3-2.9 5.2-1.1z\"\/><\/svg><\/span><span class=\"shariff-text\">teilen<\/span>&nbsp;<\/a><\/li><li class=\"shariff-button telegram shariff-nocustomcolor\" style=\"background-color:#4084A6\"><a href=\"https:\/\/telegram.me\/share\/url?url=https%3A%2F%2Fwww.vorbei-ev.de%2Fwwwa%2Fvirtuelles-gsvbw-museum-das-fernmeldebetriebsgebaeude-als-schutzbau%2F&text=Virtuelles%20GSVBw-Museum%3A%20Das%20Fernmeldebetriebsgeb%C3%A4ude%20als%20Schutzbau\" title=\"Bei Telegram teilen\" aria-label=\"Bei Telegram teilen\" role=\"button\" rel=\"noopener nofollow\" class=\"shariff-link\" style=\"; background-color:#0088cc; color:#fff\" target=\"_blank\"><span class=\"shariff-icon\" style=\"\"><svg width=\"32px\" height=\"20px\" xmlns=\"http:\/\/www.w3.org\/2000\/svg\" viewBox=\"0 0 32 32\"><path fill=\"#0088cc\" d=\"M30.8 6.5l-4.5 21.4c-.3 1.5-1.2 1.9-2.5 1.2L16.9 24l-3.3 3.2c-.4.4-.7.7-1.4.7l.5-7L25.5 9.2c.6-.5-.1-.8-.9-.3l-15.8 10L2 16.7c-1.5-.5-1.5-1.5.3-2.2L28.9 4.3c1.3-.5 2.3.3 1.9 2.2z\"\/><\/svg><\/span><span class=\"shariff-text\">teilen<\/span>&nbsp;<\/a><\/li><\/ul><\/div>","protected":false},"excerpt":{"rendered":"<p>GSVBw &#8211; Die Grundnetzschalt- und Vermittlungsstellen der Bundeswehr Ausf\u00fchrung des Fernmeldebetriebsgeb\u00e4udes als Schutzbau Die Ausf\u00fchrung des Fernmeldebetriebsgeb\u00e4udes erfolgte als biegesteifer Stahlbetonk\u00f6rper in eingeschossiger Bauweise. Die St\u00e4rke der Umfassungsbauteile betrug 3,00 m. Die Au\u00dfenabmessungen (ohne Ber\u00fccksichtigung der Zugangstreppen) betrugen 46,50m x 29m (bei Typ A und Typ B). Die Geb\u00e4udedecke wurde der Form eines Satteldaches nachempfunden, &hellip; <\/p>\n<p class=\"link-more\"><a href=\"https:\/\/www.vorbei-ev.de\/wwwa\/virtuelles-gsvbw-museum-das-fernmeldebetriebsgebaeude-als-schutzbau\/\" class=\"more-link\"><span class=\"screen-reader-text\">\u201eVirtuelles GSVBw-Museum: Das Fernmeldebetriebsgeb\u00e4ude als Schutzbau\u201c <\/span>weiterlesen<\/a><\/p>\n","protected":false},"author":2,"featured_media":0,"parent":0,"menu_order":0,"comment_status":"closed","ping_status":"closed","template":"","meta":{"footnotes":""},"class_list":["post-2086","page","type-page","status-publish","hentry"],"yoast_head":"<!-- This site is optimized with the Yoast SEO plugin v27.4 - https:\/\/yoast.com\/product\/yoast-seo-wordpress\/ -->\n<title>Virtuelles GSVBw-Museum: Das Fernmeldebetriebsgeb\u00e4ude als Schutzbau - Vorbei e.V.<\/title>\n<meta name=\"description\" content=\"GSVBw - Die Grundnetzschalt- und Vermittlungsstellen der Bundeswehr Ausf\u00fchrung des Fernmeldebetriebsgeb\u00e4udes als Schutzbau Die Ausf\u00fchrung des\" \/>\n<meta name=\"robots\" content=\"index, follow, max-snippet:-1, max-image-preview:large, max-video-preview:-1\" \/>\n<link rel=\"canonical\" href=\"https:\/\/www.vorbei-ev.de\/wwwa\/virtuelles-gsvbw-museum-das-fernmeldebetriebsgebaeude-als-schutzbau\/\" \/>\n<meta property=\"og:locale\" content=\"de_DE\" \/>\n<meta property=\"og:type\" content=\"article\" \/>\n<meta property=\"og:title\" content=\"Virtuelles GSVBw-Museum: Das Fernmeldebetriebsgeb\u00e4ude als Schutzbau - Vorbei e.V.\" \/>\n<meta property=\"og:description\" content=\"GSVBw - Die Grundnetzschalt- und Vermittlungsstellen der Bundeswehr Ausf\u00fchrung des Fernmeldebetriebsgeb\u00e4udes als Schutzbau Die Ausf\u00fchrung des\" \/>\n<meta property=\"og:url\" content=\"https:\/\/www.vorbei-ev.de\/wwwa\/virtuelles-gsvbw-museum-das-fernmeldebetriebsgebaeude-als-schutzbau\/\" \/>\n<meta property=\"og:site_name\" content=\"Vorbei e.V.\" \/>\n<meta property=\"article:publisher\" content=\"https:\/\/www.facebook.com\/groups\/107150626035606\/\" \/>\n<meta property=\"article:modified_time\" content=\"2017-05-05T11:01:13+00:00\" \/>\n<meta property=\"og:image\" content=\"https:\/\/www.vorbei-ev.de\/wwwa\/wp-content\/uploads\/2017\/04\/gsvbw_0321.jpg\" \/>\n<meta name=\"twitter:card\" content=\"summary_large_image\" \/>\n<meta name=\"twitter:label1\" content=\"Gesch\u00e4tzte Lesezeit\" \/>\n\t<meta name=\"twitter:data1\" content=\"4\u00a0Minuten\" \/>\n<script type=\"application\/ld+json\" class=\"yoast-schema-graph\">{\"@context\":\"https:\\\/\\\/schema.org\",\"@graph\":[{\"@type\":\"WebPage\",\"@id\":\"https:\\\/\\\/www.vorbei-ev.de\\\/wwwa\\\/virtuelles-gsvbw-museum-das-fernmeldebetriebsgebaeude-als-schutzbau\\\/\",\"url\":\"https:\\\/\\\/www.vorbei-ev.de\\\/wwwa\\\/virtuelles-gsvbw-museum-das-fernmeldebetriebsgebaeude-als-schutzbau\\\/\",\"name\":\"Virtuelles GSVBw-Museum: Das Fernmeldebetriebsgeb\u00e4ude als Schutzbau - Vorbei e.V.\",\"isPartOf\":{\"@id\":\"https:\\\/\\\/www.vorbei-ev.de\\\/wwwa\\\/#website\"},\"primaryImageOfPage\":{\"@id\":\"https:\\\/\\\/www.vorbei-ev.de\\\/wwwa\\\/virtuelles-gsvbw-museum-das-fernmeldebetriebsgebaeude-als-schutzbau\\\/#primaryimage\"},\"image\":{\"@id\":\"https:\\\/\\\/www.vorbei-ev.de\\\/wwwa\\\/virtuelles-gsvbw-museum-das-fernmeldebetriebsgebaeude-als-schutzbau\\\/#primaryimage\"},\"thumbnailUrl\":\"https:\\\/\\\/www.vorbei-ev.de\\\/wwwa\\\/wp-content\\\/uploads\\\/2017\\\/04\\\/gsvbw_0321.jpg\",\"datePublished\":\"2017-04-11T16:09:44+00:00\",\"dateModified\":\"2017-05-05T11:01:13+00:00\",\"description\":\"GSVBw - Die Grundnetzschalt- und Vermittlungsstellen der Bundeswehr Ausf\u00fchrung des Fernmeldebetriebsgeb\u00e4udes als Schutzbau Die Ausf\u00fchrung des\",\"breadcrumb\":{\"@id\":\"https:\\\/\\\/www.vorbei-ev.de\\\/wwwa\\\/virtuelles-gsvbw-museum-das-fernmeldebetriebsgebaeude-als-schutzbau\\\/#breadcrumb\"},\"inLanguage\":\"de\",\"potentialAction\":[{\"@type\":\"ReadAction\",\"target\":[\"https:\\\/\\\/www.vorbei-ev.de\\\/wwwa\\\/virtuelles-gsvbw-museum-das-fernmeldebetriebsgebaeude-als-schutzbau\\\/\"]}]},{\"@type\":\"ImageObject\",\"inLanguage\":\"de\",\"@id\":\"https:\\\/\\\/www.vorbei-ev.de\\\/wwwa\\\/virtuelles-gsvbw-museum-das-fernmeldebetriebsgebaeude-als-schutzbau\\\/#primaryimage\",\"url\":\"https:\\\/\\\/www.vorbei-ev.de\\\/wwwa\\\/wp-content\\\/uploads\\\/2017\\\/04\\\/gsvbw_0321.jpg\",\"contentUrl\":\"https:\\\/\\\/www.vorbei-ev.de\\\/wwwa\\\/wp-content\\\/uploads\\\/2017\\\/04\\\/gsvbw_0321.jpg\",\"width\":800,\"height\":532},{\"@type\":\"BreadcrumbList\",\"@id\":\"https:\\\/\\\/www.vorbei-ev.de\\\/wwwa\\\/virtuelles-gsvbw-museum-das-fernmeldebetriebsgebaeude-als-schutzbau\\\/#breadcrumb\",\"itemListElement\":[{\"@type\":\"ListItem\",\"position\":1,\"name\":\"Startseite\",\"item\":\"https:\\\/\\\/www.vorbei-ev.de\\\/wwwa\\\/\"},{\"@type\":\"ListItem\",\"position\":2,\"name\":\"Virtuelles GSVBw-Museum: Das Fernmeldebetriebsgeb\u00e4ude als Schutzbau\"}]},{\"@type\":\"WebSite\",\"@id\":\"https:\\\/\\\/www.vorbei-ev.de\\\/wwwa\\\/#website\",\"url\":\"https:\\\/\\\/www.vorbei-ev.de\\\/wwwa\\\/\",\"name\":\"Vorbei e.V.\",\"description\":\"Dokumentation und Erhalt zeitgeschichtlicher Bauwerke\",\"publisher\":{\"@id\":\"https:\\\/\\\/www.vorbei-ev.de\\\/wwwa\\\/#organization\"},\"potentialAction\":[{\"@type\":\"SearchAction\",\"target\":{\"@type\":\"EntryPoint\",\"urlTemplate\":\"https:\\\/\\\/www.vorbei-ev.de\\\/wwwa\\\/?s={search_term_string}\"},\"query-input\":{\"@type\":\"PropertyValueSpecification\",\"valueRequired\":true,\"valueName\":\"search_term_string\"}}],\"inLanguage\":\"de\"},{\"@type\":\"Organization\",\"@id\":\"https:\\\/\\\/www.vorbei-ev.de\\\/wwwa\\\/#organization\",\"name\":\"Vorbei e.V.\",\"url\":\"https:\\\/\\\/www.vorbei-ev.de\\\/wwwa\\\/\",\"logo\":{\"@type\":\"ImageObject\",\"inLanguage\":\"de\",\"@id\":\"https:\\\/\\\/www.vorbei-ev.de\\\/wwwa\\\/#\\\/schema\\\/logo\\\/image\\\/\",\"url\":\"https:\\\/\\\/www.vorbei-ev.de\\\/wwwa\\\/wp-content\\\/uploads\\\/2017\\\/04\\\/Logo_schwarz_640px.png\",\"contentUrl\":\"https:\\\/\\\/www.vorbei-ev.de\\\/wwwa\\\/wp-content\\\/uploads\\\/2017\\\/04\\\/Logo_schwarz_640px.png\",\"width\":640,\"height\":120,\"caption\":\"Vorbei e.V.\"},\"image\":{\"@id\":\"https:\\\/\\\/www.vorbei-ev.de\\\/wwwa\\\/#\\\/schema\\\/logo\\\/image\\\/\"},\"sameAs\":[\"https:\\\/\\\/www.facebook.com\\\/groups\\\/107150626035606\\\/\"]}]}<\/script>\n<!-- \/ Yoast SEO plugin. -->","yoast_head_json":{"title":"Virtuelles GSVBw-Museum: Das Fernmeldebetriebsgeb\u00e4ude als Schutzbau - Vorbei e.V.","description":"GSVBw - Die Grundnetzschalt- und Vermittlungsstellen der Bundeswehr Ausf\u00fchrung des Fernmeldebetriebsgeb\u00e4udes als Schutzbau Die Ausf\u00fchrung des","robots":{"index":"index","follow":"follow","max-snippet":"max-snippet:-1","max-image-preview":"max-image-preview:large","max-video-preview":"max-video-preview:-1"},"canonical":"https:\/\/www.vorbei-ev.de\/wwwa\/virtuelles-gsvbw-museum-das-fernmeldebetriebsgebaeude-als-schutzbau\/","og_locale":"de_DE","og_type":"article","og_title":"Virtuelles GSVBw-Museum: Das Fernmeldebetriebsgeb\u00e4ude als Schutzbau - Vorbei e.V.","og_description":"GSVBw - Die Grundnetzschalt- und Vermittlungsstellen der Bundeswehr Ausf\u00fchrung des Fernmeldebetriebsgeb\u00e4udes als Schutzbau Die Ausf\u00fchrung des","og_url":"https:\/\/www.vorbei-ev.de\/wwwa\/virtuelles-gsvbw-museum-das-fernmeldebetriebsgebaeude-als-schutzbau\/","og_site_name":"Vorbei e.V.","article_publisher":"https:\/\/www.facebook.com\/groups\/107150626035606\/","article_modified_time":"2017-05-05T11:01:13+00:00","og_image":[{"url":"https:\/\/www.vorbei-ev.de\/wwwa\/wp-content\/uploads\/2017\/04\/gsvbw_0321.jpg","type":"","width":"","height":""}],"twitter_card":"summary_large_image","twitter_misc":{"Gesch\u00e4tzte Lesezeit":"4\u00a0Minuten"},"schema":{"@context":"https:\/\/schema.org","@graph":[{"@type":"WebPage","@id":"https:\/\/www.vorbei-ev.de\/wwwa\/virtuelles-gsvbw-museum-das-fernmeldebetriebsgebaeude-als-schutzbau\/","url":"https:\/\/www.vorbei-ev.de\/wwwa\/virtuelles-gsvbw-museum-das-fernmeldebetriebsgebaeude-als-schutzbau\/","name":"Virtuelles GSVBw-Museum: Das Fernmeldebetriebsgeb\u00e4ude als Schutzbau - Vorbei e.V.","isPartOf":{"@id":"https:\/\/www.vorbei-ev.de\/wwwa\/#website"},"primaryImageOfPage":{"@id":"https:\/\/www.vorbei-ev.de\/wwwa\/virtuelles-gsvbw-museum-das-fernmeldebetriebsgebaeude-als-schutzbau\/#primaryimage"},"image":{"@id":"https:\/\/www.vorbei-ev.de\/wwwa\/virtuelles-gsvbw-museum-das-fernmeldebetriebsgebaeude-als-schutzbau\/#primaryimage"},"thumbnailUrl":"https:\/\/www.vorbei-ev.de\/wwwa\/wp-content\/uploads\/2017\/04\/gsvbw_0321.jpg","datePublished":"2017-04-11T16:09:44+00:00","dateModified":"2017-05-05T11:01:13+00:00","description":"GSVBw - Die Grundnetzschalt- und Vermittlungsstellen der Bundeswehr Ausf\u00fchrung des Fernmeldebetriebsgeb\u00e4udes als Schutzbau Die Ausf\u00fchrung des","breadcrumb":{"@id":"https:\/\/www.vorbei-ev.de\/wwwa\/virtuelles-gsvbw-museum-das-fernmeldebetriebsgebaeude-als-schutzbau\/#breadcrumb"},"inLanguage":"de","potentialAction":[{"@type":"ReadAction","target":["https:\/\/www.vorbei-ev.de\/wwwa\/virtuelles-gsvbw-museum-das-fernmeldebetriebsgebaeude-als-schutzbau\/"]}]},{"@type":"ImageObject","inLanguage":"de","@id":"https:\/\/www.vorbei-ev.de\/wwwa\/virtuelles-gsvbw-museum-das-fernmeldebetriebsgebaeude-als-schutzbau\/#primaryimage","url":"https:\/\/www.vorbei-ev.de\/wwwa\/wp-content\/uploads\/2017\/04\/gsvbw_0321.jpg","contentUrl":"https:\/\/www.vorbei-ev.de\/wwwa\/wp-content\/uploads\/2017\/04\/gsvbw_0321.jpg","width":800,"height":532},{"@type":"BreadcrumbList","@id":"https:\/\/www.vorbei-ev.de\/wwwa\/virtuelles-gsvbw-museum-das-fernmeldebetriebsgebaeude-als-schutzbau\/#breadcrumb","itemListElement":[{"@type":"ListItem","position":1,"name":"Startseite","item":"https:\/\/www.vorbei-ev.de\/wwwa\/"},{"@type":"ListItem","position":2,"name":"Virtuelles GSVBw-Museum: Das Fernmeldebetriebsgeb\u00e4ude als Schutzbau"}]},{"@type":"WebSite","@id":"https:\/\/www.vorbei-ev.de\/wwwa\/#website","url":"https:\/\/www.vorbei-ev.de\/wwwa\/","name":"Vorbei e.V.","description":"Dokumentation und Erhalt zeitgeschichtlicher Bauwerke","publisher":{"@id":"https:\/\/www.vorbei-ev.de\/wwwa\/#organization"},"potentialAction":[{"@type":"SearchAction","target":{"@type":"EntryPoint","urlTemplate":"https:\/\/www.vorbei-ev.de\/wwwa\/?s={search_term_string}"},"query-input":{"@type":"PropertyValueSpecification","valueRequired":true,"valueName":"search_term_string"}}],"inLanguage":"de"},{"@type":"Organization","@id":"https:\/\/www.vorbei-ev.de\/wwwa\/#organization","name":"Vorbei e.V.","url":"https:\/\/www.vorbei-ev.de\/wwwa\/","logo":{"@type":"ImageObject","inLanguage":"de","@id":"https:\/\/www.vorbei-ev.de\/wwwa\/#\/schema\/logo\/image\/","url":"https:\/\/www.vorbei-ev.de\/wwwa\/wp-content\/uploads\/2017\/04\/Logo_schwarz_640px.png","contentUrl":"https:\/\/www.vorbei-ev.de\/wwwa\/wp-content\/uploads\/2017\/04\/Logo_schwarz_640px.png","width":640,"height":120,"caption":"Vorbei e.V."},"image":{"@id":"https:\/\/www.vorbei-ev.de\/wwwa\/#\/schema\/logo\/image\/"},"sameAs":["https:\/\/www.facebook.com\/groups\/107150626035606\/"]}]}},"_links":{"self":[{"href":"https:\/\/www.vorbei-ev.de\/wwwa\/wp-json\/wp\/v2\/pages\/2086","targetHints":{"allow":["GET"]}}],"collection":[{"href":"https:\/\/www.vorbei-ev.de\/wwwa\/wp-json\/wp\/v2\/pages"}],"about":[{"href":"https:\/\/www.vorbei-ev.de\/wwwa\/wp-json\/wp\/v2\/types\/page"}],"author":[{"embeddable":true,"href":"https:\/\/www.vorbei-ev.de\/wwwa\/wp-json\/wp\/v2\/users\/2"}],"replies":[{"embeddable":true,"href":"https:\/\/www.vorbei-ev.de\/wwwa\/wp-json\/wp\/v2\/comments?post=2086"}],"version-history":[{"count":3,"href":"https:\/\/www.vorbei-ev.de\/wwwa\/wp-json\/wp\/v2\/pages\/2086\/revisions"}],"predecessor-version":[{"id":3032,"href":"https:\/\/www.vorbei-ev.de\/wwwa\/wp-json\/wp\/v2\/pages\/2086\/revisions\/3032"}],"wp:attachment":[{"href":"https:\/\/www.vorbei-ev.de\/wwwa\/wp-json\/wp\/v2\/media?parent=2086"}],"curies":[{"name":"wp","href":"https:\/\/api.w.org\/{rel}","templated":true}]}}