{"id":2070,"date":"2017-04-08T14:14:17","date_gmt":"2017-04-08T12:14:17","guid":{"rendered":"http:\/\/www.vorbei-ev.de\/wwwa\/?page_id=2070"},"modified":"2017-04-08T14:20:37","modified_gmt":"2017-04-08T12:20:37","slug":"zivilschutzanlagen-entwicklung-der-schutzbauprogramme","status":"publish","type":"page","link":"https:\/\/www.vorbei-ev.de\/wwwa\/zivilschutzanlagen-entwicklung-der-schutzbauprogramme\/","title":{"rendered":"Zivilschutzanlagen: Entwicklung der Schutzbauprogramme"},"content":{"rendered":"<h1>Zivilschutzanlagen<\/h1>\n<h2>Die Entwicklung der Schutzbauprogramme<\/h2>\n<p>Nach dem Ende des zweiten Weltkrieges bildeten die vier Besatzungsm\u00e4chte die oberste Regierungsgewalt in Deutschland. F\u00fcr die Gesetzgebung setzte dieser Alliierte Kontrollrat Proklamationen, Gesetze, Befehle und Direktiven ein. Durch das Kontrollratsgesetz Nr. 23 (Verbot milit\u00e4rischer Bauten in Deutschland) vom 10. April 1946 wurde \u201ePlanung, Entwurf, Herstellung, Errichtung oder Bau milit\u00e4rischer Einrichtungen jeglicher Art\u201c als gesetzwidrig erkl\u00e4rt.[1] Im Artikel 2 des Kontrollratsgesetzes Nr. 23 wurden auch zivile Luftschutzr\u00e4ume mit in die Regelung eingeschlossen. Der Unterhalt ziviler Luftschutzeinrichtungen in Deutschland war somit verboten.<\/p>\n<p>Die Einigkeit der vier Besatzungsm\u00e4chte w\u00e4hrte nicht lange. Es traten Spannungen zwischen den Westm\u00e4chten und der Sowjetunion auf.[2] Durch den beginnenden Ost-West-Konflikt, auch als \u201eKalter Krieg\u201c bezeichnet, spitzte sich die politische Weltlage zu. Die Bundesrepublik lag dabei direkt im Spannungsfeld der Fronten, die sich zwischen den Westm\u00e4chten und dem Ostblock bildeten. Die Forderung einer Vorsorge zum Schutz der Zivilbev\u00f6lkerung wuchs st\u00e4ndig.<\/p>\n<p>Die Bundesregierung entschloss sich Ende 1950, die Alliierte Hohe Kommission (AHK) zur Aufhebung des Kontrollratsgesetzes 23 zu bewegen. Im Verlauf des Jahres 1951 setzten dann die Verhandlungen zwischen den Alliierten und den Deutschen Sachverst\u00e4ndigen ein. Die Alliierte Hohe Kommission hatte keine Einw\u00e4nde gegen die geplanten Ma\u00dfnahmen. Aufgrund dieser Entscheidung beschloss das Bundeskabinett Ende 1951, den Bundesminister des Inneren mit den Vorkehrungen f\u00fcr den zivilen Luftschutz zu beauftragen.[3]<\/p>\n<p>Die Bundesregierung beschloss im Juli 1955 ein vorl\u00e4ufiges Luftschutzprogramm, das auch als \u201eVorabprogramm\u201c bezeichnet wurde. Diese Namensgebung erfolgte aufgrund der fehlenden gesetzlichen Vorgaben.[4] Die Stadtverwaltungen wurden aufgefordert, jedes Schutzbauwerk mit einer Wandst\u00e4rke von mindestens 1,10 Meter hinsichtlich der luftschutztaktischen Betrachtung, einer Kostensch\u00e4tzung sowie der \u00f6rtlichen Luftschutzplanung zu beurteilen. Auf diese Weise sollten die Bunker ermittelt werden, die f\u00fcr eine Instandsetzung geeignet waren. Die angeforderten Informationen lagen den Oberfinanzdirektionen Ende der 1950er Jahre vor.[5]<\/p>\n<p>Zun\u00e4chst wurde eine behelfsm\u00e4\u00dfige Herrichtung der geeigneten Luftschutzbunker durchgef\u00fchrt. Die Arbeiten wurden dabei als erste Stufe einer sp\u00e4teren Instandsetzung betrachtet. Zielsetzung war die M\u00f6glichkeit eines kurzen Aufenthalts von bis zu 3 Stunden. Wesentliche Arbeiten waren die Reinigung des Bauwerkes, Instandsetzung der Wasser-, Elektro- und Bel\u00fcftungsanlagen sowie der Einbau von Abschlusst\u00fcren.[6]<\/p>\n<p>Das Instandsetzungsprogramm war das technisch aufw\u00e4ndigste Schutzbauprogramm des Bundes. Es wurde am 28.07.1964 durch ein Rundschreiben des damaligen Bundesschatzministers initiiert. In diesem Schreiben wurden 34 Objekte benannt, deren Instandsetzung kurzfristig erfolgen sollte. Auch der ehemalige Luftschutzbunker in der Torstenssonstra\u00dfe wurde in dieser Auflistung aufgef\u00fchrt.[7]<\/p>\n<p>Im umfangreichen und kostspieligen Instandsetzungsprogramm wurden die Luftschutzbunker mit Eingangsbauwerken ausgestattet, die zur Reduzierung von Streustrahlung Abwinkelungen erhielten. In den Zug\u00e4ngen erfolgte der Einbau von Druckt\u00fcren und Schleusen. Die bisherige einfache Ausstattung musste durch Bel\u00fcftungsanlagen, Sand- und Raumfilter, K\u00fchlaggregate f\u00fcr Raumluft und technische Anlagen, Notstromgeneratoren, Wasserversorgung durch eigene Brunnenanlagen und Notwasservorratsbeh\u00e4lter, Sitz- und Liegeeinrichtungen, \u00e4rztliche Versorgungseinrichtungen sowie K\u00fcchen- und Lagerbereiche erg\u00e4nzt werden. Die Menge der Verbrauchsg\u00fcter und Betriebsmittel wurde f\u00fcr einen autarken Zeitraum von 30 Tagen ausgelegt. Trotz der vorgesehenen Aufenthaltsdauer von 14 Tagen legte man einen Zeitraum von 30 Tagen fest, um so einer m\u00f6glichen \u00dcberbelegung zu begegnen. Weiterhin wurde ber\u00fccksichtigt, dass der Schutzraum nach einem Waffeneinsatz das einzige intakte Versorgungszentrum in der jeweiligen Umgebung sein wird.[8]<\/p>\n<p>Diese Technik war jedoch mit sehr hohen Erstellungs- und Folgekosten verbunden. Mitte der 1960er Jahre wurde deshalb die weitere Finanzierung des Schutzraumbaues eingestellt.[9] Stand 1974 wurden lediglich 49 Objekte im Zuge des Instandsetzungsprogrammes fertiggestellt.[10] Um einen aktuellen \u00dcberblick \u00fcber die im Instandsetzungsprogramm hergerichteten Zivilschutzanlagen zu erhalten, informierte sich der Vorbei e.V. durch eine schriftliche Anfrage beim Bundesamt f\u00fcr Bev\u00f6lkerungsschutz und Katastrophenhilfe (BBK): Bundesweit wurden insgesamt nur 71 Anlagen im Rahmen des aufw\u00e4ndigen Instandsetzungsprogramms aktiviert.[11] Darunter befinden sich jedoch auch Zivilschutzanlagen, die zu einem sp\u00e4teren Zeitpunkt hergerichtet wurden, und die Anforderungen an einer instandgesetzten Anlage erf\u00fcllen. Dazu geh\u00f6rt zum Beispiel die ehemalige GSVBw 27 in Lingen \/ Schepsdorf, die nach der Betriebsaufgabe in den 1990er Jahren f\u00fcr den Zivilschutz nachgenutzt wurde.[12]<\/p>\n<p>Zur\u00fcck zu den 1960er Jahren: Parallel zum \u201eVorabprogramm\u201c sorgten die Ereignisse um den Berliner Mauerbau im Jahre 1961 daf\u00fcr, dass sich die Bundesregierung zur Durchf\u00fchrung eines \u201eSofortprogrammes\u201c entschloss. Im \u201eSofortprogramm\u201c sollten etwa 650 ausgew\u00e4hlte Bunker lediglich begehbar gemacht werden. Dabei wurden die Bauwerke gereinigt, mit einer Wasserversorgung und Beleuchtungsanlagen ausgestattet sowie mit gasdichten Abschl\u00fcssen versehen. So konnte ohne gro\u00dfen finanziellen Aufwand eine gro\u00dfe Anzahl von Schutzraumpl\u00e4tzen mit einer begrenzten Aufenthaltsdauer geschaffen werden, die einen Schutz vor konventionellen Waffen und vor der Fernwirkung atomarer Waffen boten. Fast zeitgleich bot sich durch den steigenden Bedarf an Parkpl\u00e4tzen im Stadtraum und dem damit verbundenen Bau von Parkh\u00e4usern und Tiefgaragen an, diese Bauwerke auch als Schutzr\u00e4ume zu verwenden. Im \u201eMehrzweckanlagenprogramm\u201c wurden z.B. in Tiefgaragen Nebenr\u00e4ume vorgesehen, die die technischen Anlagen und die ben\u00f6tigte Schutzraum-Ausstattungen enthielten. [13]<\/p>\n<p>Erst im Jahre 1977 beschloss das Bundeskabinett in einer Sitzung am 21. Dezember, dass der Bau von Schutzr\u00e4umen erneut durch finanzielle Zusch\u00fcsse des Bundes gef\u00f6rdert werden sollte.[14] Nach den \u201eBaufachlichen Richtlinien f\u00fcr die Nutzbarmachung vorhandener \u00f6ffentlicher Schutzbunker \u2013 Fassung Dezember 1977\u201c begann die Herrichtung von Schutzr\u00e4umen nach einem stark vereinfachten Programm, dem \u201eNutzbarmachungsprogramm 1977\u201c[15]. Die Einschr\u00e4nkungen waren erheblich: Da nur noch mit Au\u00dfenluft gek\u00fchlt wurde, verk\u00fcrzte sich die Aufenthaltsdauer auf 10 Stunden. Sitze und Liegen waren nicht vorgesehen. An Stelle von automatischen Luftsto\u00dfsicherungen kamen handbet\u00e4tigte Schnellschlussklappen an den L\u00fcftern zum Einsatz.[16] Die vereinfachte technische Ausstattung sorgte f\u00fcr hohe Kosteneinsparungen im Vergleich zu den komplexen Ma\u00dfnahmen, die im Rahmen des Instandsetzungsprogrammes umgesetzt wurden.<\/p>\n<p>In den 1990er Jahren wurden die Schutzbauprogramme des Bundes eingestellt. Grund daf\u00fcr war die weltweite politische Entspannung nach dem Ende des Kalten Krieges. Die Bauprogramme liefen dann bis Ende der 1990er Jahre vollst\u00e4ndig aus. Die Anlagen wurden aus der Zivilschutzbindung entlassen und allm\u00e4hlich zur\u00fcckgebaut.[17]<\/p>\n<p><span style=\"font-size: 8pt;\">[1] Kontrollratsgesetz Nr. 23 \/ http:\/\/www.verfassungen.de\/de\/de45-49\/kr-gesetz23.htm<\/span><br \/>\n<span style=\"font-size: 8pt;\">[2] Die Entwicklung der zivilen Verteidigung in der Bundesrepublik \/ Ministerialrat Dr. Dr. Eichst\u00e4dt \/ Zivilschutz Heft 10 \/ Oktober 1965<\/span><br \/>\n<span style=\"font-size: 8pt;\">[3] Aufbau des zivilen Luftschutzes \/ Minsterialrat Erich Hampe \/ Ziviler Luftschutz Nr.1 \/ November 1952<\/span><br \/>\n<span style=\"font-size: 8pt;\">[4] Alte Bunker \u2013 neuer Schutz \/ Aus dem Schutzbauprogramm der Bundesregierung \/ Bev\u00f6lkerungsschutz 1968 \/ Heft 12<\/span><br \/>\n<span style=\"font-size: 8pt;\">[5] Bunkerwelten \/ Luftschutzanlagen in Norddeutschland \/ Michael Foedrowitz<\/span><br \/>\n<span style=\"font-size: 8pt;\">[6] Nutzbarmachen und Instandsetzen \/ Alter Beton und neue Technik \/ Regierungsdirektor Dipl.-Ing. Otto Schaible \/ Bev\u00f6lkerungsschutz 1974 \/ Heft 08<\/span><br \/>\n<span style=\"font-size: 8pt;\">[7] Nutzbarmachen und Instandsetzen \/ Alter Beton und neue Technik \/ Regierungsdirektor Dipl.-Ing. Otto Schaible \/ Bev\u00f6lkerungsschutz 1974 \/ Heft 08<\/span><br \/>\n<span style=\"font-size: 8pt;\">[8] Alte Bunker \u2013 neuer Schutz \/ Aus dem Schutzbauprogramm der Bundesregierung \/ Bev\u00f6lkerungsschutz 1968 \/ Heft 12<\/span><br \/>\n<span style=\"font-size: 8pt;\">[9] Schutzbauten \u2013 Entwicklung bis 2007 \/ Bundesamt f\u00fcr Bev\u00f6lkerungsschutz und Katastrophenhilfe (BBK)<\/span><br \/>\n<span style=\"font-size: 8pt;\">[10] Nutzbarmachen und Instandsetzen \/ Alter Beton und neue Technik \/ Regierungsdirektor Dipl.-Ing. Otto Schaible \/ Bev\u00f6lkerungsschutz 1974 \/ Heft 08<\/span><br \/>\n<span style=\"font-size: 8pt;\">[11] Schriftliche Anfrage an das Bundesamt f\u00fcr Bev\u00f6lkerungsschutz und Katastrophenhilfe (BBK) \/ Referat II.6 \/ Information der Bev\u00f6lkerung vom 14.06.2013<\/span><br \/>\n<span style=\"font-size: 8pt;\">[12] Recherchearbeit vor Ort \/ Vorbei e.V.<\/span><br \/>\n<span style=\"font-size: 8pt;\">[13] Alte Bunker \u2013 neuer Schutz \/ Aus dem Schutzbauprogramm der Bundesregierung \/ Bev\u00f6lkerungsschutz 1968 \/ Heft 12<\/span><br \/>\n<span style=\"font-size: 8pt;\">[14] Neue Initiativen im Schutzraumbau \/ Dr. Reiner von Kempis \/ Zivilverteidigung Heft II 1978<\/span><br \/>\n<span style=\"font-size: 8pt;\">[15] Schutzbauten \u2013 Entwicklungen bis 2007 \/ Bundesamt f\u00fcr Bev\u00f6lkerungsschutz und Katastrophenhilfe \/ www.bbk.bund.de<\/span><br \/>\n<span style=\"font-size: 8pt;\">[16] Nutzbarmachung von Bunkern \/ Planungs- und Ausf\u00fchrungsdetails \/ Otto Schaible \/ Zivilverteidigung Heft II 1981<\/span><br \/>\n<span style=\"font-size: 8pt;\">[17] Schutzbauten \u2013 Entwicklungen bis 2007 \/ Bundesamt f\u00fcr Bev\u00f6lkerungsschutz und Katastrophenhilfe \/ www.bbk.bund.de<\/span><\/p>\n<p>&nbsp;<\/p>\n<table>\n<tbody>\n<tr>\n<td style=\"width: 30%; background-color: #bebebe; text-align: center; vertical-align: middle;\">&lt; <a href=\"https:\/\/www.vorbei-ev.de\/wwwa\/zivilschutzanlagen-das-projekt-museumsbunker-hannover\/\">Vorherige Seite<\/a><\/td>\n<td style=\"width: 5%; text-align: center; vertical-align: middle;\"><\/td>\n<td style=\"width: 30%; background-color: #bebebe; text-align: center; vertical-align: middle;\"><a href=\"https:\/\/www.vorbei-ev.de\/wwwa\/zivilschutzanlagen-einleitung-und-themenuebersicht\/\">Zur\u00fcck zur Einleitung<\/a><\/td>\n<td style=\"width: 5%; text-align: center; vertical-align: middle;\"><\/td>\n<td style=\"width: 30%; background-color: #bebebe; text-align: center; vertical-align: middle;\"><a href=\"https:\/\/www.vorbei-ev.de\/wwwa\/zivilschutzanlagen-oeffentliche-zivilschutzanlagen-in-der-landeshauptstadt-hannover\/\">N\u00e4chste Seite<\/a> &gt;<\/td>\n<\/tr>\n<\/tbody>\n<\/table>\n<div class=\"shariff shariff-align-left shariff-widget-align-left shariff-buttonstretch\" data-services=\"facebook\" data-url=\"https:\/\/www.vorbei-ev.de\/wwwa\/zivilschutzanlagen-entwicklung-der-schutzbauprogramme\/\" data-timestamp=\"1491661237\" data-backendurl=\"https:\/\/www.vorbei-ev.de\/wwwa\/wp-json\/shariff\/v1\/share_counts?\"><ul class=\"shariff-buttons theme-default orientation-horizontal buttonsize-medium\"><li class=\"shariff-button facebook shariff-nocustomcolor\" style=\"background-color:#4273c8\"><a href=\"https:\/\/www.facebook.com\/sharer\/sharer.php?u=https%3A%2F%2Fwww.vorbei-ev.de%2Fwwwa%2Fzivilschutzanlagen-entwicklung-der-schutzbauprogramme%2F\" title=\"Bei Facebook teilen\" aria-label=\"Bei Facebook teilen\" role=\"button\" rel=\"nofollow\" class=\"shariff-link\" style=\"; background-color:#3b5998; color:#fff\" target=\"_blank\"><span class=\"shariff-icon\" style=\"\"><svg width=\"32px\" height=\"20px\" xmlns=\"http:\/\/www.w3.org\/2000\/svg\" viewBox=\"0 0 18 32\"><path fill=\"#3b5998\" d=\"M17.1 0.2v4.7h-2.8q-1.5 0-2.1 0.6t-0.5 1.9v3.4h5.2l-0.7 5.3h-4.5v13.6h-5.5v-13.6h-4.5v-5.3h4.5v-3.9q0-3.3 1.9-5.2t5-1.8q2.6 0 4.1 0.2z\"\/><\/svg><\/span><span class=\"shariff-text\">teilen<\/span>&nbsp;<\/a><\/li><li class=\"shariff-button twitter shariff-nocustomcolor\" style=\"background-color:#595959\"><a href=\"https:\/\/twitter.com\/share?url=https%3A%2F%2Fwww.vorbei-ev.de%2Fwwwa%2Fzivilschutzanlagen-entwicklung-der-schutzbauprogramme%2F&text=Zivilschutzanlagen%3A%20Entwicklung%20der%20Schutzbauprogramme\" title=\"Bei X teilen\" aria-label=\"Bei X teilen\" role=\"button\" rel=\"noopener nofollow\" class=\"shariff-link\" style=\"; background-color:#000; color:#fff\" target=\"_blank\"><span class=\"shariff-icon\" style=\"\"><svg width=\"32px\" height=\"20px\" xmlns=\"http:\/\/www.w3.org\/2000\/svg\" viewBox=\"0 0 24 24\"><path fill=\"#000\" d=\"M14.258 10.152L23.176 0h-2.113l-7.747 8.813L7.133 0H0l9.352 13.328L0 23.973h2.113l8.176-9.309 6.531 9.309h7.133zm-2.895 3.293l-.949-1.328L2.875 1.56h3.246l6.086 8.523.945 1.328 7.91 11.078h-3.246zm0 0\"\/><\/svg><\/span><span class=\"shariff-text\">teilen<\/span>&nbsp;<\/a><\/li><li class=\"shariff-button whatsapp shariff-nocustomcolor\" style=\"background-color:#5cbe4a\"><a href=\"https:\/\/api.whatsapp.com\/send?text=https%3A%2F%2Fwww.vorbei-ev.de%2Fwwwa%2Fzivilschutzanlagen-entwicklung-der-schutzbauprogramme%2F%20Zivilschutzanlagen%3A%20Entwicklung%20der%20Schutzbauprogramme\" title=\"Bei Whatsapp teilen\" aria-label=\"Bei Whatsapp teilen\" role=\"button\" rel=\"noopener nofollow\" class=\"shariff-link\" style=\"; background-color:#34af23; color:#fff\" target=\"_blank\"><span class=\"shariff-icon\" style=\"\"><svg width=\"32px\" height=\"20px\" xmlns=\"http:\/\/www.w3.org\/2000\/svg\" viewBox=\"0 0 32 32\"><path fill=\"#34af23\" d=\"M17.6 17.4q0.2 0 1.7 0.8t1.6 0.9q0 0.1 0 0.3 0 0.6-0.3 1.4-0.3 0.7-1.3 1.2t-1.8 0.5q-1 0-3.4-1.1-1.7-0.8-3-2.1t-2.6-3.3q-1.3-1.9-1.3-3.5v-0.1q0.1-1.6 1.3-2.8 0.4-0.4 0.9-0.4 0.1 0 0.3 0t0.3 0q0.3 0 0.5 0.1t0.3 0.5q0.1 0.4 0.6 1.6t0.4 1.3q0 0.4-0.6 1t-0.6 0.8q0 0.1 0.1 0.3 0.6 1.3 1.8 2.4 1 0.9 2.7 1.8 0.2 0.1 0.4 0.1 0.3 0 1-0.9t0.9-0.9zM14 26.9q2.3 0 4.3-0.9t3.6-2.4 2.4-3.6 0.9-4.3-0.9-4.3-2.4-3.6-3.6-2.4-4.3-0.9-4.3 0.9-3.6 2.4-2.4 3.6-0.9 4.3q0 3.6 2.1 6.6l-1.4 4.2 4.3-1.4q2.8 1.9 6.2 1.9zM14 2.2q2.7 0 5.2 1.1t4.3 2.9 2.9 4.3 1.1 5.2-1.1 5.2-2.9 4.3-4.3 2.9-5.2 1.1q-3.5 0-6.5-1.7l-7.4 2.4 2.4-7.2q-1.9-3.2-1.9-6.9 0-2.7 1.1-5.2t2.9-4.3 4.3-2.9 5.2-1.1z\"\/><\/svg><\/span><span class=\"shariff-text\">teilen<\/span>&nbsp;<\/a><\/li><li class=\"shariff-button telegram shariff-nocustomcolor\" style=\"background-color:#4084A6\"><a href=\"https:\/\/telegram.me\/share\/url?url=https%3A%2F%2Fwww.vorbei-ev.de%2Fwwwa%2Fzivilschutzanlagen-entwicklung-der-schutzbauprogramme%2F&text=Zivilschutzanlagen%3A%20Entwicklung%20der%20Schutzbauprogramme\" title=\"Bei Telegram teilen\" aria-label=\"Bei Telegram teilen\" role=\"button\" rel=\"noopener nofollow\" class=\"shariff-link\" style=\"; background-color:#0088cc; color:#fff\" target=\"_blank\"><span class=\"shariff-icon\" style=\"\"><svg width=\"32px\" height=\"20px\" xmlns=\"http:\/\/www.w3.org\/2000\/svg\" viewBox=\"0 0 32 32\"><path fill=\"#0088cc\" d=\"M30.8 6.5l-4.5 21.4c-.3 1.5-1.2 1.9-2.5 1.2L16.9 24l-3.3 3.2c-.4.4-.7.7-1.4.7l.5-7L25.5 9.2c.6-.5-.1-.8-.9-.3l-15.8 10L2 16.7c-1.5-.5-1.5-1.5.3-2.2L28.9 4.3c1.3-.5 2.3.3 1.9 2.2z\"\/><\/svg><\/span><span class=\"shariff-text\">teilen<\/span>&nbsp;<\/a><\/li><\/ul><\/div>","protected":false},"excerpt":{"rendered":"<p>Zivilschutzanlagen Die Entwicklung der Schutzbauprogramme Nach dem Ende des zweiten Weltkrieges bildeten die vier Besatzungsm\u00e4chte die oberste Regierungsgewalt in Deutschland. F\u00fcr die Gesetzgebung setzte dieser Alliierte Kontrollrat Proklamationen, Gesetze, Befehle und Direktiven ein. Durch das Kontrollratsgesetz Nr. 23 (Verbot milit\u00e4rischer Bauten in Deutschland) vom 10. April 1946 wurde \u201ePlanung, Entwurf, Herstellung, Errichtung oder Bau milit\u00e4rischer &hellip; <\/p>\n<p class=\"link-more\"><a href=\"https:\/\/www.vorbei-ev.de\/wwwa\/zivilschutzanlagen-entwicklung-der-schutzbauprogramme\/\" class=\"more-link\"><span class=\"screen-reader-text\">\u201eZivilschutzanlagen: Entwicklung der Schutzbauprogramme\u201c <\/span>weiterlesen<\/a><\/p>\n","protected":false},"author":2,"featured_media":0,"parent":0,"menu_order":0,"comment_status":"closed","ping_status":"closed","template":"","meta":{"footnotes":""},"class_list":["post-2070","page","type-page","status-publish","hentry"],"yoast_head":"<!-- This site is optimized with the Yoast SEO plugin v27.4 - https:\/\/yoast.com\/product\/yoast-seo-wordpress\/ -->\n<title>Zivilschutzanlagen: Entwicklung der Schutzbauprogramme - Vorbei e.V.<\/title>\n<meta name=\"description\" content=\"Zivilschutzanlagen Die Entwicklung der Schutzbauprogramme Nach dem Ende des zweiten Weltkrieges bildeten die vier Besatzungsm\u00e4chte die oberste\" \/>\n<meta name=\"robots\" content=\"index, follow, max-snippet:-1, max-image-preview:large, max-video-preview:-1\" \/>\n<link rel=\"canonical\" href=\"https:\/\/www.vorbei-ev.de\/wwwa\/zivilschutzanlagen-entwicklung-der-schutzbauprogramme\/\" \/>\n<meta property=\"og:locale\" content=\"de_DE\" \/>\n<meta property=\"og:type\" content=\"article\" \/>\n<meta property=\"og:title\" content=\"Zivilschutzanlagen: Entwicklung der Schutzbauprogramme - Vorbei e.V.\" \/>\n<meta property=\"og:description\" content=\"Zivilschutzanlagen Die Entwicklung der Schutzbauprogramme Nach dem Ende des zweiten Weltkrieges bildeten die vier Besatzungsm\u00e4chte die oberste\" \/>\n<meta property=\"og:url\" content=\"https:\/\/www.vorbei-ev.de\/wwwa\/zivilschutzanlagen-entwicklung-der-schutzbauprogramme\/\" \/>\n<meta property=\"og:site_name\" content=\"Vorbei e.V.\" \/>\n<meta property=\"article:publisher\" content=\"https:\/\/www.facebook.com\/groups\/107150626035606\/\" \/>\n<meta property=\"article:modified_time\" content=\"2017-04-08T12:20:37+00:00\" \/>\n<meta name=\"twitter:card\" content=\"summary_large_image\" \/>\n<meta name=\"twitter:label1\" content=\"Gesch\u00e4tzte Lesezeit\" \/>\n\t<meta name=\"twitter:data1\" content=\"6\u00a0Minuten\" \/>\n<script type=\"application\/ld+json\" class=\"yoast-schema-graph\">{\"@context\":\"https:\\\/\\\/schema.org\",\"@graph\":[{\"@type\":\"WebPage\",\"@id\":\"https:\\\/\\\/www.vorbei-ev.de\\\/wwwa\\\/zivilschutzanlagen-entwicklung-der-schutzbauprogramme\\\/\",\"url\":\"https:\\\/\\\/www.vorbei-ev.de\\\/wwwa\\\/zivilschutzanlagen-entwicklung-der-schutzbauprogramme\\\/\",\"name\":\"Zivilschutzanlagen: Entwicklung der Schutzbauprogramme - Vorbei e.V.\",\"isPartOf\":{\"@id\":\"https:\\\/\\\/www.vorbei-ev.de\\\/wwwa\\\/#website\"},\"datePublished\":\"2017-04-08T12:14:17+00:00\",\"dateModified\":\"2017-04-08T12:20:37+00:00\",\"description\":\"Zivilschutzanlagen Die Entwicklung der Schutzbauprogramme Nach dem Ende des zweiten Weltkrieges bildeten die vier Besatzungsm\u00e4chte die oberste\",\"breadcrumb\":{\"@id\":\"https:\\\/\\\/www.vorbei-ev.de\\\/wwwa\\\/zivilschutzanlagen-entwicklung-der-schutzbauprogramme\\\/#breadcrumb\"},\"inLanguage\":\"de\",\"potentialAction\":[{\"@type\":\"ReadAction\",\"target\":[\"https:\\\/\\\/www.vorbei-ev.de\\\/wwwa\\\/zivilschutzanlagen-entwicklung-der-schutzbauprogramme\\\/\"]}]},{\"@type\":\"BreadcrumbList\",\"@id\":\"https:\\\/\\\/www.vorbei-ev.de\\\/wwwa\\\/zivilschutzanlagen-entwicklung-der-schutzbauprogramme\\\/#breadcrumb\",\"itemListElement\":[{\"@type\":\"ListItem\",\"position\":1,\"name\":\"Startseite\",\"item\":\"https:\\\/\\\/www.vorbei-ev.de\\\/wwwa\\\/\"},{\"@type\":\"ListItem\",\"position\":2,\"name\":\"Zivilschutzanlagen: Entwicklung der Schutzbauprogramme\"}]},{\"@type\":\"WebSite\",\"@id\":\"https:\\\/\\\/www.vorbei-ev.de\\\/wwwa\\\/#website\",\"url\":\"https:\\\/\\\/www.vorbei-ev.de\\\/wwwa\\\/\",\"name\":\"Vorbei e.V.\",\"description\":\"Dokumentation und Erhalt zeitgeschichtlicher Bauwerke\",\"publisher\":{\"@id\":\"https:\\\/\\\/www.vorbei-ev.de\\\/wwwa\\\/#organization\"},\"potentialAction\":[{\"@type\":\"SearchAction\",\"target\":{\"@type\":\"EntryPoint\",\"urlTemplate\":\"https:\\\/\\\/www.vorbei-ev.de\\\/wwwa\\\/?s={search_term_string}\"},\"query-input\":{\"@type\":\"PropertyValueSpecification\",\"valueRequired\":true,\"valueName\":\"search_term_string\"}}],\"inLanguage\":\"de\"},{\"@type\":\"Organization\",\"@id\":\"https:\\\/\\\/www.vorbei-ev.de\\\/wwwa\\\/#organization\",\"name\":\"Vorbei e.V.\",\"url\":\"https:\\\/\\\/www.vorbei-ev.de\\\/wwwa\\\/\",\"logo\":{\"@type\":\"ImageObject\",\"inLanguage\":\"de\",\"@id\":\"https:\\\/\\\/www.vorbei-ev.de\\\/wwwa\\\/#\\\/schema\\\/logo\\\/image\\\/\",\"url\":\"https:\\\/\\\/www.vorbei-ev.de\\\/wwwa\\\/wp-content\\\/uploads\\\/2017\\\/04\\\/Logo_schwarz_640px.png\",\"contentUrl\":\"https:\\\/\\\/www.vorbei-ev.de\\\/wwwa\\\/wp-content\\\/uploads\\\/2017\\\/04\\\/Logo_schwarz_640px.png\",\"width\":640,\"height\":120,\"caption\":\"Vorbei e.V.\"},\"image\":{\"@id\":\"https:\\\/\\\/www.vorbei-ev.de\\\/wwwa\\\/#\\\/schema\\\/logo\\\/image\\\/\"},\"sameAs\":[\"https:\\\/\\\/www.facebook.com\\\/groups\\\/107150626035606\\\/\"]}]}<\/script>\n<!-- \/ Yoast SEO plugin. -->","yoast_head_json":{"title":"Zivilschutzanlagen: Entwicklung der Schutzbauprogramme - Vorbei e.V.","description":"Zivilschutzanlagen Die Entwicklung der Schutzbauprogramme Nach dem Ende des zweiten Weltkrieges bildeten die vier Besatzungsm\u00e4chte die oberste","robots":{"index":"index","follow":"follow","max-snippet":"max-snippet:-1","max-image-preview":"max-image-preview:large","max-video-preview":"max-video-preview:-1"},"canonical":"https:\/\/www.vorbei-ev.de\/wwwa\/zivilschutzanlagen-entwicklung-der-schutzbauprogramme\/","og_locale":"de_DE","og_type":"article","og_title":"Zivilschutzanlagen: Entwicklung der Schutzbauprogramme - Vorbei e.V.","og_description":"Zivilschutzanlagen Die Entwicklung der Schutzbauprogramme Nach dem Ende des zweiten Weltkrieges bildeten die vier Besatzungsm\u00e4chte die oberste","og_url":"https:\/\/www.vorbei-ev.de\/wwwa\/zivilschutzanlagen-entwicklung-der-schutzbauprogramme\/","og_site_name":"Vorbei e.V.","article_publisher":"https:\/\/www.facebook.com\/groups\/107150626035606\/","article_modified_time":"2017-04-08T12:20:37+00:00","twitter_card":"summary_large_image","twitter_misc":{"Gesch\u00e4tzte Lesezeit":"6\u00a0Minuten"},"schema":{"@context":"https:\/\/schema.org","@graph":[{"@type":"WebPage","@id":"https:\/\/www.vorbei-ev.de\/wwwa\/zivilschutzanlagen-entwicklung-der-schutzbauprogramme\/","url":"https:\/\/www.vorbei-ev.de\/wwwa\/zivilschutzanlagen-entwicklung-der-schutzbauprogramme\/","name":"Zivilschutzanlagen: Entwicklung der Schutzbauprogramme - Vorbei e.V.","isPartOf":{"@id":"https:\/\/www.vorbei-ev.de\/wwwa\/#website"},"datePublished":"2017-04-08T12:14:17+00:00","dateModified":"2017-04-08T12:20:37+00:00","description":"Zivilschutzanlagen Die Entwicklung der Schutzbauprogramme Nach dem Ende des zweiten Weltkrieges bildeten die vier Besatzungsm\u00e4chte die oberste","breadcrumb":{"@id":"https:\/\/www.vorbei-ev.de\/wwwa\/zivilschutzanlagen-entwicklung-der-schutzbauprogramme\/#breadcrumb"},"inLanguage":"de","potentialAction":[{"@type":"ReadAction","target":["https:\/\/www.vorbei-ev.de\/wwwa\/zivilschutzanlagen-entwicklung-der-schutzbauprogramme\/"]}]},{"@type":"BreadcrumbList","@id":"https:\/\/www.vorbei-ev.de\/wwwa\/zivilschutzanlagen-entwicklung-der-schutzbauprogramme\/#breadcrumb","itemListElement":[{"@type":"ListItem","position":1,"name":"Startseite","item":"https:\/\/www.vorbei-ev.de\/wwwa\/"},{"@type":"ListItem","position":2,"name":"Zivilschutzanlagen: Entwicklung der Schutzbauprogramme"}]},{"@type":"WebSite","@id":"https:\/\/www.vorbei-ev.de\/wwwa\/#website","url":"https:\/\/www.vorbei-ev.de\/wwwa\/","name":"Vorbei e.V.","description":"Dokumentation und Erhalt zeitgeschichtlicher Bauwerke","publisher":{"@id":"https:\/\/www.vorbei-ev.de\/wwwa\/#organization"},"potentialAction":[{"@type":"SearchAction","target":{"@type":"EntryPoint","urlTemplate":"https:\/\/www.vorbei-ev.de\/wwwa\/?s={search_term_string}"},"query-input":{"@type":"PropertyValueSpecification","valueRequired":true,"valueName":"search_term_string"}}],"inLanguage":"de"},{"@type":"Organization","@id":"https:\/\/www.vorbei-ev.de\/wwwa\/#organization","name":"Vorbei e.V.","url":"https:\/\/www.vorbei-ev.de\/wwwa\/","logo":{"@type":"ImageObject","inLanguage":"de","@id":"https:\/\/www.vorbei-ev.de\/wwwa\/#\/schema\/logo\/image\/","url":"https:\/\/www.vorbei-ev.de\/wwwa\/wp-content\/uploads\/2017\/04\/Logo_schwarz_640px.png","contentUrl":"https:\/\/www.vorbei-ev.de\/wwwa\/wp-content\/uploads\/2017\/04\/Logo_schwarz_640px.png","width":640,"height":120,"caption":"Vorbei e.V."},"image":{"@id":"https:\/\/www.vorbei-ev.de\/wwwa\/#\/schema\/logo\/image\/"},"sameAs":["https:\/\/www.facebook.com\/groups\/107150626035606\/"]}]}},"_links":{"self":[{"href":"https:\/\/www.vorbei-ev.de\/wwwa\/wp-json\/wp\/v2\/pages\/2070","targetHints":{"allow":["GET"]}}],"collection":[{"href":"https:\/\/www.vorbei-ev.de\/wwwa\/wp-json\/wp\/v2\/pages"}],"about":[{"href":"https:\/\/www.vorbei-ev.de\/wwwa\/wp-json\/wp\/v2\/types\/page"}],"author":[{"embeddable":true,"href":"https:\/\/www.vorbei-ev.de\/wwwa\/wp-json\/wp\/v2\/users\/2"}],"replies":[{"embeddable":true,"href":"https:\/\/www.vorbei-ev.de\/wwwa\/wp-json\/wp\/v2\/comments?post=2070"}],"version-history":[{"count":2,"href":"https:\/\/www.vorbei-ev.de\/wwwa\/wp-json\/wp\/v2\/pages\/2070\/revisions"}],"predecessor-version":[{"id":2082,"href":"https:\/\/www.vorbei-ev.de\/wwwa\/wp-json\/wp\/v2\/pages\/2070\/revisions\/2082"}],"wp:attachment":[{"href":"https:\/\/www.vorbei-ev.de\/wwwa\/wp-json\/wp\/v2\/media?parent=2070"}],"curies":[{"name":"wp","href":"https:\/\/api.w.org\/{rel}","templated":true}]}}