{"id":2068,"date":"2017-04-08T14:14:30","date_gmt":"2017-04-08T12:14:30","guid":{"rendered":"http:\/\/www.vorbei-ev.de\/wwwa\/?page_id=2068"},"modified":"2017-04-08T14:18:17","modified_gmt":"2017-04-08T12:18:17","slug":"zivilschutzanlagen-das-projekt-museumsbunker-hannover","status":"publish","type":"page","link":"https:\/\/www.vorbei-ev.de\/wwwa\/zivilschutzanlagen-das-projekt-museumsbunker-hannover\/","title":{"rendered":"Zivilschutzanlagen: Das Projekt Museumsbunker Hannover"},"content":{"rendered":"<h1>Zivilschutzanlagen<\/h1>\n<h2>Das Projekt Museumsbunker Hannover<\/h2>\n<p>Der vollausgestattete Schutzbau an der Torstenssonstra\u00dfe in der Landeshauptstadt Hannover ist als einzigartiges Zeugnis des Zivilschutzes im Land Niedersachsen einzuordnen. Dieser ehemalige Luftschutzbunker geh\u00f6rte mit zu den bundesweit ersten 34 Anlagen, die durch ein Rundschreiben des Bundesschatzministers in den 1960er Jahren f\u00fcr die Instandsetzung in einem &#8222;Vorabprogramm&#8220; des &#8222;Instandsetzungsprogramms&#8220; vorgesehen wurden. Die im Rahmen dieses Schutzbauprogramms vorgenommenen Bauma\u00dfnahmen waren in der Ausf\u00fchrung und in der anschlie\u00dfenden Betriebserhaltung sehr kostspielig. Diese hohen Kosten sorgten daf\u00fcr, dass das Bauprogramm nach kurzer Zeit wieder eingestellt wurde. Bundesweit konnten deshalb in diesem Programm nur wenige Objekte fertig gestellt werden. Die Bauarbeiten in der Zivilschutzanlage Torstenssonstra\u00dfe begannen im Jahr 1965 und wurden im Jahr 1968 abgeschlossen.[1],[2]<\/p>\n<p>Auf Anfrage hin best\u00e4tigte uns das Bundesamt f\u00fcr Bev\u00f6lkerungsschutz und Katastrophenhilfe (BBK), dass in der Bundesrepublik Deutschland lediglich 71 Zivilschutzanlagen (Stand 2013) in diesem aufw\u00e4ndigen Bauprogramm hergerichtet wurden. Von diesen 71 Anlagen entfallen nur 9 Objekte auf das Land Niedersachsen[3]. Eine gezielte Recherche zu den einzelnen Objekten hat ergeben, dass diese Bauwerke bereits ger\u00e4umt wurden, um sie einer Nachnutzung zuzuf\u00fchren.<\/p>\n<p>Das hannoversche Schutzbauwerk in der Torstenssonstra\u00dfe stellt somit im Land Niedersachsen die einzige vollst\u00e4ndig ausgestattete und original erhaltene Zivilschutzanlage aus dem Instandsetzungsprogramm der 1960er Jahre dar.<\/p>\n<p>Schnell wird deutlich, dass durch die R\u00fcckabwicklung dieses Schutzbaues infolge des Wegfalls der Zivilschutzbindung auch auf Landesebene ein wichtiges und einmaliges St\u00fcck Zeitgeschichte unwiederbringlich verloren gehen w\u00fcrde. Es ist nahezu unm\u00f6glich, den baulichen Zivilschutz n\u00e4her und wirklichkeitsgetreuer zu dokumentieren, als in einer eigens f\u00fcr diesen Zweck hergerichteten Anlage. Werden die originalen Einrichtungen, Ausstattungen und Gegenst\u00e4nde entfernt, um das Objekt einer anderen Nutzung zuzuf\u00fchren, verschwinden auch zuk\u00fcnftig die M\u00f6glichkeiten, ein technisches Museum in dieser Form zu etablieren, da selbst auf Landesebene keine vergleichbaren Bauwerke mehr existieren. Der R\u00fcckbau dieses Objektes w\u00fcrde ein beeindruckendes Zeugnis unumkehrbar verschwinden lassen.<\/p>\n<p>Der drohende Verlust dieses einzigartigen Zeitzeugnisses des baulichen Zivilschutzes hat uns dazu veranlasst, ein ausf\u00fchrliches Nutzungskonzept f\u00fcr dieses Bauwerk auszuarbeiten. Unser Nutzungskonzept sieht vor, die ausgestattete Zivilschutzanlage im Originalzustand zu erhalten, und in Form eines technischen Museums der interessierten \u00d6ffentlichkeit in moderierten F\u00fchrungen zug\u00e4nglich zu machen. Wir konnten daraufhin mit der Landeshauptstadt Hannover eine unbefristete vertragliche Nutzungsvereinbarung abschlie\u00dfen, um unser Projekt umzusetzen.<\/p>\n<p>Bis unsere Zielsetzung erreicht ist, m\u00fcssen wir jedoch noch viel Arbeit in das Objekt investieren. Zuk\u00fcnftig werden wir in unseren monatlichen T\u00e4tigkeitsberichten auch \u00fcber die Projektarbeit in der Zivilschutzanlage Torstenssonstra\u00dfe berichten.<\/p>\n<p><span style=\"font-size: 8pt;\">[1] Rundschreiben des Bundesschatzministers III B\/6 &#8211; 0 6500 Bu &#8211; 613\/64<\/span><br \/>\n<span style=\"font-size: 8pt;\">[2] Bau- und Zustandsbericht f\u00fcr den instandgesetzten LS-Bunker Hannover Wallensteinstra\u00dfe \/ Staats-HBA III Hannover \/ 01.12.1968<\/span><br \/>\n<span style=\"font-size: 8pt;\">[3] Auflistung instandgesetzter Zivilschutzanlagen vom 17.06.2013 \/ Bundesamt f\u00fcr Bev\u00f6lkerungsschutz und Katastrophenhilfe (BBK)<\/span><\/p>\n<p>&nbsp;<\/p>\n<table>\n<tbody>\n<tr>\n<td style=\"width: 30%; background-color: #bebebe; text-align: center; vertical-align: middle;\">&lt; <a href=\"https:\/\/www.vorbei-ev.de\/wwwa\/zivilschutzanlagen-einleitung-und-themenuebersicht\/\">Vorherige Seite<\/a><\/td>\n<td style=\"width: 5%; text-align: center; vertical-align: middle;\"><\/td>\n<td style=\"width: 30%; background-color: #bebebe; text-align: center; vertical-align: middle;\"><a href=\"https:\/\/www.vorbei-ev.de\/wwwa\/zivilschutzanlagen-einleitung-und-themenuebersicht\/\">Zur\u00fcck zur Einleitung<\/a><\/td>\n<td style=\"width: 5%; text-align: center; vertical-align: middle;\"><\/td>\n<td style=\"width: 30%; background-color: #bebebe; text-align: center; vertical-align: middle;\"><a href=\"https:\/\/www.vorbei-ev.de\/wwwa\/zivilschutzanlagen-entwicklung-der-schutzbauprogramme\/\">N\u00e4chste Seite<\/a> &gt;<\/td>\n<\/tr>\n<\/tbody>\n<\/table>\n<div class=\"shariff shariff-align-flex-start shariff-widget-align-flex-start shariff-buttonstretch\" data-services=\"facebook\" data-url=\"https%3A%2F%2Fwww.vorbei-ev.de%2Fwwwa%2Fzivilschutzanlagen-das-projekt-museumsbunker-hannover%2F\" data-timestamp=\"1491661097\" data-backendurl=\"https:\/\/www.vorbei-ev.de\/wwwa\/wp-json\/shariff\/v1\/share_counts?\"><ul class=\"shariff-buttons theme-default orientation-horizontal buttonsize-medium\"><li class=\"shariff-button facebook shariff-nocustomcolor\" style=\"background-color:#4273c8\"><a href=\"https:\/\/www.facebook.com\/sharer\/sharer.php?u=https%3A%2F%2Fwww.vorbei-ev.de%2Fwwwa%2Fzivilschutzanlagen-das-projekt-museumsbunker-hannover%2F\" title=\"Bei Facebook teilen\" aria-label=\"Bei Facebook teilen\" role=\"button\" rel=\"nofollow\" class=\"shariff-link\" style=\"; background-color:#3b5998; color:#fff\" target=\"_blank\"><span class=\"shariff-icon\" style=\"\"><svg width=\"32px\" height=\"20px\" xmlns=\"http:\/\/www.w3.org\/2000\/svg\" viewBox=\"0 0 18 32\"><path fill=\"#3b5998\" d=\"M17.1 0.2v4.7h-2.8q-1.5 0-2.1 0.6t-0.5 1.9v3.4h5.2l-0.7 5.3h-4.5v13.6h-5.5v-13.6h-4.5v-5.3h4.5v-3.9q0-3.3 1.9-5.2t5-1.8q2.6 0 4.1 0.2z\"\/><\/svg><\/span><span class=\"shariff-text\">teilen<\/span>&nbsp;<\/a><\/li><li class=\"shariff-button twitter shariff-nocustomcolor\" style=\"background-color:#595959\"><a href=\"https:\/\/twitter.com\/share?url=https%3A%2F%2Fwww.vorbei-ev.de%2Fwwwa%2Fzivilschutzanlagen-das-projekt-museumsbunker-hannover%2F&text=Zivilschutzanlagen%3A%20Das%20Projekt%20Museumsbunker%20Hannover\" title=\"Bei X teilen\" aria-label=\"Bei X teilen\" role=\"button\" rel=\"noopener nofollow\" class=\"shariff-link\" style=\"; background-color:#000; color:#fff\" target=\"_blank\"><span class=\"shariff-icon\" style=\"\"><svg width=\"32px\" height=\"20px\" xmlns=\"http:\/\/www.w3.org\/2000\/svg\" viewBox=\"0 0 24 24\"><path fill=\"#000\" d=\"M14.258 10.152L23.176 0h-2.113l-7.747 8.813L7.133 0H0l9.352 13.328L0 23.973h2.113l8.176-9.309 6.531 9.309h7.133zm-2.895 3.293l-.949-1.328L2.875 1.56h3.246l6.086 8.523.945 1.328 7.91 11.078h-3.246zm0 0\"\/><\/svg><\/span><span class=\"shariff-text\">teilen<\/span>&nbsp;<\/a><\/li><li class=\"shariff-button whatsapp shariff-nocustomcolor\" style=\"background-color:#5cbe4a\"><a href=\"https:\/\/api.whatsapp.com\/send?text=https%3A%2F%2Fwww.vorbei-ev.de%2Fwwwa%2Fzivilschutzanlagen-das-projekt-museumsbunker-hannover%2F%20Zivilschutzanlagen%3A%20Das%20Projekt%20Museumsbunker%20Hannover\" title=\"Bei Whatsapp teilen\" aria-label=\"Bei Whatsapp teilen\" role=\"button\" rel=\"noopener nofollow\" class=\"shariff-link\" style=\"; background-color:#34af23; color:#fff\" target=\"_blank\"><span class=\"shariff-icon\" style=\"\"><svg width=\"32px\" height=\"20px\" xmlns=\"http:\/\/www.w3.org\/2000\/svg\" viewBox=\"0 0 32 32\"><path fill=\"#34af23\" d=\"M17.6 17.4q0.2 0 1.7 0.8t1.6 0.9q0 0.1 0 0.3 0 0.6-0.3 1.4-0.3 0.7-1.3 1.2t-1.8 0.5q-1 0-3.4-1.1-1.7-0.8-3-2.1t-2.6-3.3q-1.3-1.9-1.3-3.5v-0.1q0.1-1.6 1.3-2.8 0.4-0.4 0.9-0.4 0.1 0 0.3 0t0.3 0q0.3 0 0.5 0.1t0.3 0.5q0.1 0.4 0.6 1.6t0.4 1.3q0 0.4-0.6 1t-0.6 0.8q0 0.1 0.1 0.3 0.6 1.3 1.8 2.4 1 0.9 2.7 1.8 0.2 0.1 0.4 0.1 0.3 0 1-0.9t0.9-0.9zM14 26.9q2.3 0 4.3-0.9t3.6-2.4 2.4-3.6 0.9-4.3-0.9-4.3-2.4-3.6-3.6-2.4-4.3-0.9-4.3 0.9-3.6 2.4-2.4 3.6-0.9 4.3q0 3.6 2.1 6.6l-1.4 4.2 4.3-1.4q2.8 1.9 6.2 1.9zM14 2.2q2.7 0 5.2 1.1t4.3 2.9 2.9 4.3 1.1 5.2-1.1 5.2-2.9 4.3-4.3 2.9-5.2 1.1q-3.5 0-6.5-1.7l-7.4 2.4 2.4-7.2q-1.9-3.2-1.9-6.9 0-2.7 1.1-5.2t2.9-4.3 4.3-2.9 5.2-1.1z\"\/><\/svg><\/span><span class=\"shariff-text\">teilen<\/span>&nbsp;<\/a><\/li><li class=\"shariff-button telegram shariff-nocustomcolor\" style=\"background-color:#4084A6\"><a href=\"https:\/\/telegram.me\/share\/url?url=https%3A%2F%2Fwww.vorbei-ev.de%2Fwwwa%2Fzivilschutzanlagen-das-projekt-museumsbunker-hannover%2F&text=Zivilschutzanlagen%3A%20Das%20Projekt%20Museumsbunker%20Hannover\" title=\"Bei Telegram teilen\" aria-label=\"Bei Telegram teilen\" role=\"button\" rel=\"noopener nofollow\" class=\"shariff-link\" style=\"; background-color:#0088cc; color:#fff\" target=\"_blank\"><span class=\"shariff-icon\" style=\"\"><svg width=\"32px\" height=\"20px\" xmlns=\"http:\/\/www.w3.org\/2000\/svg\" viewBox=\"0 0 32 32\"><path fill=\"#0088cc\" d=\"M30.8 6.5l-4.5 21.4c-.3 1.5-1.2 1.9-2.5 1.2L16.9 24l-3.3 3.2c-.4.4-.7.7-1.4.7l.5-7L25.5 9.2c.6-.5-.1-.8-.9-.3l-15.8 10L2 16.7c-1.5-.5-1.5-1.5.3-2.2L28.9 4.3c1.3-.5 2.3.3 1.9 2.2z\"\/><\/svg><\/span><span class=\"shariff-text\">teilen<\/span>&nbsp;<\/a><\/li><\/ul><\/div>","protected":false},"excerpt":{"rendered":"<p>Zivilschutzanlagen Das Projekt Museumsbunker Hannover Der vollausgestattete Schutzbau an der Torstenssonstra\u00dfe in der Landeshauptstadt Hannover ist als einzigartiges Zeugnis des Zivilschutzes im Land Niedersachsen einzuordnen. Dieser ehemalige Luftschutzbunker geh\u00f6rte mit zu den bundesweit ersten 34 Anlagen, die durch ein Rundschreiben des Bundesschatzministers in den 1960er Jahren f\u00fcr die Instandsetzung in einem &#8222;Vorabprogramm&#8220; des &#8222;Instandsetzungsprogramms&#8220; vorgesehen &hellip; <\/p>\n<p class=\"link-more\"><a href=\"https:\/\/www.vorbei-ev.de\/wwwa\/zivilschutzanlagen-das-projekt-museumsbunker-hannover\/\" class=\"more-link\"><span class=\"screen-reader-text\">\u201eZivilschutzanlagen: Das Projekt Museumsbunker Hannover\u201c <\/span>weiterlesen<\/a><\/p>\n","protected":false},"author":2,"featured_media":0,"parent":0,"menu_order":0,"comment_status":"closed","ping_status":"closed","template":"","meta":{"footnotes":""},"class_list":["post-2068","page","type-page","status-publish","hentry"],"yoast_head":"<!-- This site is optimized with the Yoast SEO plugin v27.3 - https:\/\/yoast.com\/product\/yoast-seo-wordpress\/ -->\n<title>Zivilschutzanlagen: Das Projekt Museumsbunker Hannover - Vorbei e.V.<\/title>\n<meta name=\"description\" content=\"Zivilschutzanlagen Das Projekt Museumsbunker Hannover Der vollausgestattete Schutzbau an der Torstenssonstra\u00dfe in der Landeshauptstadt Hannover ist als\" \/>\n<meta name=\"robots\" content=\"index, follow, max-snippet:-1, max-image-preview:large, max-video-preview:-1\" \/>\n<link rel=\"canonical\" href=\"https:\/\/www.vorbei-ev.de\/wwwa\/zivilschutzanlagen-das-projekt-museumsbunker-hannover\/\" \/>\n<meta property=\"og:locale\" content=\"de_DE\" \/>\n<meta property=\"og:type\" content=\"article\" \/>\n<meta property=\"og:title\" content=\"Zivilschutzanlagen: Das Projekt Museumsbunker Hannover - Vorbei e.V.\" \/>\n<meta property=\"og:description\" content=\"Zivilschutzanlagen Das Projekt Museumsbunker Hannover Der vollausgestattete Schutzbau an der Torstenssonstra\u00dfe in der Landeshauptstadt Hannover ist als\" \/>\n<meta property=\"og:url\" content=\"https:\/\/www.vorbei-ev.de\/wwwa\/zivilschutzanlagen-das-projekt-museumsbunker-hannover\/\" \/>\n<meta property=\"og:site_name\" content=\"Vorbei e.V.\" \/>\n<meta property=\"article:publisher\" content=\"https:\/\/www.facebook.com\/groups\/107150626035606\/\" \/>\n<meta property=\"article:modified_time\" content=\"2017-04-08T12:18:17+00:00\" \/>\n<meta name=\"twitter:card\" content=\"summary_large_image\" \/>\n<meta name=\"twitter:label1\" content=\"Gesch\u00e4tzte Lesezeit\" \/>\n\t<meta name=\"twitter:data1\" content=\"2\u00a0Minuten\" \/>\n<script type=\"application\/ld+json\" class=\"yoast-schema-graph\">{\"@context\":\"https:\\\/\\\/schema.org\",\"@graph\":[{\"@type\":\"WebPage\",\"@id\":\"https:\\\/\\\/www.vorbei-ev.de\\\/wwwa\\\/zivilschutzanlagen-das-projekt-museumsbunker-hannover\\\/\",\"url\":\"https:\\\/\\\/www.vorbei-ev.de\\\/wwwa\\\/zivilschutzanlagen-das-projekt-museumsbunker-hannover\\\/\",\"name\":\"Zivilschutzanlagen: Das Projekt Museumsbunker Hannover - Vorbei e.V.\",\"isPartOf\":{\"@id\":\"https:\\\/\\\/www.vorbei-ev.de\\\/wwwa\\\/#website\"},\"datePublished\":\"2017-04-08T12:14:30+00:00\",\"dateModified\":\"2017-04-08T12:18:17+00:00\",\"description\":\"Zivilschutzanlagen Das Projekt Museumsbunker Hannover Der vollausgestattete Schutzbau an der Torstenssonstra\u00dfe in der Landeshauptstadt Hannover ist als\",\"breadcrumb\":{\"@id\":\"https:\\\/\\\/www.vorbei-ev.de\\\/wwwa\\\/zivilschutzanlagen-das-projekt-museumsbunker-hannover\\\/#breadcrumb\"},\"inLanguage\":\"de\",\"potentialAction\":[{\"@type\":\"ReadAction\",\"target\":[\"https:\\\/\\\/www.vorbei-ev.de\\\/wwwa\\\/zivilschutzanlagen-das-projekt-museumsbunker-hannover\\\/\"]}]},{\"@type\":\"BreadcrumbList\",\"@id\":\"https:\\\/\\\/www.vorbei-ev.de\\\/wwwa\\\/zivilschutzanlagen-das-projekt-museumsbunker-hannover\\\/#breadcrumb\",\"itemListElement\":[{\"@type\":\"ListItem\",\"position\":1,\"name\":\"Startseite\",\"item\":\"https:\\\/\\\/www.vorbei-ev.de\\\/wwwa\\\/\"},{\"@type\":\"ListItem\",\"position\":2,\"name\":\"Zivilschutzanlagen: Das Projekt Museumsbunker Hannover\"}]},{\"@type\":\"WebSite\",\"@id\":\"https:\\\/\\\/www.vorbei-ev.de\\\/wwwa\\\/#website\",\"url\":\"https:\\\/\\\/www.vorbei-ev.de\\\/wwwa\\\/\",\"name\":\"Vorbei e.V.\",\"description\":\"Dokumentation und Erhalt zeitgeschichtlicher Bauwerke\",\"publisher\":{\"@id\":\"https:\\\/\\\/www.vorbei-ev.de\\\/wwwa\\\/#organization\"},\"potentialAction\":[{\"@type\":\"SearchAction\",\"target\":{\"@type\":\"EntryPoint\",\"urlTemplate\":\"https:\\\/\\\/www.vorbei-ev.de\\\/wwwa\\\/?s={search_term_string}\"},\"query-input\":{\"@type\":\"PropertyValueSpecification\",\"valueRequired\":true,\"valueName\":\"search_term_string\"}}],\"inLanguage\":\"de\"},{\"@type\":\"Organization\",\"@id\":\"https:\\\/\\\/www.vorbei-ev.de\\\/wwwa\\\/#organization\",\"name\":\"Vorbei e.V.\",\"url\":\"https:\\\/\\\/www.vorbei-ev.de\\\/wwwa\\\/\",\"logo\":{\"@type\":\"ImageObject\",\"inLanguage\":\"de\",\"@id\":\"https:\\\/\\\/www.vorbei-ev.de\\\/wwwa\\\/#\\\/schema\\\/logo\\\/image\\\/\",\"url\":\"https:\\\/\\\/www.vorbei-ev.de\\\/wwwa\\\/wp-content\\\/uploads\\\/2017\\\/04\\\/Logo_schwarz_640px.png\",\"contentUrl\":\"https:\\\/\\\/www.vorbei-ev.de\\\/wwwa\\\/wp-content\\\/uploads\\\/2017\\\/04\\\/Logo_schwarz_640px.png\",\"width\":640,\"height\":120,\"caption\":\"Vorbei e.V.\"},\"image\":{\"@id\":\"https:\\\/\\\/www.vorbei-ev.de\\\/wwwa\\\/#\\\/schema\\\/logo\\\/image\\\/\"},\"sameAs\":[\"https:\\\/\\\/www.facebook.com\\\/groups\\\/107150626035606\\\/\"]}]}<\/script>\n<!-- \/ Yoast SEO plugin. -->","yoast_head_json":{"title":"Zivilschutzanlagen: Das Projekt Museumsbunker Hannover - Vorbei e.V.","description":"Zivilschutzanlagen Das Projekt Museumsbunker Hannover Der vollausgestattete Schutzbau an der Torstenssonstra\u00dfe in der Landeshauptstadt Hannover ist als","robots":{"index":"index","follow":"follow","max-snippet":"max-snippet:-1","max-image-preview":"max-image-preview:large","max-video-preview":"max-video-preview:-1"},"canonical":"https:\/\/www.vorbei-ev.de\/wwwa\/zivilschutzanlagen-das-projekt-museumsbunker-hannover\/","og_locale":"de_DE","og_type":"article","og_title":"Zivilschutzanlagen: Das Projekt Museumsbunker Hannover - Vorbei e.V.","og_description":"Zivilschutzanlagen Das Projekt Museumsbunker Hannover Der vollausgestattete Schutzbau an der Torstenssonstra\u00dfe in der Landeshauptstadt Hannover ist als","og_url":"https:\/\/www.vorbei-ev.de\/wwwa\/zivilschutzanlagen-das-projekt-museumsbunker-hannover\/","og_site_name":"Vorbei e.V.","article_publisher":"https:\/\/www.facebook.com\/groups\/107150626035606\/","article_modified_time":"2017-04-08T12:18:17+00:00","twitter_card":"summary_large_image","twitter_misc":{"Gesch\u00e4tzte Lesezeit":"2\u00a0Minuten"},"schema":{"@context":"https:\/\/schema.org","@graph":[{"@type":"WebPage","@id":"https:\/\/www.vorbei-ev.de\/wwwa\/zivilschutzanlagen-das-projekt-museumsbunker-hannover\/","url":"https:\/\/www.vorbei-ev.de\/wwwa\/zivilschutzanlagen-das-projekt-museumsbunker-hannover\/","name":"Zivilschutzanlagen: Das Projekt Museumsbunker Hannover - Vorbei e.V.","isPartOf":{"@id":"https:\/\/www.vorbei-ev.de\/wwwa\/#website"},"datePublished":"2017-04-08T12:14:30+00:00","dateModified":"2017-04-08T12:18:17+00:00","description":"Zivilschutzanlagen Das Projekt Museumsbunker Hannover Der vollausgestattete Schutzbau an der Torstenssonstra\u00dfe in der Landeshauptstadt Hannover ist als","breadcrumb":{"@id":"https:\/\/www.vorbei-ev.de\/wwwa\/zivilschutzanlagen-das-projekt-museumsbunker-hannover\/#breadcrumb"},"inLanguage":"de","potentialAction":[{"@type":"ReadAction","target":["https:\/\/www.vorbei-ev.de\/wwwa\/zivilschutzanlagen-das-projekt-museumsbunker-hannover\/"]}]},{"@type":"BreadcrumbList","@id":"https:\/\/www.vorbei-ev.de\/wwwa\/zivilschutzanlagen-das-projekt-museumsbunker-hannover\/#breadcrumb","itemListElement":[{"@type":"ListItem","position":1,"name":"Startseite","item":"https:\/\/www.vorbei-ev.de\/wwwa\/"},{"@type":"ListItem","position":2,"name":"Zivilschutzanlagen: Das Projekt Museumsbunker Hannover"}]},{"@type":"WebSite","@id":"https:\/\/www.vorbei-ev.de\/wwwa\/#website","url":"https:\/\/www.vorbei-ev.de\/wwwa\/","name":"Vorbei e.V.","description":"Dokumentation und Erhalt zeitgeschichtlicher Bauwerke","publisher":{"@id":"https:\/\/www.vorbei-ev.de\/wwwa\/#organization"},"potentialAction":[{"@type":"SearchAction","target":{"@type":"EntryPoint","urlTemplate":"https:\/\/www.vorbei-ev.de\/wwwa\/?s={search_term_string}"},"query-input":{"@type":"PropertyValueSpecification","valueRequired":true,"valueName":"search_term_string"}}],"inLanguage":"de"},{"@type":"Organization","@id":"https:\/\/www.vorbei-ev.de\/wwwa\/#organization","name":"Vorbei e.V.","url":"https:\/\/www.vorbei-ev.de\/wwwa\/","logo":{"@type":"ImageObject","inLanguage":"de","@id":"https:\/\/www.vorbei-ev.de\/wwwa\/#\/schema\/logo\/image\/","url":"https:\/\/www.vorbei-ev.de\/wwwa\/wp-content\/uploads\/2017\/04\/Logo_schwarz_640px.png","contentUrl":"https:\/\/www.vorbei-ev.de\/wwwa\/wp-content\/uploads\/2017\/04\/Logo_schwarz_640px.png","width":640,"height":120,"caption":"Vorbei e.V."},"image":{"@id":"https:\/\/www.vorbei-ev.de\/wwwa\/#\/schema\/logo\/image\/"},"sameAs":["https:\/\/www.facebook.com\/groups\/107150626035606\/"]}]}},"_links":{"self":[{"href":"https:\/\/www.vorbei-ev.de\/wwwa\/wp-json\/wp\/v2\/pages\/2068","targetHints":{"allow":["GET"]}}],"collection":[{"href":"https:\/\/www.vorbei-ev.de\/wwwa\/wp-json\/wp\/v2\/pages"}],"about":[{"href":"https:\/\/www.vorbei-ev.de\/wwwa\/wp-json\/wp\/v2\/types\/page"}],"author":[{"embeddable":true,"href":"https:\/\/www.vorbei-ev.de\/wwwa\/wp-json\/wp\/v2\/users\/2"}],"replies":[{"embeddable":true,"href":"https:\/\/www.vorbei-ev.de\/wwwa\/wp-json\/wp\/v2\/comments?post=2068"}],"version-history":[{"count":3,"href":"https:\/\/www.vorbei-ev.de\/wwwa\/wp-json\/wp\/v2\/pages\/2068\/revisions"}],"predecessor-version":[{"id":2080,"href":"https:\/\/www.vorbei-ev.de\/wwwa\/wp-json\/wp\/v2\/pages\/2068\/revisions\/2080"}],"wp:attachment":[{"href":"https:\/\/www.vorbei-ev.de\/wwwa\/wp-json\/wp\/v2\/media?parent=2068"}],"curies":[{"name":"wp","href":"https:\/\/api.w.org\/{rel}","templated":true}]}}