{"id":1911,"date":"2017-04-08T09:13:48","date_gmt":"2017-04-08T07:13:48","guid":{"rendered":"http:\/\/www.vorbei-ev.de\/wwwa\/?page_id=1911"},"modified":"2021-04-01T22:34:55","modified_gmt":"2021-04-01T20:34:55","slug":"virtuelles-gsvbw-museum-bezeichnung-und-struktur","status":"publish","type":"page","link":"https:\/\/www.vorbei-ev.de\/wwwa\/virtuelles-gsvbw-museum-bezeichnung-und-struktur\/","title":{"rendered":"Virtuelles GSVBw-Museum: Bezeichnung und Struktur"},"content":{"rendered":"<h1 style=\"text-align: center;\">GSVBw &#8211; Die Grundnetzschalt- und Vermittlungsstellen der Bundeswehr<\/h1>\n<h2>Bezeichnung und Struktur<\/h2>\n<p>Im Vorfeld wurden von den verschiedenen Einrichtungen unterschiedliche Bezeichnungen f\u00fcr die GSVBw verwendet. Die Pioniere w\u00e4hlten z.B. eine Bezeichnung nach dem Landschaftsnamen der Umgebung. Die Deutsche Bundespost orientierte sich an dem Namen des jeweiligen Ortsnetzes. Die Bundeswehr wiederum benannte die GSVBw nach der Ortschaft, in der sie errichtet wurde. Diese problembehaftete Vorgehensweise bei der GSVBw-Bezeichnung f\u00fchrte zu der Festlegung, k\u00fcnftig nur noch die GSVBw-Nummer zur Benennung einer GSVBw zu verwenden. Der Nummerierungsaufbau erfolgte unter Ber\u00fccksichtigung des zust\u00e4ndigen Wehrbereiches, dem die GSVBw unterstellt war.<\/p>\n<p>Daraus ergab sich folgende Struktur f\u00fcr die in der &#8222;Phase 1&#8220; geplanten GSVBw (Stand 1966) mit den dazugeh\u00f6rigen Fernmeldekommandanturen (FmK):<\/p>\n<p>Wehrbereichskommando I Kiel<br \/>\nFernmeldekommandantur (FmK) Kiel, Hamburg<\/p>\n<p>GSVBw 11 Kleinwolstrup<br \/>\nGSVBw 16 Bredstedt<br \/>\nGSVBw 19 Gettorf<\/p>\n<p>Wehrbereichskommando II Hannover<br \/>\nFernmeldekommandantur (FmK) Bremen, Hannover, Braunschweig<\/p>\n<p>GSVBw 21 L\u00fcdersen<br \/>\nGSVBw 22 Drangstedt<br \/>\nGSVBw 23 Rotenburg<br \/>\nGSVBw 24 Apen<br \/>\nGSVBw 26 Ankum<br \/>\n<a href=\"https:\/\/www.vorbei-ev.de\/wwwa\/gsvbw-27-einleitung-und-themenuebersicht\/\" target=\"_blank\" rel=\"noopener\">GSVBw 27 Lingen<\/a><br \/>\nGSVBw 29 Fedderwarden<\/p>\n<p>Wehrbereichskommando III D\u00fcsseldorf<br \/>\nFernmeldekommandantur (FmK) D\u00fcsseldorf, K\u00f6ln, M\u00fcnster, Dortmund<\/p>\n<p>GSVBw 31 Jackerath<br \/>\nGSVBw 32 Nordkirchen<br \/>\nGSVBw 33 Birten<br \/>\n<a href=\"https:\/\/www.vorbei-ev.de\/wwwa\/gsvbw-34-siegen-einleitung-und-themenuebersicht\/\" target=\"_blank\" rel=\"noopener\">GSVBw 34 Siegen<\/a><br \/>\nGSVBw 36 Wiedenbr\u00fcck<br \/>\nGSVBw 37 Euskirchen<\/p>\n<p>Wehrbereichskommando IV Mainz<br \/>\nFernmeldekommandantur (FmK) Koblenz, Frankfurt, Trier, Neustadt an der Weinstra\u00dfe, Saarbr\u00fccken<\/p>\n<p>GSVBw 41 Mayen<br \/>\nGSVBw 42 Bad Kreuznach<br \/>\nGSVBw 43 Limburg<br \/>\nGSVBw 44 St. Martin<br \/>\n<a href=\"https:\/\/www.vorbei-ev.de\/wwwa\/gsvbw-45-einleitung-und-themenuebersicht\/\" target=\"_blank\" rel=\"noopener\">GSVBw 45 Jesberg<\/a><br \/>\nGSVBw 46 Welschbillig<br \/>\n<a href=\"https:\/\/www.vorbei-ev.de\/wwwa\/2017\/07\/02\/gsvbw-47-niederbrombach-einleitung-und-themenuebersicht\/\" target=\"_blank\" rel=\"noopener\">GSVBw 47 Niederbrombach<\/a><br \/>\nGSVBw 48 Gie\u00dfen<\/p>\n<p>Wehrbereichskommando V Stuttgart<br \/>\nFernmeldekommandantur (FmK) Stuttgart, T\u00fcbingen, Freiburg, Karlsruhe<\/p>\n<p>GSVBw 51 Waldenbuch<br \/>\nGSVBw 52 Merdingen<br \/>\nGSVBw 56 Rottweil<br \/>\nGSVBw 57 Erbach<br \/>\nGSVBw 58 Oberkirch<\/p>\n<p>Wehrbereichskommando VI M\u00fcnchen<br \/>\nFernmeldekommandantur (FmK) M\u00fcnchen, Regensburg, N\u00fcrnberg<\/p>\n<p>GSVBw 61 Jengen<br \/>\nGSVBw 62 Marktheidenfeld<br \/>\nGSVBw 63 Feuchtwangen<br \/>\nGSVBw 64 Hemau<br \/>\nGSVBw 66 Pfaffenhofen<\/p>\n<figure id=\"attachment_1901\" aria-describedby=\"caption-attachment-1901\" style=\"width: 532px\" class=\"wp-caption aligncenter\"><img loading=\"lazy\" decoding=\"async\" class=\"wp-image-1901 size-full\" src=\"https:\/\/www.vorbei-ev.de\/wwwa\/wp-content\/uploads\/2017\/04\/gsvbw21_6726-01.jpg\" alt=\"\" width=\"532\" height=\"800\" srcset=\"https:\/\/www.vorbei-ev.de\/wwwa\/wp-content\/uploads\/2017\/04\/gsvbw21_6726-01.jpg 532w, https:\/\/www.vorbei-ev.de\/wwwa\/wp-content\/uploads\/2017\/04\/gsvbw21_6726-01-266x400.jpg 266w\" sizes=\"auto, (max-width: 532px) 100vw, 532px\" \/><figcaption id=\"caption-attachment-1901\" class=\"wp-caption-text\">Blick aus dem Vorflur (Raum 53) in den Eingangsflur (Raum 40) des Fernmeldebetriebsgeb\u00e4udes.<\/figcaption><\/figure>\n<p>&nbsp;<\/p>\n<p>Der Aufbau der GSVBw-Schaltorganisation unterlag Umstrukturierungsma\u00dfnahmen. Im Oktober 1984 stelle sich diese Struktur wie folgt dar:<\/p>\n<p>Fernmeldekommando 600 Kiel<br \/>\nBereichsfernmeldef\u00fchrer 120 (BerFmFhr) Kiel<\/p>\n<p>GSVBw 11 Kleinwolstrup<br \/>\nGSVBw 16 Bredstedt<br \/>\nGSVBw 19 Gettorf<\/p>\n<p>Wehrbereichskommando II Hannover<br \/>\nBereichsfernmeldef\u00fchrer 218 (BerFmFhr) Hannover<\/p>\n<p>GSVBw 21 L\u00fcdersen<\/p>\n<p>Bereichsfernmeldef\u00fchrer 212 (BerFmFhr) Bremen<\/p>\n<p>GSVBw 22 Drangstedt<br \/>\nGSVBw 23 Rotenburg<br \/>\nGSVBw 24 Apen<br \/>\nGSVBw 26 Ankum<br \/>\n<a href=\"https:\/\/www.vorbei-ev.de\/wwwa\/gsvbw-27-einleitung-und-themenuebersicht\/\" target=\"_blank\" rel=\"noopener\">GSVBw 27 Lingen<\/a><br \/>\nGSVBw 29 Fedderwarden<\/p>\n<p>Wehrbereichskommando III D\u00fcsseldorf<br \/>\nBereichsfernmeldef\u00fchrer 314 (BerFmFhr) D\u00fcsseldorf<\/p>\n<p>GSVBw 31 Jackerath<br \/>\nGSVBw 33 Birten<\/p>\n<p>Bereichsfernmeldef\u00fchrer 324 (BerFmFhr) M\u00fcnster<\/p>\n<p>GSVBw 32 Nordkirchen<br \/>\nGSVBw 36 Wiedenbr\u00fcck<\/p>\n<p>Bereichsfernmeldef\u00fchrer 313 (BerFmFhr) Dortmund<\/p>\n<p><a href=\"https:\/\/www.vorbei-ev.de\/wwwa\/gsvbw-34-siegen-einleitung-und-themenuebersicht\/\" target=\"_blank\" rel=\"noopener\">GSVBw 34 Siegen<\/a><\/p>\n<p>Bereichsfernmeldef\u00fchrer 322 (BerFmFhr) K\u00f6ln<\/p>\n<p>GSVBw 37 Euskirchen<\/p>\n<p>Wehrbereichskommando IV Mainz<br \/>\nBereichsfernmeldef\u00fchrer 241 (BerFmFhr) Koblenz<\/p>\n<p>GSVBw 41 Mayen<br \/>\nGSVBw 42 Bad Kreuznach<br \/>\nGSVBw 46 Welschbillig<\/p>\n<p>Bereichsfernmeldef\u00fchrer 415 (BerFmFhr) Frankfurt<\/p>\n<p><a href=\"https:\/\/www.vorbei-ev.de\/wwwa\/gsvbw-45-einleitung-und-themenuebersicht\/\" target=\"_blank\" rel=\"noopener\">GSVBw 45 Jesberg<\/a><br \/>\nGSVBw 48 Gie\u00dfen<\/p>\n<p>Bereichsfernmeldef\u00fchrer 431 (BerFmFhr) Saarbr\u00fccken<\/p>\n<p><a href=\"https:\/\/www.vorbei-ev.de\/wwwa\/2017\/07\/02\/gsvbw-47-niederbrombach-einleitung-und-themenuebersicht\/\" target=\"_blank\" rel=\"noopener\">GSVBw 47 Niederbrombach<\/a><\/p>\n<p>Wehrbereichskommando V Stuttgart<br \/>\nBereichsfernmeldef\u00fchrer 528 (BerFmFhr) Stuttgart<\/p>\n<p>GSVBw 51 Waldenbuch<br \/>\nGSVBw 57 Erbach<\/p>\n<p>Bereichsfernmeldef\u00fchrer 516 (BerFmFhr) Freiburg<\/p>\n<p>GSVBw 52 Merdingen<br \/>\nGSVBw 56 Rottweil<br \/>\nGSVBw 58 Oberkirch<\/p>\n<p>Wehrbereichskommando VI M\u00fcnchen<br \/>\nBereichsfernmeldef\u00fchrer 623 (BerFmFhr) M\u00fcnchen<\/p>\n<p>GSVBw 61 Jengen<br \/>\nGSVBw 66 Pfaffenhofen<\/p>\n<p>Bereichsfernmeldef\u00fchrer 626 (BerFmFhr) N\u00fcrnberg<\/p>\n<p>GSVBw 62 Marktheidenfeld<br \/>\nGSVBw 63 Feuchtwangen<\/p>\n<p>Bereichsfernmeldef\u00fchrer 627 (BerFmFhr) Regensburg<\/p>\n<p>GSVBw 64 Hemau<\/p>\n<figure id=\"attachment_1865\" aria-describedby=\"caption-attachment-1865\" style=\"width: 532px\" class=\"wp-caption aligncenter\"><img loading=\"lazy\" decoding=\"async\" class=\"wp-image-1865 size-full\" src=\"https:\/\/www.vorbei-ev.de\/wwwa\/wp-content\/uploads\/2017\/04\/gsvbw21_0212_img_4251-01.jpg\" alt=\"\" width=\"532\" height=\"800\" srcset=\"https:\/\/www.vorbei-ev.de\/wwwa\/wp-content\/uploads\/2017\/04\/gsvbw21_0212_img_4251-01.jpg 532w, https:\/\/www.vorbei-ev.de\/wwwa\/wp-content\/uploads\/2017\/04\/gsvbw21_0212_img_4251-01-266x400.jpg 266w\" sizes=\"auto, (max-width: 532px) 100vw, 532px\" \/><figcaption id=\"caption-attachment-1865\" class=\"wp-caption-text\">Der Treppenabgang zum Eingang (Raum 50).<\/figcaption><\/figure>\n<p>&nbsp;<\/p>\n<table>\n<tbody>\n<tr>\n<td style=\"width: 30%; background-color: #bebebe; text-align: center; vertical-align: middle;\">&lt; <a href=\"https:\/\/www.vorbei-ev.de\/wwwa\/virtuelles-gsvbw-museum-das-bundeswehrgrundnetz-bwgn\/\">Vorherige Seite<\/a><\/td>\n<td style=\"width: 5%; text-align: center; vertical-align: middle;\"><\/td>\n<td style=\"width: 30%; background-color: #bebebe; text-align: center; vertical-align: middle;\"><a href=\"https:\/\/www.vorbei-ev.de\/wwwa\/virtuelles-gsvbw-museum-einleitung-und-themenuebersicht\/\"><span style=\"color: #333333;\">Zur\u00fcck zur Einleitung<\/span><\/a><\/td>\n<td style=\"width: 5%; text-align: center; vertical-align: middle;\"><\/td>\n<td style=\"width: 30%; background-color: #bebebe; text-align: center; vertical-align: middle;\"><a href=\"https:\/\/www.vorbei-ev.de\/wwwa\/virtuelles-gsvbw-museum-gsvbw-uebersichtskarte\/\">N\u00e4chste Seite<\/a> &gt;<\/td>\n<\/tr>\n<\/tbody>\n<\/table>\n<div class=\"shariff shariff-align-left shariff-widget-align-left shariff-buttonstretch\" data-services=\"facebook\" data-url=\"https:\/\/www.vorbei-ev.de\/wwwa\/virtuelles-gsvbw-museum-bezeichnung-und-struktur\/\" data-timestamp=\"1617316495\" data-backendurl=\"https:\/\/www.vorbei-ev.de\/wwwa\/wp-json\/shariff\/v1\/share_counts?\"><ul class=\"shariff-buttons theme-default orientation-horizontal buttonsize-medium\"><li class=\"shariff-button facebook shariff-nocustomcolor\" style=\"background-color:#4273c8\"><a href=\"https:\/\/www.facebook.com\/sharer\/sharer.php?u=https%3A%2F%2Fwww.vorbei-ev.de%2Fwwwa%2Fvirtuelles-gsvbw-museum-bezeichnung-und-struktur%2F\" title=\"Bei Facebook teilen\" aria-label=\"Bei Facebook teilen\" role=\"button\" rel=\"nofollow\" class=\"shariff-link\" style=\"; background-color:#3b5998; color:#fff\" target=\"_blank\"><span class=\"shariff-icon\" style=\"\"><svg width=\"32px\" height=\"20px\" xmlns=\"http:\/\/www.w3.org\/2000\/svg\" viewBox=\"0 0 18 32\"><path fill=\"#3b5998\" d=\"M17.1 0.2v4.7h-2.8q-1.5 0-2.1 0.6t-0.5 1.9v3.4h5.2l-0.7 5.3h-4.5v13.6h-5.5v-13.6h-4.5v-5.3h4.5v-3.9q0-3.3 1.9-5.2t5-1.8q2.6 0 4.1 0.2z\"\/><\/svg><\/span><span class=\"shariff-text\">teilen<\/span>&nbsp;<\/a><\/li><li class=\"shariff-button twitter shariff-nocustomcolor\" style=\"background-color:#595959\"><a href=\"https:\/\/twitter.com\/share?url=https%3A%2F%2Fwww.vorbei-ev.de%2Fwwwa%2Fvirtuelles-gsvbw-museum-bezeichnung-und-struktur%2F&text=Virtuelles%20GSVBw-Museum%3A%20Bezeichnung%20und%20Struktur\" title=\"Bei X teilen\" aria-label=\"Bei X teilen\" role=\"button\" rel=\"noopener nofollow\" class=\"shariff-link\" style=\"; background-color:#000; color:#fff\" target=\"_blank\"><span class=\"shariff-icon\" style=\"\"><svg width=\"32px\" height=\"20px\" xmlns=\"http:\/\/www.w3.org\/2000\/svg\" viewBox=\"0 0 24 24\"><path fill=\"#000\" d=\"M14.258 10.152L23.176 0h-2.113l-7.747 8.813L7.133 0H0l9.352 13.328L0 23.973h2.113l8.176-9.309 6.531 9.309h7.133zm-2.895 3.293l-.949-1.328L2.875 1.56h3.246l6.086 8.523.945 1.328 7.91 11.078h-3.246zm0 0\"\/><\/svg><\/span><span class=\"shariff-text\">teilen<\/span>&nbsp;<\/a><\/li><li class=\"shariff-button whatsapp shariff-nocustomcolor\" style=\"background-color:#5cbe4a\"><a href=\"https:\/\/api.whatsapp.com\/send?text=https%3A%2F%2Fwww.vorbei-ev.de%2Fwwwa%2Fvirtuelles-gsvbw-museum-bezeichnung-und-struktur%2F%20Virtuelles%20GSVBw-Museum%3A%20Bezeichnung%20und%20Struktur\" title=\"Bei Whatsapp teilen\" aria-label=\"Bei Whatsapp teilen\" role=\"button\" rel=\"noopener nofollow\" class=\"shariff-link\" style=\"; background-color:#34af23; color:#fff\" target=\"_blank\"><span class=\"shariff-icon\" style=\"\"><svg width=\"32px\" height=\"20px\" xmlns=\"http:\/\/www.w3.org\/2000\/svg\" viewBox=\"0 0 32 32\"><path fill=\"#34af23\" d=\"M17.6 17.4q0.2 0 1.7 0.8t1.6 0.9q0 0.1 0 0.3 0 0.6-0.3 1.4-0.3 0.7-1.3 1.2t-1.8 0.5q-1 0-3.4-1.1-1.7-0.8-3-2.1t-2.6-3.3q-1.3-1.9-1.3-3.5v-0.1q0.1-1.6 1.3-2.8 0.4-0.4 0.9-0.4 0.1 0 0.3 0t0.3 0q0.3 0 0.5 0.1t0.3 0.5q0.1 0.4 0.6 1.6t0.4 1.3q0 0.4-0.6 1t-0.6 0.8q0 0.1 0.1 0.3 0.6 1.3 1.8 2.4 1 0.9 2.7 1.8 0.2 0.1 0.4 0.1 0.3 0 1-0.9t0.9-0.9zM14 26.9q2.3 0 4.3-0.9t3.6-2.4 2.4-3.6 0.9-4.3-0.9-4.3-2.4-3.6-3.6-2.4-4.3-0.9-4.3 0.9-3.6 2.4-2.4 3.6-0.9 4.3q0 3.6 2.1 6.6l-1.4 4.2 4.3-1.4q2.8 1.9 6.2 1.9zM14 2.2q2.7 0 5.2 1.1t4.3 2.9 2.9 4.3 1.1 5.2-1.1 5.2-2.9 4.3-4.3 2.9-5.2 1.1q-3.5 0-6.5-1.7l-7.4 2.4 2.4-7.2q-1.9-3.2-1.9-6.9 0-2.7 1.1-5.2t2.9-4.3 4.3-2.9 5.2-1.1z\"\/><\/svg><\/span><span class=\"shariff-text\">teilen<\/span>&nbsp;<\/a><\/li><li class=\"shariff-button telegram shariff-nocustomcolor\" style=\"background-color:#4084A6\"><a href=\"https:\/\/telegram.me\/share\/url?url=https%3A%2F%2Fwww.vorbei-ev.de%2Fwwwa%2Fvirtuelles-gsvbw-museum-bezeichnung-und-struktur%2F&text=Virtuelles%20GSVBw-Museum%3A%20Bezeichnung%20und%20Struktur\" title=\"Bei Telegram teilen\" aria-label=\"Bei Telegram teilen\" role=\"button\" rel=\"noopener nofollow\" class=\"shariff-link\" style=\"; background-color:#0088cc; color:#fff\" target=\"_blank\"><span class=\"shariff-icon\" style=\"\"><svg width=\"32px\" height=\"20px\" xmlns=\"http:\/\/www.w3.org\/2000\/svg\" viewBox=\"0 0 32 32\"><path fill=\"#0088cc\" d=\"M30.8 6.5l-4.5 21.4c-.3 1.5-1.2 1.9-2.5 1.2L16.9 24l-3.3 3.2c-.4.4-.7.7-1.4.7l.5-7L25.5 9.2c.6-.5-.1-.8-.9-.3l-15.8 10L2 16.7c-1.5-.5-1.5-1.5.3-2.2L28.9 4.3c1.3-.5 2.3.3 1.9 2.2z\"\/><\/svg><\/span><span class=\"shariff-text\">teilen<\/span>&nbsp;<\/a><\/li><\/ul><\/div>","protected":false},"excerpt":{"rendered":"<p>GSVBw &#8211; Die Grundnetzschalt- und Vermittlungsstellen der Bundeswehr Bezeichnung und Struktur Im Vorfeld wurden von den verschiedenen Einrichtungen unterschiedliche Bezeichnungen f\u00fcr die GSVBw verwendet. Die Pioniere w\u00e4hlten z.B. eine Bezeichnung nach dem Landschaftsnamen der Umgebung. Die Deutsche Bundespost orientierte sich an dem Namen des jeweiligen Ortsnetzes. Die Bundeswehr wiederum benannte die GSVBw nach der Ortschaft, &hellip; <\/p>\n<p class=\"link-more\"><a href=\"https:\/\/www.vorbei-ev.de\/wwwa\/virtuelles-gsvbw-museum-bezeichnung-und-struktur\/\" class=\"more-link\"><span class=\"screen-reader-text\">\u201eVirtuelles GSVBw-Museum: Bezeichnung und Struktur\u201c <\/span>weiterlesen<\/a><\/p>\n","protected":false},"author":2,"featured_media":0,"parent":0,"menu_order":0,"comment_status":"closed","ping_status":"closed","template":"","meta":{"footnotes":""},"class_list":["post-1911","page","type-page","status-publish","hentry"],"yoast_head":"<!-- This site is optimized with the Yoast SEO plugin v27.4 - https:\/\/yoast.com\/product\/yoast-seo-wordpress\/ -->\n<title>Virtuelles GSVBw-Museum: Bezeichnung und Struktur - Vorbei e.V.<\/title>\n<meta name=\"description\" content=\"GSVBw - Die Grundnetzschalt- und Vermittlungsstellen der Bundeswehr Bezeichnung und Struktur Im Vorfeld wurden von den verschiedenen Einrichtungen\" \/>\n<meta name=\"robots\" content=\"index, follow, max-snippet:-1, max-image-preview:large, max-video-preview:-1\" \/>\n<link rel=\"canonical\" href=\"https:\/\/www.vorbei-ev.de\/wwwa\/virtuelles-gsvbw-museum-bezeichnung-und-struktur\/\" \/>\n<meta property=\"og:locale\" content=\"de_DE\" \/>\n<meta property=\"og:type\" content=\"article\" \/>\n<meta property=\"og:title\" content=\"Virtuelles GSVBw-Museum: Bezeichnung und Struktur - Vorbei e.V.\" \/>\n<meta property=\"og:description\" content=\"GSVBw - Die Grundnetzschalt- und Vermittlungsstellen der Bundeswehr Bezeichnung und Struktur Im Vorfeld wurden von den verschiedenen Einrichtungen\" \/>\n<meta property=\"og:url\" content=\"https:\/\/www.vorbei-ev.de\/wwwa\/virtuelles-gsvbw-museum-bezeichnung-und-struktur\/\" \/>\n<meta property=\"og:site_name\" content=\"Vorbei e.V.\" \/>\n<meta property=\"article:publisher\" content=\"https:\/\/www.facebook.com\/groups\/107150626035606\/\" \/>\n<meta property=\"article:modified_time\" content=\"2021-04-01T20:34:55+00:00\" \/>\n<meta property=\"og:image\" content=\"https:\/\/www.vorbei-ev.de\/wwwa\/wp-content\/uploads\/2017\/04\/gsvbw21_6726-01.jpg\" \/>\n<meta name=\"twitter:card\" content=\"summary_large_image\" \/>\n<meta name=\"twitter:label1\" content=\"Gesch\u00e4tzte Lesezeit\" \/>\n\t<meta name=\"twitter:data1\" content=\"3\u00a0Minuten\" \/>\n<script type=\"application\/ld+json\" class=\"yoast-schema-graph\">{\"@context\":\"https:\\\/\\\/schema.org\",\"@graph\":[{\"@type\":\"WebPage\",\"@id\":\"https:\\\/\\\/www.vorbei-ev.de\\\/wwwa\\\/virtuelles-gsvbw-museum-bezeichnung-und-struktur\\\/\",\"url\":\"https:\\\/\\\/www.vorbei-ev.de\\\/wwwa\\\/virtuelles-gsvbw-museum-bezeichnung-und-struktur\\\/\",\"name\":\"Virtuelles GSVBw-Museum: Bezeichnung und Struktur - Vorbei e.V.\",\"isPartOf\":{\"@id\":\"https:\\\/\\\/www.vorbei-ev.de\\\/wwwa\\\/#website\"},\"primaryImageOfPage\":{\"@id\":\"https:\\\/\\\/www.vorbei-ev.de\\\/wwwa\\\/virtuelles-gsvbw-museum-bezeichnung-und-struktur\\\/#primaryimage\"},\"image\":{\"@id\":\"https:\\\/\\\/www.vorbei-ev.de\\\/wwwa\\\/virtuelles-gsvbw-museum-bezeichnung-und-struktur\\\/#primaryimage\"},\"thumbnailUrl\":\"https:\\\/\\\/www.vorbei-ev.de\\\/wwwa\\\/wp-content\\\/uploads\\\/2017\\\/04\\\/gsvbw21_6726-01.jpg\",\"datePublished\":\"2017-04-08T07:13:48+00:00\",\"dateModified\":\"2021-04-01T20:34:55+00:00\",\"description\":\"GSVBw - Die Grundnetzschalt- und Vermittlungsstellen der Bundeswehr Bezeichnung und Struktur Im Vorfeld wurden von den verschiedenen Einrichtungen\",\"breadcrumb\":{\"@id\":\"https:\\\/\\\/www.vorbei-ev.de\\\/wwwa\\\/virtuelles-gsvbw-museum-bezeichnung-und-struktur\\\/#breadcrumb\"},\"inLanguage\":\"de\",\"potentialAction\":[{\"@type\":\"ReadAction\",\"target\":[\"https:\\\/\\\/www.vorbei-ev.de\\\/wwwa\\\/virtuelles-gsvbw-museum-bezeichnung-und-struktur\\\/\"]}]},{\"@type\":\"ImageObject\",\"inLanguage\":\"de\",\"@id\":\"https:\\\/\\\/www.vorbei-ev.de\\\/wwwa\\\/virtuelles-gsvbw-museum-bezeichnung-und-struktur\\\/#primaryimage\",\"url\":\"https:\\\/\\\/www.vorbei-ev.de\\\/wwwa\\\/wp-content\\\/uploads\\\/2017\\\/04\\\/gsvbw21_6726-01.jpg\",\"contentUrl\":\"https:\\\/\\\/www.vorbei-ev.de\\\/wwwa\\\/wp-content\\\/uploads\\\/2017\\\/04\\\/gsvbw21_6726-01.jpg\",\"width\":532,\"height\":800},{\"@type\":\"BreadcrumbList\",\"@id\":\"https:\\\/\\\/www.vorbei-ev.de\\\/wwwa\\\/virtuelles-gsvbw-museum-bezeichnung-und-struktur\\\/#breadcrumb\",\"itemListElement\":[{\"@type\":\"ListItem\",\"position\":1,\"name\":\"Startseite\",\"item\":\"https:\\\/\\\/www.vorbei-ev.de\\\/wwwa\\\/\"},{\"@type\":\"ListItem\",\"position\":2,\"name\":\"Virtuelles GSVBw-Museum: Bezeichnung und Struktur\"}]},{\"@type\":\"WebSite\",\"@id\":\"https:\\\/\\\/www.vorbei-ev.de\\\/wwwa\\\/#website\",\"url\":\"https:\\\/\\\/www.vorbei-ev.de\\\/wwwa\\\/\",\"name\":\"Vorbei e.V.\",\"description\":\"Dokumentation und Erhalt zeitgeschichtlicher Bauwerke\",\"publisher\":{\"@id\":\"https:\\\/\\\/www.vorbei-ev.de\\\/wwwa\\\/#organization\"},\"potentialAction\":[{\"@type\":\"SearchAction\",\"target\":{\"@type\":\"EntryPoint\",\"urlTemplate\":\"https:\\\/\\\/www.vorbei-ev.de\\\/wwwa\\\/?s={search_term_string}\"},\"query-input\":{\"@type\":\"PropertyValueSpecification\",\"valueRequired\":true,\"valueName\":\"search_term_string\"}}],\"inLanguage\":\"de\"},{\"@type\":\"Organization\",\"@id\":\"https:\\\/\\\/www.vorbei-ev.de\\\/wwwa\\\/#organization\",\"name\":\"Vorbei e.V.\",\"url\":\"https:\\\/\\\/www.vorbei-ev.de\\\/wwwa\\\/\",\"logo\":{\"@type\":\"ImageObject\",\"inLanguage\":\"de\",\"@id\":\"https:\\\/\\\/www.vorbei-ev.de\\\/wwwa\\\/#\\\/schema\\\/logo\\\/image\\\/\",\"url\":\"https:\\\/\\\/www.vorbei-ev.de\\\/wwwa\\\/wp-content\\\/uploads\\\/2017\\\/04\\\/Logo_schwarz_640px.png\",\"contentUrl\":\"https:\\\/\\\/www.vorbei-ev.de\\\/wwwa\\\/wp-content\\\/uploads\\\/2017\\\/04\\\/Logo_schwarz_640px.png\",\"width\":640,\"height\":120,\"caption\":\"Vorbei e.V.\"},\"image\":{\"@id\":\"https:\\\/\\\/www.vorbei-ev.de\\\/wwwa\\\/#\\\/schema\\\/logo\\\/image\\\/\"},\"sameAs\":[\"https:\\\/\\\/www.facebook.com\\\/groups\\\/107150626035606\\\/\"]}]}<\/script>\n<!-- \/ Yoast SEO plugin. -->","yoast_head_json":{"title":"Virtuelles GSVBw-Museum: Bezeichnung und Struktur - Vorbei e.V.","description":"GSVBw - Die Grundnetzschalt- und Vermittlungsstellen der Bundeswehr Bezeichnung und Struktur Im Vorfeld wurden von den verschiedenen Einrichtungen","robots":{"index":"index","follow":"follow","max-snippet":"max-snippet:-1","max-image-preview":"max-image-preview:large","max-video-preview":"max-video-preview:-1"},"canonical":"https:\/\/www.vorbei-ev.de\/wwwa\/virtuelles-gsvbw-museum-bezeichnung-und-struktur\/","og_locale":"de_DE","og_type":"article","og_title":"Virtuelles GSVBw-Museum: Bezeichnung und Struktur - Vorbei e.V.","og_description":"GSVBw - Die Grundnetzschalt- und Vermittlungsstellen der Bundeswehr Bezeichnung und Struktur Im Vorfeld wurden von den verschiedenen Einrichtungen","og_url":"https:\/\/www.vorbei-ev.de\/wwwa\/virtuelles-gsvbw-museum-bezeichnung-und-struktur\/","og_site_name":"Vorbei e.V.","article_publisher":"https:\/\/www.facebook.com\/groups\/107150626035606\/","article_modified_time":"2021-04-01T20:34:55+00:00","og_image":[{"url":"https:\/\/www.vorbei-ev.de\/wwwa\/wp-content\/uploads\/2017\/04\/gsvbw21_6726-01.jpg","type":"","width":"","height":""}],"twitter_card":"summary_large_image","twitter_misc":{"Gesch\u00e4tzte Lesezeit":"3\u00a0Minuten"},"schema":{"@context":"https:\/\/schema.org","@graph":[{"@type":"WebPage","@id":"https:\/\/www.vorbei-ev.de\/wwwa\/virtuelles-gsvbw-museum-bezeichnung-und-struktur\/","url":"https:\/\/www.vorbei-ev.de\/wwwa\/virtuelles-gsvbw-museum-bezeichnung-und-struktur\/","name":"Virtuelles GSVBw-Museum: Bezeichnung und Struktur - Vorbei e.V.","isPartOf":{"@id":"https:\/\/www.vorbei-ev.de\/wwwa\/#website"},"primaryImageOfPage":{"@id":"https:\/\/www.vorbei-ev.de\/wwwa\/virtuelles-gsvbw-museum-bezeichnung-und-struktur\/#primaryimage"},"image":{"@id":"https:\/\/www.vorbei-ev.de\/wwwa\/virtuelles-gsvbw-museum-bezeichnung-und-struktur\/#primaryimage"},"thumbnailUrl":"https:\/\/www.vorbei-ev.de\/wwwa\/wp-content\/uploads\/2017\/04\/gsvbw21_6726-01.jpg","datePublished":"2017-04-08T07:13:48+00:00","dateModified":"2021-04-01T20:34:55+00:00","description":"GSVBw - Die Grundnetzschalt- und Vermittlungsstellen der Bundeswehr Bezeichnung und Struktur Im Vorfeld wurden von den verschiedenen Einrichtungen","breadcrumb":{"@id":"https:\/\/www.vorbei-ev.de\/wwwa\/virtuelles-gsvbw-museum-bezeichnung-und-struktur\/#breadcrumb"},"inLanguage":"de","potentialAction":[{"@type":"ReadAction","target":["https:\/\/www.vorbei-ev.de\/wwwa\/virtuelles-gsvbw-museum-bezeichnung-und-struktur\/"]}]},{"@type":"ImageObject","inLanguage":"de","@id":"https:\/\/www.vorbei-ev.de\/wwwa\/virtuelles-gsvbw-museum-bezeichnung-und-struktur\/#primaryimage","url":"https:\/\/www.vorbei-ev.de\/wwwa\/wp-content\/uploads\/2017\/04\/gsvbw21_6726-01.jpg","contentUrl":"https:\/\/www.vorbei-ev.de\/wwwa\/wp-content\/uploads\/2017\/04\/gsvbw21_6726-01.jpg","width":532,"height":800},{"@type":"BreadcrumbList","@id":"https:\/\/www.vorbei-ev.de\/wwwa\/virtuelles-gsvbw-museum-bezeichnung-und-struktur\/#breadcrumb","itemListElement":[{"@type":"ListItem","position":1,"name":"Startseite","item":"https:\/\/www.vorbei-ev.de\/wwwa\/"},{"@type":"ListItem","position":2,"name":"Virtuelles GSVBw-Museum: Bezeichnung und Struktur"}]},{"@type":"WebSite","@id":"https:\/\/www.vorbei-ev.de\/wwwa\/#website","url":"https:\/\/www.vorbei-ev.de\/wwwa\/","name":"Vorbei e.V.","description":"Dokumentation und Erhalt zeitgeschichtlicher Bauwerke","publisher":{"@id":"https:\/\/www.vorbei-ev.de\/wwwa\/#organization"},"potentialAction":[{"@type":"SearchAction","target":{"@type":"EntryPoint","urlTemplate":"https:\/\/www.vorbei-ev.de\/wwwa\/?s={search_term_string}"},"query-input":{"@type":"PropertyValueSpecification","valueRequired":true,"valueName":"search_term_string"}}],"inLanguage":"de"},{"@type":"Organization","@id":"https:\/\/www.vorbei-ev.de\/wwwa\/#organization","name":"Vorbei e.V.","url":"https:\/\/www.vorbei-ev.de\/wwwa\/","logo":{"@type":"ImageObject","inLanguage":"de","@id":"https:\/\/www.vorbei-ev.de\/wwwa\/#\/schema\/logo\/image\/","url":"https:\/\/www.vorbei-ev.de\/wwwa\/wp-content\/uploads\/2017\/04\/Logo_schwarz_640px.png","contentUrl":"https:\/\/www.vorbei-ev.de\/wwwa\/wp-content\/uploads\/2017\/04\/Logo_schwarz_640px.png","width":640,"height":120,"caption":"Vorbei e.V."},"image":{"@id":"https:\/\/www.vorbei-ev.de\/wwwa\/#\/schema\/logo\/image\/"},"sameAs":["https:\/\/www.facebook.com\/groups\/107150626035606\/"]}]}},"_links":{"self":[{"href":"https:\/\/www.vorbei-ev.de\/wwwa\/wp-json\/wp\/v2\/pages\/1911","targetHints":{"allow":["GET"]}}],"collection":[{"href":"https:\/\/www.vorbei-ev.de\/wwwa\/wp-json\/wp\/v2\/pages"}],"about":[{"href":"https:\/\/www.vorbei-ev.de\/wwwa\/wp-json\/wp\/v2\/types\/page"}],"author":[{"embeddable":true,"href":"https:\/\/www.vorbei-ev.de\/wwwa\/wp-json\/wp\/v2\/users\/2"}],"replies":[{"embeddable":true,"href":"https:\/\/www.vorbei-ev.de\/wwwa\/wp-json\/wp\/v2\/comments?post=1911"}],"version-history":[{"count":8,"href":"https:\/\/www.vorbei-ev.de\/wwwa\/wp-json\/wp\/v2\/pages\/1911\/revisions"}],"predecessor-version":[{"id":9197,"href":"https:\/\/www.vorbei-ev.de\/wwwa\/wp-json\/wp\/v2\/pages\/1911\/revisions\/9197"}],"wp:attachment":[{"href":"https:\/\/www.vorbei-ev.de\/wwwa\/wp-json\/wp\/v2\/media?parent=1911"}],"curies":[{"name":"wp","href":"https:\/\/api.w.org\/{rel}","templated":true}]}}