{"id":146,"date":"2017-03-08T17:33:25","date_gmt":"2017-03-08T16:33:25","guid":{"rendered":"http:\/\/www.vorbei-ev.de\/wwwa\/?page_id=146"},"modified":"2017-03-22T15:05:24","modified_gmt":"2017-03-22T14:05:24","slug":"unsere-satzung","status":"publish","type":"page","link":"https:\/\/www.vorbei-ev.de\/wwwa\/unsere-satzung\/","title":{"rendered":"Unsere Satzung"},"content":{"rendered":"<h1 style=\"text-align: center;\">Satzung des Vereins Vorbei e.V.<\/h1>\n<p>&nbsp;<\/p>\n<h2>\u00a71 Name und Sitz<\/h2>\n<p>(1) Der Verein tr\u00e4gt den Namen \u201eVorbei\u201c.<\/p>\n<p>(2) Der Verein hat seinen Sitz in Wennigsen\/Deister.<\/p>\n<p>(3) Der Verein ist unter der Nummer VR 200384 in das Vereinsregister beim Amtsgericht Hannover eingetragen werden und tr\u00e4gt den Namenzusatz \u201ee.V.\u201c.<\/p>\n<p>&nbsp;<\/p>\n<h2>\u00a72 Zweck des Vereins<\/h2>\n<p>(1) Zweck des Vereins ist die F\u00f6rderung des Denkmalschutzes und der Denkmalpflege. Der Verein besch\u00e4ftigt sich mit der Dokumentation und Erforschung sowie dem Erhalt zeitgeschichtlicher Bauwerke.<\/p>\n<p>a) Dazu geh\u00f6ren (keine abschlie\u00dfende Aufz\u00e4hlung!) historische Geb\u00e4ude,<br \/>\nIndustrieanlagen, Burgen und Wallanlagen, zivile und milit\u00e4rische<br \/>\nSchutzeinrichtungen, Kasernen und Flugpl\u00e4tze.<\/p>\n<p>b) Neben der Zusammenarbeit mit Beh\u00f6rden zur Ausweisung und Erhaltung von Baudenkm\u00e4lern sollen auch Museumsbetreiber oder private Initiativen, die bereits Objekte nach a) betreuen, in ihrer Arbeit unterst\u00fctzt werden.<\/p>\n<p>c) Mittelfristig ist die Betreuung eines geeigneten Objektes (durch Anmietung oder Kauf) durch den Verein geplant. In diesem Fall steht die museale Nutzung im Vordergrund.<\/p>\n<p>d) Der Verein m\u00f6chte der \u00d6ffentlichkeit die geschichtliche Bedeutung eines<br \/>\nBauwerkes n\u00e4her bringen. Das soll geschehen durch Publikationen, Einrichtung und Betrieb eines Museums oder durch \u00f6ffentliche Themen-Ausstellungen.<\/p>\n<p>e) Nach Absprache mit den zust\u00e4ndigen Beh\u00f6rden kann der Verein \u00f6ffentliche<br \/>\nF\u00fchrungen in ausgesuchten Objekten anbieten.<\/p>\n<p>(2) Der Verein verfolgt ausschlie\u00dflich und unmittelbar gemeinn\u00fctzige Zwecke im Sinne des Abschnitts \u201eSteuerbeg\u00fcnstigte Zwecke\u201c der Abgabenordnung (\u00a7\u00a7 51-68 AO) in der jeweils g\u00fcltigen Fassung.<\/p>\n<p>(3) Der Verein ist selbstlos t\u00e4tig; er verfolgt nicht in erster Linie eigenwirtschaftliche Zwecke.<\/p>\n<p>(4) Der Verein ist politisch, rassistisch und konfessionell neutral.<\/p>\n<p>&nbsp;<\/p>\n<h2>\u00a73 Gewinnverwendung und Beg\u00fcnstigungsverbot<\/h2>\n<p>(1) Mittel des Vereins d\u00fcrfen nur f\u00fcr die satzungsgem\u00e4\u00dfen Zwecke verwendet werden. Die Mitglieder erhalten keine Gewinnanteile und in ihrer Eigenschaft als Mitglieder auch keine sonstigen Zuwendungen aus Mitteln des Vereins.<\/p>\n<p>(2) Die Mitglieder erhalten bei ihrem Ausscheiden oder bei Aufl\u00f6sung oder Aufhebung des Vereins keinen Anteil am Vereinsverm\u00f6gen.<\/p>\n<p>(3) Es darf keine Person durch Ausgaben, die den Zwecken des Vereins fremd sind oder durch unverh\u00e4ltnism\u00e4\u00dfige Verg\u00fctung beg\u00fcnstigt werden.<\/p>\n<p>&nbsp;<\/p>\n<h2>\u00a74 Mitgliedschaft<\/h2>\n<p>(1) Mitglied des Vereins kann jede voll gesch\u00e4ftsf\u00e4hige, nat\u00fcrliche Person und juristische Person werden. Der schriftliche Antrag auf Aufnahme in den Verein ist an den Vorstand zu richten, der \u00fcber die Aufnahme beschlie\u00dft.<\/p>\n<p>(2) Der Mitgliedsbeitrag wird durch die Mitgliederversammlung festgesetzt.<\/p>\n<p>(3) In den ersten sechs Monaten gilt f\u00fcr Neumitglieder eine Probezeit. Innerhalb dieser Zeitspanne kann die Mitgliedschaft durch den Vorstand ohne Angabe von Gr\u00fcnden beendet werden. Gezahlte Mitgliedsbeitr\u00e4ge werden in diesem fall anteilig erstattet.<\/p>\n<p>(4) Die Mitgliedschaft endet<\/p>\n<p>a) durch Tod oder &#8211; bei juristischen Personen &#8211; durch Aufl\u00f6sung,<\/p>\n<p>b) durch Austritt,<\/p>\n<p>c) durch Ausschluss,<\/p>\n<p>d) durch Streichung in der Mitgliederliste.<\/p>\n<p>Der Austritt aus dem Verein erfolgt durch schriftliche Erkl\u00e4rung gegen\u00fcber dem Vorstand mit einer Frist von drei Monaten zum Ende eines Kalenderjahres. Der Ausschluss ist nur aus wichtigem Grund mit und ohne Einhaltung einer Frist durch Beschluss des Vorstandes m\u00f6glich. Gegen den Beschluss des Vorstandes kann binnen einer Frist von einem Monat nach Zugang der Ausschlusserkl\u00e4rung Einspruch bei der Mitgliederversammlung eingelegt werden. Bis zur Entscheidung der Mitgliederversammlung ruhen die Rechte des Mitglieds. Die Streichung aus der Mitgliederliste erfolgt durch den Vorstand. Sie kann erfolgen, wenn das Mitglied mit seinem Mitgliedsbeitrag l\u00e4nger als drei Monate in Verzug ist und trotz Mahnung den R\u00fcckstand nicht innerhalb von zwei Wochen ausgeglichen hat. In der Mahnung muss das Mitglied auf die bevorstehende Streichung aus der Mitgliederliste hingewiesen werden.<\/p>\n<p>&nbsp;<\/p>\n<h2>\u00a75 Organe des Vereins<\/h2>\n<p>Organe des Vereins sind:<\/p>\n<p>a) die Mitgliederversammlung,<\/p>\n<p>b) der Vorstand.<\/p>\n<h2>\u00a76 Mitgliederversammlung<\/h2>\n<p>(1) Die Mitgliederversammlung besteht aus Vereinsmitgliedern.<\/p>\n<p>(2) Mindestens einmal im Jahr findet eine ordentliche Mitgliederversammlung statt, vorzugsweise im ersten Halbjahr. Die Aufgaben der Mitgliederversammlung sind:<\/p>\n<p>1. die Wahl des Vorstandes,<\/p>\n<p>2. Entscheidung \u00fcber die Berufung eines ausgeschlossenen Mitglieds,<\/p>\n<p>3. Entgegennahme des Jahresberichtes und der Jahresrechnung,<\/p>\n<p>4. Entlastung des Vorstandes,<\/p>\n<p>5. Wahl des Rechnungspr\u00fcfers,<\/p>\n<p>6. \u00c4nderung der Satzung,<\/p>\n<p>7. Aufl\u00f6sung des Vereins.<\/p>\n<p>(3) Die Mitgliederversammlung wird vom Vorsitzenden des Vorstandes oder seinem Stellvertreter mit einer Frist von 14 Tagen, unter Angabe der Tagesordnung, schriftlich eingeladen. Die Einladung kann auch per E-Mail erfolgen Jedes Mitglied kann bis zum 5. Tage vor der Mitgliederversammlung Antr\u00e4ge zur Tagesordnung stellen. Sie ist einzuberufen, wenn 1\/3 der Mitglieder dieses verlangen. Die Tagesordnung kann durch Mehrheitsbeschluss der Mitgliederversammlung in der Sitzung erg\u00e4nzt oder ge\u00e4ndert werden; dies gilt nicht f\u00fcr Satzungs\u00e4nderungen. Jedes Mitglied kann sich mit schriftlicher Vollmacht durch ein anderes Mitglied vertreten lassen.<\/p>\n<p>(4) Der Vorsitzende des Vorstandes oder sein Stellvertreter leiten die Versammlung.<\/p>\n<p>(5) Bei Abstimmung hat jedes Mitglied eine Stimme. Stimmenthaltungen gelten als ung\u00fcltige Stimmen.<\/p>\n<p>(6) Die Beschl\u00fcsse der Mitgliederversammlung werden mit einfacher Mehrheit der g\u00fcltigen Stimmen gefasst. Beschl\u00fcsse \u00fcber Satzungs\u00e4nderungen und Aufl\u00f6sung des Vereins bed\u00fcrfen einer 2\/3-Mehrheit der g\u00fcltigen Stimmen. Bei Wahlen ist derjenige gew\u00e4hlt, der die meisten Stimmen auf sich vereinigt.<\/p>\n<p>(7) \u00dcber die Beschl\u00fcsse der Mitgliederversammlung ist ein Protokoll anzufertigen, das vom Sitzungsleiter und von einem anderen Vorstandsmitglied gegenzuzeichnen ist.<\/p>\n<p>&nbsp;<\/p>\n<h2>\u00a77 Der Vorstand<\/h2>\n<p>(1) Der Gesamtvorstand besteht aus dem 1. Vorsitzenden, seinem Stellvertreter (2. Vorsitzender), dem Schatzmeister und dem Schriftf\u00fchrer. Der Vorstand wird unbefristet gew\u00e4hlt. Jedes Vorstandsmitglied bleibt so lange im Amt, bis ein Nachfolger gew\u00e4hlt ist.<\/p>\n<p>(2) Der Vorstand im Sinne des BGB besteht aus dem 1. Vorsitzenden und seinem Stellvertreter (2. Vorsitzender). Jeder vertritt den Verein im Au\u00dfenverh\u00e4ltnis allein. Im Innenverh\u00e4ltnis ist der 2. Vorsitzende gegen\u00fcber dem Verein verpflichtet, das Vorstandsamt nur bei Erkrankung des 1. Vorsitzenden oder Beauftragung durch diesen auszu\u00fcben.<\/p>\n<p>(3) Die Mitglieder sind ehrenamtlich t\u00e4tig. Die Mitgliederversammlung kann jedoch mit einfacher Stimmenmehrheit beschlie\u00dfen, dass den Vorstandsmitgliedern f\u00fcr diejenigen T\u00e4tigkeiten, die \u00fcber den \u00fcblichen<br \/>\nAufgabenkreis des Vereinsvorstandes hinausgehen<\/p>\n<p>1. Entsch\u00e4digung f\u00fcr den tats\u00e4chlich nachgewiesenen Aufwand<\/p>\n<p>2. angemessene Abgeltung des Zeitaufwandes gezahlt wird.<\/p>\n<p>(4) Der Gesamtvorstand entscheidet mit Stimmenmehrheit. Bei Stimmengleichheit gibt die Stimme des 1. Vorsitzenden den Ausschlag.<\/p>\n<p>(5) Dem Gesamtvorstand obliegt die Leitung des Vereins, die Ausf\u00fchrung der<br \/>\nBeschl\u00fcsse der Mitgliederversammlung und die Verwaltung des<br \/>\nVereinsverm\u00f6gens.<\/p>\n<p>(6) Der Vorsitzende ruft bei Bedarf, oder wenn zwei Vorstandsmitglieder es begehren, eine Vorstandssitzung unter Angabe der Tagesordnung ein. Er leitet die Vorstandssitzung. \u00dcber die Sitzung ist ein Protokoll durch den Schriftf\u00fchrer anzufertigen und von ihm und dem Vorsitzenden zu unterschreiben.<\/p>\n<p>(7) Der Gesamtvorstand beschlie\u00dft eine Beitragsordnung.<\/p>\n<p>(8) Der Gesamtvorstand beschlie\u00dft eine Gesch\u00e4ftsordnung f\u00fcr den Vorstand.<\/p>\n<p>(9) Der Gesamtvorstand wird erm\u00e4chtigt, Satzungs\u00e4nderungen, die vom zust\u00e4ndigen Registergericht oder Finanzamt f\u00fcr erforderlich gehalten werden, selbst mit einfacher Mehrheit zu beschlie\u00dfen und diese bei dem Registergericht anzumelden. In Angelegenheiten, die in dieser Satzung keine Regelung gefunden haben, entscheidet der Gesamtvorstand mit einfacher Mehrheit.<\/p>\n<p>&nbsp;<\/p>\n<h2>\u00a78 Gesch\u00e4ftsjahr<\/h2>\n<p>Das Gesch\u00e4ftsjahr des Vereins ist das Kalenderjahr.<\/p>\n<p>&nbsp;<\/p>\n<h2>\u00a79 Aufl\u00f6sung des Vereins<\/h2>\n<p>Bei Aufl\u00f6sung des Vereins oder bei Wegfall steuerbeg\u00fcnstigter Zwecke f\u00e4llt das Verm\u00f6gen des Vereins an den F\u00f6rderverein Feggendorfer Stolln e.V., der es unmittelbar und ausschlie\u00dflich f\u00fcr gemeinn\u00fctzige, mildt\u00e4tige oder kirchliche Zwecke zu verwenden hat.<\/p>\n<p>Die Satzung wurde am 29.08.2015 ge\u00e4ndert.<u><\/u><\/p>\n<div class=\"shariff shariff-align-flex-start shariff-widget-align-flex-start shariff-buttonstretch\" data-services=\"facebook\" data-url=\"https%3A%2F%2Fwww.vorbei-ev.de%2Fwwwa%2Funsere-satzung%2F\" data-timestamp=\"1490195124\" data-backendurl=\"https:\/\/www.vorbei-ev.de\/wwwa\/wp-json\/shariff\/v1\/share_counts?\"><ul class=\"shariff-buttons theme-default orientation-horizontal buttonsize-medium\"><li class=\"shariff-button facebook shariff-nocustomcolor\" style=\"background-color:#4273c8\"><a href=\"https:\/\/www.facebook.com\/sharer\/sharer.php?u=https%3A%2F%2Fwww.vorbei-ev.de%2Fwwwa%2Funsere-satzung%2F\" title=\"Bei Facebook teilen\" aria-label=\"Bei Facebook teilen\" role=\"button\" rel=\"nofollow\" class=\"shariff-link\" style=\"; background-color:#3b5998; color:#fff\" target=\"_blank\"><span class=\"shariff-icon\" style=\"\"><svg width=\"32px\" height=\"20px\" xmlns=\"http:\/\/www.w3.org\/2000\/svg\" viewBox=\"0 0 18 32\"><path fill=\"#3b5998\" d=\"M17.1 0.2v4.7h-2.8q-1.5 0-2.1 0.6t-0.5 1.9v3.4h5.2l-0.7 5.3h-4.5v13.6h-5.5v-13.6h-4.5v-5.3h4.5v-3.9q0-3.3 1.9-5.2t5-1.8q2.6 0 4.1 0.2z\"\/><\/svg><\/span><span class=\"shariff-text\">teilen<\/span>&nbsp;<\/a><\/li><li class=\"shariff-button twitter shariff-nocustomcolor\" style=\"background-color:#595959\"><a href=\"https:\/\/twitter.com\/share?url=https%3A%2F%2Fwww.vorbei-ev.de%2Fwwwa%2Funsere-satzung%2F&text=Unsere%20Satzung\" title=\"Bei X teilen\" aria-label=\"Bei X teilen\" role=\"button\" rel=\"noopener nofollow\" class=\"shariff-link\" style=\"; background-color:#000; color:#fff\" target=\"_blank\"><span class=\"shariff-icon\" style=\"\"><svg width=\"32px\" height=\"20px\" xmlns=\"http:\/\/www.w3.org\/2000\/svg\" viewBox=\"0 0 24 24\"><path fill=\"#000\" d=\"M14.258 10.152L23.176 0h-2.113l-7.747 8.813L7.133 0H0l9.352 13.328L0 23.973h2.113l8.176-9.309 6.531 9.309h7.133zm-2.895 3.293l-.949-1.328L2.875 1.56h3.246l6.086 8.523.945 1.328 7.91 11.078h-3.246zm0 0\"\/><\/svg><\/span><span class=\"shariff-text\">teilen<\/span>&nbsp;<\/a><\/li><li class=\"shariff-button whatsapp shariff-nocustomcolor\" style=\"background-color:#5cbe4a\"><a href=\"https:\/\/api.whatsapp.com\/send?text=https%3A%2F%2Fwww.vorbei-ev.de%2Fwwwa%2Funsere-satzung%2F%20Unsere%20Satzung\" title=\"Bei Whatsapp teilen\" aria-label=\"Bei Whatsapp teilen\" role=\"button\" rel=\"noopener nofollow\" class=\"shariff-link\" style=\"; background-color:#34af23; color:#fff\" target=\"_blank\"><span class=\"shariff-icon\" style=\"\"><svg width=\"32px\" height=\"20px\" xmlns=\"http:\/\/www.w3.org\/2000\/svg\" viewBox=\"0 0 32 32\"><path fill=\"#34af23\" d=\"M17.6 17.4q0.2 0 1.7 0.8t1.6 0.9q0 0.1 0 0.3 0 0.6-0.3 1.4-0.3 0.7-1.3 1.2t-1.8 0.5q-1 0-3.4-1.1-1.7-0.8-3-2.1t-2.6-3.3q-1.3-1.9-1.3-3.5v-0.1q0.1-1.6 1.3-2.8 0.4-0.4 0.9-0.4 0.1 0 0.3 0t0.3 0q0.3 0 0.5 0.1t0.3 0.5q0.1 0.4 0.6 1.6t0.4 1.3q0 0.4-0.6 1t-0.6 0.8q0 0.1 0.1 0.3 0.6 1.3 1.8 2.4 1 0.9 2.7 1.8 0.2 0.1 0.4 0.1 0.3 0 1-0.9t0.9-0.9zM14 26.9q2.3 0 4.3-0.9t3.6-2.4 2.4-3.6 0.9-4.3-0.9-4.3-2.4-3.6-3.6-2.4-4.3-0.9-4.3 0.9-3.6 2.4-2.4 3.6-0.9 4.3q0 3.6 2.1 6.6l-1.4 4.2 4.3-1.4q2.8 1.9 6.2 1.9zM14 2.2q2.7 0 5.2 1.1t4.3 2.9 2.9 4.3 1.1 5.2-1.1 5.2-2.9 4.3-4.3 2.9-5.2 1.1q-3.5 0-6.5-1.7l-7.4 2.4 2.4-7.2q-1.9-3.2-1.9-6.9 0-2.7 1.1-5.2t2.9-4.3 4.3-2.9 5.2-1.1z\"\/><\/svg><\/span><span class=\"shariff-text\">teilen<\/span>&nbsp;<\/a><\/li><li class=\"shariff-button telegram shariff-nocustomcolor\" style=\"background-color:#4084A6\"><a href=\"https:\/\/telegram.me\/share\/url?url=https%3A%2F%2Fwww.vorbei-ev.de%2Fwwwa%2Funsere-satzung%2F&text=Unsere%20Satzung\" title=\"Bei Telegram teilen\" aria-label=\"Bei Telegram teilen\" role=\"button\" rel=\"noopener nofollow\" class=\"shariff-link\" style=\"; background-color:#0088cc; color:#fff\" target=\"_blank\"><span class=\"shariff-icon\" style=\"\"><svg width=\"32px\" height=\"20px\" xmlns=\"http:\/\/www.w3.org\/2000\/svg\" viewBox=\"0 0 32 32\"><path fill=\"#0088cc\" d=\"M30.8 6.5l-4.5 21.4c-.3 1.5-1.2 1.9-2.5 1.2L16.9 24l-3.3 3.2c-.4.4-.7.7-1.4.7l.5-7L25.5 9.2c.6-.5-.1-.8-.9-.3l-15.8 10L2 16.7c-1.5-.5-1.5-1.5.3-2.2L28.9 4.3c1.3-.5 2.3.3 1.9 2.2z\"\/><\/svg><\/span><span class=\"shariff-text\">teilen<\/span>&nbsp;<\/a><\/li><\/ul><\/div>","protected":false},"excerpt":{"rendered":"<p>Satzung des Vereins Vorbei e.V. &nbsp; \u00a71 Name und Sitz (1) Der Verein tr\u00e4gt den Namen \u201eVorbei\u201c. (2) Der Verein hat seinen Sitz in Wennigsen\/Deister. (3) Der Verein ist unter der Nummer VR 200384 in das Vereinsregister beim Amtsgericht Hannover eingetragen werden und tr\u00e4gt den Namenzusatz \u201ee.V.\u201c. &nbsp; \u00a72 Zweck des Vereins (1) Zweck des &hellip; <\/p>\n<p class=\"link-more\"><a href=\"https:\/\/www.vorbei-ev.de\/wwwa\/unsere-satzung\/\" class=\"more-link\"><span class=\"screen-reader-text\">\u201eUnsere Satzung\u201c <\/span>weiterlesen<\/a><\/p>\n","protected":false},"author":1,"featured_media":0,"parent":0,"menu_order":0,"comment_status":"closed","ping_status":"closed","template":"","meta":{"footnotes":""},"class_list":["post-146","page","type-page","status-publish","hentry"],"yoast_head":"<!-- This site is optimized with the Yoast SEO plugin v27.3 - https:\/\/yoast.com\/product\/yoast-seo-wordpress\/ -->\n<title>Unsere Satzung - Vorbei e.V.<\/title>\n<meta name=\"description\" content=\"Satzung des Vereins Vorbei e.V. &nbsp; \u00a71 Name und Sitz (1) Der Verein tr\u00e4gt den Namen \u201eVorbei\u201c. (2) Der Verein hat seinen Sitz in Wennigsen\/Deister. (3)\" \/>\n<meta name=\"robots\" content=\"index, follow, max-snippet:-1, max-image-preview:large, max-video-preview:-1\" \/>\n<link rel=\"canonical\" href=\"https:\/\/www.vorbei-ev.de\/wwwa\/unsere-satzung\/\" \/>\n<meta property=\"og:locale\" content=\"de_DE\" \/>\n<meta property=\"og:type\" content=\"article\" \/>\n<meta property=\"og:title\" content=\"Unsere Satzung - Vorbei e.V.\" \/>\n<meta property=\"og:description\" content=\"Satzung des Vereins Vorbei e.V. &nbsp; \u00a71 Name und Sitz (1) Der Verein tr\u00e4gt den Namen \u201eVorbei\u201c. (2) Der Verein hat seinen Sitz in Wennigsen\/Deister. (3)\" \/>\n<meta property=\"og:url\" content=\"https:\/\/www.vorbei-ev.de\/wwwa\/unsere-satzung\/\" \/>\n<meta property=\"og:site_name\" content=\"Vorbei e.V.\" \/>\n<meta property=\"article:publisher\" content=\"https:\/\/www.facebook.com\/groups\/107150626035606\/\" \/>\n<meta property=\"article:modified_time\" content=\"2017-03-22T14:05:24+00:00\" \/>\n<meta name=\"twitter:card\" content=\"summary_large_image\" \/>\n<meta name=\"twitter:label1\" content=\"Gesch\u00e4tzte Lesezeit\" \/>\n\t<meta name=\"twitter:data1\" content=\"6\u00a0Minuten\" \/>\n<script type=\"application\/ld+json\" class=\"yoast-schema-graph\">{\"@context\":\"https:\\\/\\\/schema.org\",\"@graph\":[{\"@type\":\"WebPage\",\"@id\":\"https:\\\/\\\/www.vorbei-ev.de\\\/wwwa\\\/unsere-satzung\\\/\",\"url\":\"https:\\\/\\\/www.vorbei-ev.de\\\/wwwa\\\/unsere-satzung\\\/\",\"name\":\"Unsere Satzung - Vorbei e.V.\",\"isPartOf\":{\"@id\":\"https:\\\/\\\/www.vorbei-ev.de\\\/wwwa\\\/#website\"},\"datePublished\":\"2017-03-08T16:33:25+00:00\",\"dateModified\":\"2017-03-22T14:05:24+00:00\",\"description\":\"Satzung des Vereins Vorbei e.V. &nbsp; \u00a71 Name und Sitz (1) Der Verein tr\u00e4gt den Namen \u201eVorbei\u201c. (2) Der Verein hat seinen Sitz in Wennigsen\\\/Deister. (3)\",\"breadcrumb\":{\"@id\":\"https:\\\/\\\/www.vorbei-ev.de\\\/wwwa\\\/unsere-satzung\\\/#breadcrumb\"},\"inLanguage\":\"de\",\"potentialAction\":[{\"@type\":\"ReadAction\",\"target\":[\"https:\\\/\\\/www.vorbei-ev.de\\\/wwwa\\\/unsere-satzung\\\/\"]}]},{\"@type\":\"BreadcrumbList\",\"@id\":\"https:\\\/\\\/www.vorbei-ev.de\\\/wwwa\\\/unsere-satzung\\\/#breadcrumb\",\"itemListElement\":[{\"@type\":\"ListItem\",\"position\":1,\"name\":\"Startseite\",\"item\":\"https:\\\/\\\/www.vorbei-ev.de\\\/wwwa\\\/\"},{\"@type\":\"ListItem\",\"position\":2,\"name\":\"Unsere Satzung\"}]},{\"@type\":\"WebSite\",\"@id\":\"https:\\\/\\\/www.vorbei-ev.de\\\/wwwa\\\/#website\",\"url\":\"https:\\\/\\\/www.vorbei-ev.de\\\/wwwa\\\/\",\"name\":\"Vorbei e.V.\",\"description\":\"Dokumentation und Erhalt zeitgeschichtlicher Bauwerke\",\"publisher\":{\"@id\":\"https:\\\/\\\/www.vorbei-ev.de\\\/wwwa\\\/#organization\"},\"potentialAction\":[{\"@type\":\"SearchAction\",\"target\":{\"@type\":\"EntryPoint\",\"urlTemplate\":\"https:\\\/\\\/www.vorbei-ev.de\\\/wwwa\\\/?s={search_term_string}\"},\"query-input\":{\"@type\":\"PropertyValueSpecification\",\"valueRequired\":true,\"valueName\":\"search_term_string\"}}],\"inLanguage\":\"de\"},{\"@type\":\"Organization\",\"@id\":\"https:\\\/\\\/www.vorbei-ev.de\\\/wwwa\\\/#organization\",\"name\":\"Vorbei e.V.\",\"url\":\"https:\\\/\\\/www.vorbei-ev.de\\\/wwwa\\\/\",\"logo\":{\"@type\":\"ImageObject\",\"inLanguage\":\"de\",\"@id\":\"https:\\\/\\\/www.vorbei-ev.de\\\/wwwa\\\/#\\\/schema\\\/logo\\\/image\\\/\",\"url\":\"https:\\\/\\\/www.vorbei-ev.de\\\/wwwa\\\/wp-content\\\/uploads\\\/2017\\\/04\\\/Logo_schwarz_640px.png\",\"contentUrl\":\"https:\\\/\\\/www.vorbei-ev.de\\\/wwwa\\\/wp-content\\\/uploads\\\/2017\\\/04\\\/Logo_schwarz_640px.png\",\"width\":640,\"height\":120,\"caption\":\"Vorbei e.V.\"},\"image\":{\"@id\":\"https:\\\/\\\/www.vorbei-ev.de\\\/wwwa\\\/#\\\/schema\\\/logo\\\/image\\\/\"},\"sameAs\":[\"https:\\\/\\\/www.facebook.com\\\/groups\\\/107150626035606\\\/\"]}]}<\/script>\n<!-- \/ Yoast SEO plugin. -->","yoast_head_json":{"title":"Unsere Satzung - Vorbei e.V.","description":"Satzung des Vereins Vorbei e.V. &nbsp; \u00a71 Name und Sitz (1) Der Verein tr\u00e4gt den Namen \u201eVorbei\u201c. (2) Der Verein hat seinen Sitz in Wennigsen\/Deister. (3)","robots":{"index":"index","follow":"follow","max-snippet":"max-snippet:-1","max-image-preview":"max-image-preview:large","max-video-preview":"max-video-preview:-1"},"canonical":"https:\/\/www.vorbei-ev.de\/wwwa\/unsere-satzung\/","og_locale":"de_DE","og_type":"article","og_title":"Unsere Satzung - Vorbei e.V.","og_description":"Satzung des Vereins Vorbei e.V. &nbsp; \u00a71 Name und Sitz (1) Der Verein tr\u00e4gt den Namen \u201eVorbei\u201c. (2) Der Verein hat seinen Sitz in Wennigsen\/Deister. (3)","og_url":"https:\/\/www.vorbei-ev.de\/wwwa\/unsere-satzung\/","og_site_name":"Vorbei e.V.","article_publisher":"https:\/\/www.facebook.com\/groups\/107150626035606\/","article_modified_time":"2017-03-22T14:05:24+00:00","twitter_card":"summary_large_image","twitter_misc":{"Gesch\u00e4tzte Lesezeit":"6\u00a0Minuten"},"schema":{"@context":"https:\/\/schema.org","@graph":[{"@type":"WebPage","@id":"https:\/\/www.vorbei-ev.de\/wwwa\/unsere-satzung\/","url":"https:\/\/www.vorbei-ev.de\/wwwa\/unsere-satzung\/","name":"Unsere Satzung - Vorbei e.V.","isPartOf":{"@id":"https:\/\/www.vorbei-ev.de\/wwwa\/#website"},"datePublished":"2017-03-08T16:33:25+00:00","dateModified":"2017-03-22T14:05:24+00:00","description":"Satzung des Vereins Vorbei e.V. &nbsp; \u00a71 Name und Sitz (1) Der Verein tr\u00e4gt den Namen \u201eVorbei\u201c. (2) Der Verein hat seinen Sitz in Wennigsen\/Deister. (3)","breadcrumb":{"@id":"https:\/\/www.vorbei-ev.de\/wwwa\/unsere-satzung\/#breadcrumb"},"inLanguage":"de","potentialAction":[{"@type":"ReadAction","target":["https:\/\/www.vorbei-ev.de\/wwwa\/unsere-satzung\/"]}]},{"@type":"BreadcrumbList","@id":"https:\/\/www.vorbei-ev.de\/wwwa\/unsere-satzung\/#breadcrumb","itemListElement":[{"@type":"ListItem","position":1,"name":"Startseite","item":"https:\/\/www.vorbei-ev.de\/wwwa\/"},{"@type":"ListItem","position":2,"name":"Unsere Satzung"}]},{"@type":"WebSite","@id":"https:\/\/www.vorbei-ev.de\/wwwa\/#website","url":"https:\/\/www.vorbei-ev.de\/wwwa\/","name":"Vorbei e.V.","description":"Dokumentation und Erhalt zeitgeschichtlicher Bauwerke","publisher":{"@id":"https:\/\/www.vorbei-ev.de\/wwwa\/#organization"},"potentialAction":[{"@type":"SearchAction","target":{"@type":"EntryPoint","urlTemplate":"https:\/\/www.vorbei-ev.de\/wwwa\/?s={search_term_string}"},"query-input":{"@type":"PropertyValueSpecification","valueRequired":true,"valueName":"search_term_string"}}],"inLanguage":"de"},{"@type":"Organization","@id":"https:\/\/www.vorbei-ev.de\/wwwa\/#organization","name":"Vorbei e.V.","url":"https:\/\/www.vorbei-ev.de\/wwwa\/","logo":{"@type":"ImageObject","inLanguage":"de","@id":"https:\/\/www.vorbei-ev.de\/wwwa\/#\/schema\/logo\/image\/","url":"https:\/\/www.vorbei-ev.de\/wwwa\/wp-content\/uploads\/2017\/04\/Logo_schwarz_640px.png","contentUrl":"https:\/\/www.vorbei-ev.de\/wwwa\/wp-content\/uploads\/2017\/04\/Logo_schwarz_640px.png","width":640,"height":120,"caption":"Vorbei e.V."},"image":{"@id":"https:\/\/www.vorbei-ev.de\/wwwa\/#\/schema\/logo\/image\/"},"sameAs":["https:\/\/www.facebook.com\/groups\/107150626035606\/"]}]}},"_links":{"self":[{"href":"https:\/\/www.vorbei-ev.de\/wwwa\/wp-json\/wp\/v2\/pages\/146","targetHints":{"allow":["GET"]}}],"collection":[{"href":"https:\/\/www.vorbei-ev.de\/wwwa\/wp-json\/wp\/v2\/pages"}],"about":[{"href":"https:\/\/www.vorbei-ev.de\/wwwa\/wp-json\/wp\/v2\/types\/page"}],"author":[{"embeddable":true,"href":"https:\/\/www.vorbei-ev.de\/wwwa\/wp-json\/wp\/v2\/users\/1"}],"replies":[{"embeddable":true,"href":"https:\/\/www.vorbei-ev.de\/wwwa\/wp-json\/wp\/v2\/comments?post=146"}],"version-history":[{"count":5,"href":"https:\/\/www.vorbei-ev.de\/wwwa\/wp-json\/wp\/v2\/pages\/146\/revisions"}],"predecessor-version":[{"id":366,"href":"https:\/\/www.vorbei-ev.de\/wwwa\/wp-json\/wp\/v2\/pages\/146\/revisions\/366"}],"wp:attachment":[{"href":"https:\/\/www.vorbei-ev.de\/wwwa\/wp-json\/wp\/v2\/media?parent=146"}],"curies":[{"name":"wp","href":"https:\/\/api.w.org\/{rel}","templated":true}]}}