{"id":111,"date":"2017-03-07T19:22:27","date_gmt":"2017-03-07T18:22:27","guid":{"rendered":"http:\/\/www.vorbei-ev.de\/wwwa\/?page_id=111"},"modified":"2026-01-14T06:51:42","modified_gmt":"2026-01-14T05:51:42","slug":"startseite","status":"publish","type":"page","link":"https:\/\/www.vorbei-ev.de\/wwwa\/","title":{"rendered":"Startseite"},"content":{"rendered":"<p>Zeitgeschichtliche Bauwerke und Liegenschaften bilden einen Schwerpunkt unserer ehrenamtlichen und gemeinn\u00fctzigen Vereinsarbeit. Hier ver\u00f6ffentlichen wir aktuelle Informationen vom Vorbei e.V.<\/p>\n<h2>Neueste Beitr\u00e4ge:<\/h2>\n      <div id=\"post-grid-lazy-9468\" class=\"post-grid-lazy\"><img decoding=\"async\" alt=\"\" src=\"\" \/><\/div>\n    <script>\n      jQuery('#post-grid-lazy-9468').ready(function($) {\n        $('#post-grid-lazy-9468').fadeOut();\n        $('#post-grid-9468   ').fadeIn();\n      })\n    <\/script>\n    <style type=\"text\/css\">\n      #post-grid-9468 {\n        display: none;\n      }\n\n      .post-grid-lazy {\n        text-align: center;\n      }\n    <\/style>\n    <div data-options='{&quot;id&quot;:&quot;9468&quot;,&quot;lazy_load&quot;:&quot;yes&quot;,&quot;masonry_enable&quot;:&quot;no&quot;,&quot;view_type&quot;:&quot;grid&quot;}' id=\"post-grid-9468\" class=\"post-grid grid\">\n    \n\n\n    <div class=\"grid-items\">\n      <div class=\"item item-10765 skin flat even 0 \">\n        <div class=\"layer-wrapper layout-9470\">\n          <div class=\"layer-media element_1587187627902\"\r\n        id=\"\">\r\n        <div\r\n        class=\"element element_1587190790308  element-media \">\r\n        <a target=\"_self\" href=\"https:\/\/www.vorbei-ev.de\/wwwa\/2026\/05\/08\/vereinsaktivitaeten-im-april-2026\/\"><img loading=\"lazy\" decoding=\"async\" width=\"150\" height=\"150\" src=\"https:\/\/www.vorbei-ev.de\/wwwa\/wp-content\/uploads\/2026\/05\/Bunker-Hannover_2026-04_06-150x150.jpg\" class=\"attachment-thumbnail size-thumbnail wp-post-image\" alt=\"Druckluftverteiler am Dieselmaschinensatz Nr. 1: Im Notstartbetrieb stellt dieser Verteiler die gezielten Steuerung der Druckluft sicher. Eine von der Motorwelle angetriebene Ventilscheibe verteilte die unter Druck stehende Luft je nach Stellung des Motors auf die einzelnen Brennr\u00e4ume. Durch das zeitlich exakt abgestimmte Einleiten der Druckluft wurde eine Drehbewegung der Kurbelwelle erzeugt, die das Anlaufen des Dieselmotors erm\u00f6glichte.\" \/><\/a>    <\/div>\r\n    <\/div>\r\n    <div class=\"layer-content element_1587187714568\"\r\n        id=\"\">\r\n        <div class=\"element element_1587187895341  title \">\r\n                    <a target=\"_blank\"\r\n                href=\"https:\/\/www.vorbei-ev.de\/wwwa\/2026\/05\/08\/vereinsaktivitaeten-im-april-2026\/\">Vereinsaktivit\u00e4ten im April 2026<\/a>\r\n            <\/div>\r\n    <\/div>\r\n    <hr class=\"element element_1615322163043  hr \">\r\n    <\/hr>\r\n    <\/div>\n  <\/div><div class=\"item item-10733 skin flat odd 1 \">\n        <div class=\"layer-wrapper layout-9470\">\n          <div class=\"layer-media element_1587187627902\"\r\n        id=\"\">\r\n        <div\r\n        class=\"element element_1587190790308  element-media \">\r\n        <a target=\"_self\" href=\"https:\/\/www.vorbei-ev.de\/wwwa\/2026\/04\/10\/vereinsaktivitaeten-im-maerz-2026\/\"><img loading=\"lazy\" decoding=\"async\" width=\"150\" height=\"150\" src=\"https:\/\/www.vorbei-ev.de\/wwwa\/wp-content\/uploads\/2026\/04\/bunker-hannover_2026-03_11-150x150.jpg\" class=\"attachment-thumbnail size-thumbnail wp-post-image\" alt=\"RTL-Nord-Redakteurin Merle Upmann-Schiller im Interview mit Lukas Czeszak aus dem Referat Katastrophenschutz des Nieders\u00e4chsischen Innenministeriums in unserer &quot;Ausstellungsschleuse&quot;.\" \/><\/a>    <\/div>\r\n    <\/div>\r\n    <div class=\"layer-content element_1587187714568\"\r\n        id=\"\">\r\n        <div class=\"element element_1587187895341  title \">\r\n                    <a target=\"_blank\"\r\n                href=\"https:\/\/www.vorbei-ev.de\/wwwa\/2026\/04\/10\/vereinsaktivitaeten-im-maerz-2026\/\">Vereinsaktivit\u00e4ten im M\u00e4rz 2026<\/a>\r\n            <\/div>\r\n    <\/div>\r\n    <hr class=\"element element_1615322163043  hr \">\r\n    <\/hr>\r\n    <\/div>\n  <\/div><div class=\"item item-10731 skin flat even 2 \">\n        <div class=\"layer-wrapper layout-9470\">\n          <div class=\"layer-media element_1587187627902\"\r\n        id=\"\">\r\n        <div\r\n        class=\"element element_1587190790308  element-media \">\r\n        <a target=\"_self\" href=\"https:\/\/www.vorbei-ev.de\/wwwa\/2026\/04\/10\/interview-zum-krisenmanagement-mit-herrn-lukas-czeszak-aus-dem-niedersaechsischen-innenministeriums\/\"><img loading=\"lazy\" decoding=\"async\" width=\"150\" height=\"150\" src=\"https:\/\/www.vorbei-ev.de\/wwwa\/wp-content\/uploads\/2026\/04\/bunker-hannover_2026-03_12-150x150.jpg\" class=\"attachment-thumbnail size-thumbnail wp-post-image\" alt=\"Lukas Czeszak vom Nieders\u00e4chsischen Innenministerium beim Interview im 1. Obergeschoss des Museumsbunkers Hannover.\" \/><\/a>    <\/div>\r\n    <\/div>\r\n    <div class=\"layer-content element_1587187714568\"\r\n        id=\"\">\r\n        <div class=\"element element_1587187895341  title \">\r\n                    <a target=\"_blank\"\r\n                href=\"https:\/\/www.vorbei-ev.de\/wwwa\/2026\/04\/10\/interview-zum-krisenmanagement-mit-herrn-lukas-czeszak-aus-dem-niedersaechsischen-innenministeriums\/\">Interview zum Krisenmanagement mit Herrn Lukas Czeszak aus dem Nieders\u00e4chsischen Innenministeriums.<\/a>\r\n            <\/div>\r\n    <\/div>\r\n    <hr class=\"element element_1615322163043  hr \">\r\n    <\/hr>\r\n    <\/div>\n  <\/div>    <\/div>\n    <div class=\"pagination\">\n      <div class=\"paginate\">\n    <span aria-current=\"page\" class=\"page-numbers current\">1<\/span>\n<a class=\"page-numbers\" href=\"https:\/\/www.vorbei-ev.de\/wwwa\/wp-json\/wp\/v2\/pages\/111\/page\/2\/\">2<\/a>\n<a class=\"page-numbers\" href=\"https:\/\/www.vorbei-ev.de\/wwwa\/wp-json\/wp\/v2\/pages\/111\/page\/3\/\">3<\/a>\n<span class=\"page-numbers dots\">&hellip;<\/span>\n<a class=\"page-numbers\" href=\"https:\/\/www.vorbei-ev.de\/wwwa\/wp-json\/wp\/v2\/pages\/111\/page\/102\/\">102<\/a>\n<a class=\"next page-numbers\" href=\"https:\/\/www.vorbei-ev.de\/wwwa\/wp-json\/wp\/v2\/pages\/111\/page\/2\/\">Next \u00bb<\/a>  <\/div>\n  <style type=\"text\/css\">\n    #post-grid-9468 .pagination .page-numbers {\n      font-size: 16px;\n      color: #fff;\n      background: #646464;\n    }\n\n    #post-grid-9468 .pagination .page-numbers:hover,\n    #post-grid-9468 .pagination .page-numbers.current {\n      background: #4b4b4b;\n    }\n  <\/style>\n  <\/div>\n        <style type=\"text\/css\">\r\n            .layout-9470 .element_1587187627902 {\r\n                            }\r\n\r\n                    <\/style>\r\n        <style type=\"text\/css\">\r\n        .layout-9470 .element_1587190790308 {\r\n            overflow: hidden;\r\n                    }\r\n\r\n        .layout-9470 .element_1587190790308 img {\r\n            max-width: 100%;\r\n            height: auto;\r\n        }\r\n\r\n        @media only screen and (min-width: 1024px) {\r\n            .layout-9470 .element_1587190790308 {\r\n                height: auto;\r\n                            }\r\n        }\r\n\r\n        @media only screen and (min-width: 768px) and (max-width: 1023px) {\r\n            .layout-9470 .element_1587190790308 {\r\n                height: auto;\r\n                            }\r\n        }\r\n\r\n        @media only screen and (min-width: 0px) and (max-width: 767px) {\r\n            .layout-9470 .element_1587190790308 {\r\n                height: auto;\r\n                            }\r\n        }\r\n    <\/style>\r\n        <style type=\"text\/css\">\r\n            .layout-9470 .element_1587187714568 {\r\n                margin: 10px;\r\n                            }\r\n\r\n                    <\/style>\r\n        <style type=\"text\/css\">\r\n        .layout-9470 .element_1587187895341 {\r\n            font-size: 13px;\r\n            margin: 5px 0px;\r\n            text-align: center;\r\n                    }\r\n\r\n        .layout-9470 .element_1587187895341 a {\r\n            font-size: 13px;\r\n            margin: 5px 0px;\r\n            text-align: center;\r\n                    }\r\n    <\/style>\r\n    <style type=\"text\/css\">\r\n        .layout-9470 .element_1615322163043 {\r\n                    }\r\n\r\n            <\/style>\r\n        <style type=\"text\/css\">\n      .layout-9470 a{text-decoration:none}.layout-9470{vertical-align:top}.layout-9470 .layer-content{padding:10px}    <\/style>\n    <script>\n          <\/script>\n    <style type=\"text\/css\">\n    #post-grid-9468 {\n      padding: 10px;\n          }\n\n    #post-grid-9468 .item {\n      padding: 0px;\n      background: #fff;\n          }\n\n    #post-grid-9468 .item .layer-media {\n      height:auto;    }\n\n    @media only screen and (min-width: 0px) and (max-width: 767px) {\n      #post-grid-9468 .grid-items {\n        text-align: center;\n              }\n\n      #post-grid-9468 .item {\n        width: 170px;\n        margin: 10px;\n        display: inline-block;\n        vertical-align: top;\n        height:auto;      }\n    }\n\n    @media only screen and (min-width: 768px) and (max-width: 1023px) {\n      #post-grid-9468 .grid-items {\n        text-align: center;\n              }\n\n      #post-grid-9468 .item {\n        width: 170px;\n        margin: 10px;\n        display: inline-block;\n        vertical-align: top;\n        max-height:auto;      }\n    }\n\n    @media only screen and (min-width: 1024px) {\n      #post-grid-9468 .grid-items {\n        text-align: center;\n              }\n\n      #post-grid-9468 .item {\n        width: 170px;\n        display: inline-block;\n        margin: 10px;\n        vertical-align: top;\n        height:auto;      }\n    }\n\n      <\/style>\n  <\/div>\n\n<div class=\"shariff shariff-align-left shariff-widget-align-left shariff-buttonstretch\" data-services=\"facebook\" data-url=\"https:\/\/www.vorbei-ev.de\/wwwa\/2026\/05\/08\/vereinsaktivitaeten-im-april-2026\/\" data-timestamp=\"1778268124\" data-backendurl=\"https:\/\/www.vorbei-ev.de\/wwwa\/wp-json\/shariff\/v1\/share_counts?\"><ul class=\"shariff-buttons theme-default orientation-horizontal buttonsize-medium\"><li class=\"shariff-button facebook shariff-nocustomcolor\" style=\"background-color:#4273c8\"><a href=\"https:\/\/www.facebook.com\/sharer\/sharer.php?u=https%3A%2F%2Fwww.vorbei-ev.de%2Fwwwa%2F2026%2F05%2F08%2Fvereinsaktivitaeten-im-april-2026%2F\" title=\"Bei Facebook teilen\" aria-label=\"Bei Facebook teilen\" role=\"button\" rel=\"nofollow\" class=\"shariff-link\" style=\"; background-color:#3b5998; color:#fff\" target=\"_blank\"><span class=\"shariff-icon\" style=\"\"><svg width=\"32px\" height=\"20px\" xmlns=\"http:\/\/www.w3.org\/2000\/svg\" viewBox=\"0 0 18 32\"><path fill=\"#3b5998\" d=\"M17.1 0.2v4.7h-2.8q-1.5 0-2.1 0.6t-0.5 1.9v3.4h5.2l-0.7 5.3h-4.5v13.6h-5.5v-13.6h-4.5v-5.3h4.5v-3.9q0-3.3 1.9-5.2t5-1.8q2.6 0 4.1 0.2z\"\/><\/svg><\/span><span class=\"shariff-text\">teilen<\/span>&nbsp;<\/a><\/li><li class=\"shariff-button twitter shariff-nocustomcolor\" style=\"background-color:#595959\"><a href=\"https:\/\/twitter.com\/share?url=https%3A%2F%2Fwww.vorbei-ev.de%2Fwwwa%2F2026%2F05%2F08%2Fvereinsaktivitaeten-im-april-2026%2F&text=Vereinsaktivit%C3%A4ten%20im%20April%202026\" title=\"Bei X teilen\" aria-label=\"Bei X teilen\" role=\"button\" rel=\"noopener nofollow\" class=\"shariff-link\" style=\"; background-color:#000; color:#fff\" target=\"_blank\"><span class=\"shariff-icon\" style=\"\"><svg width=\"32px\" height=\"20px\" xmlns=\"http:\/\/www.w3.org\/2000\/svg\" viewBox=\"0 0 24 24\"><path fill=\"#000\" d=\"M14.258 10.152L23.176 0h-2.113l-7.747 8.813L7.133 0H0l9.352 13.328L0 23.973h2.113l8.176-9.309 6.531 9.309h7.133zm-2.895 3.293l-.949-1.328L2.875 1.56h3.246l6.086 8.523.945 1.328 7.91 11.078h-3.246zm0 0\"\/><\/svg><\/span><span class=\"shariff-text\">teilen<\/span>&nbsp;<\/a><\/li><li class=\"shariff-button whatsapp shariff-nocustomcolor\" style=\"background-color:#5cbe4a\"><a href=\"https:\/\/api.whatsapp.com\/send?text=https%3A%2F%2Fwww.vorbei-ev.de%2Fwwwa%2F2026%2F05%2F08%2Fvereinsaktivitaeten-im-april-2026%2F%20Vereinsaktivit%C3%A4ten%20im%20April%202026\" title=\"Bei Whatsapp teilen\" aria-label=\"Bei Whatsapp teilen\" role=\"button\" rel=\"noopener nofollow\" class=\"shariff-link\" style=\"; background-color:#34af23; color:#fff\" target=\"_blank\"><span class=\"shariff-icon\" style=\"\"><svg width=\"32px\" height=\"20px\" xmlns=\"http:\/\/www.w3.org\/2000\/svg\" viewBox=\"0 0 32 32\"><path fill=\"#34af23\" d=\"M17.6 17.4q0.2 0 1.7 0.8t1.6 0.9q0 0.1 0 0.3 0 0.6-0.3 1.4-0.3 0.7-1.3 1.2t-1.8 0.5q-1 0-3.4-1.1-1.7-0.8-3-2.1t-2.6-3.3q-1.3-1.9-1.3-3.5v-0.1q0.1-1.6 1.3-2.8 0.4-0.4 0.9-0.4 0.1 0 0.3 0t0.3 0q0.3 0 0.5 0.1t0.3 0.5q0.1 0.4 0.6 1.6t0.4 1.3q0 0.4-0.6 1t-0.6 0.8q0 0.1 0.1 0.3 0.6 1.3 1.8 2.4 1 0.9 2.7 1.8 0.2 0.1 0.4 0.1 0.3 0 1-0.9t0.9-0.9zM14 26.9q2.3 0 4.3-0.9t3.6-2.4 2.4-3.6 0.9-4.3-0.9-4.3-2.4-3.6-3.6-2.4-4.3-0.9-4.3 0.9-3.6 2.4-2.4 3.6-0.9 4.3q0 3.6 2.1 6.6l-1.4 4.2 4.3-1.4q2.8 1.9 6.2 1.9zM14 2.2q2.7 0 5.2 1.1t4.3 2.9 2.9 4.3 1.1 5.2-1.1 5.2-2.9 4.3-4.3 2.9-5.2 1.1q-3.5 0-6.5-1.7l-7.4 2.4 2.4-7.2q-1.9-3.2-1.9-6.9 0-2.7 1.1-5.2t2.9-4.3 4.3-2.9 5.2-1.1z\"\/><\/svg><\/span><span class=\"shariff-text\">teilen<\/span>&nbsp;<\/a><\/li><li class=\"shariff-button telegram shariff-nocustomcolor\" style=\"background-color:#4084A6\"><a href=\"https:\/\/telegram.me\/share\/url?url=https%3A%2F%2Fwww.vorbei-ev.de%2Fwwwa%2F2026%2F05%2F08%2Fvereinsaktivitaeten-im-april-2026%2F&text=Vereinsaktivit%C3%A4ten%20im%20April%202026\" title=\"Bei Telegram teilen\" aria-label=\"Bei Telegram teilen\" role=\"button\" rel=\"noopener nofollow\" class=\"shariff-link\" style=\"; background-color:#0088cc; color:#fff\" target=\"_blank\"><span class=\"shariff-icon\" style=\"\"><svg width=\"32px\" height=\"20px\" xmlns=\"http:\/\/www.w3.org\/2000\/svg\" viewBox=\"0 0 32 32\"><path fill=\"#0088cc\" d=\"M30.8 6.5l-4.5 21.4c-.3 1.5-1.2 1.9-2.5 1.2L16.9 24l-3.3 3.2c-.4.4-.7.7-1.4.7l.5-7L25.5 9.2c.6-.5-.1-.8-.9-.3l-15.8 10L2 16.7c-1.5-.5-1.5-1.5.3-2.2L28.9 4.3c1.3-.5 2.3.3 1.9 2.2z\"\/><\/svg><\/span><span class=\"shariff-text\">teilen<\/span>&nbsp;<\/a><\/li><\/ul><\/div>","protected":false},"excerpt":{"rendered":"<p>Zeitgeschichtliche Bauwerke und Liegenschaften bilden einen Schwerpunkt unserer ehrenamtlichen und gemeinn\u00fctzigen Vereinsarbeit. Hier ver\u00f6ffentlichen wir aktuelle Informationen vom Vorbei e.V. Neueste Beitr\u00e4ge:<\/p>\n","protected":false},"author":1,"featured_media":0,"parent":0,"menu_order":0,"comment_status":"closed","ping_status":"closed","template":"","meta":{"footnotes":""},"class_list":["post-111","page","type-page","status-publish","hentry"],"yoast_head":"<!-- This site is optimized with the Yoast SEO plugin v27.5 - https:\/\/yoast.com\/product\/yoast-seo-wordpress\/ -->\n<title>Startseite - Vorbei e.V.<\/title>\n<meta name=\"description\" content=\"Bunker, Zivilschutzanlagen, GSVBw, Atomschutzbunker, ABC-Schutzr\u00e4ume und zeitgeschichtliche Bauwerke bilden einen Schwerpunkt unserer Vereinsarbeit.\" \/>\n<meta name=\"robots\" content=\"index, follow, max-snippet:-1, max-image-preview:large, max-video-preview:-1\" \/>\n<link rel=\"canonical\" href=\"https:\/\/www.vorbei-ev.de\/wwwa\/\" \/>\n<meta property=\"og:locale\" content=\"de_DE\" \/>\n<meta property=\"og:type\" content=\"article\" \/>\n<meta property=\"og:title\" content=\"Startseite - Vorbei e.V.\" \/>\n<meta property=\"og:description\" content=\"Bunker, Zivilschutzanlagen, GSVBw, Atomschutzbunker, ABC-Schutzr\u00e4ume und zeitgeschichtliche Bauwerke bilden einen Schwerpunkt unserer Vereinsarbeit.\" \/>\n<meta property=\"og:url\" content=\"https:\/\/www.vorbei-ev.de\/wwwa\/\" \/>\n<meta property=\"og:site_name\" content=\"Vorbei e.V.\" \/>\n<meta property=\"article:publisher\" content=\"https:\/\/www.facebook.com\/groups\/107150626035606\/\" \/>\n<meta property=\"article:modified_time\" content=\"2026-01-14T05:51:42+00:00\" \/>\n<meta name=\"twitter:card\" content=\"summary_large_image\" \/>\n<meta name=\"twitter:label1\" content=\"Gesch\u00e4tzte Lesezeit\" \/>\n\t<meta name=\"twitter:data1\" content=\"1\u00a0Minute\" \/>\n<script type=\"application\/ld+json\" class=\"yoast-schema-graph\">{\"@context\":\"https:\\\/\\\/schema.org\",\"@graph\":[{\"@type\":\"WebPage\",\"@id\":\"https:\\\/\\\/www.vorbei-ev.de\\\/wwwa\\\/\",\"url\":\"https:\\\/\\\/www.vorbei-ev.de\\\/wwwa\\\/\",\"name\":\"Startseite - Vorbei e.V.\",\"isPartOf\":{\"@id\":\"https:\\\/\\\/www.vorbei-ev.de\\\/wwwa\\\/#website\"},\"datePublished\":\"2017-03-07T18:22:27+00:00\",\"dateModified\":\"2026-01-14T05:51:42+00:00\",\"description\":\"Bunker, Zivilschutzanlagen, GSVBw, Atomschutzbunker, ABC-Schutzr\u00e4ume und zeitgeschichtliche Bauwerke bilden einen Schwerpunkt unserer Vereinsarbeit.\",\"breadcrumb\":{\"@id\":\"https:\\\/\\\/www.vorbei-ev.de\\\/wwwa\\\/#breadcrumb\"},\"inLanguage\":\"de\",\"potentialAction\":[{\"@type\":\"ReadAction\",\"target\":[\"https:\\\/\\\/www.vorbei-ev.de\\\/wwwa\\\/\"]}]},{\"@type\":\"BreadcrumbList\",\"@id\":\"https:\\\/\\\/www.vorbei-ev.de\\\/wwwa\\\/#breadcrumb\",\"itemListElement\":[{\"@type\":\"ListItem\",\"position\":1,\"name\":\"Startseite\",\"item\":\"https:\\\/\\\/www.vorbei-ev.de\\\/wwwa\\\/\"},{\"@type\":\"ListItem\",\"position\":2,\"name\":\"Startseite\"}]},{\"@type\":\"WebSite\",\"@id\":\"https:\\\/\\\/www.vorbei-ev.de\\\/wwwa\\\/#website\",\"url\":\"https:\\\/\\\/www.vorbei-ev.de\\\/wwwa\\\/\",\"name\":\"Vorbei e.V.\",\"description\":\"Dokumentation und Erhalt zeitgeschichtlicher Bauwerke\",\"publisher\":{\"@id\":\"https:\\\/\\\/www.vorbei-ev.de\\\/wwwa\\\/#organization\"},\"potentialAction\":[{\"@type\":\"SearchAction\",\"target\":{\"@type\":\"EntryPoint\",\"urlTemplate\":\"https:\\\/\\\/www.vorbei-ev.de\\\/wwwa\\\/?s={search_term_string}\"},\"query-input\":{\"@type\":\"PropertyValueSpecification\",\"valueRequired\":true,\"valueName\":\"search_term_string\"}}],\"inLanguage\":\"de\"},{\"@type\":\"Organization\",\"@id\":\"https:\\\/\\\/www.vorbei-ev.de\\\/wwwa\\\/#organization\",\"name\":\"Vorbei e.V.\",\"url\":\"https:\\\/\\\/www.vorbei-ev.de\\\/wwwa\\\/\",\"logo\":{\"@type\":\"ImageObject\",\"inLanguage\":\"de\",\"@id\":\"https:\\\/\\\/www.vorbei-ev.de\\\/wwwa\\\/#\\\/schema\\\/logo\\\/image\\\/\",\"url\":\"https:\\\/\\\/www.vorbei-ev.de\\\/wwwa\\\/wp-content\\\/uploads\\\/2017\\\/04\\\/Logo_schwarz_640px.png\",\"contentUrl\":\"https:\\\/\\\/www.vorbei-ev.de\\\/wwwa\\\/wp-content\\\/uploads\\\/2017\\\/04\\\/Logo_schwarz_640px.png\",\"width\":640,\"height\":120,\"caption\":\"Vorbei e.V.\"},\"image\":{\"@id\":\"https:\\\/\\\/www.vorbei-ev.de\\\/wwwa\\\/#\\\/schema\\\/logo\\\/image\\\/\"},\"sameAs\":[\"https:\\\/\\\/www.facebook.com\\\/groups\\\/107150626035606\\\/\"]}]}<\/script>\n<!-- \/ Yoast SEO plugin. -->","yoast_head_json":{"title":"Startseite - Vorbei e.V.","description":"Bunker, Zivilschutzanlagen, GSVBw, Atomschutzbunker, ABC-Schutzr\u00e4ume und zeitgeschichtliche Bauwerke bilden einen Schwerpunkt unserer Vereinsarbeit.","robots":{"index":"index","follow":"follow","max-snippet":"max-snippet:-1","max-image-preview":"max-image-preview:large","max-video-preview":"max-video-preview:-1"},"canonical":"https:\/\/www.vorbei-ev.de\/wwwa\/","og_locale":"de_DE","og_type":"article","og_title":"Startseite - Vorbei e.V.","og_description":"Bunker, Zivilschutzanlagen, GSVBw, Atomschutzbunker, ABC-Schutzr\u00e4ume und zeitgeschichtliche Bauwerke bilden einen Schwerpunkt unserer Vereinsarbeit.","og_url":"https:\/\/www.vorbei-ev.de\/wwwa\/","og_site_name":"Vorbei e.V.","article_publisher":"https:\/\/www.facebook.com\/groups\/107150626035606\/","article_modified_time":"2026-01-14T05:51:42+00:00","twitter_card":"summary_large_image","twitter_misc":{"Gesch\u00e4tzte Lesezeit":"1\u00a0Minute"},"schema":{"@context":"https:\/\/schema.org","@graph":[{"@type":"WebPage","@id":"https:\/\/www.vorbei-ev.de\/wwwa\/","url":"https:\/\/www.vorbei-ev.de\/wwwa\/","name":"Startseite - Vorbei e.V.","isPartOf":{"@id":"https:\/\/www.vorbei-ev.de\/wwwa\/#website"},"datePublished":"2017-03-07T18:22:27+00:00","dateModified":"2026-01-14T05:51:42+00:00","description":"Bunker, Zivilschutzanlagen, GSVBw, Atomschutzbunker, ABC-Schutzr\u00e4ume und zeitgeschichtliche Bauwerke bilden einen Schwerpunkt unserer Vereinsarbeit.","breadcrumb":{"@id":"https:\/\/www.vorbei-ev.de\/wwwa\/#breadcrumb"},"inLanguage":"de","potentialAction":[{"@type":"ReadAction","target":["https:\/\/www.vorbei-ev.de\/wwwa\/"]}]},{"@type":"BreadcrumbList","@id":"https:\/\/www.vorbei-ev.de\/wwwa\/#breadcrumb","itemListElement":[{"@type":"ListItem","position":1,"name":"Startseite","item":"https:\/\/www.vorbei-ev.de\/wwwa\/"},{"@type":"ListItem","position":2,"name":"Startseite"}]},{"@type":"WebSite","@id":"https:\/\/www.vorbei-ev.de\/wwwa\/#website","url":"https:\/\/www.vorbei-ev.de\/wwwa\/","name":"Vorbei e.V.","description":"Dokumentation und Erhalt zeitgeschichtlicher Bauwerke","publisher":{"@id":"https:\/\/www.vorbei-ev.de\/wwwa\/#organization"},"potentialAction":[{"@type":"SearchAction","target":{"@type":"EntryPoint","urlTemplate":"https:\/\/www.vorbei-ev.de\/wwwa\/?s={search_term_string}"},"query-input":{"@type":"PropertyValueSpecification","valueRequired":true,"valueName":"search_term_string"}}],"inLanguage":"de"},{"@type":"Organization","@id":"https:\/\/www.vorbei-ev.de\/wwwa\/#organization","name":"Vorbei e.V.","url":"https:\/\/www.vorbei-ev.de\/wwwa\/","logo":{"@type":"ImageObject","inLanguage":"de","@id":"https:\/\/www.vorbei-ev.de\/wwwa\/#\/schema\/logo\/image\/","url":"https:\/\/www.vorbei-ev.de\/wwwa\/wp-content\/uploads\/2017\/04\/Logo_schwarz_640px.png","contentUrl":"https:\/\/www.vorbei-ev.de\/wwwa\/wp-content\/uploads\/2017\/04\/Logo_schwarz_640px.png","width":640,"height":120,"caption":"Vorbei e.V."},"image":{"@id":"https:\/\/www.vorbei-ev.de\/wwwa\/#\/schema\/logo\/image\/"},"sameAs":["https:\/\/www.facebook.com\/groups\/107150626035606\/"]}]}},"_links":{"self":[{"href":"https:\/\/www.vorbei-ev.de\/wwwa\/wp-json\/wp\/v2\/pages\/111","targetHints":{"allow":["GET"]}}],"collection":[{"href":"https:\/\/www.vorbei-ev.de\/wwwa\/wp-json\/wp\/v2\/pages"}],"about":[{"href":"https:\/\/www.vorbei-ev.de\/wwwa\/wp-json\/wp\/v2\/types\/page"}],"author":[{"embeddable":true,"href":"https:\/\/www.vorbei-ev.de\/wwwa\/wp-json\/wp\/v2\/users\/1"}],"replies":[{"embeddable":true,"href":"https:\/\/www.vorbei-ev.de\/wwwa\/wp-json\/wp\/v2\/comments?post=111"}],"version-history":[{"count":18,"href":"https:\/\/www.vorbei-ev.de\/wwwa\/wp-json\/wp\/v2\/pages\/111\/revisions"}],"predecessor-version":[{"id":10671,"href":"https:\/\/www.vorbei-ev.de\/wwwa\/wp-json\/wp\/v2\/pages\/111\/revisions\/10671"}],"wp:attachment":[{"href":"https:\/\/www.vorbei-ev.de\/wwwa\/wp-json\/wp\/v2\/media?parent=111"}],"curies":[{"name":"wp","href":"https:\/\/api.w.org\/{rel}","templated":true}]}}